{"id":137,"date":"2016-12-19T11:43:03","date_gmt":"2016-12-19T10:43:03","guid":{"rendered":"https:\/\/www.klaaspuul.com\/?page_id=137"},"modified":"2017-01-30T14:10:52","modified_gmt":"2017-01-30T13:10:52","slug":"corporate-social-responsibility","status":"publish","type":"page","link":"https:\/\/www.klaaspuul.com\/de\/qualitat\/corporate-social-responsibility\/","title":{"rendered":"Corporate Social Responsibility"},"content":{"rendered":"<div class=\"inner\">\nGemeinsam mit unseren Mitarbeitern und Zulieferern bem\u00fchen wir uns nach Kr\u00e4ften, verantwortungsvoll mit den nat\u00fcrlichen Ressourcen umzugehen. Immer \u00f6fter kaufen wir zertifizierte Garnelen aus nachhaltiger Zucht ein, wobei der Schutz der Umwelt, die sozialen Bedingungen und das Tierwohl besser gew\u00e4hrleistet werden.  <\/p>\n<p>Au\u00dferdem hat Klaas Puul gemeinsam mit seinen Zulieferern verschiedene Programme gestartet, um den Garnelenfang nachhaltiger zu gestalten. Mit diesen Programmen sollen Beifang, \u00dcberfischung und Bodenber\u00fchrung beschr\u00e4nkt werden. So wird zum Beispiel Beifang sofort wieder ins Meer freigelassen.<\/p>\n<p>Auch bei der Verarbeitung und der Distribution unserer Produkte achten wir auf Nachhaltigkeit. Deshalb werden bei Klaas Puul unter anderem energiesparende (Tiefk\u00fchl-)Anlagen eingesetzt. Au\u00dferdem ist es uns gelungen, durch Verwendung d\u00fcnnerer Folien und leichterer Kartonsorten den Verbrauch von Verpackungsmaterial um 20 % zu reduzieren. <\/p>\n<p>Fischabf\u00e4lle, Kunststoffabf\u00e4lle und Kartonabf\u00e4lle werden getrennt gesammelt und dem Recycling zugef\u00fchrt. Wir trennen 95 % des anfallenden Kartonabfalls und 60 % des betrieblichen Kunststoffverpackungsabfalls.<\/p>\n<p><a href=\"\/de\/qualitat\/nachhaltigkeit\/\" class=\"more\">Weitere Informationen \u00fcber Nachhaltigkeitsinitiativen<\/a>\n<\/div>\n","protected":false},"excerpt":{"rendered":"<p>Gemeinsam mit unseren Mitarbeitern und Zulieferern bem\u00fchen wir uns nach Kr\u00e4ften, verantwortungsvoll mit den nat\u00fcrlichen Ressourcen umzugehen. Immer \u00f6fter kaufen wir zertifizierte Garnelen aus nachhaltiger Zucht ein, wobei der Schutz der Umwelt, die sozialen Bedingungen und das Tierwohl besser gew\u00e4hrleistet werden. Au\u00dferdem hat Klaas Puul gemeinsam mit seinen Zulieferern verschiedene Programme gestartet, um den Garnelenfang &hellip; <a href=\"https:\/\/www.klaaspuul.com\/de\/qualitat\/corporate-social-responsibility\/\" class=\"more-link\">Continue reading <span class=\"screen-reader-text\">Corporate Social Responsibility<\/span> <span class=\"meta-nav\">&rarr;<\/span><\/a><\/p>\n","protected":false},"author":1,"featured_media":0,"parent":109,"menu_order":0,"comment_status":"closed","ping_status":"closed","template":"","meta":{"_acf_changed":false,"_monsterinsights_skip_tracking":false,"_monsterinsights_sitenote_active":false,"_monsterinsights_sitenote_note":"","_monsterinsights_sitenote_category":0,"footnotes":""},"class_list":["post-137","page","type-page","status-publish","hentry"],"acf":[],"yoast_head":"<!-- This site is optimized with the Yoast SEO plugin v27.4 - https:\/\/yoast.com\/product\/yoast-seo-wordpress\/ -->\n<title>Corporate Social Responsibility - Klaas Puul DE<\/title>\n<meta name=\"robots\" content=\"index, follow, max-snippet:-1, max-image-preview:large, max-video-preview:-1\" \/>\n<link rel=\"canonical\" href=\"https:\/\/www.klaaspuul.com\/de\/qualitat\/corporate-social-responsibility\/\" \/>\n<meta property=\"og:locale\" content=\"de_DE\" \/>\n<meta property=\"og:type\" content=\"article\" \/>\n<meta property=\"og:title\" content=\"Corporate Social Responsibility - Klaas Puul DE\" \/>\n<meta property=\"og:description\" content=\"Gemeinsam mit unseren Mitarbeitern und Zulieferern bem\u00fchen wir uns nach Kr\u00e4ften, verantwortungsvoll mit den nat\u00fcrlichen Ressourcen umzugehen. Immer \u00f6fter kaufen wir zertifizierte Garnelen aus nachhaltiger Zucht ein, wobei der Schutz der Umwelt, die sozialen Bedingungen und das Tierwohl besser gew\u00e4hrleistet werden. Au\u00dferdem hat Klaas Puul gemeinsam mit seinen Zulieferern verschiedene Programme gestartet, um den Garnelenfang &hellip; Continue reading Corporate Social Responsibility &rarr;\" \/>\n<meta property=\"og:url\" content=\"https:\/\/www.klaaspuul.com\/de\/qualitat\/corporate-social-responsibility\/\" \/>\n<meta property=\"og:site_name\" content=\"Klaas Puul DE\" \/>\n<meta property=\"article:modified_time\" content=\"2017-01-30T13:10:52+00:00\" \/>\n<meta name=\"twitter:card\" content=\"summary_large_image\" \/>\n<meta name=\"twitter:label1\" content=\"Gesch\u00e4tzte Lesezeit\" \/>\n\t<meta name=\"twitter:data1\" content=\"1\u00a0Minute\" \/>\n<script type=\"application\/ld+json\" class=\"yoast-schema-graph\">{\"@context\":\"https:\\\/\\\/schema.org\",\"@graph\":[{\"@type\":\"WebPage\",\"@id\":\"https:\\\/\\\/www.klaaspuul.com\\\/de\\\/qualitat\\\/corporate-social-responsibility\\\/\",\"url\":\"https:\\\/\\\/www.klaaspuul.com\\\/de\\\/qualitat\\\/corporate-social-responsibility\\\/\",\"name\":\"Corporate Social Responsibility - Klaas Puul DE\",\"isPartOf\":{\"@id\":\"https:\\\/\\\/www.klaaspuul.com\\\/de\\\/#website\"},\"datePublished\":\"2016-12-19T10:43:03+00:00\",\"dateModified\":\"2017-01-30T13:10:52+00:00\",\"breadcrumb\":{\"@id\":\"https:\\\/\\\/www.klaaspuul.com\\\/de\\\/qualitat\\\/corporate-social-responsibility\\\/#breadcrumb\"},\"inLanguage\":\"de\",\"potentialAction\":[{\"@type\":\"ReadAction\",\"target\":[\"https:\\\/\\\/www.klaaspuul.com\\\/de\\\/qualitat\\\/corporate-social-responsibility\\\/\"]}]},{\"@type\":\"BreadcrumbList\",\"@id\":\"https:\\\/\\\/www.klaaspuul.com\\\/de\\\/qualitat\\\/corporate-social-responsibility\\\/#breadcrumb\",\"itemListElement\":[{\"@type\":\"ListItem\",\"position\":1,\"name\":\"Startseite\",\"item\":\"https:\\\/\\\/www.klaaspuul.com\\\/de\\\/\"},{\"@type\":\"ListItem\",\"position\":2,\"name\":\"Qualit\u00e4t\",\"item\":\"https:\\\/\\\/www.klaaspuul.com\\\/de\\\/qualitat\\\/\"},{\"@type\":\"ListItem\",\"position\":3,\"name\":\"Corporate Social Responsibility\"}]},{\"@type\":\"WebSite\",\"@id\":\"https:\\\/\\\/www.klaaspuul.com\\\/de\\\/#website\",\"url\":\"https:\\\/\\\/www.klaaspuul.com\\\/de\\\/\",\"name\":\"Klaas Puul DE\",\"description\":\"Een andere Klaas Puul site\",\"potentialAction\":[{\"@type\":\"SearchAction\",\"target\":{\"@type\":\"EntryPoint\",\"urlTemplate\":\"https:\\\/\\\/www.klaaspuul.com\\\/de\\\/?s={search_term_string}\"},\"query-input\":{\"@type\":\"PropertyValueSpecification\",\"valueRequired\":true,\"valueName\":\"search_term_string\"}}],\"inLanguage\":\"de\"}]}<\/script>\n<!-- \/ Yoast SEO plugin. -->","yoast_head_json":{"title":"Corporate Social Responsibility - Klaas Puul DE","robots":{"index":"index","follow":"follow","max-snippet":"max-snippet:-1","max-image-preview":"max-image-preview:large","max-video-preview":"max-video-preview:-1"},"canonical":"https:\/\/www.klaaspuul.com\/de\/qualitat\/corporate-social-responsibility\/","og_locale":"de_DE","og_type":"article","og_title":"Corporate Social Responsibility - Klaas Puul DE","og_description":"Gemeinsam mit unseren Mitarbeitern und Zulieferern bem\u00fchen wir uns nach Kr\u00e4ften, verantwortungsvoll mit den nat\u00fcrlichen Ressourcen umzugehen. Immer \u00f6fter kaufen wir zertifizierte Garnelen aus nachhaltiger Zucht ein, wobei der Schutz der Umwelt, die sozialen Bedingungen und das Tierwohl besser gew\u00e4hrleistet werden. Au\u00dferdem hat Klaas Puul gemeinsam mit seinen Zulieferern verschiedene Programme gestartet, um den Garnelenfang &hellip; Continue reading Corporate Social Responsibility &rarr;","og_url":"https:\/\/www.klaaspuul.com\/de\/qualitat\/corporate-social-responsibility\/","og_site_name":"Klaas Puul DE","article_modified_time":"2017-01-30T13:10:52+00:00","twitter_card":"summary_large_image","twitter_misc":{"Gesch\u00e4tzte Lesezeit":"1\u00a0Minute"},"schema":{"@context":"https:\/\/schema.org","@graph":[{"@type":"WebPage","@id":"https:\/\/www.klaaspuul.com\/de\/qualitat\/corporate-social-responsibility\/","url":"https:\/\/www.klaaspuul.com\/de\/qualitat\/corporate-social-responsibility\/","name":"Corporate Social Responsibility - Klaas Puul DE","isPartOf":{"@id":"https:\/\/www.klaaspuul.com\/de\/#website"},"datePublished":"2016-12-19T10:43:03+00:00","dateModified":"2017-01-30T13:10:52+00:00","breadcrumb":{"@id":"https:\/\/www.klaaspuul.com\/de\/qualitat\/corporate-social-responsibility\/#breadcrumb"},"inLanguage":"de","potentialAction":[{"@type":"ReadAction","target":["https:\/\/www.klaaspuul.com\/de\/qualitat\/corporate-social-responsibility\/"]}]},{"@type":"BreadcrumbList","@id":"https:\/\/www.klaaspuul.com\/de\/qualitat\/corporate-social-responsibility\/#breadcrumb","itemListElement":[{"@type":"ListItem","position":1,"name":"Startseite","item":"https:\/\/www.klaaspuul.com\/de\/"},{"@type":"ListItem","position":2,"name":"Qualit\u00e4t","item":"https:\/\/www.klaaspuul.com\/de\/qualitat\/"},{"@type":"ListItem","position":3,"name":"Corporate Social Responsibility"}]},{"@type":"WebSite","@id":"https:\/\/www.klaaspuul.com\/de\/#website","url":"https:\/\/www.klaaspuul.com\/de\/","name":"Klaas Puul DE","description":"Een andere Klaas Puul site","potentialAction":[{"@type":"SearchAction","target":{"@type":"EntryPoint","urlTemplate":"https:\/\/www.klaaspuul.com\/de\/?s={search_term_string}"},"query-input":{"@type":"PropertyValueSpecification","valueRequired":true,"valueName":"search_term_string"}}],"inLanguage":"de"}]}},"_links":{"self":[{"href":"https:\/\/www.klaaspuul.com\/de\/wp-json\/wp\/v2\/pages\/137","targetHints":{"allow":["GET"]}}],"collection":[{"href":"https:\/\/www.klaaspuul.com\/de\/wp-json\/wp\/v2\/pages"}],"about":[{"href":"https:\/\/www.klaaspuul.com\/de\/wp-json\/wp\/v2\/types\/page"}],"author":[{"embeddable":true,"href":"https:\/\/www.klaaspuul.com\/de\/wp-json\/wp\/v2\/users\/1"}],"replies":[{"embeddable":true,"href":"https:\/\/www.klaaspuul.com\/de\/wp-json\/wp\/v2\/comments?post=137"}],"version-history":[{"count":4,"href":"https:\/\/www.klaaspuul.com\/de\/wp-json\/wp\/v2\/pages\/137\/revisions"}],"predecessor-version":[{"id":597,"href":"https:\/\/www.klaaspuul.com\/de\/wp-json\/wp\/v2\/pages\/137\/revisions\/597"}],"up":[{"embeddable":true,"href":"https:\/\/www.klaaspuul.com\/de\/wp-json\/wp\/v2\/pages\/109"}],"wp:attachment":[{"href":"https:\/\/www.klaaspuul.com\/de\/wp-json\/wp\/v2\/media?parent=137"}],"curies":[{"name":"wp","href":"https:\/\/api.w.org\/{rel}","templated":true}]}}