{"id":141,"date":"2016-12-19T11:48:08","date_gmt":"2016-12-19T10:48:08","guid":{"rendered":"https:\/\/www.klaaspuul.com\/?page_id=141"},"modified":"2020-03-17T15:12:53","modified_gmt":"2020-03-17T14:12:53","slug":"laboratory","status":"publish","type":"page","link":"https:\/\/www.klaaspuul.com\/de\/qualitat\/laboratory\/","title":{"rendered":"Labor"},"content":{"rendered":"<div class=\"inner\">An unserem Produktionsstandort in Edam gibt es ein gut ausgestattetes Labor, in dem t\u00e4glich verschiedene Proben mikrobiologisch, physikalisch und chemisch analysiert und hinsichtlich der Anforderungen der Lebensmittelsicherheit gepr\u00fcft werden. Dar\u00fcber hinaus arbeiten wir in unserem Labor st\u00e4ndig an der Produktentwicklung und erforschen wir neue Verarbeitungsverfahren.<\/div>\n","protected":false},"excerpt":{"rendered":"<p>An unserem Produktionsstandort in Edam gibt es ein gut ausgestattetes Labor, in dem t\u00e4glich verschiedene Proben mikrobiologisch, physikalisch und chemisch analysiert und hinsichtlich der Anforderungen der Lebensmittelsicherheit gepr\u00fcft werden. Dar\u00fcber hinaus arbeiten wir in unserem Labor st\u00e4ndig an der Produktentwicklung und erforschen wir neue Verarbeitungsverfahren.<\/p>\n","protected":false},"author":1,"featured_media":0,"parent":109,"menu_order":0,"comment_status":"closed","ping_status":"closed","template":"","meta":{"_acf_changed":false,"_monsterinsights_skip_tracking":false,"_monsterinsights_sitenote_active":false,"_monsterinsights_sitenote_note":"","_monsterinsights_sitenote_category":0,"footnotes":""},"class_list":["post-141","page","type-page","status-publish","hentry"],"acf":[],"yoast_head":"<!-- This site is optimized with the Yoast SEO plugin v27.4 - https:\/\/yoast.com\/product\/yoast-seo-wordpress\/ -->\n<title>Labor - Klaas Puul DE<\/title>\n<meta name=\"robots\" content=\"index, follow, max-snippet:-1, max-image-preview:large, max-video-preview:-1\" \/>\n<link rel=\"canonical\" href=\"https:\/\/www.klaaspuul.com\/de\/qualitat\/laboratory\/\" \/>\n<meta property=\"og:locale\" content=\"de_DE\" \/>\n<meta property=\"og:type\" content=\"article\" \/>\n<meta property=\"og:title\" content=\"Labor - Klaas Puul DE\" \/>\n<meta property=\"og:description\" content=\"An unserem Produktionsstandort in Edam gibt es ein gut ausgestattetes Labor, in dem t\u00e4glich verschiedene Proben mikrobiologisch, physikalisch und chemisch analysiert und hinsichtlich der Anforderungen der Lebensmittelsicherheit gepr\u00fcft werden. Dar\u00fcber hinaus arbeiten wir in unserem Labor st\u00e4ndig an der Produktentwicklung und erforschen wir neue Verarbeitungsverfahren.\" \/>\n<meta property=\"og:url\" content=\"https:\/\/www.klaaspuul.com\/de\/qualitat\/laboratory\/\" \/>\n<meta property=\"og:site_name\" content=\"Klaas Puul DE\" \/>\n<meta property=\"article:modified_time\" content=\"2020-03-17T14:12:53+00:00\" \/>\n<meta name=\"twitter:card\" content=\"summary_large_image\" \/>\n<script type=\"application\/ld+json\" class=\"yoast-schema-graph\">{\"@context\":\"https:\\\/\\\/schema.org\",\"@graph\":[{\"@type\":\"WebPage\",\"@id\":\"https:\\\/\\\/www.klaaspuul.com\\\/de\\\/qualitat\\\/laboratory\\\/\",\"url\":\"https:\\\/\\\/www.klaaspuul.com\\\/de\\\/qualitat\\\/laboratory\\\/\",\"name\":\"Labor - Klaas Puul DE\",\"isPartOf\":{\"@id\":\"https:\\\/\\\/www.klaaspuul.com\\\/de\\\/#website\"},\"datePublished\":\"2016-12-19T10:48:08+00:00\",\"dateModified\":\"2020-03-17T14:12:53+00:00\",\"breadcrumb\":{\"@id\":\"https:\\\/\\\/www.klaaspuul.com\\\/de\\\/qualitat\\\/laboratory\\\/#breadcrumb\"},\"inLanguage\":\"de\",\"potentialAction\":[{\"@type\":\"ReadAction\",\"target\":[\"https:\\\/\\\/www.klaaspuul.com\\\/de\\\/qualitat\\\/laboratory\\\/\"]}]},{\"@type\":\"BreadcrumbList\",\"@id\":\"https:\\\/\\\/www.klaaspuul.com\\\/de\\\/qualitat\\\/laboratory\\\/#breadcrumb\",\"itemListElement\":[{\"@type\":\"ListItem\",\"position\":1,\"name\":\"Startseite\",\"item\":\"https:\\\/\\\/www.klaaspuul.com\\\/de\\\/\"},{\"@type\":\"ListItem\",\"position\":2,\"name\":\"Qualit\u00e4t\",\"item\":\"https:\\\/\\\/www.klaaspuul.com\\\/de\\\/qualitat\\\/\"},{\"@type\":\"ListItem\",\"position\":3,\"name\":\"Labor\"}]},{\"@type\":\"WebSite\",\"@id\":\"https:\\\/\\\/www.klaaspuul.com\\\/de\\\/#website\",\"url\":\"https:\\\/\\\/www.klaaspuul.com\\\/de\\\/\",\"name\":\"Klaas Puul DE\",\"description\":\"Een andere Klaas Puul site\",\"potentialAction\":[{\"@type\":\"SearchAction\",\"target\":{\"@type\":\"EntryPoint\",\"urlTemplate\":\"https:\\\/\\\/www.klaaspuul.com\\\/de\\\/?s={search_term_string}\"},\"query-input\":{\"@type\":\"PropertyValueSpecification\",\"valueRequired\":true,\"valueName\":\"search_term_string\"}}],\"inLanguage\":\"de\"}]}<\/script>\n<!-- \/ Yoast SEO plugin. -->","yoast_head_json":{"title":"Labor - Klaas Puul DE","robots":{"index":"index","follow":"follow","max-snippet":"max-snippet:-1","max-image-preview":"max-image-preview:large","max-video-preview":"max-video-preview:-1"},"canonical":"https:\/\/www.klaaspuul.com\/de\/qualitat\/laboratory\/","og_locale":"de_DE","og_type":"article","og_title":"Labor - Klaas Puul DE","og_description":"An unserem Produktionsstandort in Edam gibt es ein gut ausgestattetes Labor, in dem t\u00e4glich verschiedene Proben mikrobiologisch, physikalisch und chemisch analysiert und hinsichtlich der Anforderungen der Lebensmittelsicherheit gepr\u00fcft werden. Dar\u00fcber hinaus arbeiten wir in unserem Labor st\u00e4ndig an der Produktentwicklung und erforschen wir neue Verarbeitungsverfahren.","og_url":"https:\/\/www.klaaspuul.com\/de\/qualitat\/laboratory\/","og_site_name":"Klaas Puul DE","article_modified_time":"2020-03-17T14:12:53+00:00","twitter_card":"summary_large_image","schema":{"@context":"https:\/\/schema.org","@graph":[{"@type":"WebPage","@id":"https:\/\/www.klaaspuul.com\/de\/qualitat\/laboratory\/","url":"https:\/\/www.klaaspuul.com\/de\/qualitat\/laboratory\/","name":"Labor - Klaas Puul DE","isPartOf":{"@id":"https:\/\/www.klaaspuul.com\/de\/#website"},"datePublished":"2016-12-19T10:48:08+00:00","dateModified":"2020-03-17T14:12:53+00:00","breadcrumb":{"@id":"https:\/\/www.klaaspuul.com\/de\/qualitat\/laboratory\/#breadcrumb"},"inLanguage":"de","potentialAction":[{"@type":"ReadAction","target":["https:\/\/www.klaaspuul.com\/de\/qualitat\/laboratory\/"]}]},{"@type":"BreadcrumbList","@id":"https:\/\/www.klaaspuul.com\/de\/qualitat\/laboratory\/#breadcrumb","itemListElement":[{"@type":"ListItem","position":1,"name":"Startseite","item":"https:\/\/www.klaaspuul.com\/de\/"},{"@type":"ListItem","position":2,"name":"Qualit\u00e4t","item":"https:\/\/www.klaaspuul.com\/de\/qualitat\/"},{"@type":"ListItem","position":3,"name":"Labor"}]},{"@type":"WebSite","@id":"https:\/\/www.klaaspuul.com\/de\/#website","url":"https:\/\/www.klaaspuul.com\/de\/","name":"Klaas Puul DE","description":"Een andere Klaas Puul site","potentialAction":[{"@type":"SearchAction","target":{"@type":"EntryPoint","urlTemplate":"https:\/\/www.klaaspuul.com\/de\/?s={search_term_string}"},"query-input":{"@type":"PropertyValueSpecification","valueRequired":true,"valueName":"search_term_string"}}],"inLanguage":"de"}]}},"_links":{"self":[{"href":"https:\/\/www.klaaspuul.com\/de\/wp-json\/wp\/v2\/pages\/141","targetHints":{"allow":["GET"]}}],"collection":[{"href":"https:\/\/www.klaaspuul.com\/de\/wp-json\/wp\/v2\/pages"}],"about":[{"href":"https:\/\/www.klaaspuul.com\/de\/wp-json\/wp\/v2\/types\/page"}],"author":[{"embeddable":true,"href":"https:\/\/www.klaaspuul.com\/de\/wp-json\/wp\/v2\/users\/1"}],"replies":[{"embeddable":true,"href":"https:\/\/www.klaaspuul.com\/de\/wp-json\/wp\/v2\/comments?post=141"}],"version-history":[{"count":3,"href":"https:\/\/www.klaaspuul.com\/de\/wp-json\/wp\/v2\/pages\/141\/revisions"}],"predecessor-version":[{"id":19139,"href":"https:\/\/www.klaaspuul.com\/de\/wp-json\/wp\/v2\/pages\/141\/revisions\/19139"}],"up":[{"embeddable":true,"href":"https:\/\/www.klaaspuul.com\/de\/wp-json\/wp\/v2\/pages\/109"}],"wp:attachment":[{"href":"https:\/\/www.klaaspuul.com\/de\/wp-json\/wp\/v2\/media?parent=141"}],"curies":[{"name":"wp","href":"https:\/\/api.w.org\/{rel}","templated":true}]}}