{"id":159,"date":"2016-12-20T11:11:24","date_gmt":"2016-12-20T10:11:24","guid":{"rendered":"https:\/\/www.klaaspuul.com\/?page_id=159"},"modified":"2017-01-30T13:37:11","modified_gmt":"2017-01-30T12:37:11","slug":"unternehmensgeschichte","status":"publish","type":"page","link":"https:\/\/www.klaaspuul.com\/de\/unternehmensgeschichte\/","title":{"rendered":"Unternehmensgeschichte"},"content":{"rendered":"<div class=\"inner\">\n<p>Die Unternehmensgeschichte von Klaas Puul begann Mitte des letzten Jahrhunderts in der Frederik Hendrikstraat in Amsterdam, wo Klaas Puul Senior ein gut gehendes Fischgesch\u00e4ft hatte. Sein Sohn Evert Puul hatte jedoch gr\u00f6\u00dfere Pl\u00e4ne als das blo\u00dfe F\u00fchren eines Gesch\u00e4fts, und so gr\u00fcndete er in einer kleinen Garage in Volendam einen eigenen Garnelenbetrieb mit dem Namen seines Vaters.<\/p>\n<p>Anfangs holte Evert die frischen Nordseegarnelen jeden Tag selbst bei verschiedenen Fischauktionen und Anlegern ab. Die Garnelen wurden damals noch von Heimarbeitern in Volendam und Umgebung gesch\u00e4lt. Der Gro\u00dfteil der Garnelen wurde in Belgien verkauft. Inzwischen ist der Betrieb zu einem renommierten Unternehmen mit sechs Niederlassungen im In- und Ausland, ca. 3500 Mitarbeitern und einem Umsatz in H\u00f6he von ca. 200 Millionen Euro gewachsen.<\/p>\n<\/div>\n","protected":false},"excerpt":{"rendered":"<p>Die Unternehmensgeschichte von Klaas Puul begann Mitte des letzten Jahrhunderts in der Frederik Hendrikstraat in Amsterdam, wo Klaas Puul Senior ein gut gehendes Fischgesch\u00e4ft hatte. Sein Sohn Evert Puul hatte jedoch gr\u00f6\u00dfere Pl\u00e4ne als das blo\u00dfe F\u00fchren eines Gesch\u00e4fts, und so gr\u00fcndete er in einer kleinen Garage in Volendam einen eigenen Garnelenbetrieb mit dem Namen &hellip; <a href=\"https:\/\/www.klaaspuul.com\/de\/unternehmensgeschichte\/\" class=\"more-link\">Continue reading <span class=\"screen-reader-text\">Unternehmensgeschichte<\/span> <span class=\"meta-nav\">&rarr;<\/span><\/a><\/p>\n","protected":false},"author":1,"featured_media":0,"parent":0,"menu_order":0,"comment_status":"closed","ping_status":"closed","template":"","meta":{"_acf_changed":false,"_monsterinsights_skip_tracking":false,"_monsterinsights_sitenote_active":false,"_monsterinsights_sitenote_note":"","_monsterinsights_sitenote_category":0,"footnotes":""},"class_list":["post-159","page","type-page","status-publish","hentry"],"acf":[],"yoast_head":"<!-- This site is optimized with the Yoast SEO plugin v27.4 - https:\/\/yoast.com\/product\/yoast-seo-wordpress\/ -->\n<title>Unternehmensgeschichte - Klaas Puul DE<\/title>\n<meta name=\"robots\" content=\"index, follow, max-snippet:-1, max-image-preview:large, max-video-preview:-1\" \/>\n<link rel=\"canonical\" href=\"https:\/\/www.klaaspuul.com\/de\/unternehmensgeschichte\/\" \/>\n<meta property=\"og:locale\" content=\"de_DE\" \/>\n<meta property=\"og:type\" content=\"article\" \/>\n<meta property=\"og:title\" content=\"Unternehmensgeschichte - Klaas Puul DE\" \/>\n<meta property=\"og:description\" content=\"Die Unternehmensgeschichte von Klaas Puul begann Mitte des letzten Jahrhunderts in der Frederik Hendrikstraat in Amsterdam, wo Klaas Puul Senior ein gut gehendes Fischgesch\u00e4ft hatte. Sein Sohn Evert Puul hatte jedoch gr\u00f6\u00dfere Pl\u00e4ne als das blo\u00dfe F\u00fchren eines Gesch\u00e4fts, und so gr\u00fcndete er in einer kleinen Garage in Volendam einen eigenen Garnelenbetrieb mit dem Namen &hellip; Continue reading Unternehmensgeschichte &rarr;\" \/>\n<meta property=\"og:url\" content=\"https:\/\/www.klaaspuul.com\/de\/unternehmensgeschichte\/\" \/>\n<meta property=\"og:site_name\" content=\"Klaas Puul DE\" \/>\n<meta property=\"article:modified_time\" content=\"2017-01-30T12:37:11+00:00\" \/>\n<meta name=\"twitter:card\" content=\"summary_large_image\" \/>\n<meta name=\"twitter:label1\" content=\"Gesch\u00e4tzte Lesezeit\" \/>\n\t<meta name=\"twitter:data1\" content=\"1\u00a0Minute\" \/>\n<script type=\"application\/ld+json\" class=\"yoast-schema-graph\">{\"@context\":\"https:\\\/\\\/schema.org\",\"@graph\":[{\"@type\":\"WebPage\",\"@id\":\"https:\\\/\\\/www.klaaspuul.com\\\/de\\\/unternehmensgeschichte\\\/\",\"url\":\"https:\\\/\\\/www.klaaspuul.com\\\/de\\\/unternehmensgeschichte\\\/\",\"name\":\"Unternehmensgeschichte - Klaas Puul DE\",\"isPartOf\":{\"@id\":\"https:\\\/\\\/www.klaaspuul.com\\\/de\\\/#website\"},\"datePublished\":\"2016-12-20T10:11:24+00:00\",\"dateModified\":\"2017-01-30T12:37:11+00:00\",\"breadcrumb\":{\"@id\":\"https:\\\/\\\/www.klaaspuul.com\\\/de\\\/unternehmensgeschichte\\\/#breadcrumb\"},\"inLanguage\":\"de\",\"potentialAction\":[{\"@type\":\"ReadAction\",\"target\":[\"https:\\\/\\\/www.klaaspuul.com\\\/de\\\/unternehmensgeschichte\\\/\"]}]},{\"@type\":\"BreadcrumbList\",\"@id\":\"https:\\\/\\\/www.klaaspuul.com\\\/de\\\/unternehmensgeschichte\\\/#breadcrumb\",\"itemListElement\":[{\"@type\":\"ListItem\",\"position\":1,\"name\":\"Startseite\",\"item\":\"https:\\\/\\\/www.klaaspuul.com\\\/de\\\/\"},{\"@type\":\"ListItem\",\"position\":2,\"name\":\"Unternehmensgeschichte\"}]},{\"@type\":\"WebSite\",\"@id\":\"https:\\\/\\\/www.klaaspuul.com\\\/de\\\/#website\",\"url\":\"https:\\\/\\\/www.klaaspuul.com\\\/de\\\/\",\"name\":\"Klaas Puul DE\",\"description\":\"Een andere Klaas Puul site\",\"potentialAction\":[{\"@type\":\"SearchAction\",\"target\":{\"@type\":\"EntryPoint\",\"urlTemplate\":\"https:\\\/\\\/www.klaaspuul.com\\\/de\\\/?s={search_term_string}\"},\"query-input\":{\"@type\":\"PropertyValueSpecification\",\"valueRequired\":true,\"valueName\":\"search_term_string\"}}],\"inLanguage\":\"de\"}]}<\/script>\n<!-- \/ Yoast SEO plugin. -->","yoast_head_json":{"title":"Unternehmensgeschichte - Klaas Puul DE","robots":{"index":"index","follow":"follow","max-snippet":"max-snippet:-1","max-image-preview":"max-image-preview:large","max-video-preview":"max-video-preview:-1"},"canonical":"https:\/\/www.klaaspuul.com\/de\/unternehmensgeschichte\/","og_locale":"de_DE","og_type":"article","og_title":"Unternehmensgeschichte - Klaas Puul DE","og_description":"Die Unternehmensgeschichte von Klaas Puul begann Mitte des letzten Jahrhunderts in der Frederik Hendrikstraat in Amsterdam, wo Klaas Puul Senior ein gut gehendes Fischgesch\u00e4ft hatte. Sein Sohn Evert Puul hatte jedoch gr\u00f6\u00dfere Pl\u00e4ne als das blo\u00dfe F\u00fchren eines Gesch\u00e4fts, und so gr\u00fcndete er in einer kleinen Garage in Volendam einen eigenen Garnelenbetrieb mit dem Namen &hellip; Continue reading Unternehmensgeschichte &rarr;","og_url":"https:\/\/www.klaaspuul.com\/de\/unternehmensgeschichte\/","og_site_name":"Klaas Puul DE","article_modified_time":"2017-01-30T12:37:11+00:00","twitter_card":"summary_large_image","twitter_misc":{"Gesch\u00e4tzte Lesezeit":"1\u00a0Minute"},"schema":{"@context":"https:\/\/schema.org","@graph":[{"@type":"WebPage","@id":"https:\/\/www.klaaspuul.com\/de\/unternehmensgeschichte\/","url":"https:\/\/www.klaaspuul.com\/de\/unternehmensgeschichte\/","name":"Unternehmensgeschichte - Klaas Puul DE","isPartOf":{"@id":"https:\/\/www.klaaspuul.com\/de\/#website"},"datePublished":"2016-12-20T10:11:24+00:00","dateModified":"2017-01-30T12:37:11+00:00","breadcrumb":{"@id":"https:\/\/www.klaaspuul.com\/de\/unternehmensgeschichte\/#breadcrumb"},"inLanguage":"de","potentialAction":[{"@type":"ReadAction","target":["https:\/\/www.klaaspuul.com\/de\/unternehmensgeschichte\/"]}]},{"@type":"BreadcrumbList","@id":"https:\/\/www.klaaspuul.com\/de\/unternehmensgeschichte\/#breadcrumb","itemListElement":[{"@type":"ListItem","position":1,"name":"Startseite","item":"https:\/\/www.klaaspuul.com\/de\/"},{"@type":"ListItem","position":2,"name":"Unternehmensgeschichte"}]},{"@type":"WebSite","@id":"https:\/\/www.klaaspuul.com\/de\/#website","url":"https:\/\/www.klaaspuul.com\/de\/","name":"Klaas Puul DE","description":"Een andere Klaas Puul site","potentialAction":[{"@type":"SearchAction","target":{"@type":"EntryPoint","urlTemplate":"https:\/\/www.klaaspuul.com\/de\/?s={search_term_string}"},"query-input":{"@type":"PropertyValueSpecification","valueRequired":true,"valueName":"search_term_string"}}],"inLanguage":"de"}]}},"_links":{"self":[{"href":"https:\/\/www.klaaspuul.com\/de\/wp-json\/wp\/v2\/pages\/159","targetHints":{"allow":["GET"]}}],"collection":[{"href":"https:\/\/www.klaaspuul.com\/de\/wp-json\/wp\/v2\/pages"}],"about":[{"href":"https:\/\/www.klaaspuul.com\/de\/wp-json\/wp\/v2\/types\/page"}],"author":[{"embeddable":true,"href":"https:\/\/www.klaaspuul.com\/de\/wp-json\/wp\/v2\/users\/1"}],"replies":[{"embeddable":true,"href":"https:\/\/www.klaaspuul.com\/de\/wp-json\/wp\/v2\/comments?post=159"}],"version-history":[{"count":5,"href":"https:\/\/www.klaaspuul.com\/de\/wp-json\/wp\/v2\/pages\/159\/revisions"}],"predecessor-version":[{"id":588,"href":"https:\/\/www.klaaspuul.com\/de\/wp-json\/wp\/v2\/pages\/159\/revisions\/588"}],"wp:attachment":[{"href":"https:\/\/www.klaaspuul.com\/de\/wp-json\/wp\/v2\/media?parent=159"}],"curies":[{"name":"wp","href":"https:\/\/api.w.org\/{rel}","templated":true}]}}