{"id":161,"date":"2016-12-20T11:11:50","date_gmt":"2016-12-20T10:11:50","guid":{"rendered":"https:\/\/www.klaaspuul.com\/?page_id=161"},"modified":"2017-01-30T13:44:41","modified_gmt":"2017-01-30T12:44:41","slug":"mission","status":"publish","type":"page","link":"https:\/\/www.klaaspuul.com\/de\/mission\/","title":{"rendered":"Mission &#038; Unternehmensphilosophie"},"content":{"rendered":"<div class=\"inner\">\n<h3>Mission<\/h3>\n<ul>\n<li>Das Liefern nachhaltiger, qualitativ hochwertiger und besonderer frischer und tiefgek\u00fchlter Schalen- und Krustentierprodukte.<\/li>\n<li>Wertsch\u00f6pfung f\u00fcr Einzelhandel, Foodservice und Industrie durch das Bieten hoher Qualit\u00e4t zu attraktiven Preisen.<\/li>\n<li>Den Verbraucher dank st\u00e4ndiger Produktentwicklung und Innovation \u00fcberraschen.<\/li>\n<\/ul>\n<h3>Unternehmensphilosophie<\/h3>\n<p>Unsere Garnelen sind nachhaltige, gesunde und k\u00f6stliche Seafood-Produkte. Wir sind davon \u00fcberzeugt, dass es gut ist, mindestens zweimal pro Woche Fisch und mindestens einmal pro Woche Garnelen zu essen.\n<\/p><\/div>\n","protected":false},"excerpt":{"rendered":"<p>Mission Das Liefern nachhaltiger, qualitativ hochwertiger und besonderer frischer und tiefgek\u00fchlter Schalen- und Krustentierprodukte. Wertsch\u00f6pfung f\u00fcr Einzelhandel, Foodservice und Industrie durch das Bieten hoher Qualit\u00e4t zu attraktiven Preisen. Den Verbraucher dank st\u00e4ndiger Produktentwicklung und Innovation \u00fcberraschen. Unternehmensphilosophie Unsere Garnelen sind nachhaltige, gesunde und k\u00f6stliche Seafood-Produkte. Wir sind davon \u00fcberzeugt, dass es gut ist, mindestens zweimal &hellip; <a href=\"https:\/\/www.klaaspuul.com\/de\/mission\/\" class=\"more-link\">Continue reading <span class=\"screen-reader-text\">Mission &#038; Unternehmensphilosophie<\/span> <span class=\"meta-nav\">&rarr;<\/span><\/a><\/p>\n","protected":false},"author":1,"featured_media":0,"parent":0,"menu_order":0,"comment_status":"closed","ping_status":"closed","template":"","meta":{"_acf_changed":false,"_monsterinsights_skip_tracking":false,"_monsterinsights_sitenote_active":false,"_monsterinsights_sitenote_note":"","_monsterinsights_sitenote_category":0,"footnotes":""},"class_list":["post-161","page","type-page","status-publish","hentry"],"acf":[],"yoast_head":"<!-- This site is optimized with the Yoast SEO plugin v27.4 - https:\/\/yoast.com\/product\/yoast-seo-wordpress\/ -->\n<title>Mission &amp; Unternehmensphilosophie - Klaas Puul DE<\/title>\n<meta name=\"robots\" content=\"index, follow, max-snippet:-1, max-image-preview:large, max-video-preview:-1\" \/>\n<link rel=\"canonical\" href=\"https:\/\/www.klaaspuul.com\/de\/mission\/\" \/>\n<meta property=\"og:locale\" content=\"de_DE\" \/>\n<meta property=\"og:type\" content=\"article\" \/>\n<meta property=\"og:title\" content=\"Mission &amp; Unternehmensphilosophie - Klaas Puul DE\" \/>\n<meta property=\"og:description\" content=\"Mission Das Liefern nachhaltiger, qualitativ hochwertiger und besonderer frischer und tiefgek\u00fchlter Schalen- und Krustentierprodukte. Wertsch\u00f6pfung f\u00fcr Einzelhandel, Foodservice und Industrie durch das Bieten hoher Qualit\u00e4t zu attraktiven Preisen. Den Verbraucher dank st\u00e4ndiger Produktentwicklung und Innovation \u00fcberraschen. Unternehmensphilosophie Unsere Garnelen sind nachhaltige, gesunde und k\u00f6stliche Seafood-Produkte. Wir sind davon \u00fcberzeugt, dass es gut ist, mindestens zweimal &hellip; Continue reading Mission &#038; Unternehmensphilosophie &rarr;\" \/>\n<meta property=\"og:url\" content=\"https:\/\/www.klaaspuul.com\/de\/mission\/\" \/>\n<meta property=\"og:site_name\" content=\"Klaas Puul DE\" \/>\n<meta property=\"article:modified_time\" content=\"2017-01-30T12:44:41+00:00\" \/>\n<meta name=\"twitter:card\" content=\"summary_large_image\" \/>\n<script type=\"application\/ld+json\" class=\"yoast-schema-graph\">{\"@context\":\"https:\\\/\\\/schema.org\",\"@graph\":[{\"@type\":\"WebPage\",\"@id\":\"https:\\\/\\\/www.klaaspuul.com\\\/de\\\/mission\\\/\",\"url\":\"https:\\\/\\\/www.klaaspuul.com\\\/de\\\/mission\\\/\",\"name\":\"Mission & Unternehmensphilosophie - Klaas Puul DE\",\"isPartOf\":{\"@id\":\"https:\\\/\\\/www.klaaspuul.com\\\/de\\\/#website\"},\"datePublished\":\"2016-12-20T10:11:50+00:00\",\"dateModified\":\"2017-01-30T12:44:41+00:00\",\"breadcrumb\":{\"@id\":\"https:\\\/\\\/www.klaaspuul.com\\\/de\\\/mission\\\/#breadcrumb\"},\"inLanguage\":\"de\",\"potentialAction\":[{\"@type\":\"ReadAction\",\"target\":[\"https:\\\/\\\/www.klaaspuul.com\\\/de\\\/mission\\\/\"]}]},{\"@type\":\"BreadcrumbList\",\"@id\":\"https:\\\/\\\/www.klaaspuul.com\\\/de\\\/mission\\\/#breadcrumb\",\"itemListElement\":[{\"@type\":\"ListItem\",\"position\":1,\"name\":\"Startseite\",\"item\":\"https:\\\/\\\/www.klaaspuul.com\\\/de\\\/\"},{\"@type\":\"ListItem\",\"position\":2,\"name\":\"Mission &#038; Unternehmensphilosophie\"}]},{\"@type\":\"WebSite\",\"@id\":\"https:\\\/\\\/www.klaaspuul.com\\\/de\\\/#website\",\"url\":\"https:\\\/\\\/www.klaaspuul.com\\\/de\\\/\",\"name\":\"Klaas Puul DE\",\"description\":\"Een andere Klaas Puul site\",\"potentialAction\":[{\"@type\":\"SearchAction\",\"target\":{\"@type\":\"EntryPoint\",\"urlTemplate\":\"https:\\\/\\\/www.klaaspuul.com\\\/de\\\/?s={search_term_string}\"},\"query-input\":{\"@type\":\"PropertyValueSpecification\",\"valueRequired\":true,\"valueName\":\"search_term_string\"}}],\"inLanguage\":\"de\"}]}<\/script>\n<!-- \/ Yoast SEO plugin. -->","yoast_head_json":{"title":"Mission & Unternehmensphilosophie - Klaas Puul DE","robots":{"index":"index","follow":"follow","max-snippet":"max-snippet:-1","max-image-preview":"max-image-preview:large","max-video-preview":"max-video-preview:-1"},"canonical":"https:\/\/www.klaaspuul.com\/de\/mission\/","og_locale":"de_DE","og_type":"article","og_title":"Mission & Unternehmensphilosophie - Klaas Puul DE","og_description":"Mission Das Liefern nachhaltiger, qualitativ hochwertiger und besonderer frischer und tiefgek\u00fchlter Schalen- und Krustentierprodukte. Wertsch\u00f6pfung f\u00fcr Einzelhandel, Foodservice und Industrie durch das Bieten hoher Qualit\u00e4t zu attraktiven Preisen. Den Verbraucher dank st\u00e4ndiger Produktentwicklung und Innovation \u00fcberraschen. Unternehmensphilosophie Unsere Garnelen sind nachhaltige, gesunde und k\u00f6stliche Seafood-Produkte. Wir sind davon \u00fcberzeugt, dass es gut ist, mindestens zweimal &hellip; Continue reading Mission &#038; Unternehmensphilosophie &rarr;","og_url":"https:\/\/www.klaaspuul.com\/de\/mission\/","og_site_name":"Klaas Puul DE","article_modified_time":"2017-01-30T12:44:41+00:00","twitter_card":"summary_large_image","schema":{"@context":"https:\/\/schema.org","@graph":[{"@type":"WebPage","@id":"https:\/\/www.klaaspuul.com\/de\/mission\/","url":"https:\/\/www.klaaspuul.com\/de\/mission\/","name":"Mission & Unternehmensphilosophie - Klaas Puul DE","isPartOf":{"@id":"https:\/\/www.klaaspuul.com\/de\/#website"},"datePublished":"2016-12-20T10:11:50+00:00","dateModified":"2017-01-30T12:44:41+00:00","breadcrumb":{"@id":"https:\/\/www.klaaspuul.com\/de\/mission\/#breadcrumb"},"inLanguage":"de","potentialAction":[{"@type":"ReadAction","target":["https:\/\/www.klaaspuul.com\/de\/mission\/"]}]},{"@type":"BreadcrumbList","@id":"https:\/\/www.klaaspuul.com\/de\/mission\/#breadcrumb","itemListElement":[{"@type":"ListItem","position":1,"name":"Startseite","item":"https:\/\/www.klaaspuul.com\/de\/"},{"@type":"ListItem","position":2,"name":"Mission &#038; Unternehmensphilosophie"}]},{"@type":"WebSite","@id":"https:\/\/www.klaaspuul.com\/de\/#website","url":"https:\/\/www.klaaspuul.com\/de\/","name":"Klaas Puul DE","description":"Een andere Klaas Puul site","potentialAction":[{"@type":"SearchAction","target":{"@type":"EntryPoint","urlTemplate":"https:\/\/www.klaaspuul.com\/de\/?s={search_term_string}"},"query-input":{"@type":"PropertyValueSpecification","valueRequired":true,"valueName":"search_term_string"}}],"inLanguage":"de"}]}},"_links":{"self":[{"href":"https:\/\/www.klaaspuul.com\/de\/wp-json\/wp\/v2\/pages\/161","targetHints":{"allow":["GET"]}}],"collection":[{"href":"https:\/\/www.klaaspuul.com\/de\/wp-json\/wp\/v2\/pages"}],"about":[{"href":"https:\/\/www.klaaspuul.com\/de\/wp-json\/wp\/v2\/types\/page"}],"author":[{"embeddable":true,"href":"https:\/\/www.klaaspuul.com\/de\/wp-json\/wp\/v2\/users\/1"}],"replies":[{"embeddable":true,"href":"https:\/\/www.klaaspuul.com\/de\/wp-json\/wp\/v2\/comments?post=161"}],"version-history":[{"count":4,"href":"https:\/\/www.klaaspuul.com\/de\/wp-json\/wp\/v2\/pages\/161\/revisions"}],"predecessor-version":[{"id":591,"href":"https:\/\/www.klaaspuul.com\/de\/wp-json\/wp\/v2\/pages\/161\/revisions\/591"}],"wp:attachment":[{"href":"https:\/\/www.klaaspuul.com\/de\/wp-json\/wp\/v2\/media?parent=161"}],"curies":[{"name":"wp","href":"https:\/\/api.w.org\/{rel}","templated":true}]}}