{"id":168,"date":"2016-12-20T11:15:24","date_gmt":"2016-12-20T10:15:24","guid":{"rendered":"https:\/\/www.klaaspuul.com\/?page_id=168"},"modified":"2020-03-17T15:55:03","modified_gmt":"2020-03-17T14:55:03","slug":"standorte","status":"publish","type":"page","link":"https:\/\/www.klaaspuul.com\/de\/standorte\/","title":{"rendered":"Standorte"},"content":{"rendered":"<section id=\"locations\">\n<div class=\"inner\">\n<p>Klaas Puul vertreibt Garnelen, die in allen Teilen der Welt gefangen bzw. gez\u00fcchtet werden. Die Verarbeitung dieser Produkte erfolgt komplett in Eigenregie. Damit wir unsere Kunden m\u00f6glichst schnell und effizient beliefern k\u00f6nnen, besitzen wir f\u00fcnf Niederlassungen an strategisch gew\u00e4hlten Standorten in Europa. Diese Standorte liegen selbstverst\u00e4ndlich m\u00f6glichst nah an den Orten, wo die Garnelen gefangen, verarbeitet und verzehrt werden.<\/p>\n<\/div>\n<div class=\"loc\">\n<div class=\"col\">\n\r\n<div class=\"location loc-vd selected\"><span>Volendam<\/span><\/div>\r\n<div class=\"location loc-ed\"><span>Edam<\/span><\/div>\r\n<div class=\"location loc-romo\"><span>R\u00f8m\u00f8<\/span><\/div>\r\n<div class=\"location loc-bus\"><span>B\u00fcsum<\/span><\/div>\r\n<div class=\"location loc-tanger\"><span>Tanger<\/span><\/div>\r\n<div class=\"location loc-ober\"><span>Oberkirch<\/span><\/div>\r\n<\/div>\n<div class=\"col\">\n<div id=\"new-royalslider-5\" class=\"royalSlider new-royalslider-5 rsUni rs-default-template\" style=\"width:100%;height:100%;;\">\n<div class=\"rsContent\">\n<div class=\"loc-map\">\n<div class=\"map\">\n  <iframe loading=\"lazy\" src=\"https:\/\/www.google.com\/maps\/embed?pb=!1m18!1m12!1m3!1d2428.7843571688604!2d5.071977115806772!3d52.50114297981059!2m3!1f0!2f0!3f0!3m2!1i1024!2i768!4f13.1!3m3!1m2!1s0x47c6049902e4efaf%3A0x616da9a25af3c97e!2sKlaas+Puul+B.V.+-+Europese+leidende+schaal-+en+schelpdieren+leverancier!5e0!3m2!1snl!2snl!4v1557844797194!5m2!1snl!2snl\" width=\"100%\" height=\"100%\" frameborder=\"0\" style=\"border:0\" allowfullscreen><\/iframe>\n<\/div>\n<div class=\"loc-img vd\">\n<div><\/div>\n<\/p><\/div>\n<\/div>\n<div class=\"ui-draggable-handle rsABlock\" style=\"width: 100%; height: auto; left: 0px; top: 300px;\" data-speed=\"600\" data-move-effect=\"top\">\n<div class=\"l-info\">\n<div>\n<h2>Volendam<\/h2>\n<ul>\n<li>Hauptgesch\u00e4ftsstelle<\/li>\n<li>Vertriebsb\u00fcro f\u00fcr die t\u00e4glichen Bestellungen<\/li>\n<li>Verarbeitung und Verpackung der Garnelen<\/li>\n<\/ul>\n<ul>\n<li>Hyacintenstraat 16<\/li>\n<li>1131 HW Volendam<\/li>\n<li>Nederland<\/li>\n<\/ul><\/div>\n<\/div>\n<\/div>\n<\/div>\n<div class=\"rsContent\">\n<div class=\"loc-map\">\n<div class=\"map\">\n<iframe loading=\"lazy\" src=\"https:\/\/www.google.com\/maps\/embed?pb=!1m18!1m12!1m3!1d2427.9726141573733!2d5.03557721613473!3d52.515834679813395!2m3!1f0!2f0!3f0!3m2!1i1024!2i768!4f13.1!3m3!1m2!1s0x47c6038ed448051b%3A0xd6cabf343a4950b6!2sHamerstraat+26%2C+1135+GA+Edam!5e0!3m2!1snl!2snl!4v1482484901800\" width=\"100%\" height=\"100%\" frameborder=\"0\" style=\"border:0\" allowfullscreen><\/iframe><\/div>\n<div class=\"loc-img ed\">\n<div><\/div>\n<\/p><\/div>\n<\/div>\n<div class=\"ui-draggable-handle rsABlock\" style=\"width: 100%; height: auto; left: 0px; top: 300px;\" data-speed=\"600\" data-move-effect=\"top\">\n<div class=\"l-info\">\n<div>\n<h2>Edam<\/h2>\n<ul>\n<li>Produktionsstandort<\/li>\n<li>Verarbeitung von Nordseegarnelen<\/li>\n<\/ul>\n<ul>\n<li>Hamerstraat 26<\/li>\n<li>1135 GA Edam<\/li>\n<li>Nederland<\/li>\n<\/ul><\/div>\n<\/div>\n<\/div>\n<\/div>\n<div class=\"rsContent\">\n<div class=\"loc-map\">\n<div class=\"map\">\n<iframe loading=\"lazy\" src=\"https:\/\/www.google.com\/maps\/embed?pb=!1m18!1m12!1m3!1d2283.497569460144!2d8.562622316212778!3d55.08705098038064!2m3!1f0!2f0!3f0!3m2!1i1024!2i768!4f13.1!3m3!1m2!1s0x47b4ce64422e64db%3A0xa6ca1559b4b8c6be!2zS29tbWFuZMO4cmthaiAzLCA2NzkyIFLDuG3DuCwgRGVuZW1hcmtlbg!5e0!3m2!1snl!2snl!4v1482485577172\" width=\"100%\" height=\"100%\" frameborder=\"0\" style=\"border:0\" allowfullscreen><\/iframe><\/div>\n<div class=\"loc-img dk\">\n<div><\/div>\n<\/p><\/div>\n<\/div>\n<div class=\"ui-draggable-handle rsABlock\" style=\"width: 100%; height: auto; left: 0px; top: 300px;\" data-speed=\"600\" data-move-effect=\"top\">\n<div class=\"l-info\">\n<div>\n<h2>R\u00f8m\u00f8<\/h2>\n<ul>\n<li>Annahme- und Verarbeitungsanlage<\/li>\n<\/ul>\n<ul>\n<li>Kommand\u00f8rkaj 3<\/li>\n<li>Havneby 6792 R\u00f8m\u00f8<\/li>\n<li>Denemarken<\/li>\n<\/ul><\/div>\n<\/div>\n<\/div>\n<\/div>\n<div class=\"rsContent\">\n<div class=\"loc-map\">\n<div class=\"map\">\n<iframe loading=\"lazy\" src=\"https:\/\/www.google.com\/maps\/embed?pb=!1m18!1m12!1m3!1d2337.9821870773617!2d8.861891315945487!3d54.12724312363227!2m3!1f0!2f0!3f0!3m2!1i1024!2i768!4f13.1!3m3!1m2!1s0x47b474ddb4fda679%3A0x3672550be97ca14!2sWerftstra%C3%9Fe+20%2C+25761+B%C3%BCsum%2C+Duitsland!5e0!3m2!1snl!2snl!4v1482486663408\" width=\"100%\" height=\"100%\" frameborder=\"0\" style=\"border:0\" allowfullscreen><\/iframe><\/div>\n<div class=\"loc-img de\">\n<div><\/div>\n<\/p><\/div>\n<\/div>\n<div class=\"ui-draggable-handle rsABlock\" style=\"width: 100%; height: auto; left: 0px; top: 300px;\" data-speed=\"600\" data-move-effect=\"top\">\n<div class=\"l-info\">\n<div>\n<h2>B\u00fcsum<\/h2>\n<ul>\n<li>Annahme- und Verarbeitungsanlage<\/li>\n<\/ul>\n<ul>\n<li>Werftstrasse 20<\/li>\n<li>25761 B\u00fcsum<\/li>\n<li>Duitsland<\/li>\n<\/ul><\/div>\n<\/div>\n<\/div>\n<\/div>\n<div class=\"rsContent\">\n<div class=\"loc-map\">\n<div class=\"map\">\n<iframe loading=\"lazy\" src=\"https:\/\/www.google.com\/maps\/embed?pb=!1m18!1m12!1m3!1d1462.894640901935!2d-5.799570864011011!3d35.73569595489763!2m3!1f0!2f0!3f0!3m2!1i1024!2i768!4f13.1!3m3!1m2!1s0x0%3A0x0!2zMzXCsDQ0JzA5LjkiTiA1wrA0Nyc1Ni4xIlc!5e0!3m2!1snl!2snl!4v1484230510526\" width=\"100%\" height=\"100%\" frameborder=\"0\" style=\"border:0\" allowfullscreen><\/iframe><\/div>\n<div class=\"loc-img ma\">\n<div><\/div>\n<\/p><\/div>\n<\/div>\n<div class=\"ui-draggable-handle rsABlock\" style=\"width: 100%; height: auto; left: 0px; top: 300px;\" data-speed=\"600\" data-move-effect=\"top\">\n<div class=\"l-info ma\">\n<div>\n<h2>Tanger<\/h2>\n<ul>\n<li>Sch\u00e4lstation, in der verschiedene Garnelenarten gesch\u00e4lt werden.<\/li>\n<\/ul>\n<ul>\n<li>Z.I. Al Majd Quartier<br \/> Bhayar &#8211; Aouama<\/li>\n<li>90080 Tanger<\/li>\n<li>Morocco<\/li>\n<\/ul><\/div>\n<\/div>\n<\/div>\n<\/div>\n<div class=\"rsContent\">\n<div class=\"loc-map\">\n<div class=\"map\">\n<iframe loading=\"lazy\" src=\"https:\/\/www.google.com\/maps\/embed?pb=!1m18!1m12!1m3!1d2641.937288186994!2d8.063231315784556!3d48.53443353141556!2m3!1f0!2f0!3f0!3m2!1i1024!2i768!4f13.1!3m3!1m2!1s0x4796d66bb5c9ec19%3A0xd2518b1a3af7c0fa!2sRaiffeisenstra%C3%9Fe+14A%2C+77704+Oberkirch%2C+Duitsland!5e0!3m2!1snl!2snl!4v1484227528924\" width=\"100%\" height=\"100%\" frameborder=\"0\" style=\"border:0\" allowfullscreen><\/iframe><\/div>\n<div class=\"loc-img ded\">\n<div><\/div>\n<\/p><\/div>\n<\/div>\n<div class=\"ui-draggable-handle rsABlock\" style=\"width: 100%; height: auto; left: 0px; top: 300px;\" data-speed=\"600\" data-move-effect=\"top\">\n<div class=\"l-info ded\">\n<div>\n<h2>Oberkirch<\/h2>\n<ul>\n<li>Vertriebsb\u00fcro<\/li>\n<\/ul>\n<ul>\n<li>Raiffeisenstra\u00dfe 14a<\/li>\n<li>D-77704 Oberkirch<\/li>\n<li>Duitsland<\/li>\n<li>+49 (0) 7802 70447 0<\/li>\n<\/ul><\/div>\n<\/div>\n<\/div>\n<\/div>\n<\/div>\n<\/div>\n<\/div>\n<\/section>\n","protected":false},"excerpt":{"rendered":"<p>Klaas Puul vertreibt Garnelen, die in allen Teilen der Welt gefangen bzw. gez\u00fcchtet werden. Die Verarbeitung dieser Produkte erfolgt komplett in Eigenregie. Damit wir unsere Kunden m\u00f6glichst schnell und effizient beliefern k\u00f6nnen, besitzen wir f\u00fcnf Niederlassungen an strategisch gew\u00e4hlten Standorten in Europa. Diese Standorte liegen selbstverst\u00e4ndlich m\u00f6glichst nah an den Orten, wo die Garnelen gefangen, &hellip; <a href=\"https:\/\/www.klaaspuul.com\/de\/standorte\/\" class=\"more-link\">Continue reading <span class=\"screen-reader-text\">Standorte<\/span> <span class=\"meta-nav\">&rarr;<\/span><\/a><\/p>\n","protected":false},"author":1,"featured_media":0,"parent":0,"menu_order":0,"comment_status":"closed","ping_status":"closed","template":"","meta":{"_acf_changed":false,"_monsterinsights_skip_tracking":false,"_monsterinsights_sitenote_active":false,"_monsterinsights_sitenote_note":"","_monsterinsights_sitenote_category":0,"footnotes":""},"class_list":["post-168","page","type-page","status-publish","hentry"],"acf":[],"yoast_head":"<!-- This site is optimized with the Yoast SEO plugin v27.3 - https:\/\/yoast.com\/product\/yoast-seo-wordpress\/ -->\n<title>Standorte - Klaas Puul DE<\/title>\n<meta name=\"robots\" content=\"index, follow, max-snippet:-1, max-image-preview:large, max-video-preview:-1\" \/>\n<link rel=\"canonical\" href=\"https:\/\/www.klaaspuul.com\/de\/standorte\/\" \/>\n<meta property=\"og:locale\" content=\"de_DE\" \/>\n<meta property=\"og:type\" content=\"article\" \/>\n<meta property=\"og:title\" content=\"Standorte - Klaas Puul DE\" \/>\n<meta property=\"og:description\" content=\"Klaas Puul vertreibt Garnelen, die in allen Teilen der Welt gefangen bzw. gez\u00fcchtet werden. Die Verarbeitung dieser Produkte erfolgt komplett in Eigenregie. Damit wir unsere Kunden m\u00f6glichst schnell und effizient beliefern k\u00f6nnen, besitzen wir f\u00fcnf Niederlassungen an strategisch gew\u00e4hlten Standorten in Europa. Diese Standorte liegen selbstverst\u00e4ndlich m\u00f6glichst nah an den Orten, wo die Garnelen gefangen, &hellip; Continue reading Standorte &rarr;\" \/>\n<meta property=\"og:url\" content=\"https:\/\/www.klaaspuul.com\/de\/standorte\/\" \/>\n<meta property=\"og:site_name\" content=\"Klaas Puul DE\" \/>\n<meta property=\"article:modified_time\" content=\"2020-03-17T14:55:03+00:00\" \/>\n<meta name=\"twitter:card\" content=\"summary_large_image\" \/>\n<script type=\"application\/ld+json\" class=\"yoast-schema-graph\">{\"@context\":\"https:\\\/\\\/schema.org\",\"@graph\":[{\"@type\":\"WebPage\",\"@id\":\"https:\\\/\\\/www.klaaspuul.com\\\/de\\\/standorte\\\/\",\"url\":\"https:\\\/\\\/www.klaaspuul.com\\\/de\\\/standorte\\\/\",\"name\":\"Standorte - Klaas Puul DE\",\"isPartOf\":{\"@id\":\"https:\\\/\\\/www.klaaspuul.com\\\/de\\\/#website\"},\"datePublished\":\"2016-12-20T10:15:24+00:00\",\"dateModified\":\"2020-03-17T14:55:03+00:00\",\"breadcrumb\":{\"@id\":\"https:\\\/\\\/www.klaaspuul.com\\\/de\\\/standorte\\\/#breadcrumb\"},\"inLanguage\":\"de\",\"potentialAction\":[{\"@type\":\"ReadAction\",\"target\":[\"https:\\\/\\\/www.klaaspuul.com\\\/de\\\/standorte\\\/\"]}]},{\"@type\":\"BreadcrumbList\",\"@id\":\"https:\\\/\\\/www.klaaspuul.com\\\/de\\\/standorte\\\/#breadcrumb\",\"itemListElement\":[{\"@type\":\"ListItem\",\"position\":1,\"name\":\"Startseite\",\"item\":\"https:\\\/\\\/www.klaaspuul.com\\\/de\\\/\"},{\"@type\":\"ListItem\",\"position\":2,\"name\":\"Standorte\"}]},{\"@type\":\"WebSite\",\"@id\":\"https:\\\/\\\/www.klaaspuul.com\\\/de\\\/#website\",\"url\":\"https:\\\/\\\/www.klaaspuul.com\\\/de\\\/\",\"name\":\"Klaas Puul DE\",\"description\":\"Een andere Klaas Puul site\",\"potentialAction\":[{\"@type\":\"SearchAction\",\"target\":{\"@type\":\"EntryPoint\",\"urlTemplate\":\"https:\\\/\\\/www.klaaspuul.com\\\/de\\\/?s={search_term_string}\"},\"query-input\":{\"@type\":\"PropertyValueSpecification\",\"valueRequired\":true,\"valueName\":\"search_term_string\"}}],\"inLanguage\":\"de\"}]}<\/script>\n<!-- \/ Yoast SEO plugin. -->","yoast_head_json":{"title":"Standorte - Klaas Puul DE","robots":{"index":"index","follow":"follow","max-snippet":"max-snippet:-1","max-image-preview":"max-image-preview:large","max-video-preview":"max-video-preview:-1"},"canonical":"https:\/\/www.klaaspuul.com\/de\/standorte\/","og_locale":"de_DE","og_type":"article","og_title":"Standorte - Klaas Puul DE","og_description":"Klaas Puul vertreibt Garnelen, die in allen Teilen der Welt gefangen bzw. gez\u00fcchtet werden. Die Verarbeitung dieser Produkte erfolgt komplett in Eigenregie. Damit wir unsere Kunden m\u00f6glichst schnell und effizient beliefern k\u00f6nnen, besitzen wir f\u00fcnf Niederlassungen an strategisch gew\u00e4hlten Standorten in Europa. Diese Standorte liegen selbstverst\u00e4ndlich m\u00f6glichst nah an den Orten, wo die Garnelen gefangen, &hellip; Continue reading Standorte &rarr;","og_url":"https:\/\/www.klaaspuul.com\/de\/standorte\/","og_site_name":"Klaas Puul DE","article_modified_time":"2020-03-17T14:55:03+00:00","twitter_card":"summary_large_image","schema":{"@context":"https:\/\/schema.org","@graph":[{"@type":"WebPage","@id":"https:\/\/www.klaaspuul.com\/de\/standorte\/","url":"https:\/\/www.klaaspuul.com\/de\/standorte\/","name":"Standorte - Klaas Puul DE","isPartOf":{"@id":"https:\/\/www.klaaspuul.com\/de\/#website"},"datePublished":"2016-12-20T10:15:24+00:00","dateModified":"2020-03-17T14:55:03+00:00","breadcrumb":{"@id":"https:\/\/www.klaaspuul.com\/de\/standorte\/#breadcrumb"},"inLanguage":"de","potentialAction":[{"@type":"ReadAction","target":["https:\/\/www.klaaspuul.com\/de\/standorte\/"]}]},{"@type":"BreadcrumbList","@id":"https:\/\/www.klaaspuul.com\/de\/standorte\/#breadcrumb","itemListElement":[{"@type":"ListItem","position":1,"name":"Startseite","item":"https:\/\/www.klaaspuul.com\/de\/"},{"@type":"ListItem","position":2,"name":"Standorte"}]},{"@type":"WebSite","@id":"https:\/\/www.klaaspuul.com\/de\/#website","url":"https:\/\/www.klaaspuul.com\/de\/","name":"Klaas Puul DE","description":"Een andere Klaas Puul site","potentialAction":[{"@type":"SearchAction","target":{"@type":"EntryPoint","urlTemplate":"https:\/\/www.klaaspuul.com\/de\/?s={search_term_string}"},"query-input":{"@type":"PropertyValueSpecification","valueRequired":true,"valueName":"search_term_string"}}],"inLanguage":"de"}]}},"_links":{"self":[{"href":"https:\/\/www.klaaspuul.com\/de\/wp-json\/wp\/v2\/pages\/168","targetHints":{"allow":["GET"]}}],"collection":[{"href":"https:\/\/www.klaaspuul.com\/de\/wp-json\/wp\/v2\/pages"}],"about":[{"href":"https:\/\/www.klaaspuul.com\/de\/wp-json\/wp\/v2\/types\/page"}],"author":[{"embeddable":true,"href":"https:\/\/www.klaaspuul.com\/de\/wp-json\/wp\/v2\/users\/1"}],"replies":[{"embeddable":true,"href":"https:\/\/www.klaaspuul.com\/de\/wp-json\/wp\/v2\/comments?post=168"}],"version-history":[{"count":10,"href":"https:\/\/www.klaaspuul.com\/de\/wp-json\/wp\/v2\/pages\/168\/revisions"}],"predecessor-version":[{"id":19142,"href":"https:\/\/www.klaaspuul.com\/de\/wp-json\/wp\/v2\/pages\/168\/revisions\/19142"}],"wp:attachment":[{"href":"https:\/\/www.klaaspuul.com\/de\/wp-json\/wp\/v2\/media?parent=168"}],"curies":[{"name":"wp","href":"https:\/\/api.w.org\/{rel}","templated":true}]}}