{"id":19111,"date":"2019-09-12T11:43:39","date_gmt":"2019-09-12T09:43:39","guid":{"rendered":"https:\/\/www.klaaspuul.com\/de\/?page_id=19111"},"modified":"2019-09-17T09:50:09","modified_gmt":"2019-09-17T07:50:09","slug":"garnelen-der-welt","status":"publish","type":"page","link":"https:\/\/www.klaaspuul.com\/de\/puuls\/garnelen-der-welt\/","title":{"rendered":"Puul&#8217;s Garnelen der Welt"},"content":{"rendered":"\r\n<section class=\"is-puuls\" id=\"puuls-lagen\">\r\n\t<div class=\"puuls-btn shrimps-world active\">\r\n\t\t<span class=\"puuls-logo\"><img decoding=\"async\" src=\"https:\/\/www.klaaspuul.com\/wp-content\/uploads\/puuls-shrimps-logo.png\"><\/span>\r\n\t<\/div>\r\n<\/section>\r\n<section class=\"is-puuls\" id=\"puuls-content\">\r\n\t<div class=\"row active-row\" id=\"s-world-content\">\r\n\t\t<div class=\"col puuls-info\">\r\n\t\t\t<div class=\"inner inner-frozen\">\r\n\t\t\t\t<span class=\"before-title\">Die Fischproduzenten von PUUL stellen vor:<\/span>\r\n\t\t\t\t<h2>Puul's Garnelen der Welt<\/h2>\r\n\t\t\t\t<span>Jede Garnele hat ihre Geschichte<\/span>\r\n\t\t\t\t<div class=\"info-col\">\r\n\t\t\t\t\tJede Garnele stammt aus einem anderen Teil der Welt und ist unter anderen Umst\u00e4nden gewachsen. Die Temperatur des Wassers, die Str\u00f6mung und der N\u00e4hrboden sorgen f\u00fcr einzigartigen Geschmack und Textur. In \u201eGarnelen der Welt\u201c erkl\u00e4ren Puuls Fischproduzenten, wie verschiedene Garnelen schmecken, wie sie zubereitet werden sollten und in welchem Gericht diese besondere Garnele am besten zur Geltung kommt!\r\n\t\t\t\t<\/div>\r\n\t\t\t<\/div>\r\n\t\t\t<div class=\"puuls-sworld\">\r\n\t\t\t\t\t\t\t\t\t\t\r\n\t\t\t\r\n\t\t\t\t\t\t<div id=\"puulsi-id-18530\" class=\"pack\" style=\"background-color:#efb796;border-color:#efb796;\">\r\n\t\t\t\t<a class=\"btn btn-primary\" data-toggle=\"modal\" data-target=\"#modal-18530\" title=\"Meer informatie\">\r\n\t\t\t\t\t<span class=\"pack-img\"><img loading=\"lazy\" decoding=\"async\" width=\"672\" height=\"560\" src=\"https:\/\/www.klaaspuul.com\/de\/wp-content\/uploads\/sites\/6\/2019\/08\/puuls_argentina-img.png\" class=\"attachment-full size-full wp-post-image\" alt=\"\" srcset=\"https:\/\/www.klaaspuul.com\/de\/wp-content\/uploads\/sites\/6\/2019\/08\/puuls_argentina-img.png 672w, https:\/\/www.klaaspuul.com\/de\/wp-content\/uploads\/sites\/6\/2019\/08\/puuls_argentina-img-300x250.png 300w\" sizes=\"auto, (max-width: 672px) 100vw, 672px\" \/><\/span>\r\n\t\t\t\t\t<span class=\"pack-title\"><span>PUUL's Shrimps of the World<\/span>Argentina<\/span>\r\n\t\t\t\t\t<span class=\"pack-subtitle\">\r\n\t\t\t\t\t\t\t\t\t\t100g | 500g\t\t\t\t\t\t\t\t\t\t<\/span>\r\n\t\t\t\t<\/a>\r\n\t\t\t\t\t<div class=\"modal fade\" id=\"modal-18530\" tabindex=\"-1\" role=\"dialog\" aria-labelledby=\"puulsModal\" aria-hidden=\"true\">\r\n\t\t\t\t\t  <div class=\"modal-dialog\" role=\"document\">\r\n\t\t\t\t\t\t<div class=\"modal-content\">\r\n\t\t\t\t\t\t\t<div class=\"modal-header\">\r\n\t\t\t\t\t\t\t\t<button type=\"button\" class=\"close\" data-dismiss=\"modal\" aria-label=\"Close\">\r\n\t\t\t\t\t\t\t\t\t<span aria-hidden=\"true\">\u00d7<\/span>\r\n\t\t\t\t\t\t\t\t<\/button>\r\n\t\t\t\t\t\t\t<\/div>\r\n\t\t\t\t\t\t\t<div class=\"modal-img\">\r\n\t\t\t\t\t\t\t\t<img loading=\"lazy\" decoding=\"async\" width=\"672\" height=\"560\" src=\"https:\/\/www.klaaspuul.com\/de\/wp-content\/uploads\/sites\/6\/2019\/08\/puuls_argentina-img.png\" class=\"attachment-full size-full wp-post-image\" alt=\"\" srcset=\"https:\/\/www.klaaspuul.com\/de\/wp-content\/uploads\/sites\/6\/2019\/08\/puuls_argentina-img.png 672w, https:\/\/www.klaaspuul.com\/de\/wp-content\/uploads\/sites\/6\/2019\/08\/puuls_argentina-img-300x250.png 300w\" sizes=\"auto, (max-width: 672px) 100vw, 672px\" \/>\t\t\t\t\t\t\t<\/div>\r\n\t\t\t\t\t\t\t\t<div class=\"col\">\r\n\t\t\t\t\t\t\t    \t\t\t\t\t\t\t\t<p><span class=\"pack-title\"><span>PUUL's Shrimps of the World<\/span>Argentina<\/span><\/p>\r\n\t\t\t\t\t\t\t\t<ul>\r\n\t\t\t\t\t\t\t\t\t\t\t\t\t\t\t\t\t\t<li>100g | 500g<\/li>\r\n\t\t\t\t\t\t\t\t\t\t\t\t\t\t\t\t\t\t\t\t\t\t\t\t\t\t\t\t\t\t\t\t\t\t\t<\/ul>\r\n\t\t\t\t\t\t\t\t\t\t\t\t\t\t\t\t\t<\/div>\r\n\t\t\t\t\t\t<\/div>\r\n\t\t\t\t\t  <\/div>\r\n\t\t\t\t\t<\/div>\r\n\t\t\t<\/div>\r\n\t\t\t\t\t\t<div id=\"puulsi-id-18532\" class=\"pack\" style=\"background-color:#9fd4d1;border-color:#9fd4d1;\">\r\n\t\t\t\t<a class=\"btn btn-primary\" data-toggle=\"modal\" data-target=\"#modal-18532\" title=\"Meer informatie\">\r\n\t\t\t\t\t<span class=\"pack-img\"><img loading=\"lazy\" decoding=\"async\" width=\"672\" height=\"560\" src=\"https:\/\/www.klaaspuul.com\/de\/wp-content\/uploads\/sites\/6\/2019\/08\/puuls_honduras-img.png\" class=\"attachment-full size-full wp-post-image\" alt=\"\" srcset=\"https:\/\/www.klaaspuul.com\/de\/wp-content\/uploads\/sites\/6\/2019\/08\/puuls_honduras-img.png 672w, https:\/\/www.klaaspuul.com\/de\/wp-content\/uploads\/sites\/6\/2019\/08\/puuls_honduras-img-300x250.png 300w\" sizes=\"auto, (max-width: 672px) 100vw, 672px\" \/><\/span>\r\n\t\t\t\t\t<span class=\"pack-title\"><span>PUUL's Shrimps of the World<\/span>Honduras<\/span>\r\n\t\t\t\t\t<span class=\"pack-subtitle\">\r\n\t\t\t\t\t\t\t\t\t\t100g | 500g\t\t\t\t\t\t\t\t\t\t<\/span>\r\n\t\t\t\t<\/a>\r\n\t\t\t\t\t<div class=\"modal fade\" id=\"modal-18532\" tabindex=\"-1\" role=\"dialog\" aria-labelledby=\"puulsModal\" aria-hidden=\"true\">\r\n\t\t\t\t\t  <div class=\"modal-dialog\" role=\"document\">\r\n\t\t\t\t\t\t<div class=\"modal-content\">\r\n\t\t\t\t\t\t\t<div class=\"modal-header\">\r\n\t\t\t\t\t\t\t\t<button type=\"button\" class=\"close\" data-dismiss=\"modal\" aria-label=\"Close\">\r\n\t\t\t\t\t\t\t\t\t<span aria-hidden=\"true\">\u00d7<\/span>\r\n\t\t\t\t\t\t\t\t<\/button>\r\n\t\t\t\t\t\t\t<\/div>\r\n\t\t\t\t\t\t\t<div class=\"modal-img\">\r\n\t\t\t\t\t\t\t\t<img loading=\"lazy\" decoding=\"async\" width=\"672\" height=\"560\" src=\"https:\/\/www.klaaspuul.com\/de\/wp-content\/uploads\/sites\/6\/2019\/08\/puuls_honduras-img.png\" class=\"attachment-full size-full wp-post-image\" alt=\"\" srcset=\"https:\/\/www.klaaspuul.com\/de\/wp-content\/uploads\/sites\/6\/2019\/08\/puuls_honduras-img.png 672w, https:\/\/www.klaaspuul.com\/de\/wp-content\/uploads\/sites\/6\/2019\/08\/puuls_honduras-img-300x250.png 300w\" sizes=\"auto, (max-width: 672px) 100vw, 672px\" \/>\t\t\t\t\t\t\t<\/div>\r\n\t\t\t\t\t\t\t\t<div class=\"col\">\r\n\t\t\t\t\t\t\t    \t\t\t\t\t\t\t\t<p><span class=\"pack-title\"><span>PUUL's Shrimps of the World<\/span>Honduras<\/span><\/p>\r\n\t\t\t\t\t\t\t\t<ul>\r\n\t\t\t\t\t\t\t\t\t\t\t\t\t\t\t\t\t\t<li>100g | 500g<\/li>\r\n\t\t\t\t\t\t\t\t\t\t\t\t\t\t\t\t\t\t\t\t\t\t\t\t\t\t\t\t\t\t\t\t\t\t\t<\/ul>\r\n\t\t\t\t\t\t\t\t\t\t\t\t\t\t\t\t\t<\/div>\r\n\t\t\t\t\t\t<\/div>\r\n\t\t\t\t\t  <\/div>\r\n\t\t\t\t\t<\/div>\r\n\t\t\t<\/div>\r\n\t\t\t\t\t\t<div id=\"puulsi-id-18536\" class=\"pack\" style=\"background-color:#f4bf69;border-color:#f4bf69;\">\r\n\t\t\t\t<a class=\"btn btn-primary\" data-toggle=\"modal\" data-target=\"#modal-18536\" title=\"Meer informatie\">\r\n\t\t\t\t\t<span class=\"pack-img\"><img loading=\"lazy\" decoding=\"async\" width=\"672\" height=\"560\" src=\"https:\/\/www.klaaspuul.com\/de\/wp-content\/uploads\/sites\/6\/2019\/08\/puuls_north_sea-img.png\" class=\"attachment-full size-full wp-post-image\" alt=\"\" srcset=\"https:\/\/www.klaaspuul.com\/de\/wp-content\/uploads\/sites\/6\/2019\/08\/puuls_north_sea-img.png 672w, https:\/\/www.klaaspuul.com\/de\/wp-content\/uploads\/sites\/6\/2019\/08\/puuls_north_sea-img-300x250.png 300w\" sizes=\"auto, (max-width: 672px) 100vw, 672px\" \/><\/span>\r\n\t\t\t\t\t<span class=\"pack-title\"><span>PUUL's Shrimps of the World<\/span>North Sea<\/span>\r\n\t\t\t\t\t<span class=\"pack-subtitle\">\r\n\t\t\t\t\t\t\t\t\t\t100g | 500g\t\t\t\t\t\t\t\t\t\t<\/span>\r\n\t\t\t\t<\/a>\r\n\t\t\t\t\t<div class=\"modal fade\" id=\"modal-18536\" tabindex=\"-1\" role=\"dialog\" aria-labelledby=\"puulsModal\" aria-hidden=\"true\">\r\n\t\t\t\t\t  <div class=\"modal-dialog\" role=\"document\">\r\n\t\t\t\t\t\t<div class=\"modal-content\">\r\n\t\t\t\t\t\t\t<div class=\"modal-header\">\r\n\t\t\t\t\t\t\t\t<button type=\"button\" class=\"close\" data-dismiss=\"modal\" aria-label=\"Close\">\r\n\t\t\t\t\t\t\t\t\t<span aria-hidden=\"true\">\u00d7<\/span>\r\n\t\t\t\t\t\t\t\t<\/button>\r\n\t\t\t\t\t\t\t<\/div>\r\n\t\t\t\t\t\t\t<div class=\"modal-img\">\r\n\t\t\t\t\t\t\t\t<img loading=\"lazy\" decoding=\"async\" width=\"672\" height=\"560\" src=\"https:\/\/www.klaaspuul.com\/de\/wp-content\/uploads\/sites\/6\/2019\/08\/puuls_north_sea-img.png\" class=\"attachment-full size-full wp-post-image\" alt=\"\" srcset=\"https:\/\/www.klaaspuul.com\/de\/wp-content\/uploads\/sites\/6\/2019\/08\/puuls_north_sea-img.png 672w, https:\/\/www.klaaspuul.com\/de\/wp-content\/uploads\/sites\/6\/2019\/08\/puuls_north_sea-img-300x250.png 300w\" sizes=\"auto, (max-width: 672px) 100vw, 672px\" \/>\t\t\t\t\t\t\t<\/div>\r\n\t\t\t\t\t\t\t\t<div class=\"col\">\r\n\t\t\t\t\t\t\t    \t\t\t\t\t\t\t\t<p><span class=\"pack-title\"><span>PUUL's Shrimps of the World<\/span>North Sea<\/span><\/p>\r\n\t\t\t\t\t\t\t\t<ul>\r\n\t\t\t\t\t\t\t\t\t\t\t\t\t\t\t\t\t\t<li>100g | 500g<\/li>\r\n\t\t\t\t\t\t\t\t\t\t\t\t\t\t\t\t\t\t\t\t\t\t\t\t\t\t\t\t\t\t\t\t\t\t\t<\/ul>\r\n\t\t\t\t\t\t\t\t\t\t\t\t\t\t\t\t\t<\/div>\r\n\t\t\t\t\t\t<\/div>\r\n\t\t\t\t\t  <\/div>\r\n\t\t\t\t\t<\/div>\r\n\t\t\t<\/div>\r\n\t\t\t\t\t\t<div id=\"puulsi-id-18534\" class=\"pack\" style=\"background-color:#b78ba4;border-color:#b78ba4;\">\r\n\t\t\t\t<a class=\"btn btn-primary\" data-toggle=\"modal\" data-target=\"#modal-18534\" title=\"Meer informatie\">\r\n\t\t\t\t\t<span class=\"pack-img\"><img loading=\"lazy\" decoding=\"async\" width=\"672\" height=\"560\" src=\"https:\/\/www.klaaspuul.com\/de\/wp-content\/uploads\/sites\/6\/2019\/08\/puuls_guatemala-img.png\" class=\"attachment-full size-full wp-post-image\" alt=\"\" srcset=\"https:\/\/www.klaaspuul.com\/de\/wp-content\/uploads\/sites\/6\/2019\/08\/puuls_guatemala-img.png 672w, https:\/\/www.klaaspuul.com\/de\/wp-content\/uploads\/sites\/6\/2019\/08\/puuls_guatemala-img-300x250.png 300w\" sizes=\"auto, (max-width: 672px) 100vw, 672px\" \/><\/span>\r\n\t\t\t\t\t<span class=\"pack-title\"><span>PUUL's Shrimps of the World<\/span>Guatemala<\/span>\r\n\t\t\t\t\t<span class=\"pack-subtitle\">\r\n\t\t\t\t\t\t\t\t\t\t100g | 500g\t\t\t\t\t\t\t\t\t\t<\/span>\r\n\t\t\t\t<\/a>\r\n\t\t\t\t\t<div class=\"modal fade\" id=\"modal-18534\" tabindex=\"-1\" role=\"dialog\" aria-labelledby=\"puulsModal\" aria-hidden=\"true\">\r\n\t\t\t\t\t  <div class=\"modal-dialog\" role=\"document\">\r\n\t\t\t\t\t\t<div class=\"modal-content\">\r\n\t\t\t\t\t\t\t<div class=\"modal-header\">\r\n\t\t\t\t\t\t\t\t<button type=\"button\" class=\"close\" data-dismiss=\"modal\" aria-label=\"Close\">\r\n\t\t\t\t\t\t\t\t\t<span aria-hidden=\"true\">\u00d7<\/span>\r\n\t\t\t\t\t\t\t\t<\/button>\r\n\t\t\t\t\t\t\t<\/div>\r\n\t\t\t\t\t\t\t<div class=\"modal-img\">\r\n\t\t\t\t\t\t\t\t<img loading=\"lazy\" decoding=\"async\" width=\"672\" height=\"560\" src=\"https:\/\/www.klaaspuul.com\/de\/wp-content\/uploads\/sites\/6\/2019\/08\/puuls_guatemala-img.png\" class=\"attachment-full size-full wp-post-image\" alt=\"\" srcset=\"https:\/\/www.klaaspuul.com\/de\/wp-content\/uploads\/sites\/6\/2019\/08\/puuls_guatemala-img.png 672w, https:\/\/www.klaaspuul.com\/de\/wp-content\/uploads\/sites\/6\/2019\/08\/puuls_guatemala-img-300x250.png 300w\" sizes=\"auto, (max-width: 672px) 100vw, 672px\" \/>\t\t\t\t\t\t\t<\/div>\r\n\t\t\t\t\t\t\t\t<div class=\"col\">\r\n\t\t\t\t\t\t\t    \t\t\t\t\t\t\t\t<p><span class=\"pack-title\"><span>PUUL's Shrimps of the World<\/span>Guatemala<\/span><\/p>\r\n\t\t\t\t\t\t\t\t<ul>\r\n\t\t\t\t\t\t\t\t\t\t\t\t\t\t\t\t\t\t<li>100g | 500g<\/li>\r\n\t\t\t\t\t\t\t\t\t\t\t\t\t\t\t\t\t\t\t\t\t\t\t\t\t\t\t\t\t\t\t\t\t\t\t<\/ul>\r\n\t\t\t\t\t\t\t\t\t\t\t\t\t\t\t\t\t<\/div>\r\n\t\t\t\t\t\t<\/div>\r\n\t\t\t\t\t  <\/div>\r\n\t\t\t\t\t<\/div>\r\n\t\t\t<\/div>\r\n\t\t\t\t\t\t\r\n\t\t\t\r\n\t\t\t<\/div>\r\n\t\t\t<div id=\"puuls-recipes\">\r\n\t\t\t\t<div id=\"more-recipes\">\r\n\t\t\t\t\t<div class=\"inner\">\r\n\t\t\t\t\t\t<h2 class=\"r-title\">Rezepte<\/h2>\r\n\t\t\t\t\t\t\t\t\r\n\t\t\r\n\t\t\t\t<div class=\"recept-item\">\r\n\t\t\t<a href=\"https:\/\/www.klaaspuul.com\/de\/recepten\/paella-mit-meeresfruechtemischung\/\">\r\n\t\t\t\t<span class=\"recept-image\" style=\"background-image:url(https:\/\/www.klaaspuul.com\/de\/wp-content\/uploads\/sites\/6\/2019\/08\/paella_bg.jpg);background-size: cover; background-repeat: no-repeat; background-position: center center;\">\r\n\t\t\t\t\t<span class=\"play-button\">\r\n\t\t\t\t\t\t<i class=\"fas fa-play\"><\/i>\r\n\t\t\t\t\t<\/span>\r\n\t\t\t\t<\/span>\r\n\t\t\t\t<span class=\"recept-title\">\u201cPaella\u201d mit Meeresfr\u00fcchtemischung<\/span>\r\n\t\t\t<\/a>\r\n\t\t<\/div>\r\n\t\t\t\t<div class=\"recept-item\">\r\n\t\t\t<a href=\"https:\/\/www.klaaspuul.com\/de\/recepten\/krabbencocktail\/\">\r\n\t\t\t\t<span class=\"recept-image\" style=\"background-image:url(https:\/\/www.klaaspuul.com\/de\/wp-content\/uploads\/sites\/6\/2019\/05\/cocktail_bg.jpg);background-size: cover; background-repeat: no-repeat; background-position: center center;\">\r\n\t\t\t\t\t<span class=\"play-button\">\r\n\t\t\t\t\t\t<i class=\"fas fa-play\"><\/i>\r\n\t\t\t\t\t<\/span>\r\n\t\t\t\t<\/span>\r\n\t\t\t\t<span class=\"recept-title\">Krabbencocktail<\/span>\r\n\t\t\t<\/a>\r\n\t\t<\/div>\r\n\t\t\t\t<div class=\"recept-item\">\r\n\t\t\t<a href=\"https:\/\/www.klaaspuul.com\/de\/recepten\/bohnensalat-mit-rosa-garnelen\/\">\r\n\t\t\t\t<span class=\"recept-image\" style=\"background-image:url(https:\/\/www.klaaspuul.com\/de\/wp-content\/uploads\/sites\/6\/2019\/05\/bonen_bg.jpg);background-size: cover; background-repeat: no-repeat; background-position: center center;\">\r\n\t\t\t\t\t<span class=\"play-button\">\r\n\t\t\t\t\t\t<i class=\"fas fa-play\"><\/i>\r\n\t\t\t\t\t<\/span>\r\n\t\t\t\t<\/span>\r\n\t\t\t\t<span class=\"recept-title\">Bohnensalat mit rosa Garnelen<\/span>\r\n\t\t\t<\/a>\r\n\t\t<\/div>\r\n\t\t\t\t<div class=\"recept-item\">\r\n\t\t\t<a href=\"https:\/\/www.klaaspuul.com\/de\/recepten\/pad-thai-mit-wokgarnelen\/\">\r\n\t\t\t\t<span class=\"recept-image\" style=\"background-image:url(https:\/\/www.klaaspuul.com\/de\/wp-content\/uploads\/sites\/6\/2019\/08\/padthai_bg.jpg);background-size: cover; background-repeat: no-repeat; background-position: center center;\">\r\n\t\t\t\t\t<span class=\"play-button\">\r\n\t\t\t\t\t\t<i class=\"fas fa-play\"><\/i>\r\n\t\t\t\t\t<\/span>\r\n\t\t\t\t<\/span>\r\n\t\t\t\t<span class=\"recept-title\">Pad Thai mit Wokgarnelen<\/span>\r\n\t\t\t<\/a>\r\n\t\t<\/div>\r\n\t\t\t\t<div class=\"recept-item\">\r\n\t\t\t<a href=\"https:\/\/www.klaaspuul.com\/de\/recepten\/tempura-von-argentinischen-garnelen\/\">\r\n\t\t\t\t<span class=\"recept-image\" style=\"background-image:url(https:\/\/www.klaaspuul.com\/de\/wp-content\/uploads\/sites\/6\/2019\/08\/Tempura-van-Argentijnse-garnalen-Kleur.jpg);background-size: cover; background-repeat: no-repeat; background-position: center center;\">\r\n\t\t\t\t\t<span class=\"play-button\">\r\n\t\t\t\t\t\t<i class=\"fas fa-play\"><\/i>\r\n\t\t\t\t\t<\/span>\r\n\t\t\t\t<\/span>\r\n\t\t\t\t<span class=\"recept-title\">Tempura von Argentinischen garnelen<\/span>\r\n\t\t\t<\/a>\r\n\t\t<\/div>\r\n\t\t\t\t<div class=\"recept-item\">\r\n\t\t\t<a href=\"https:\/\/www.klaaspuul.com\/de\/recepten\/honduras-garnelen-taco\/\">\r\n\t\t\t\t<span class=\"recept-image\" style=\"background-image:url(https:\/\/www.klaaspuul.com\/de\/wp-content\/uploads\/sites\/6\/2019\/08\/taco_bg.jpg);background-size: cover; background-repeat: no-repeat; background-position: center center;\">\r\n\t\t\t\t\t<span class=\"play-button\">\r\n\t\t\t\t\t\t<i class=\"fas fa-play\"><\/i>\r\n\t\t\t\t\t<\/span>\r\n\t\t\t\t<\/span>\r\n\t\t\t\t<span class=\"recept-title\">Honduras Garnelen Taco<\/span>\r\n\t\t\t<\/a>\r\n\t\t<\/div>\r\n\t\t\t\t<div class=\"recept-item\">\r\n\t\t\t<a href=\"https:\/\/www.klaaspuul.com\/de\/recepten\/garnalen-ceviche\/\">\r\n\t\t\t\t<span class=\"recept-image\" style=\"background-image:url(https:\/\/www.klaaspuul.com\/de\/wp-content\/uploads\/sites\/6\/2019\/08\/ceviche_bg.jpg);background-size: cover; background-repeat: no-repeat; background-position: center center;\">\r\n\t\t\t\t\t<span class=\"play-button\">\r\n\t\t\t\t\t\t<i class=\"fas fa-play\"><\/i>\r\n\t\t\t\t\t<\/span>\r\n\t\t\t\t<\/span>\r\n\t\t\t\t<span class=\"recept-title\">Guatemala Garnelen Ceviche<\/span>\r\n\t\t\t<\/a>\r\n\t\t<\/div>\r\n\t\t\t\t<div class=\"recept-item\">\r\n\t\t\t<a href=\"https:\/\/www.klaaspuul.com\/de\/recepten\/noorzeegarnalen-bisque\/\">\r\n\t\t\t\t<span class=\"recept-image\" style=\"background-image:url(https:\/\/www.klaaspuul.com\/de\/wp-content\/uploads\/sites\/6\/2019\/08\/noordzee-img.jpg);background-size: cover; background-repeat: no-repeat; background-position: center center;\">\r\n\t\t\t\t\t<span class=\"play-button\">\r\n\t\t\t\t\t\t<i class=\"fas fa-play\"><\/i>\r\n\t\t\t\t\t<\/span>\r\n\t\t\t\t<\/span>\r\n\t\t\t\t<span class=\"recept-title\">Bisque von Nordseegarnelen<\/span>\r\n\t\t\t<\/a>\r\n\t\t<\/div>\r\n\t\t\r\n\t\t\r\n\t\t\r\n\t\t\t\t\t<\/div>\r\n\t\t\t\t<\/div>\r\n\t\t\t<\/div>\r\n\t\t<\/div>\r\n\t<\/div>\r\n<\/section>\r\n","protected":false},"excerpt":{"rendered":"<p>Die Fischproduzenten von PUUL stellen vor: Puul&#8217;s Garnelen der Welt Jede Garnele hat ihre Geschichte Jede Garnele stammt aus einem anderen Teil der Welt und ist unter anderen Umst\u00e4nden gewachsen. Die Temperatur des Wassers, die Str\u00f6mung und der N\u00e4hrboden sorgen f\u00fcr einzigartigen Geschmack und Textur. In \u201eGarnelen der Welt\u201c erkl\u00e4ren Puuls Fischproduzenten, wie verschiedene Garnelen &hellip; <a href=\"https:\/\/www.klaaspuul.com\/de\/recepten\/noorzeegarnalen-bisque\/\" class=\"more-link\">Continue reading <span class=\"screen-reader-text\">Bisque von Nordseegarnelen<\/span> <span class=\"meta-nav\">&rarr;<\/span><\/a><\/p>\n","protected":false},"author":1,"featured_media":18872,"parent":18648,"menu_order":0,"comment_status":"closed","ping_status":"closed","template":"puuls.php","meta":{"_acf_changed":false,"_monsterinsights_skip_tracking":false,"_monsterinsights_sitenote_active":false,"_monsterinsights_sitenote_note":"","_monsterinsights_sitenote_category":0,"footnotes":""},"class_list":["post-19111","page","type-page","status-publish","has-post-thumbnail","hentry"],"acf":[],"yoast_head":"<!-- This site is optimized with the Yoast SEO plugin v27.4 - https:\/\/yoast.com\/product\/yoast-seo-wordpress\/ -->\n<title>Puul&#039;s Garnelen der Welt - Klaas Puul DE<\/title>\n<meta name=\"robots\" content=\"index, follow, max-snippet:-1, max-image-preview:large, max-video-preview:-1\" \/>\n<link rel=\"canonical\" href=\"https:\/\/www.klaaspuul.com\/de\/puuls\/garnelen-der-welt\/\" \/>\n<meta property=\"og:locale\" content=\"de_DE\" \/>\n<meta property=\"og:type\" content=\"article\" \/>\n<meta property=\"og:title\" content=\"Puul&#039;s Garnelen der Welt - Klaas Puul DE\" \/>\n<meta property=\"og:description\" content=\"Die Fischproduzenten von PUUL stellen vor: Puul&#039;s Garnelen der Welt Jede Garnele hat ihre Geschichte Jede Garnele stammt aus einem anderen Teil der Welt und ist unter anderen Umst\u00e4nden gewachsen. Die Temperatur des Wassers, die Str\u00f6mung und der N\u00e4hrboden sorgen f\u00fcr einzigartigen Geschmack und Textur. In \u201eGarnelen der Welt\u201c erkl\u00e4ren Puuls Fischproduzenten, wie verschiedene Garnelen &hellip; Continue reading Bisque von Nordseegarnelen &rarr;\" \/>\n<meta property=\"og:url\" content=\"https:\/\/www.klaaspuul.com\/de\/puuls\/garnelen-der-welt\/\" \/>\n<meta property=\"og:site_name\" content=\"Klaas Puul DE\" \/>\n<meta property=\"article:modified_time\" content=\"2019-09-17T07:50:09+00:00\" \/>\n<meta property=\"og:image\" content=\"https:\/\/www.klaaspuul.com\/de\/wp-content\/uploads\/sites\/6\/2019\/08\/puuls-bg.jpg\" \/>\n\t<meta property=\"og:image:width\" content=\"2000\" \/>\n\t<meta property=\"og:image:height\" content=\"761\" \/>\n\t<meta property=\"og:image:type\" content=\"image\/jpeg\" \/>\n<meta name=\"twitter:card\" content=\"summary_large_image\" \/>\n<script type=\"application\/ld+json\" class=\"yoast-schema-graph\">{\"@context\":\"https:\\\/\\\/schema.org\",\"@graph\":[{\"@type\":\"WebPage\",\"@id\":\"https:\\\/\\\/www.klaaspuul.com\\\/de\\\/puuls\\\/garnelen-der-welt\\\/\",\"url\":\"https:\\\/\\\/www.klaaspuul.com\\\/de\\\/puuls\\\/garnelen-der-welt\\\/\",\"name\":\"Puul's Garnelen der Welt - Klaas Puul DE\",\"isPartOf\":{\"@id\":\"https:\\\/\\\/www.klaaspuul.com\\\/de\\\/#website\"},\"primaryImageOfPage\":{\"@id\":\"https:\\\/\\\/www.klaaspuul.com\\\/de\\\/puuls\\\/garnelen-der-welt\\\/#primaryimage\"},\"image\":{\"@id\":\"https:\\\/\\\/www.klaaspuul.com\\\/de\\\/puuls\\\/garnelen-der-welt\\\/#primaryimage\"},\"thumbnailUrl\":\"https:\\\/\\\/www.klaaspuul.com\\\/de\\\/wp-content\\\/uploads\\\/sites\\\/6\\\/2019\\\/08\\\/puuls-bg.jpg\",\"datePublished\":\"2019-09-12T09:43:39+00:00\",\"dateModified\":\"2019-09-17T07:50:09+00:00\",\"breadcrumb\":{\"@id\":\"https:\\\/\\\/www.klaaspuul.com\\\/de\\\/puuls\\\/garnelen-der-welt\\\/#breadcrumb\"},\"inLanguage\":\"de\",\"potentialAction\":[{\"@type\":\"ReadAction\",\"target\":[\"https:\\\/\\\/www.klaaspuul.com\\\/de\\\/puuls\\\/garnelen-der-welt\\\/\"]}]},{\"@type\":\"ImageObject\",\"inLanguage\":\"de\",\"@id\":\"https:\\\/\\\/www.klaaspuul.com\\\/de\\\/puuls\\\/garnelen-der-welt\\\/#primaryimage\",\"url\":\"https:\\\/\\\/www.klaaspuul.com\\\/de\\\/wp-content\\\/uploads\\\/sites\\\/6\\\/2019\\\/08\\\/puuls-bg.jpg\",\"contentUrl\":\"https:\\\/\\\/www.klaaspuul.com\\\/de\\\/wp-content\\\/uploads\\\/sites\\\/6\\\/2019\\\/08\\\/puuls-bg.jpg\",\"width\":2000,\"height\":761},{\"@type\":\"BreadcrumbList\",\"@id\":\"https:\\\/\\\/www.klaaspuul.com\\\/de\\\/puuls\\\/garnelen-der-welt\\\/#breadcrumb\",\"itemListElement\":[{\"@type\":\"ListItem\",\"position\":1,\"name\":\"Startseite\",\"item\":\"https:\\\/\\\/www.klaaspuul.com\\\/de\\\/\"},{\"@type\":\"ListItem\",\"position\":2,\"name\":\"Puul&#8217;s\",\"item\":\"https:\\\/\\\/www.klaaspuul.com\\\/de\\\/puuls\\\/\"},{\"@type\":\"ListItem\",\"position\":3,\"name\":\"Puul&#8217;s Garnelen der Welt\"}]},{\"@type\":\"WebSite\",\"@id\":\"https:\\\/\\\/www.klaaspuul.com\\\/de\\\/#website\",\"url\":\"https:\\\/\\\/www.klaaspuul.com\\\/de\\\/\",\"name\":\"Klaas Puul DE\",\"description\":\"Een andere Klaas Puul site\",\"potentialAction\":[{\"@type\":\"SearchAction\",\"target\":{\"@type\":\"EntryPoint\",\"urlTemplate\":\"https:\\\/\\\/www.klaaspuul.com\\\/de\\\/?s={search_term_string}\"},\"query-input\":{\"@type\":\"PropertyValueSpecification\",\"valueRequired\":true,\"valueName\":\"search_term_string\"}}],\"inLanguage\":\"de\"}]}<\/script>\n<!-- \/ Yoast SEO plugin. -->","yoast_head_json":{"title":"Puul's Garnelen der Welt - Klaas Puul DE","robots":{"index":"index","follow":"follow","max-snippet":"max-snippet:-1","max-image-preview":"max-image-preview:large","max-video-preview":"max-video-preview:-1"},"canonical":"https:\/\/www.klaaspuul.com\/de\/puuls\/garnelen-der-welt\/","og_locale":"de_DE","og_type":"article","og_title":"Puul's Garnelen der Welt - Klaas Puul DE","og_description":"Die Fischproduzenten von PUUL stellen vor: Puul's Garnelen der Welt Jede Garnele hat ihre Geschichte Jede Garnele stammt aus einem anderen Teil der Welt und ist unter anderen Umst\u00e4nden gewachsen. Die Temperatur des Wassers, die Str\u00f6mung und der N\u00e4hrboden sorgen f\u00fcr einzigartigen Geschmack und Textur. In \u201eGarnelen der Welt\u201c erkl\u00e4ren Puuls Fischproduzenten, wie verschiedene Garnelen &hellip; Continue reading Bisque von Nordseegarnelen &rarr;","og_url":"https:\/\/www.klaaspuul.com\/de\/puuls\/garnelen-der-welt\/","og_site_name":"Klaas Puul DE","article_modified_time":"2019-09-17T07:50:09+00:00","og_image":[{"width":2000,"height":761,"url":"https:\/\/www.klaaspuul.com\/de\/wp-content\/uploads\/sites\/6\/2019\/08\/puuls-bg.jpg","type":"image\/jpeg"}],"twitter_card":"summary_large_image","schema":{"@context":"https:\/\/schema.org","@graph":[{"@type":"WebPage","@id":"https:\/\/www.klaaspuul.com\/de\/puuls\/garnelen-der-welt\/","url":"https:\/\/www.klaaspuul.com\/de\/puuls\/garnelen-der-welt\/","name":"Puul's Garnelen der Welt - Klaas Puul DE","isPartOf":{"@id":"https:\/\/www.klaaspuul.com\/de\/#website"},"primaryImageOfPage":{"@id":"https:\/\/www.klaaspuul.com\/de\/puuls\/garnelen-der-welt\/#primaryimage"},"image":{"@id":"https:\/\/www.klaaspuul.com\/de\/puuls\/garnelen-der-welt\/#primaryimage"},"thumbnailUrl":"https:\/\/www.klaaspuul.com\/de\/wp-content\/uploads\/sites\/6\/2019\/08\/puuls-bg.jpg","datePublished":"2019-09-12T09:43:39+00:00","dateModified":"2019-09-17T07:50:09+00:00","breadcrumb":{"@id":"https:\/\/www.klaaspuul.com\/de\/puuls\/garnelen-der-welt\/#breadcrumb"},"inLanguage":"de","potentialAction":[{"@type":"ReadAction","target":["https:\/\/www.klaaspuul.com\/de\/puuls\/garnelen-der-welt\/"]}]},{"@type":"ImageObject","inLanguage":"de","@id":"https:\/\/www.klaaspuul.com\/de\/puuls\/garnelen-der-welt\/#primaryimage","url":"https:\/\/www.klaaspuul.com\/de\/wp-content\/uploads\/sites\/6\/2019\/08\/puuls-bg.jpg","contentUrl":"https:\/\/www.klaaspuul.com\/de\/wp-content\/uploads\/sites\/6\/2019\/08\/puuls-bg.jpg","width":2000,"height":761},{"@type":"BreadcrumbList","@id":"https:\/\/www.klaaspuul.com\/de\/puuls\/garnelen-der-welt\/#breadcrumb","itemListElement":[{"@type":"ListItem","position":1,"name":"Startseite","item":"https:\/\/www.klaaspuul.com\/de\/"},{"@type":"ListItem","position":2,"name":"Puul&#8217;s","item":"https:\/\/www.klaaspuul.com\/de\/puuls\/"},{"@type":"ListItem","position":3,"name":"Puul&#8217;s Garnelen der Welt"}]},{"@type":"WebSite","@id":"https:\/\/www.klaaspuul.com\/de\/#website","url":"https:\/\/www.klaaspuul.com\/de\/","name":"Klaas Puul DE","description":"Een andere Klaas Puul site","potentialAction":[{"@type":"SearchAction","target":{"@type":"EntryPoint","urlTemplate":"https:\/\/www.klaaspuul.com\/de\/?s={search_term_string}"},"query-input":{"@type":"PropertyValueSpecification","valueRequired":true,"valueName":"search_term_string"}}],"inLanguage":"de"}]}},"_links":{"self":[{"href":"https:\/\/www.klaaspuul.com\/de\/wp-json\/wp\/v2\/pages\/19111","targetHints":{"allow":["GET"]}}],"collection":[{"href":"https:\/\/www.klaaspuul.com\/de\/wp-json\/wp\/v2\/pages"}],"about":[{"href":"https:\/\/www.klaaspuul.com\/de\/wp-json\/wp\/v2\/types\/page"}],"author":[{"embeddable":true,"href":"https:\/\/www.klaaspuul.com\/de\/wp-json\/wp\/v2\/users\/1"}],"replies":[{"embeddable":true,"href":"https:\/\/www.klaaspuul.com\/de\/wp-json\/wp\/v2\/comments?post=19111"}],"version-history":[{"count":4,"href":"https:\/\/www.klaaspuul.com\/de\/wp-json\/wp\/v2\/pages\/19111\/revisions"}],"predecessor-version":[{"id":19125,"href":"https:\/\/www.klaaspuul.com\/de\/wp-json\/wp\/v2\/pages\/19111\/revisions\/19125"}],"up":[{"embeddable":true,"href":"https:\/\/www.klaaspuul.com\/de\/wp-json\/wp\/v2\/pages\/18648"}],"wp:featuredmedia":[{"embeddable":true,"href":"https:\/\/www.klaaspuul.com\/de\/wp-json\/wp\/v2\/media\/18872"}],"wp:attachment":[{"href":"https:\/\/www.klaaspuul.com\/de\/wp-json\/wp\/v2\/media?parent=19111"}],"curies":[{"name":"wp","href":"https:\/\/api.w.org\/{rel}","templated":true}]}}