{"id":228,"date":"2017-01-02T16:10:20","date_gmt":"2017-01-02T15:10:20","guid":{"rendered":"https:\/\/www.klaaspuul.com\/?page_id=228"},"modified":"2017-01-30T13:30:38","modified_gmt":"2017-01-30T12:30:38","slug":"produkte","status":"publish","type":"page","link":"https:\/\/www.klaaspuul.com\/de\/produkte\/","title":{"rendered":"Produkte"},"content":{"rendered":"<section id=\"producten\">\n<div class=\"inner\">\n<p>Klaas Puul beliefert &#8211; unter verschiedenen White Labels &#8211; fast alle gro\u00dfen Einzelhandelsunternehmen in den Niederlanden, Frankreich, Belgien, Deutschland und einigen weiteren L\u00e4ndern. Zus\u00e4tzlich zu unserem breiten Garnelensortiment liefern wir auch andere Sorten Fisch (tiefgek\u00fchlt). Unsere Produkte werden in aller Welt gefangen bzw. gez\u00fcchtet. Klaas Puul kauft ausschlie\u00dflich Garnelen und Fisch von bester Qualit\u00e4t ein. Die Auswahl erfolgt unter strenger Kontrolle durch lokale Vertreter und unter Aufsicht unserer eigenen Einkaufs- und Qualit\u00e4tssicherungsabteilung.<\/p>\n<\/div>\n<div class=\"product-slider slider\">\n<div id=\"new-royalslider-3\" class=\"royalSlider new-royalslider-3 rsUni rs-default-template\" style=\"width:100%;height:100%;;\">\n<div class=\"rsContent\">\n<div class=\"product-slide garnalen\">\n<h3>Nordseegarnelen<\/h3>\n<div class=\"p-img\"><\/div>\n<div class=\"p-info\">\n<p>Wie der Name schon sagt, werden Nordseegarnelen ganz bei uns in der N\u00e4he gefangen. Dank des salzigen, leicht s\u00fc\u00dfen Geschmacks z\u00e4hlt die Nordseegarnele zu den leckersten Garnelen&#8230;<\/p>\n<p>  <a class=\"p-more\" href=\"\/de\/produkte\/nordseegarnelen\/\">Weiterlesen<\/a>\n<\/div>\n<\/div>\n<\/div>\n<div class=\"rsContent\">\n<div class=\"product-slide rivier\">\n<h3>Flusskrebs<\/h3>\n<div class=\"p-img\"><\/div>\n<div class=\"p-info\">\n<p>Diese Flusskrebse werden im Sommer von Juni bis August in Seen und Fl\u00fcssen in China gefangen. Daf\u00fcr werden Reusen und Fallen eingesetzt. Die kleinen Krebse werden t\u00e4glich lebend beim Verarbeiter&#8230;<\/p>\n<p>  <a class=\"p-more\" href=\"\/de\/produkte\/flusskrebs\/\">Weiterlesen<\/a>\n<\/div>\n<\/div>\n<\/div>\n<div class=\"rsContent\">\n<div class=\"product-slide van-garnalen\">\n<h3>Vannamei-Garnelen<\/h3>\n<div class=\"p-img\"><\/div>\n<div class=\"p-info\">\n<p>Vannamei-Garnelen sind tropische Garnelen, die in \u00c4quatorregionen gez\u00fcchtet werden. Die Aufzucht erfolgt meistens in speziell angelegten Teichen an der K\u00fcste und ist immer \u00f6fter als&#8230;<\/p>\n<p>  <a class=\"p-more\" href=\"\/de\/produkte\/vannamei-garnelen\/\">Weiterlesen<\/a>\n<\/div>\n<\/div>\n<\/div>\n<div class=\"rsContent\">\n<div class=\"product-slide zeevrucht\">\n<h3>Meeresfr\u00fcchte<\/h3>\n<div class=\"p-img\"><\/div>\n<div class=\"p-info\">\n<p>Eine Vielfalt an k\u00f6stlichen Produkten aus dem Meer. Diese k\u00fcchenfertige Mischung ist eine gute Grundlage f\u00fcr einen leckeren Salat und eignet sich auch hervorragend f\u00fcr Reisgerichte, zum Beispiel&#8230;<\/p>\n<p>  <a class=\"p-more\" href=\"\/de\/produkte\/meeresfruchte\/\">Weiterlesen<\/a>\n<\/div>\n<\/div>\n<\/div>\n<div class=\"rsContent\">\n<div class=\"product-slide tiger\">\n<h3>Black-Tiger-Garnelen<\/h3>\n<div class=\"p-img\"><\/div>\n<div class=\"p-info\">\n<p>Die von Klaas Puul angebotenen Black-Tiger-Garnelen werden in Asien gez\u00fcchtet. Die Aufzucht erfolgt in eigens angelegten Teichen an der K\u00fcste. Diese Riesengarnele kann bis zu 30 cm lang&#8230;<\/p>\n<p>  <a class=\"p-more\" href=\"\/de\/produkte\/black-tiger-garnelen\/\">Weiterlesen<\/a>\n<\/div>\n<\/div>\n<\/div>\n<div class=\"rsContent\">\n<div class=\"product-slide pud\">\n<h3>PUD-Garnelen \u2013 Cocktailgarnelen<\/h3>\n<div class=\"p-img\"><\/div>\n<div class=\"p-info\">\n<p>Dies sind die bekannten Cocktailgarnelen. Sie umfassen verschiedene Arten der Familie Penaeidae und werden in den K\u00fcstenregionen vor S\u00fcdamerika und Asien gefangen. Diese eher kleinen Garnelen&#8230;<\/p>\n<p>  <a class=\"p-more\" href=\"\/de\/produkte\/cocktailgarnelen\/\">Weiterlesen<\/a>\n<\/div>\n<\/div>\n<\/div>\n<div class=\"rsContent\">\n<div class=\"product-slide bio\">\n<h3>Bio-Garnelen (aus Zucht)<\/h3>\n<div class=\"p-img\"><\/div>\n<div class=\"p-info\">\n<p>Bio-Garnelen stammen aus biologischer Aufzucht und Produktion. Das bedeutet, dass die Garnelen ausschlie\u00dflich biologisch angebautes Futter bekommen und dass bei Aufzucht und Zubereitung&#8230;<\/p>\n<p>  <a class=\"p-more\" href=\"\/de\/produkte\/bio-garnelen\/\">Weiterlesen<\/a>\n<\/div>\n<\/div>\n<\/div>\n<div class=\"rsContent\">\n<div class=\"product-slide koudwater\">\n<h3>Eismeergarnelen<\/h3>\n<div class=\"p-img\"><\/div>\n<div class=\"p-info\">\n<p>Diese k\u00f6stlichen Garnelen werden in den kalten Gew\u00e4ssern im hohen Norden gefangen und sofort nach dem Fang an Bord des Schiffes verarbeitet&#8230;<\/p>\n<p>  <a class=\"p-more\" href=\"\/de\/produkte\/eismeergarnelen\/\">Weiterlesen<\/a>\n<\/div>\n<\/div>\n<\/div>\n<div class=\"rsContent\">\n<div class=\"product-slide mosselen\">\n<h3>Miesmuscheln<\/h3>\n<div class=\"p-img\"><\/div>\n<div class=\"p-info\">\n<p>Miesmuscheln sind Schalentiere, die in K\u00fcstenn\u00e4he leben und sich von Plankton ern\u00e4hren. Klaas Puul bietet gekochtes Muschelfleisch in verschiedenen Varianten an&#8230;<\/p>\n<p>  <a class=\"p-more\" href=\"\/de\/produkte\/miesmuscheln\/\">Weiterlesen<\/a>\n<\/div>\n<\/div>\n<\/div>\n<div class=\"rsContent\">\n<div class=\"product-slide surimi\">\n<h3>Surimi<\/h3>\n<div class=\"p-img\"><\/div>\n<div class=\"p-info\">\n<p>Dieses Krabbenimitat ist f\u00fcr verschiedene Gerichte als Zutat geeignet, zum Beispiel f\u00fcr Salate oder Snacks. Die Ausgangsstoff f\u00fcr Surimi ist Wei\u00dffisch wie Scheinschnapper&#8230;<\/p>\n<p>  <a class=\"p-more\" href=\"\/de\/produkte\/surimi\/\">Weiterlesen<\/a>\n<\/div>\n<\/div>\n<\/div>\n<div class=\"rsContent\">\n<div class=\"product-slide arg\">\n<h3>Argentinische garnelen<\/h3>\n<div class=\"p-img\"><\/div>\n<div class=\"p-info\">\n<p>Diese roten Garnelen werden unter strenger Aufsicht der argentinischen Regierung gefangen. Die Fangperiode schwankt und die zul\u00e4ssige Anzahl der Boote wird je nach Bestand in den einzelnen Fangzonen&#8230;<\/p>\n<p>  <a class=\"p-more\" href=\"\/de\/produkte\/argentinische-garnelen\/\">Weiterlesen<\/a>\n<\/div>\n<\/div>\n<\/div>\n<\/div>\n<\/div>\n<\/section>\n","protected":false},"excerpt":{"rendered":"<p>Klaas Puul beliefert &#8211; unter verschiedenen White Labels &#8211; fast alle gro\u00dfen Einzelhandelsunternehmen in den Niederlanden, Frankreich, Belgien, Deutschland und einigen weiteren L\u00e4ndern. Zus\u00e4tzlich zu unserem breiten Garnelensortiment liefern wir auch andere Sorten Fisch (tiefgek\u00fchlt). Unsere Produkte werden in aller Welt gefangen bzw. gez\u00fcchtet. Klaas Puul kauft ausschlie\u00dflich Garnelen und Fisch von bester Qualit\u00e4t ein. &hellip; <a href=\"https:\/\/www.klaaspuul.com\/de\/produkte\/\" class=\"more-link\">Continue reading <span class=\"screen-reader-text\">Produkte<\/span> <span class=\"meta-nav\">&rarr;<\/span><\/a><\/p>\n","protected":false},"author":1,"featured_media":0,"parent":0,"menu_order":0,"comment_status":"closed","ping_status":"closed","template":"","meta":{"_acf_changed":false,"_monsterinsights_skip_tracking":false,"_monsterinsights_sitenote_active":false,"_monsterinsights_sitenote_note":"","_monsterinsights_sitenote_category":0,"footnotes":""},"class_list":["post-228","page","type-page","status-publish","hentry"],"acf":[],"yoast_head":"<!-- This site is optimized with the Yoast SEO plugin v27.4 - https:\/\/yoast.com\/product\/yoast-seo-wordpress\/ -->\n<title>Produkte - Klaas Puul DE<\/title>\n<meta name=\"robots\" content=\"index, follow, max-snippet:-1, max-image-preview:large, max-video-preview:-1\" \/>\n<link rel=\"canonical\" href=\"https:\/\/www.klaaspuul.com\/de\/produkte\/\" \/>\n<meta property=\"og:locale\" content=\"de_DE\" \/>\n<meta property=\"og:type\" content=\"article\" \/>\n<meta property=\"og:title\" content=\"Produkte - Klaas Puul DE\" \/>\n<meta property=\"og:description\" content=\"Klaas Puul beliefert &#8211; unter verschiedenen White Labels &#8211; fast alle gro\u00dfen Einzelhandelsunternehmen in den Niederlanden, Frankreich, Belgien, Deutschland und einigen weiteren L\u00e4ndern. Zus\u00e4tzlich zu unserem breiten Garnelensortiment liefern wir auch andere Sorten Fisch (tiefgek\u00fchlt). Unsere Produkte werden in aller Welt gefangen bzw. gez\u00fcchtet. Klaas Puul kauft ausschlie\u00dflich Garnelen und Fisch von bester Qualit\u00e4t ein. &hellip; Continue reading Produkte &rarr;\" \/>\n<meta property=\"og:url\" content=\"https:\/\/www.klaaspuul.com\/de\/produkte\/\" \/>\n<meta property=\"og:site_name\" content=\"Klaas Puul DE\" \/>\n<meta property=\"article:modified_time\" content=\"2017-01-30T12:30:38+00:00\" \/>\n<meta name=\"twitter:card\" content=\"summary_large_image\" \/>\n<script type=\"application\/ld+json\" class=\"yoast-schema-graph\">{\"@context\":\"https:\\\/\\\/schema.org\",\"@graph\":[{\"@type\":\"WebPage\",\"@id\":\"https:\\\/\\\/www.klaaspuul.com\\\/de\\\/produkte\\\/\",\"url\":\"https:\\\/\\\/www.klaaspuul.com\\\/de\\\/produkte\\\/\",\"name\":\"Produkte - Klaas Puul DE\",\"isPartOf\":{\"@id\":\"https:\\\/\\\/www.klaaspuul.com\\\/de\\\/#website\"},\"datePublished\":\"2017-01-02T15:10:20+00:00\",\"dateModified\":\"2017-01-30T12:30:38+00:00\",\"breadcrumb\":{\"@id\":\"https:\\\/\\\/www.klaaspuul.com\\\/de\\\/produkte\\\/#breadcrumb\"},\"inLanguage\":\"de\",\"potentialAction\":[{\"@type\":\"ReadAction\",\"target\":[\"https:\\\/\\\/www.klaaspuul.com\\\/de\\\/produkte\\\/\"]}]},{\"@type\":\"BreadcrumbList\",\"@id\":\"https:\\\/\\\/www.klaaspuul.com\\\/de\\\/produkte\\\/#breadcrumb\",\"itemListElement\":[{\"@type\":\"ListItem\",\"position\":1,\"name\":\"Startseite\",\"item\":\"https:\\\/\\\/www.klaaspuul.com\\\/de\\\/\"},{\"@type\":\"ListItem\",\"position\":2,\"name\":\"Produkte\"}]},{\"@type\":\"WebSite\",\"@id\":\"https:\\\/\\\/www.klaaspuul.com\\\/de\\\/#website\",\"url\":\"https:\\\/\\\/www.klaaspuul.com\\\/de\\\/\",\"name\":\"Klaas Puul DE\",\"description\":\"Een andere Klaas Puul site\",\"potentialAction\":[{\"@type\":\"SearchAction\",\"target\":{\"@type\":\"EntryPoint\",\"urlTemplate\":\"https:\\\/\\\/www.klaaspuul.com\\\/de\\\/?s={search_term_string}\"},\"query-input\":{\"@type\":\"PropertyValueSpecification\",\"valueRequired\":true,\"valueName\":\"search_term_string\"}}],\"inLanguage\":\"de\"}]}<\/script>\n<!-- \/ Yoast SEO plugin. -->","yoast_head_json":{"title":"Produkte - Klaas Puul DE","robots":{"index":"index","follow":"follow","max-snippet":"max-snippet:-1","max-image-preview":"max-image-preview:large","max-video-preview":"max-video-preview:-1"},"canonical":"https:\/\/www.klaaspuul.com\/de\/produkte\/","og_locale":"de_DE","og_type":"article","og_title":"Produkte - Klaas Puul DE","og_description":"Klaas Puul beliefert &#8211; unter verschiedenen White Labels &#8211; fast alle gro\u00dfen Einzelhandelsunternehmen in den Niederlanden, Frankreich, Belgien, Deutschland und einigen weiteren L\u00e4ndern. Zus\u00e4tzlich zu unserem breiten Garnelensortiment liefern wir auch andere Sorten Fisch (tiefgek\u00fchlt). Unsere Produkte werden in aller Welt gefangen bzw. gez\u00fcchtet. Klaas Puul kauft ausschlie\u00dflich Garnelen und Fisch von bester Qualit\u00e4t ein. &hellip; Continue reading Produkte &rarr;","og_url":"https:\/\/www.klaaspuul.com\/de\/produkte\/","og_site_name":"Klaas Puul DE","article_modified_time":"2017-01-30T12:30:38+00:00","twitter_card":"summary_large_image","schema":{"@context":"https:\/\/schema.org","@graph":[{"@type":"WebPage","@id":"https:\/\/www.klaaspuul.com\/de\/produkte\/","url":"https:\/\/www.klaaspuul.com\/de\/produkte\/","name":"Produkte - Klaas Puul DE","isPartOf":{"@id":"https:\/\/www.klaaspuul.com\/de\/#website"},"datePublished":"2017-01-02T15:10:20+00:00","dateModified":"2017-01-30T12:30:38+00:00","breadcrumb":{"@id":"https:\/\/www.klaaspuul.com\/de\/produkte\/#breadcrumb"},"inLanguage":"de","potentialAction":[{"@type":"ReadAction","target":["https:\/\/www.klaaspuul.com\/de\/produkte\/"]}]},{"@type":"BreadcrumbList","@id":"https:\/\/www.klaaspuul.com\/de\/produkte\/#breadcrumb","itemListElement":[{"@type":"ListItem","position":1,"name":"Startseite","item":"https:\/\/www.klaaspuul.com\/de\/"},{"@type":"ListItem","position":2,"name":"Produkte"}]},{"@type":"WebSite","@id":"https:\/\/www.klaaspuul.com\/de\/#website","url":"https:\/\/www.klaaspuul.com\/de\/","name":"Klaas Puul DE","description":"Een andere Klaas Puul site","potentialAction":[{"@type":"SearchAction","target":{"@type":"EntryPoint","urlTemplate":"https:\/\/www.klaaspuul.com\/de\/?s={search_term_string}"},"query-input":{"@type":"PropertyValueSpecification","valueRequired":true,"valueName":"search_term_string"}}],"inLanguage":"de"}]}},"_links":{"self":[{"href":"https:\/\/www.klaaspuul.com\/de\/wp-json\/wp\/v2\/pages\/228","targetHints":{"allow":["GET"]}}],"collection":[{"href":"https:\/\/www.klaaspuul.com\/de\/wp-json\/wp\/v2\/pages"}],"about":[{"href":"https:\/\/www.klaaspuul.com\/de\/wp-json\/wp\/v2\/types\/page"}],"author":[{"embeddable":true,"href":"https:\/\/www.klaaspuul.com\/de\/wp-json\/wp\/v2\/users\/1"}],"replies":[{"embeddable":true,"href":"https:\/\/www.klaaspuul.com\/de\/wp-json\/wp\/v2\/comments?post=228"}],"version-history":[{"count":2,"href":"https:\/\/www.klaaspuul.com\/de\/wp-json\/wp\/v2\/pages\/228\/revisions"}],"predecessor-version":[{"id":583,"href":"https:\/\/www.klaaspuul.com\/de\/wp-json\/wp\/v2\/pages\/228\/revisions\/583"}],"wp:attachment":[{"href":"https:\/\/www.klaaspuul.com\/de\/wp-json\/wp\/v2\/media?parent=228"}],"curies":[{"name":"wp","href":"https:\/\/api.w.org\/{rel}","templated":true}]}}