{"id":234,"date":"2017-01-02T16:44:17","date_gmt":"2017-01-02T15:44:17","guid":{"rendered":"https:\/\/www.klaaspuul.com\/?page_id=234"},"modified":"2019-02-14T09:47:49","modified_gmt":"2019-02-14T08:47:49","slug":"meeresfruchte","status":"publish","type":"page","link":"https:\/\/www.klaaspuul.com\/de\/produkte\/meeresfruchte\/","title":{"rendered":"Meeresfr\u00fcchte"},"content":{"rendered":"<div class=\"inner\">\n<div class=\"product-img\">\n<img decoding=\"async\" src=\"https:\/\/www.klaaspuul.com\/wp-content\/uploads\/klaaspuul_zeevruchten-Custom.png\" alt=\"Meeresfr\u00fcchte\">\n<\/div>\n<h1 class=\"entry-title\">Meeresfr\u00fcchte<\/h1>\n<p>Eine Vielfalt an k\u00f6stlichen Produkten aus dem Meer. Diese k\u00fcchenfertige Mischung ist eine gute Grundlage f\u00fcr einen leckeren Salat und eignet sich auch hervorragend f\u00fcr Reisgerichte, zum Beispiel Paella. Sie kann bei ausreichender Bestellmenge nach Wunsch des Kunden zusammengestellt werden.\n<\/p><\/div>\n","protected":false},"excerpt":{"rendered":"<p>Meeresfr\u00fcchte Eine Vielfalt an k\u00f6stlichen Produkten aus dem Meer. Diese k\u00fcchenfertige Mischung ist eine gute Grundlage f\u00fcr einen leckeren Salat und eignet sich auch hervorragend f\u00fcr Reisgerichte, zum Beispiel Paella. Sie kann bei ausreichender Bestellmenge nach Wunsch des Kunden zusammengestellt werden.<\/p>\n","protected":false},"author":1,"featured_media":0,"parent":228,"menu_order":0,"comment_status":"closed","ping_status":"closed","template":"","meta":{"_acf_changed":false,"_monsterinsights_skip_tracking":false,"_monsterinsights_sitenote_active":false,"_monsterinsights_sitenote_note":"","_monsterinsights_sitenote_category":0,"footnotes":""},"class_list":["post-234","page","type-page","status-publish","hentry"],"acf":[],"yoast_head":"<!-- This site is optimized with the Yoast SEO plugin v27.4 - https:\/\/yoast.com\/product\/yoast-seo-wordpress\/ -->\n<title>Meeresfr\u00fcchte - Klaas Puul DE<\/title>\n<meta name=\"robots\" content=\"index, follow, max-snippet:-1, max-image-preview:large, max-video-preview:-1\" \/>\n<link rel=\"canonical\" href=\"https:\/\/www.klaaspuul.com\/de\/produkte\/meeresfruchte\/\" \/>\n<meta property=\"og:locale\" content=\"de_DE\" \/>\n<meta property=\"og:type\" content=\"article\" \/>\n<meta property=\"og:title\" content=\"Meeresfr\u00fcchte - Klaas Puul DE\" \/>\n<meta property=\"og:description\" content=\"Meeresfr\u00fcchte Eine Vielfalt an k\u00f6stlichen Produkten aus dem Meer. Diese k\u00fcchenfertige Mischung ist eine gute Grundlage f\u00fcr einen leckeren Salat und eignet sich auch hervorragend f\u00fcr Reisgerichte, zum Beispiel Paella. Sie kann bei ausreichender Bestellmenge nach Wunsch des Kunden zusammengestellt werden.\" \/>\n<meta property=\"og:url\" content=\"https:\/\/www.klaaspuul.com\/de\/produkte\/meeresfruchte\/\" \/>\n<meta property=\"og:site_name\" content=\"Klaas Puul DE\" \/>\n<meta property=\"article:modified_time\" content=\"2019-02-14T08:47:49+00:00\" \/>\n<meta property=\"og:image\" content=\"https:\/\/www.klaaspuul.com\/wp-content\/uploads\/klaaspuul_zeevruchten-Custom.png\" \/>\n<meta name=\"twitter:card\" content=\"summary_large_image\" \/>\n<script type=\"application\/ld+json\" class=\"yoast-schema-graph\">{\"@context\":\"https:\\\/\\\/schema.org\",\"@graph\":[{\"@type\":\"WebPage\",\"@id\":\"https:\\\/\\\/www.klaaspuul.com\\\/de\\\/produkte\\\/meeresfruchte\\\/\",\"url\":\"https:\\\/\\\/www.klaaspuul.com\\\/de\\\/produkte\\\/meeresfruchte\\\/\",\"name\":\"Meeresfr\u00fcchte - Klaas Puul DE\",\"isPartOf\":{\"@id\":\"https:\\\/\\\/www.klaaspuul.com\\\/de\\\/#website\"},\"primaryImageOfPage\":{\"@id\":\"https:\\\/\\\/www.klaaspuul.com\\\/de\\\/produkte\\\/meeresfruchte\\\/#primaryimage\"},\"image\":{\"@id\":\"https:\\\/\\\/www.klaaspuul.com\\\/de\\\/produkte\\\/meeresfruchte\\\/#primaryimage\"},\"thumbnailUrl\":\"https:\\\/\\\/www.klaaspuul.com\\\/wp-content\\\/uploads\\\/klaaspuul_zeevruchten-Custom.png\",\"datePublished\":\"2017-01-02T15:44:17+00:00\",\"dateModified\":\"2019-02-14T08:47:49+00:00\",\"breadcrumb\":{\"@id\":\"https:\\\/\\\/www.klaaspuul.com\\\/de\\\/produkte\\\/meeresfruchte\\\/#breadcrumb\"},\"inLanguage\":\"de\",\"potentialAction\":[{\"@type\":\"ReadAction\",\"target\":[\"https:\\\/\\\/www.klaaspuul.com\\\/de\\\/produkte\\\/meeresfruchte\\\/\"]}]},{\"@type\":\"ImageObject\",\"inLanguage\":\"de\",\"@id\":\"https:\\\/\\\/www.klaaspuul.com\\\/de\\\/produkte\\\/meeresfruchte\\\/#primaryimage\",\"url\":\"https:\\\/\\\/www.klaaspuul.com\\\/wp-content\\\/uploads\\\/klaaspuul_zeevruchten-Custom.png\",\"contentUrl\":\"https:\\\/\\\/www.klaaspuul.com\\\/wp-content\\\/uploads\\\/klaaspuul_zeevruchten-Custom.png\"},{\"@type\":\"BreadcrumbList\",\"@id\":\"https:\\\/\\\/www.klaaspuul.com\\\/de\\\/produkte\\\/meeresfruchte\\\/#breadcrumb\",\"itemListElement\":[{\"@type\":\"ListItem\",\"position\":1,\"name\":\"Startseite\",\"item\":\"https:\\\/\\\/www.klaaspuul.com\\\/de\\\/\"},{\"@type\":\"ListItem\",\"position\":2,\"name\":\"Produkte\",\"item\":\"https:\\\/\\\/www.klaaspuul.com\\\/de\\\/produkte\\\/\"},{\"@type\":\"ListItem\",\"position\":3,\"name\":\"Meeresfr\u00fcchte\"}]},{\"@type\":\"WebSite\",\"@id\":\"https:\\\/\\\/www.klaaspuul.com\\\/de\\\/#website\",\"url\":\"https:\\\/\\\/www.klaaspuul.com\\\/de\\\/\",\"name\":\"Klaas Puul DE\",\"description\":\"Een andere Klaas Puul site\",\"potentialAction\":[{\"@type\":\"SearchAction\",\"target\":{\"@type\":\"EntryPoint\",\"urlTemplate\":\"https:\\\/\\\/www.klaaspuul.com\\\/de\\\/?s={search_term_string}\"},\"query-input\":{\"@type\":\"PropertyValueSpecification\",\"valueRequired\":true,\"valueName\":\"search_term_string\"}}],\"inLanguage\":\"de\"}]}<\/script>\n<!-- \/ Yoast SEO plugin. -->","yoast_head_json":{"title":"Meeresfr\u00fcchte - Klaas Puul DE","robots":{"index":"index","follow":"follow","max-snippet":"max-snippet:-1","max-image-preview":"max-image-preview:large","max-video-preview":"max-video-preview:-1"},"canonical":"https:\/\/www.klaaspuul.com\/de\/produkte\/meeresfruchte\/","og_locale":"de_DE","og_type":"article","og_title":"Meeresfr\u00fcchte - Klaas Puul DE","og_description":"Meeresfr\u00fcchte Eine Vielfalt an k\u00f6stlichen Produkten aus dem Meer. Diese k\u00fcchenfertige Mischung ist eine gute Grundlage f\u00fcr einen leckeren Salat und eignet sich auch hervorragend f\u00fcr Reisgerichte, zum Beispiel Paella. Sie kann bei ausreichender Bestellmenge nach Wunsch des Kunden zusammengestellt werden.","og_url":"https:\/\/www.klaaspuul.com\/de\/produkte\/meeresfruchte\/","og_site_name":"Klaas Puul DE","article_modified_time":"2019-02-14T08:47:49+00:00","og_image":[{"url":"https:\/\/www.klaaspuul.com\/wp-content\/uploads\/klaaspuul_zeevruchten-Custom.png","type":"","width":"","height":""}],"twitter_card":"summary_large_image","schema":{"@context":"https:\/\/schema.org","@graph":[{"@type":"WebPage","@id":"https:\/\/www.klaaspuul.com\/de\/produkte\/meeresfruchte\/","url":"https:\/\/www.klaaspuul.com\/de\/produkte\/meeresfruchte\/","name":"Meeresfr\u00fcchte - Klaas Puul DE","isPartOf":{"@id":"https:\/\/www.klaaspuul.com\/de\/#website"},"primaryImageOfPage":{"@id":"https:\/\/www.klaaspuul.com\/de\/produkte\/meeresfruchte\/#primaryimage"},"image":{"@id":"https:\/\/www.klaaspuul.com\/de\/produkte\/meeresfruchte\/#primaryimage"},"thumbnailUrl":"https:\/\/www.klaaspuul.com\/wp-content\/uploads\/klaaspuul_zeevruchten-Custom.png","datePublished":"2017-01-02T15:44:17+00:00","dateModified":"2019-02-14T08:47:49+00:00","breadcrumb":{"@id":"https:\/\/www.klaaspuul.com\/de\/produkte\/meeresfruchte\/#breadcrumb"},"inLanguage":"de","potentialAction":[{"@type":"ReadAction","target":["https:\/\/www.klaaspuul.com\/de\/produkte\/meeresfruchte\/"]}]},{"@type":"ImageObject","inLanguage":"de","@id":"https:\/\/www.klaaspuul.com\/de\/produkte\/meeresfruchte\/#primaryimage","url":"https:\/\/www.klaaspuul.com\/wp-content\/uploads\/klaaspuul_zeevruchten-Custom.png","contentUrl":"https:\/\/www.klaaspuul.com\/wp-content\/uploads\/klaaspuul_zeevruchten-Custom.png"},{"@type":"BreadcrumbList","@id":"https:\/\/www.klaaspuul.com\/de\/produkte\/meeresfruchte\/#breadcrumb","itemListElement":[{"@type":"ListItem","position":1,"name":"Startseite","item":"https:\/\/www.klaaspuul.com\/de\/"},{"@type":"ListItem","position":2,"name":"Produkte","item":"https:\/\/www.klaaspuul.com\/de\/produkte\/"},{"@type":"ListItem","position":3,"name":"Meeresfr\u00fcchte"}]},{"@type":"WebSite","@id":"https:\/\/www.klaaspuul.com\/de\/#website","url":"https:\/\/www.klaaspuul.com\/de\/","name":"Klaas Puul DE","description":"Een andere Klaas Puul site","potentialAction":[{"@type":"SearchAction","target":{"@type":"EntryPoint","urlTemplate":"https:\/\/www.klaaspuul.com\/de\/?s={search_term_string}"},"query-input":{"@type":"PropertyValueSpecification","valueRequired":true,"valueName":"search_term_string"}}],"inLanguage":"de"}]}},"_links":{"self":[{"href":"https:\/\/www.klaaspuul.com\/de\/wp-json\/wp\/v2\/pages\/234","targetHints":{"allow":["GET"]}}],"collection":[{"href":"https:\/\/www.klaaspuul.com\/de\/wp-json\/wp\/v2\/pages"}],"about":[{"href":"https:\/\/www.klaaspuul.com\/de\/wp-json\/wp\/v2\/types\/page"}],"author":[{"embeddable":true,"href":"https:\/\/www.klaaspuul.com\/de\/wp-json\/wp\/v2\/users\/1"}],"replies":[{"embeddable":true,"href":"https:\/\/www.klaaspuul.com\/de\/wp-json\/wp\/v2\/comments?post=234"}],"version-history":[{"count":4,"href":"https:\/\/www.klaaspuul.com\/de\/wp-json\/wp\/v2\/pages\/234\/revisions"}],"predecessor-version":[{"id":715,"href":"https:\/\/www.klaaspuul.com\/de\/wp-json\/wp\/v2\/pages\/234\/revisions\/715"}],"up":[{"embeddable":true,"href":"https:\/\/www.klaaspuul.com\/de\/wp-json\/wp\/v2\/pages\/228"}],"wp:attachment":[{"href":"https:\/\/www.klaaspuul.com\/de\/wp-json\/wp\/v2\/media?parent=234"}],"curies":[{"name":"wp","href":"https:\/\/api.w.org\/{rel}","templated":true}]}}