{"id":256,"date":"2017-01-03T08:41:37","date_gmt":"2017-01-03T07:41:37","guid":{"rendered":"https:\/\/www.klaaspuul.com\/?page_id=256"},"modified":"2018-09-05T16:41:53","modified_gmt":"2018-09-05T14:41:53","slug":"flusskrebs","status":"publish","type":"page","link":"https:\/\/www.klaaspuul.com\/de\/produkte\/flusskrebs\/","title":{"rendered":"Flusskrebs"},"content":{"rendered":"<div class=\"inner\">\n<div class=\"product-img\">\n<img decoding=\"async\" src=\"https:\/\/www.klaaspuul.com\/de\/wp-content\/uploads\/sites\/6\/2017\/01\/rivierkreeft.png\" alt=\"Flusskrebs\">\n<\/div>\n<h1 class=\"entry-title\">Flusskrebs<\/h1>\n<p><a href=\"https:\/\/www.klaaspuul.com\/wp-content\/uploads\/klaas_puul_roze-garnaal_DE_flyer.pdf\" target=\"_blank\"><i class=\"fa fa-file-pdf-o\" aria-hidden=\"true\"><\/i> Laden Sie die Brosch\u00fcre herunter<\/a><\/p>\n<p>Diese Flusskrebse werden im Sommer von Juni bis August in Seen und Fl\u00fcssen in China gefangen. Daf\u00fcr werden Reusen und Fallen eingesetzt. Die kleinen Krebse werden t\u00e4glich lebend beim Verarbeiter angeliefert, bei dem sie gekocht, gesch\u00e4lt und entdarmt werden. Sie werden auch &#8222;\u00e0 la nage&#8220; angeboten, also im Ganzen in Salzwasser eingefroren.<\/p>\n<ul>\n<li><span><strong>Wissenschaftliche Bezeichnung:<\/strong> Procambarus clarkii<\/span><\/li>\n<li><span><strong>Herkunft:<\/strong> China<\/span><\/li>\n<li><span><strong>Geschmack:<\/strong> s\u00fc\u00df<\/span><\/li>\n<li><span><strong>Merkmale:<\/strong> dunkelrote harte Schale, orangefarbenes Fleisch<\/span><\/li>\n<li><span><strong>Angebot:<\/strong> saisonabh\u00e4ngiger Fang, ganzj\u00e4hrig lieferbar<\/span><\/li>\n<\/ul>\n<\/div>\n","protected":false},"excerpt":{"rendered":"<p>Flusskrebs Laden Sie die Brosch\u00fcre herunter Diese Flusskrebse werden im Sommer von Juni bis August in Seen und Fl\u00fcssen in China gefangen. Daf\u00fcr werden Reusen und Fallen eingesetzt. Die kleinen Krebse werden t\u00e4glich lebend beim Verarbeiter angeliefert, bei dem sie gekocht, gesch\u00e4lt und entdarmt werden. Sie werden auch &#8222;\u00e0 la nage&#8220; angeboten, also im Ganzen &hellip; <a href=\"https:\/\/www.klaaspuul.com\/de\/produkte\/flusskrebs\/\" class=\"more-link\">Continue reading <span class=\"screen-reader-text\">Flusskrebs<\/span> <span class=\"meta-nav\">&rarr;<\/span><\/a><\/p>\n","protected":false},"author":1,"featured_media":0,"parent":228,"menu_order":0,"comment_status":"closed","ping_status":"closed","template":"","meta":{"_acf_changed":false,"_monsterinsights_skip_tracking":false,"_monsterinsights_sitenote_active":false,"_monsterinsights_sitenote_note":"","_monsterinsights_sitenote_category":0,"footnotes":""},"class_list":["post-256","page","type-page","status-publish","hentry"],"acf":[],"yoast_head":"<!-- This site is optimized with the Yoast SEO plugin v27.3 - https:\/\/yoast.com\/product\/yoast-seo-wordpress\/ -->\n<title>Flusskrebs - Klaas Puul DE<\/title>\n<meta name=\"robots\" content=\"index, follow, max-snippet:-1, max-image-preview:large, max-video-preview:-1\" \/>\n<link rel=\"canonical\" href=\"https:\/\/www.klaaspuul.com\/de\/produkte\/flusskrebs\/\" \/>\n<meta property=\"og:locale\" content=\"de_DE\" \/>\n<meta property=\"og:type\" content=\"article\" \/>\n<meta property=\"og:title\" content=\"Flusskrebs - Klaas Puul DE\" \/>\n<meta property=\"og:description\" content=\"Flusskrebs Laden Sie die Brosch\u00fcre herunter Diese Flusskrebse werden im Sommer von Juni bis August in Seen und Fl\u00fcssen in China gefangen. Daf\u00fcr werden Reusen und Fallen eingesetzt. Die kleinen Krebse werden t\u00e4glich lebend beim Verarbeiter angeliefert, bei dem sie gekocht, gesch\u00e4lt und entdarmt werden. Sie werden auch &#8222;\u00e0 la nage&#8220; angeboten, also im Ganzen &hellip; Continue reading Flusskrebs &rarr;\" \/>\n<meta property=\"og:url\" content=\"https:\/\/www.klaaspuul.com\/de\/produkte\/flusskrebs\/\" \/>\n<meta property=\"og:site_name\" content=\"Klaas Puul DE\" \/>\n<meta property=\"article:modified_time\" content=\"2018-09-05T14:41:53+00:00\" \/>\n<meta property=\"og:image\" content=\"https:\/\/www.klaaspuul.com\/de\/wp-content\/uploads\/sites\/6\/2017\/01\/rivierkreeft.png\" \/>\n<meta name=\"twitter:card\" content=\"summary_large_image\" \/>\n<script type=\"application\/ld+json\" class=\"yoast-schema-graph\">{\"@context\":\"https:\\\/\\\/schema.org\",\"@graph\":[{\"@type\":\"WebPage\",\"@id\":\"https:\\\/\\\/www.klaaspuul.com\\\/de\\\/produkte\\\/flusskrebs\\\/\",\"url\":\"https:\\\/\\\/www.klaaspuul.com\\\/de\\\/produkte\\\/flusskrebs\\\/\",\"name\":\"Flusskrebs - Klaas Puul DE\",\"isPartOf\":{\"@id\":\"https:\\\/\\\/www.klaaspuul.com\\\/de\\\/#website\"},\"primaryImageOfPage\":{\"@id\":\"https:\\\/\\\/www.klaaspuul.com\\\/de\\\/produkte\\\/flusskrebs\\\/#primaryimage\"},\"image\":{\"@id\":\"https:\\\/\\\/www.klaaspuul.com\\\/de\\\/produkte\\\/flusskrebs\\\/#primaryimage\"},\"thumbnailUrl\":\"https:\\\/\\\/www.klaaspuul.com\\\/de\\\/wp-content\\\/uploads\\\/sites\\\/6\\\/2017\\\/01\\\/rivierkreeft.png\",\"datePublished\":\"2017-01-03T07:41:37+00:00\",\"dateModified\":\"2018-09-05T14:41:53+00:00\",\"breadcrumb\":{\"@id\":\"https:\\\/\\\/www.klaaspuul.com\\\/de\\\/produkte\\\/flusskrebs\\\/#breadcrumb\"},\"inLanguage\":\"de\",\"potentialAction\":[{\"@type\":\"ReadAction\",\"target\":[\"https:\\\/\\\/www.klaaspuul.com\\\/de\\\/produkte\\\/flusskrebs\\\/\"]}]},{\"@type\":\"ImageObject\",\"inLanguage\":\"de\",\"@id\":\"https:\\\/\\\/www.klaaspuul.com\\\/de\\\/produkte\\\/flusskrebs\\\/#primaryimage\",\"url\":\"https:\\\/\\\/www.klaaspuul.com\\\/de\\\/wp-content\\\/uploads\\\/sites\\\/6\\\/2017\\\/01\\\/rivierkreeft.png\",\"contentUrl\":\"https:\\\/\\\/www.klaaspuul.com\\\/de\\\/wp-content\\\/uploads\\\/sites\\\/6\\\/2017\\\/01\\\/rivierkreeft.png\",\"width\":516,\"height\":129},{\"@type\":\"BreadcrumbList\",\"@id\":\"https:\\\/\\\/www.klaaspuul.com\\\/de\\\/produkte\\\/flusskrebs\\\/#breadcrumb\",\"itemListElement\":[{\"@type\":\"ListItem\",\"position\":1,\"name\":\"Startseite\",\"item\":\"https:\\\/\\\/www.klaaspuul.com\\\/de\\\/\"},{\"@type\":\"ListItem\",\"position\":2,\"name\":\"Produkte\",\"item\":\"https:\\\/\\\/www.klaaspuul.com\\\/de\\\/produkte\\\/\"},{\"@type\":\"ListItem\",\"position\":3,\"name\":\"Flusskrebs\"}]},{\"@type\":\"WebSite\",\"@id\":\"https:\\\/\\\/www.klaaspuul.com\\\/de\\\/#website\",\"url\":\"https:\\\/\\\/www.klaaspuul.com\\\/de\\\/\",\"name\":\"Klaas Puul DE\",\"description\":\"Een andere Klaas Puul site\",\"potentialAction\":[{\"@type\":\"SearchAction\",\"target\":{\"@type\":\"EntryPoint\",\"urlTemplate\":\"https:\\\/\\\/www.klaaspuul.com\\\/de\\\/?s={search_term_string}\"},\"query-input\":{\"@type\":\"PropertyValueSpecification\",\"valueRequired\":true,\"valueName\":\"search_term_string\"}}],\"inLanguage\":\"de\"}]}<\/script>\n<!-- \/ Yoast SEO plugin. -->","yoast_head_json":{"title":"Flusskrebs - Klaas Puul DE","robots":{"index":"index","follow":"follow","max-snippet":"max-snippet:-1","max-image-preview":"max-image-preview:large","max-video-preview":"max-video-preview:-1"},"canonical":"https:\/\/www.klaaspuul.com\/de\/produkte\/flusskrebs\/","og_locale":"de_DE","og_type":"article","og_title":"Flusskrebs - Klaas Puul DE","og_description":"Flusskrebs Laden Sie die Brosch\u00fcre herunter Diese Flusskrebse werden im Sommer von Juni bis August in Seen und Fl\u00fcssen in China gefangen. Daf\u00fcr werden Reusen und Fallen eingesetzt. Die kleinen Krebse werden t\u00e4glich lebend beim Verarbeiter angeliefert, bei dem sie gekocht, gesch\u00e4lt und entdarmt werden. Sie werden auch &#8222;\u00e0 la nage&#8220; angeboten, also im Ganzen &hellip; Continue reading Flusskrebs &rarr;","og_url":"https:\/\/www.klaaspuul.com\/de\/produkte\/flusskrebs\/","og_site_name":"Klaas Puul DE","article_modified_time":"2018-09-05T14:41:53+00:00","og_image":[{"url":"https:\/\/www.klaaspuul.com\/de\/wp-content\/uploads\/sites\/6\/2017\/01\/rivierkreeft.png","type":"","width":"","height":""}],"twitter_card":"summary_large_image","schema":{"@context":"https:\/\/schema.org","@graph":[{"@type":"WebPage","@id":"https:\/\/www.klaaspuul.com\/de\/produkte\/flusskrebs\/","url":"https:\/\/www.klaaspuul.com\/de\/produkte\/flusskrebs\/","name":"Flusskrebs - Klaas Puul DE","isPartOf":{"@id":"https:\/\/www.klaaspuul.com\/de\/#website"},"primaryImageOfPage":{"@id":"https:\/\/www.klaaspuul.com\/de\/produkte\/flusskrebs\/#primaryimage"},"image":{"@id":"https:\/\/www.klaaspuul.com\/de\/produkte\/flusskrebs\/#primaryimage"},"thumbnailUrl":"https:\/\/www.klaaspuul.com\/de\/wp-content\/uploads\/sites\/6\/2017\/01\/rivierkreeft.png","datePublished":"2017-01-03T07:41:37+00:00","dateModified":"2018-09-05T14:41:53+00:00","breadcrumb":{"@id":"https:\/\/www.klaaspuul.com\/de\/produkte\/flusskrebs\/#breadcrumb"},"inLanguage":"de","potentialAction":[{"@type":"ReadAction","target":["https:\/\/www.klaaspuul.com\/de\/produkte\/flusskrebs\/"]}]},{"@type":"ImageObject","inLanguage":"de","@id":"https:\/\/www.klaaspuul.com\/de\/produkte\/flusskrebs\/#primaryimage","url":"https:\/\/www.klaaspuul.com\/de\/wp-content\/uploads\/sites\/6\/2017\/01\/rivierkreeft.png","contentUrl":"https:\/\/www.klaaspuul.com\/de\/wp-content\/uploads\/sites\/6\/2017\/01\/rivierkreeft.png","width":516,"height":129},{"@type":"BreadcrumbList","@id":"https:\/\/www.klaaspuul.com\/de\/produkte\/flusskrebs\/#breadcrumb","itemListElement":[{"@type":"ListItem","position":1,"name":"Startseite","item":"https:\/\/www.klaaspuul.com\/de\/"},{"@type":"ListItem","position":2,"name":"Produkte","item":"https:\/\/www.klaaspuul.com\/de\/produkte\/"},{"@type":"ListItem","position":3,"name":"Flusskrebs"}]},{"@type":"WebSite","@id":"https:\/\/www.klaaspuul.com\/de\/#website","url":"https:\/\/www.klaaspuul.com\/de\/","name":"Klaas Puul DE","description":"Een andere Klaas Puul site","potentialAction":[{"@type":"SearchAction","target":{"@type":"EntryPoint","urlTemplate":"https:\/\/www.klaaspuul.com\/de\/?s={search_term_string}"},"query-input":{"@type":"PropertyValueSpecification","valueRequired":true,"valueName":"search_term_string"}}],"inLanguage":"de"}]}},"_links":{"self":[{"href":"https:\/\/www.klaaspuul.com\/de\/wp-json\/wp\/v2\/pages\/256","targetHints":{"allow":["GET"]}}],"collection":[{"href":"https:\/\/www.klaaspuul.com\/de\/wp-json\/wp\/v2\/pages"}],"about":[{"href":"https:\/\/www.klaaspuul.com\/de\/wp-json\/wp\/v2\/types\/page"}],"author":[{"embeddable":true,"href":"https:\/\/www.klaaspuul.com\/de\/wp-json\/wp\/v2\/users\/1"}],"replies":[{"embeddable":true,"href":"https:\/\/www.klaaspuul.com\/de\/wp-json\/wp\/v2\/comments?post=256"}],"version-history":[{"count":6,"href":"https:\/\/www.klaaspuul.com\/de\/wp-json\/wp\/v2\/pages\/256\/revisions"}],"predecessor-version":[{"id":705,"href":"https:\/\/www.klaaspuul.com\/de\/wp-json\/wp\/v2\/pages\/256\/revisions\/705"}],"up":[{"embeddable":true,"href":"https:\/\/www.klaaspuul.com\/de\/wp-json\/wp\/v2\/pages\/228"}],"wp:attachment":[{"href":"https:\/\/www.klaaspuul.com\/de\/wp-json\/wp\/v2\/media?parent=256"}],"curies":[{"name":"wp","href":"https:\/\/api.w.org\/{rel}","templated":true}]}}