{"id":259,"date":"2017-01-03T08:56:46","date_gmt":"2017-01-03T07:56:46","guid":{"rendered":"https:\/\/www.klaaspuul.com\/?page_id=259"},"modified":"2018-09-05T16:39:31","modified_gmt":"2018-09-05T14:39:31","slug":"nordseegarnelen","status":"publish","type":"page","link":"https:\/\/www.klaaspuul.com\/de\/produkte\/nordseegarnelen\/","title":{"rendered":"Nordseegarnelen"},"content":{"rendered":"<div class=\"inner\">\n<div class=\"product-img\">\n<img decoding=\"async\" src=\"https:\/\/www.klaaspuul.com\/de\/wp-content\/uploads\/sites\/6\/2017\/01\/noordzee-garnalen-shade.jpg\" alt=\"Nordseegarnelen\">\n<\/div>\n<h1 class=\"entry-title\">Nordseegarnelen<\/h1>\n<p><a href=\"https:\/\/www.klaaspuul.com\/wp-content\/uploads\/klaas_puul_noordzee_DE_flyer.pdf\" target=\"_blank\"><i class=\"fa fa-file-pdf-o\" aria-hidden=\"true\"><\/i> Laden Sie die Brosch\u00fcre herunter<\/a><\/p>\n<p>Wie der Name schon sagt, werden Nordseegarnelen ganz bei uns in der N\u00e4he gefangen. Dank des salzigen, leicht s\u00fc\u00dfen Geschmacks z\u00e4hlt die Nordseegarnele zu den leckersten Garnelen, die es gibt. Bei uns in den Niederlanden wird diese K\u00f6stlichkeit &#8222;holl\u00e4ndische Garnele&#8220; genannt, in Belgien ist sie unter der Bezeichnung &#8222;graue Krabbe&#8220; bekannt. In beiden L\u00e4ndern ist die Nordseegarnele unter Verbrauchern sehr beliebt. Sie wird f\u00fcr wahre Klassiker wie Garnelenkroketten und Garnelencocktails verwendet. <\/p>\n<p>Nordseegarnelen werden mit Krabbenkuttern gefangen, wo sie noch an Bord gesiebt, gekocht und gek\u00fchlt werden.<\/p>\n<ul>\n<li><span><strong>Wissenschaftliche Bezeichnung:<\/strong> Crangon crangon<\/span><\/li>\n<li><span><strong>Herkunft:<\/strong> Niederlande, D\u00e4nemark, Deutschland, Belgien und England<\/span><\/li>\n<li><span><strong>Geschmack:<\/strong> s\u00fc\u00dflich, cremig<\/span><\/li>\n<li><span><strong>Merkmale:<\/strong> saftige, feste Struktur<\/span><\/li>\n<li><span><strong>Angebot:<\/strong> saisonabh\u00e4ngig &#8211; ganzj\u00e4hrig, mit besonders hohen Fangmengen von September bis November.<\/span><\/li>\n<\/ul>\n<\/div>\n","protected":false},"excerpt":{"rendered":"<p>Nordseegarnelen Laden Sie die Brosch\u00fcre herunter Wie der Name schon sagt, werden Nordseegarnelen ganz bei uns in der N\u00e4he gefangen. Dank des salzigen, leicht s\u00fc\u00dfen Geschmacks z\u00e4hlt die Nordseegarnele zu den leckersten Garnelen, die es gibt. Bei uns in den Niederlanden wird diese K\u00f6stlichkeit &#8222;holl\u00e4ndische Garnele&#8220; genannt, in Belgien ist sie unter der Bezeichnung &#8222;graue &hellip; <a href=\"https:\/\/www.klaaspuul.com\/de\/produkte\/nordseegarnelen\/\" class=\"more-link\">Continue reading <span class=\"screen-reader-text\">Nordseegarnelen<\/span> <span class=\"meta-nav\">&rarr;<\/span><\/a><\/p>\n","protected":false},"author":1,"featured_media":0,"parent":228,"menu_order":0,"comment_status":"closed","ping_status":"closed","template":"","meta":{"_acf_changed":false,"_monsterinsights_skip_tracking":false,"_monsterinsights_sitenote_active":false,"_monsterinsights_sitenote_note":"","_monsterinsights_sitenote_category":0,"footnotes":""},"class_list":["post-259","page","type-page","status-publish","hentry"],"acf":[],"yoast_head":"<!-- This site is optimized with the Yoast SEO plugin v27.3 - https:\/\/yoast.com\/product\/yoast-seo-wordpress\/ -->\n<title>Nordseegarnelen - Klaas Puul DE<\/title>\n<meta name=\"robots\" content=\"index, follow, max-snippet:-1, max-image-preview:large, max-video-preview:-1\" \/>\n<link rel=\"canonical\" href=\"https:\/\/www.klaaspuul.com\/de\/produkte\/nordseegarnelen\/\" \/>\n<meta property=\"og:locale\" content=\"de_DE\" \/>\n<meta property=\"og:type\" content=\"article\" \/>\n<meta property=\"og:title\" content=\"Nordseegarnelen - Klaas Puul DE\" \/>\n<meta property=\"og:description\" content=\"Nordseegarnelen Laden Sie die Brosch\u00fcre herunter Wie der Name schon sagt, werden Nordseegarnelen ganz bei uns in der N\u00e4he gefangen. Dank des salzigen, leicht s\u00fc\u00dfen Geschmacks z\u00e4hlt die Nordseegarnele zu den leckersten Garnelen, die es gibt. Bei uns in den Niederlanden wird diese K\u00f6stlichkeit &#8222;holl\u00e4ndische Garnele&#8220; genannt, in Belgien ist sie unter der Bezeichnung &#8222;graue &hellip; Continue reading Nordseegarnelen &rarr;\" \/>\n<meta property=\"og:url\" content=\"https:\/\/www.klaaspuul.com\/de\/produkte\/nordseegarnelen\/\" \/>\n<meta property=\"og:site_name\" content=\"Klaas Puul DE\" \/>\n<meta property=\"article:modified_time\" content=\"2018-09-05T14:39:31+00:00\" \/>\n<meta property=\"og:image\" content=\"https:\/\/www.klaaspuul.com\/de\/wp-content\/uploads\/sites\/6\/2017\/01\/noordzee-garnalen-shade.jpg\" \/>\n<meta name=\"twitter:card\" content=\"summary_large_image\" \/>\n<meta name=\"twitter:label1\" content=\"Gesch\u00e4tzte Lesezeit\" \/>\n\t<meta name=\"twitter:data1\" content=\"1\u00a0Minute\" \/>\n<script type=\"application\/ld+json\" class=\"yoast-schema-graph\">{\"@context\":\"https:\\\/\\\/schema.org\",\"@graph\":[{\"@type\":\"WebPage\",\"@id\":\"https:\\\/\\\/www.klaaspuul.com\\\/de\\\/produkte\\\/nordseegarnelen\\\/\",\"url\":\"https:\\\/\\\/www.klaaspuul.com\\\/de\\\/produkte\\\/nordseegarnelen\\\/\",\"name\":\"Nordseegarnelen - Klaas Puul DE\",\"isPartOf\":{\"@id\":\"https:\\\/\\\/www.klaaspuul.com\\\/de\\\/#website\"},\"primaryImageOfPage\":{\"@id\":\"https:\\\/\\\/www.klaaspuul.com\\\/de\\\/produkte\\\/nordseegarnelen\\\/#primaryimage\"},\"image\":{\"@id\":\"https:\\\/\\\/www.klaaspuul.com\\\/de\\\/produkte\\\/nordseegarnelen\\\/#primaryimage\"},\"thumbnailUrl\":\"https:\\\/\\\/www.klaaspuul.com\\\/de\\\/wp-content\\\/uploads\\\/sites\\\/6\\\/2017\\\/01\\\/noordzee-garnalen-shade.jpg\",\"datePublished\":\"2017-01-03T07:56:46+00:00\",\"dateModified\":\"2018-09-05T14:39:31+00:00\",\"breadcrumb\":{\"@id\":\"https:\\\/\\\/www.klaaspuul.com\\\/de\\\/produkte\\\/nordseegarnelen\\\/#breadcrumb\"},\"inLanguage\":\"de\",\"potentialAction\":[{\"@type\":\"ReadAction\",\"target\":[\"https:\\\/\\\/www.klaaspuul.com\\\/de\\\/produkte\\\/nordseegarnelen\\\/\"]}]},{\"@type\":\"ImageObject\",\"inLanguage\":\"de\",\"@id\":\"https:\\\/\\\/www.klaaspuul.com\\\/de\\\/produkte\\\/nordseegarnelen\\\/#primaryimage\",\"url\":\"https:\\\/\\\/www.klaaspuul.com\\\/de\\\/wp-content\\\/uploads\\\/sites\\\/6\\\/2017\\\/01\\\/noordzee-garnalen-shade.jpg\",\"contentUrl\":\"https:\\\/\\\/www.klaaspuul.com\\\/de\\\/wp-content\\\/uploads\\\/sites\\\/6\\\/2017\\\/01\\\/noordzee-garnalen-shade.jpg\",\"width\":520,\"height\":200},{\"@type\":\"BreadcrumbList\",\"@id\":\"https:\\\/\\\/www.klaaspuul.com\\\/de\\\/produkte\\\/nordseegarnelen\\\/#breadcrumb\",\"itemListElement\":[{\"@type\":\"ListItem\",\"position\":1,\"name\":\"Startseite\",\"item\":\"https:\\\/\\\/www.klaaspuul.com\\\/de\\\/\"},{\"@type\":\"ListItem\",\"position\":2,\"name\":\"Produkte\",\"item\":\"https:\\\/\\\/www.klaaspuul.com\\\/de\\\/produkte\\\/\"},{\"@type\":\"ListItem\",\"position\":3,\"name\":\"Nordseegarnelen\"}]},{\"@type\":\"WebSite\",\"@id\":\"https:\\\/\\\/www.klaaspuul.com\\\/de\\\/#website\",\"url\":\"https:\\\/\\\/www.klaaspuul.com\\\/de\\\/\",\"name\":\"Klaas Puul DE\",\"description\":\"Een andere Klaas Puul site\",\"potentialAction\":[{\"@type\":\"SearchAction\",\"target\":{\"@type\":\"EntryPoint\",\"urlTemplate\":\"https:\\\/\\\/www.klaaspuul.com\\\/de\\\/?s={search_term_string}\"},\"query-input\":{\"@type\":\"PropertyValueSpecification\",\"valueRequired\":true,\"valueName\":\"search_term_string\"}}],\"inLanguage\":\"de\"}]}<\/script>\n<!-- \/ Yoast SEO plugin. -->","yoast_head_json":{"title":"Nordseegarnelen - Klaas Puul DE","robots":{"index":"index","follow":"follow","max-snippet":"max-snippet:-1","max-image-preview":"max-image-preview:large","max-video-preview":"max-video-preview:-1"},"canonical":"https:\/\/www.klaaspuul.com\/de\/produkte\/nordseegarnelen\/","og_locale":"de_DE","og_type":"article","og_title":"Nordseegarnelen - Klaas Puul DE","og_description":"Nordseegarnelen Laden Sie die Brosch\u00fcre herunter Wie der Name schon sagt, werden Nordseegarnelen ganz bei uns in der N\u00e4he gefangen. Dank des salzigen, leicht s\u00fc\u00dfen Geschmacks z\u00e4hlt die Nordseegarnele zu den leckersten Garnelen, die es gibt. Bei uns in den Niederlanden wird diese K\u00f6stlichkeit &#8222;holl\u00e4ndische Garnele&#8220; genannt, in Belgien ist sie unter der Bezeichnung &#8222;graue &hellip; Continue reading Nordseegarnelen &rarr;","og_url":"https:\/\/www.klaaspuul.com\/de\/produkte\/nordseegarnelen\/","og_site_name":"Klaas Puul DE","article_modified_time":"2018-09-05T14:39:31+00:00","og_image":[{"url":"https:\/\/www.klaaspuul.com\/de\/wp-content\/uploads\/sites\/6\/2017\/01\/noordzee-garnalen-shade.jpg","type":"","width":"","height":""}],"twitter_card":"summary_large_image","twitter_misc":{"Gesch\u00e4tzte Lesezeit":"1\u00a0Minute"},"schema":{"@context":"https:\/\/schema.org","@graph":[{"@type":"WebPage","@id":"https:\/\/www.klaaspuul.com\/de\/produkte\/nordseegarnelen\/","url":"https:\/\/www.klaaspuul.com\/de\/produkte\/nordseegarnelen\/","name":"Nordseegarnelen - Klaas Puul DE","isPartOf":{"@id":"https:\/\/www.klaaspuul.com\/de\/#website"},"primaryImageOfPage":{"@id":"https:\/\/www.klaaspuul.com\/de\/produkte\/nordseegarnelen\/#primaryimage"},"image":{"@id":"https:\/\/www.klaaspuul.com\/de\/produkte\/nordseegarnelen\/#primaryimage"},"thumbnailUrl":"https:\/\/www.klaaspuul.com\/de\/wp-content\/uploads\/sites\/6\/2017\/01\/noordzee-garnalen-shade.jpg","datePublished":"2017-01-03T07:56:46+00:00","dateModified":"2018-09-05T14:39:31+00:00","breadcrumb":{"@id":"https:\/\/www.klaaspuul.com\/de\/produkte\/nordseegarnelen\/#breadcrumb"},"inLanguage":"de","potentialAction":[{"@type":"ReadAction","target":["https:\/\/www.klaaspuul.com\/de\/produkte\/nordseegarnelen\/"]}]},{"@type":"ImageObject","inLanguage":"de","@id":"https:\/\/www.klaaspuul.com\/de\/produkte\/nordseegarnelen\/#primaryimage","url":"https:\/\/www.klaaspuul.com\/de\/wp-content\/uploads\/sites\/6\/2017\/01\/noordzee-garnalen-shade.jpg","contentUrl":"https:\/\/www.klaaspuul.com\/de\/wp-content\/uploads\/sites\/6\/2017\/01\/noordzee-garnalen-shade.jpg","width":520,"height":200},{"@type":"BreadcrumbList","@id":"https:\/\/www.klaaspuul.com\/de\/produkte\/nordseegarnelen\/#breadcrumb","itemListElement":[{"@type":"ListItem","position":1,"name":"Startseite","item":"https:\/\/www.klaaspuul.com\/de\/"},{"@type":"ListItem","position":2,"name":"Produkte","item":"https:\/\/www.klaaspuul.com\/de\/produkte\/"},{"@type":"ListItem","position":3,"name":"Nordseegarnelen"}]},{"@type":"WebSite","@id":"https:\/\/www.klaaspuul.com\/de\/#website","url":"https:\/\/www.klaaspuul.com\/de\/","name":"Klaas Puul DE","description":"Een andere Klaas Puul site","potentialAction":[{"@type":"SearchAction","target":{"@type":"EntryPoint","urlTemplate":"https:\/\/www.klaaspuul.com\/de\/?s={search_term_string}"},"query-input":{"@type":"PropertyValueSpecification","valueRequired":true,"valueName":"search_term_string"}}],"inLanguage":"de"}]}},"_links":{"self":[{"href":"https:\/\/www.klaaspuul.com\/de\/wp-json\/wp\/v2\/pages\/259","targetHints":{"allow":["GET"]}}],"collection":[{"href":"https:\/\/www.klaaspuul.com\/de\/wp-json\/wp\/v2\/pages"}],"about":[{"href":"https:\/\/www.klaaspuul.com\/de\/wp-json\/wp\/v2\/types\/page"}],"author":[{"embeddable":true,"href":"https:\/\/www.klaaspuul.com\/de\/wp-json\/wp\/v2\/users\/1"}],"replies":[{"embeddable":true,"href":"https:\/\/www.klaaspuul.com\/de\/wp-json\/wp\/v2\/comments?post=259"}],"version-history":[{"count":8,"href":"https:\/\/www.klaaspuul.com\/de\/wp-json\/wp\/v2\/pages\/259\/revisions"}],"predecessor-version":[{"id":698,"href":"https:\/\/www.klaaspuul.com\/de\/wp-json\/wp\/v2\/pages\/259\/revisions\/698"}],"up":[{"embeddable":true,"href":"https:\/\/www.klaaspuul.com\/de\/wp-json\/wp\/v2\/pages\/228"}],"wp:attachment":[{"href":"https:\/\/www.klaaspuul.com\/de\/wp-json\/wp\/v2\/media?parent=259"}],"curies":[{"name":"wp","href":"https:\/\/api.w.org\/{rel}","templated":true}]}}