{"id":265,"date":"2017-01-03T09:05:19","date_gmt":"2017-01-03T08:05:19","guid":{"rendered":"https:\/\/www.klaaspuul.com\/?page_id=265"},"modified":"2018-09-05T16:39:48","modified_gmt":"2018-09-05T14:39:48","slug":"black-tiger-garnelen","status":"publish","type":"page","link":"https:\/\/www.klaaspuul.com\/de\/produkte\/black-tiger-garnelen\/","title":{"rendered":"Black-Tiger-Garnelen"},"content":{"rendered":"<div class=\"inner\">\n<div class=\"product-img\">\n<img decoding=\"async\" src=\"https:\/\/www.klaaspuul.com\/de\/wp-content\/uploads\/sites\/6\/2017\/01\/tiger-shade.jpg\" alt=\"Black-Tiger-Garnelen\">\n<\/div>\n<h1 class=\"entry-title\">Black-Tiger-Garnelen<\/h1>\n<p><a href=\"https:\/\/www.klaaspuul.com\/wp-content\/uploads\/klaas_puul_black_tiger_garnaal_DE_flyer.pdf\" target=\"_blank\"><i class=\"fa fa-file-pdf-o\" aria-hidden=\"true\"><\/i> Laden Sie die Brosch\u00fcre herunter<\/a><\/p>\n<p>Die von Klaas Puul angebotenen Black-Tiger-Garnelen werden in Asien gez\u00fcchtet. Die Aufzucht erfolgt in eigens angelegten Teichen an der K\u00fcste. Diese Riesengarnele kann bis zu 30 cm lang werden. Wir bieten verschiedene Sorten Black-Tiger-Garnelen an, gesch\u00e4lt oder mit Schale, mit oder ohne Kopf.<\/p>\n<ul>\n<li><span><strong>Wissenschaftliche Bezeichnung:<\/strong> Penaeus monodon<\/span><\/li>\n<li><span><strong>Herkunft:<\/strong> Bangladesch \/ Indien \/ Vietnam \/ Indonesien<\/span><\/li>\n<li><span><strong>Geschmack:<\/strong> leicht s\u00fc\u00df, fleischig<\/span><\/li>\n<li><span><strong>Merkmale:<\/strong> harte, dicke Schale mit dunklen Streifen; nach dem Kochen orange-rote Farbe<\/span><\/li>\n<li><span><strong>Angebot:<\/strong> aus Zucht, ganzj\u00e4hri<\/span><\/li>\n<\/ul>\n<\/div>\n","protected":false},"excerpt":{"rendered":"<p>Black-Tiger-Garnelen Laden Sie die Brosch\u00fcre herunter Die von Klaas Puul angebotenen Black-Tiger-Garnelen werden in Asien gez\u00fcchtet. Die Aufzucht erfolgt in eigens angelegten Teichen an der K\u00fcste. Diese Riesengarnele kann bis zu 30 cm lang werden. Wir bieten verschiedene Sorten Black-Tiger-Garnelen an, gesch\u00e4lt oder mit Schale, mit oder ohne Kopf. Wissenschaftliche Bezeichnung: Penaeus monodon Herkunft: Bangladesch &hellip; <a href=\"https:\/\/www.klaaspuul.com\/de\/produkte\/black-tiger-garnelen\/\" class=\"more-link\">Continue reading <span class=\"screen-reader-text\">Black-Tiger-Garnelen<\/span> <span class=\"meta-nav\">&rarr;<\/span><\/a><\/p>\n","protected":false},"author":1,"featured_media":0,"parent":228,"menu_order":0,"comment_status":"closed","ping_status":"closed","template":"","meta":{"_acf_changed":false,"_monsterinsights_skip_tracking":false,"_monsterinsights_sitenote_active":false,"_monsterinsights_sitenote_note":"","_monsterinsights_sitenote_category":0,"footnotes":""},"class_list":["post-265","page","type-page","status-publish","hentry"],"acf":[],"yoast_head":"<!-- This site is optimized with the Yoast SEO plugin v27.3 - https:\/\/yoast.com\/product\/yoast-seo-wordpress\/ -->\n<title>Black-Tiger-Garnelen - Klaas Puul DE<\/title>\n<meta name=\"robots\" content=\"index, follow, max-snippet:-1, max-image-preview:large, max-video-preview:-1\" \/>\n<link rel=\"canonical\" href=\"https:\/\/www.klaaspuul.com\/de\/produkte\/black-tiger-garnelen\/\" \/>\n<meta property=\"og:locale\" content=\"de_DE\" \/>\n<meta property=\"og:type\" content=\"article\" \/>\n<meta property=\"og:title\" content=\"Black-Tiger-Garnelen - Klaas Puul DE\" \/>\n<meta property=\"og:description\" content=\"Black-Tiger-Garnelen Laden Sie die Brosch\u00fcre herunter Die von Klaas Puul angebotenen Black-Tiger-Garnelen werden in Asien gez\u00fcchtet. Die Aufzucht erfolgt in eigens angelegten Teichen an der K\u00fcste. Diese Riesengarnele kann bis zu 30 cm lang werden. Wir bieten verschiedene Sorten Black-Tiger-Garnelen an, gesch\u00e4lt oder mit Schale, mit oder ohne Kopf. Wissenschaftliche Bezeichnung: Penaeus monodon Herkunft: Bangladesch &hellip; Continue reading Black-Tiger-Garnelen &rarr;\" \/>\n<meta property=\"og:url\" content=\"https:\/\/www.klaaspuul.com\/de\/produkte\/black-tiger-garnelen\/\" \/>\n<meta property=\"og:site_name\" content=\"Klaas Puul DE\" \/>\n<meta property=\"article:modified_time\" content=\"2018-09-05T14:39:48+00:00\" \/>\n<meta property=\"og:image\" content=\"https:\/\/www.klaaspuul.com\/de\/wp-content\/uploads\/sites\/6\/2017\/01\/tiger-shade.jpg\" \/>\n<meta name=\"twitter:card\" content=\"summary_large_image\" \/>\n<script type=\"application\/ld+json\" class=\"yoast-schema-graph\">{\"@context\":\"https:\\\/\\\/schema.org\",\"@graph\":[{\"@type\":\"WebPage\",\"@id\":\"https:\\\/\\\/www.klaaspuul.com\\\/de\\\/produkte\\\/black-tiger-garnelen\\\/\",\"url\":\"https:\\\/\\\/www.klaaspuul.com\\\/de\\\/produkte\\\/black-tiger-garnelen\\\/\",\"name\":\"Black-Tiger-Garnelen - Klaas Puul DE\",\"isPartOf\":{\"@id\":\"https:\\\/\\\/www.klaaspuul.com\\\/de\\\/#website\"},\"primaryImageOfPage\":{\"@id\":\"https:\\\/\\\/www.klaaspuul.com\\\/de\\\/produkte\\\/black-tiger-garnelen\\\/#primaryimage\"},\"image\":{\"@id\":\"https:\\\/\\\/www.klaaspuul.com\\\/de\\\/produkte\\\/black-tiger-garnelen\\\/#primaryimage\"},\"thumbnailUrl\":\"https:\\\/\\\/www.klaaspuul.com\\\/de\\\/wp-content\\\/uploads\\\/sites\\\/6\\\/2017\\\/01\\\/tiger-shade.jpg\",\"datePublished\":\"2017-01-03T08:05:19+00:00\",\"dateModified\":\"2018-09-05T14:39:48+00:00\",\"breadcrumb\":{\"@id\":\"https:\\\/\\\/www.klaaspuul.com\\\/de\\\/produkte\\\/black-tiger-garnelen\\\/#breadcrumb\"},\"inLanguage\":\"de\",\"potentialAction\":[{\"@type\":\"ReadAction\",\"target\":[\"https:\\\/\\\/www.klaaspuul.com\\\/de\\\/produkte\\\/black-tiger-garnelen\\\/\"]}]},{\"@type\":\"ImageObject\",\"inLanguage\":\"de\",\"@id\":\"https:\\\/\\\/www.klaaspuul.com\\\/de\\\/produkte\\\/black-tiger-garnelen\\\/#primaryimage\",\"url\":\"https:\\\/\\\/www.klaaspuul.com\\\/de\\\/wp-content\\\/uploads\\\/sites\\\/6\\\/2017\\\/01\\\/tiger-shade.jpg\",\"contentUrl\":\"https:\\\/\\\/www.klaaspuul.com\\\/de\\\/wp-content\\\/uploads\\\/sites\\\/6\\\/2017\\\/01\\\/tiger-shade.jpg\",\"width\":520,\"height\":200},{\"@type\":\"BreadcrumbList\",\"@id\":\"https:\\\/\\\/www.klaaspuul.com\\\/de\\\/produkte\\\/black-tiger-garnelen\\\/#breadcrumb\",\"itemListElement\":[{\"@type\":\"ListItem\",\"position\":1,\"name\":\"Startseite\",\"item\":\"https:\\\/\\\/www.klaaspuul.com\\\/de\\\/\"},{\"@type\":\"ListItem\",\"position\":2,\"name\":\"Produkte\",\"item\":\"https:\\\/\\\/www.klaaspuul.com\\\/de\\\/produkte\\\/\"},{\"@type\":\"ListItem\",\"position\":3,\"name\":\"Black-Tiger-Garnelen\"}]},{\"@type\":\"WebSite\",\"@id\":\"https:\\\/\\\/www.klaaspuul.com\\\/de\\\/#website\",\"url\":\"https:\\\/\\\/www.klaaspuul.com\\\/de\\\/\",\"name\":\"Klaas Puul DE\",\"description\":\"Een andere Klaas Puul site\",\"potentialAction\":[{\"@type\":\"SearchAction\",\"target\":{\"@type\":\"EntryPoint\",\"urlTemplate\":\"https:\\\/\\\/www.klaaspuul.com\\\/de\\\/?s={search_term_string}\"},\"query-input\":{\"@type\":\"PropertyValueSpecification\",\"valueRequired\":true,\"valueName\":\"search_term_string\"}}],\"inLanguage\":\"de\"}]}<\/script>\n<!-- \/ Yoast SEO plugin. -->","yoast_head_json":{"title":"Black-Tiger-Garnelen - Klaas Puul DE","robots":{"index":"index","follow":"follow","max-snippet":"max-snippet:-1","max-image-preview":"max-image-preview:large","max-video-preview":"max-video-preview:-1"},"canonical":"https:\/\/www.klaaspuul.com\/de\/produkte\/black-tiger-garnelen\/","og_locale":"de_DE","og_type":"article","og_title":"Black-Tiger-Garnelen - Klaas Puul DE","og_description":"Black-Tiger-Garnelen Laden Sie die Brosch\u00fcre herunter Die von Klaas Puul angebotenen Black-Tiger-Garnelen werden in Asien gez\u00fcchtet. Die Aufzucht erfolgt in eigens angelegten Teichen an der K\u00fcste. Diese Riesengarnele kann bis zu 30 cm lang werden. Wir bieten verschiedene Sorten Black-Tiger-Garnelen an, gesch\u00e4lt oder mit Schale, mit oder ohne Kopf. Wissenschaftliche Bezeichnung: Penaeus monodon Herkunft: Bangladesch &hellip; Continue reading Black-Tiger-Garnelen &rarr;","og_url":"https:\/\/www.klaaspuul.com\/de\/produkte\/black-tiger-garnelen\/","og_site_name":"Klaas Puul DE","article_modified_time":"2018-09-05T14:39:48+00:00","og_image":[{"url":"https:\/\/www.klaaspuul.com\/de\/wp-content\/uploads\/sites\/6\/2017\/01\/tiger-shade.jpg","type":"","width":"","height":""}],"twitter_card":"summary_large_image","schema":{"@context":"https:\/\/schema.org","@graph":[{"@type":"WebPage","@id":"https:\/\/www.klaaspuul.com\/de\/produkte\/black-tiger-garnelen\/","url":"https:\/\/www.klaaspuul.com\/de\/produkte\/black-tiger-garnelen\/","name":"Black-Tiger-Garnelen - Klaas Puul DE","isPartOf":{"@id":"https:\/\/www.klaaspuul.com\/de\/#website"},"primaryImageOfPage":{"@id":"https:\/\/www.klaaspuul.com\/de\/produkte\/black-tiger-garnelen\/#primaryimage"},"image":{"@id":"https:\/\/www.klaaspuul.com\/de\/produkte\/black-tiger-garnelen\/#primaryimage"},"thumbnailUrl":"https:\/\/www.klaaspuul.com\/de\/wp-content\/uploads\/sites\/6\/2017\/01\/tiger-shade.jpg","datePublished":"2017-01-03T08:05:19+00:00","dateModified":"2018-09-05T14:39:48+00:00","breadcrumb":{"@id":"https:\/\/www.klaaspuul.com\/de\/produkte\/black-tiger-garnelen\/#breadcrumb"},"inLanguage":"de","potentialAction":[{"@type":"ReadAction","target":["https:\/\/www.klaaspuul.com\/de\/produkte\/black-tiger-garnelen\/"]}]},{"@type":"ImageObject","inLanguage":"de","@id":"https:\/\/www.klaaspuul.com\/de\/produkte\/black-tiger-garnelen\/#primaryimage","url":"https:\/\/www.klaaspuul.com\/de\/wp-content\/uploads\/sites\/6\/2017\/01\/tiger-shade.jpg","contentUrl":"https:\/\/www.klaaspuul.com\/de\/wp-content\/uploads\/sites\/6\/2017\/01\/tiger-shade.jpg","width":520,"height":200},{"@type":"BreadcrumbList","@id":"https:\/\/www.klaaspuul.com\/de\/produkte\/black-tiger-garnelen\/#breadcrumb","itemListElement":[{"@type":"ListItem","position":1,"name":"Startseite","item":"https:\/\/www.klaaspuul.com\/de\/"},{"@type":"ListItem","position":2,"name":"Produkte","item":"https:\/\/www.klaaspuul.com\/de\/produkte\/"},{"@type":"ListItem","position":3,"name":"Black-Tiger-Garnelen"}]},{"@type":"WebSite","@id":"https:\/\/www.klaaspuul.com\/de\/#website","url":"https:\/\/www.klaaspuul.com\/de\/","name":"Klaas Puul DE","description":"Een andere Klaas Puul site","potentialAction":[{"@type":"SearchAction","target":{"@type":"EntryPoint","urlTemplate":"https:\/\/www.klaaspuul.com\/de\/?s={search_term_string}"},"query-input":{"@type":"PropertyValueSpecification","valueRequired":true,"valueName":"search_term_string"}}],"inLanguage":"de"}]}},"_links":{"self":[{"href":"https:\/\/www.klaaspuul.com\/de\/wp-json\/wp\/v2\/pages\/265","targetHints":{"allow":["GET"]}}],"collection":[{"href":"https:\/\/www.klaaspuul.com\/de\/wp-json\/wp\/v2\/pages"}],"about":[{"href":"https:\/\/www.klaaspuul.com\/de\/wp-json\/wp\/v2\/types\/page"}],"author":[{"embeddable":true,"href":"https:\/\/www.klaaspuul.com\/de\/wp-json\/wp\/v2\/users\/1"}],"replies":[{"embeddable":true,"href":"https:\/\/www.klaaspuul.com\/de\/wp-json\/wp\/v2\/comments?post=265"}],"version-history":[{"count":7,"href":"https:\/\/www.klaaspuul.com\/de\/wp-json\/wp\/v2\/pages\/265\/revisions"}],"predecessor-version":[{"id":699,"href":"https:\/\/www.klaaspuul.com\/de\/wp-json\/wp\/v2\/pages\/265\/revisions\/699"}],"up":[{"embeddable":true,"href":"https:\/\/www.klaaspuul.com\/de\/wp-json\/wp\/v2\/pages\/228"}],"wp:attachment":[{"href":"https:\/\/www.klaaspuul.com\/de\/wp-json\/wp\/v2\/media?parent=265"}],"curies":[{"name":"wp","href":"https:\/\/api.w.org\/{rel}","templated":true}]}}