{"id":275,"date":"2017-01-03T10:09:05","date_gmt":"2017-01-03T09:09:05","guid":{"rendered":"https:\/\/www.klaaspuul.com\/?page_id=275"},"modified":"2019-02-14T09:48:15","modified_gmt":"2019-02-14T08:48:15","slug":"cocktailgarnelen","status":"publish","type":"page","link":"https:\/\/www.klaaspuul.com\/de\/produkte\/cocktailgarnelen\/","title":{"rendered":"PUD-Garnelen \u2013 Cocktailgarnelen"},"content":{"rendered":"<div class=\"inner\">\n<div class=\"product-img\">\n<img decoding=\"async\" src=\"https:\/\/www.klaaspuul.com\/wp-content\/uploads\/klaaspuul_roze_garnalen-Custom.png\" alt=\"Cocktailgarnelen\">\n<\/div>\n<h1 class=\"entry-title\">PUD-Garnelen \u2013 Cocktailgarnelen<\/h1>\n<p><a href=\"https:\/\/www.klaaspuul.com\/wp-content\/uploads\/klaas_puul_roze-garnaal_DE_flyer.pdf\" target=\"_blank\"><i class=\"fa fa-file-pdf-o\" aria-hidden=\"true\"><\/i> Laden Sie die Brosch\u00fcre herunter<\/a><\/p>\n<p>Dies sind die bekannten Cocktailgarnelen. Sie umfassen verschiedene Arten der Familie Penaeidae und werden in den K\u00fcstenregionen vor S\u00fcdamerika und Asien gefangen. Diese eher kleinen Garnelen werden sofort nach dem Fangen gesch\u00e4lt und tiefgefroren. Der kleine Darm wird nicht entfernt.<\/p>\n<ul>\n<li><span><strong>Wissenschaftliche Bezeichnung:<\/strong> Penaeidae<\/span><\/li>\n<li><span><strong>Herkunft:<\/strong> Indien, Vietnam, China, Guyana<\/span><\/li>\n<li><span><strong>Geschmack:<\/strong> leicht salzig<\/span><\/li>\n<li><span><strong>Merkmale:<\/strong> recht kleine, gekr\u00fcmmte rosafarbene Garnelen<\/span><\/li>\n<li><span><strong>Angebot:<\/strong> aus Fang, ganzj\u00e4hrig<\/span><\/li>\n<\/ul>\n<\/div>\n","protected":false},"excerpt":{"rendered":"<p>PUD-Garnelen \u2013 Cocktailgarnelen Laden Sie die Brosch\u00fcre herunter Dies sind die bekannten Cocktailgarnelen. Sie umfassen verschiedene Arten der Familie Penaeidae und werden in den K\u00fcstenregionen vor S\u00fcdamerika und Asien gefangen. Diese eher kleinen Garnelen werden sofort nach dem Fangen gesch\u00e4lt und tiefgefroren. Der kleine Darm wird nicht entfernt. Wissenschaftliche Bezeichnung: Penaeidae Herkunft: Indien, Vietnam, China, &hellip; <a href=\"https:\/\/www.klaaspuul.com\/de\/produkte\/cocktailgarnelen\/\" class=\"more-link\">Continue reading <span class=\"screen-reader-text\">PUD-Garnelen \u2013 Cocktailgarnelen<\/span> <span class=\"meta-nav\">&rarr;<\/span><\/a><\/p>\n","protected":false},"author":1,"featured_media":0,"parent":228,"menu_order":0,"comment_status":"closed","ping_status":"closed","template":"","meta":{"_acf_changed":false,"_monsterinsights_skip_tracking":false,"_monsterinsights_sitenote_active":false,"_monsterinsights_sitenote_note":"","_monsterinsights_sitenote_category":0,"footnotes":""},"class_list":["post-275","page","type-page","status-publish","hentry"],"acf":[],"yoast_head":"<!-- This site is optimized with the Yoast SEO plugin v27.3 - https:\/\/yoast.com\/product\/yoast-seo-wordpress\/ -->\n<title>PUD-Garnelen \u2013 Cocktailgarnelen - Klaas Puul DE<\/title>\n<meta name=\"robots\" content=\"index, follow, max-snippet:-1, max-image-preview:large, max-video-preview:-1\" \/>\n<link rel=\"canonical\" href=\"https:\/\/www.klaaspuul.com\/de\/produkte\/cocktailgarnelen\/\" \/>\n<meta property=\"og:locale\" content=\"de_DE\" \/>\n<meta property=\"og:type\" content=\"article\" \/>\n<meta property=\"og:title\" content=\"PUD-Garnelen \u2013 Cocktailgarnelen - Klaas Puul DE\" \/>\n<meta property=\"og:description\" content=\"PUD-Garnelen \u2013 Cocktailgarnelen Laden Sie die Brosch\u00fcre herunter Dies sind die bekannten Cocktailgarnelen. Sie umfassen verschiedene Arten der Familie Penaeidae und werden in den K\u00fcstenregionen vor S\u00fcdamerika und Asien gefangen. Diese eher kleinen Garnelen werden sofort nach dem Fangen gesch\u00e4lt und tiefgefroren. Der kleine Darm wird nicht entfernt. Wissenschaftliche Bezeichnung: Penaeidae Herkunft: Indien, Vietnam, China, &hellip; Continue reading PUD-Garnelen \u2013 Cocktailgarnelen &rarr;\" \/>\n<meta property=\"og:url\" content=\"https:\/\/www.klaaspuul.com\/de\/produkte\/cocktailgarnelen\/\" \/>\n<meta property=\"og:site_name\" content=\"Klaas Puul DE\" \/>\n<meta property=\"article:modified_time\" content=\"2019-02-14T08:48:15+00:00\" \/>\n<meta property=\"og:image\" content=\"https:\/\/www.klaaspuul.com\/wp-content\/uploads\/klaaspuul_roze_garnalen-Custom.png\" \/>\n<meta name=\"twitter:card\" content=\"summary_large_image\" \/>\n<script type=\"application\/ld+json\" class=\"yoast-schema-graph\">{\"@context\":\"https:\\\/\\\/schema.org\",\"@graph\":[{\"@type\":\"WebPage\",\"@id\":\"https:\\\/\\\/www.klaaspuul.com\\\/de\\\/produkte\\\/cocktailgarnelen\\\/\",\"url\":\"https:\\\/\\\/www.klaaspuul.com\\\/de\\\/produkte\\\/cocktailgarnelen\\\/\",\"name\":\"PUD-Garnelen \u2013 Cocktailgarnelen - Klaas Puul DE\",\"isPartOf\":{\"@id\":\"https:\\\/\\\/www.klaaspuul.com\\\/de\\\/#website\"},\"primaryImageOfPage\":{\"@id\":\"https:\\\/\\\/www.klaaspuul.com\\\/de\\\/produkte\\\/cocktailgarnelen\\\/#primaryimage\"},\"image\":{\"@id\":\"https:\\\/\\\/www.klaaspuul.com\\\/de\\\/produkte\\\/cocktailgarnelen\\\/#primaryimage\"},\"thumbnailUrl\":\"https:\\\/\\\/www.klaaspuul.com\\\/wp-content\\\/uploads\\\/klaaspuul_roze_garnalen-Custom.png\",\"datePublished\":\"2017-01-03T09:09:05+00:00\",\"dateModified\":\"2019-02-14T08:48:15+00:00\",\"breadcrumb\":{\"@id\":\"https:\\\/\\\/www.klaaspuul.com\\\/de\\\/produkte\\\/cocktailgarnelen\\\/#breadcrumb\"},\"inLanguage\":\"de\",\"potentialAction\":[{\"@type\":\"ReadAction\",\"target\":[\"https:\\\/\\\/www.klaaspuul.com\\\/de\\\/produkte\\\/cocktailgarnelen\\\/\"]}]},{\"@type\":\"ImageObject\",\"inLanguage\":\"de\",\"@id\":\"https:\\\/\\\/www.klaaspuul.com\\\/de\\\/produkte\\\/cocktailgarnelen\\\/#primaryimage\",\"url\":\"https:\\\/\\\/www.klaaspuul.com\\\/wp-content\\\/uploads\\\/klaaspuul_roze_garnalen-Custom.png\",\"contentUrl\":\"https:\\\/\\\/www.klaaspuul.com\\\/wp-content\\\/uploads\\\/klaaspuul_roze_garnalen-Custom.png\"},{\"@type\":\"BreadcrumbList\",\"@id\":\"https:\\\/\\\/www.klaaspuul.com\\\/de\\\/produkte\\\/cocktailgarnelen\\\/#breadcrumb\",\"itemListElement\":[{\"@type\":\"ListItem\",\"position\":1,\"name\":\"Startseite\",\"item\":\"https:\\\/\\\/www.klaaspuul.com\\\/de\\\/\"},{\"@type\":\"ListItem\",\"position\":2,\"name\":\"Produkte\",\"item\":\"https:\\\/\\\/www.klaaspuul.com\\\/de\\\/produkte\\\/\"},{\"@type\":\"ListItem\",\"position\":3,\"name\":\"PUD-Garnelen \u2013 Cocktailgarnelen\"}]},{\"@type\":\"WebSite\",\"@id\":\"https:\\\/\\\/www.klaaspuul.com\\\/de\\\/#website\",\"url\":\"https:\\\/\\\/www.klaaspuul.com\\\/de\\\/\",\"name\":\"Klaas Puul DE\",\"description\":\"Een andere Klaas Puul site\",\"potentialAction\":[{\"@type\":\"SearchAction\",\"target\":{\"@type\":\"EntryPoint\",\"urlTemplate\":\"https:\\\/\\\/www.klaaspuul.com\\\/de\\\/?s={search_term_string}\"},\"query-input\":{\"@type\":\"PropertyValueSpecification\",\"valueRequired\":true,\"valueName\":\"search_term_string\"}}],\"inLanguage\":\"de\"}]}<\/script>\n<!-- \/ Yoast SEO plugin. -->","yoast_head_json":{"title":"PUD-Garnelen \u2013 Cocktailgarnelen - Klaas Puul DE","robots":{"index":"index","follow":"follow","max-snippet":"max-snippet:-1","max-image-preview":"max-image-preview:large","max-video-preview":"max-video-preview:-1"},"canonical":"https:\/\/www.klaaspuul.com\/de\/produkte\/cocktailgarnelen\/","og_locale":"de_DE","og_type":"article","og_title":"PUD-Garnelen \u2013 Cocktailgarnelen - Klaas Puul DE","og_description":"PUD-Garnelen \u2013 Cocktailgarnelen Laden Sie die Brosch\u00fcre herunter Dies sind die bekannten Cocktailgarnelen. Sie umfassen verschiedene Arten der Familie Penaeidae und werden in den K\u00fcstenregionen vor S\u00fcdamerika und Asien gefangen. Diese eher kleinen Garnelen werden sofort nach dem Fangen gesch\u00e4lt und tiefgefroren. Der kleine Darm wird nicht entfernt. Wissenschaftliche Bezeichnung: Penaeidae Herkunft: Indien, Vietnam, China, &hellip; Continue reading PUD-Garnelen \u2013 Cocktailgarnelen &rarr;","og_url":"https:\/\/www.klaaspuul.com\/de\/produkte\/cocktailgarnelen\/","og_site_name":"Klaas Puul DE","article_modified_time":"2019-02-14T08:48:15+00:00","og_image":[{"url":"https:\/\/www.klaaspuul.com\/wp-content\/uploads\/klaaspuul_roze_garnalen-Custom.png","type":"","width":"","height":""}],"twitter_card":"summary_large_image","schema":{"@context":"https:\/\/schema.org","@graph":[{"@type":"WebPage","@id":"https:\/\/www.klaaspuul.com\/de\/produkte\/cocktailgarnelen\/","url":"https:\/\/www.klaaspuul.com\/de\/produkte\/cocktailgarnelen\/","name":"PUD-Garnelen \u2013 Cocktailgarnelen - Klaas Puul DE","isPartOf":{"@id":"https:\/\/www.klaaspuul.com\/de\/#website"},"primaryImageOfPage":{"@id":"https:\/\/www.klaaspuul.com\/de\/produkte\/cocktailgarnelen\/#primaryimage"},"image":{"@id":"https:\/\/www.klaaspuul.com\/de\/produkte\/cocktailgarnelen\/#primaryimage"},"thumbnailUrl":"https:\/\/www.klaaspuul.com\/wp-content\/uploads\/klaaspuul_roze_garnalen-Custom.png","datePublished":"2017-01-03T09:09:05+00:00","dateModified":"2019-02-14T08:48:15+00:00","breadcrumb":{"@id":"https:\/\/www.klaaspuul.com\/de\/produkte\/cocktailgarnelen\/#breadcrumb"},"inLanguage":"de","potentialAction":[{"@type":"ReadAction","target":["https:\/\/www.klaaspuul.com\/de\/produkte\/cocktailgarnelen\/"]}]},{"@type":"ImageObject","inLanguage":"de","@id":"https:\/\/www.klaaspuul.com\/de\/produkte\/cocktailgarnelen\/#primaryimage","url":"https:\/\/www.klaaspuul.com\/wp-content\/uploads\/klaaspuul_roze_garnalen-Custom.png","contentUrl":"https:\/\/www.klaaspuul.com\/wp-content\/uploads\/klaaspuul_roze_garnalen-Custom.png"},{"@type":"BreadcrumbList","@id":"https:\/\/www.klaaspuul.com\/de\/produkte\/cocktailgarnelen\/#breadcrumb","itemListElement":[{"@type":"ListItem","position":1,"name":"Startseite","item":"https:\/\/www.klaaspuul.com\/de\/"},{"@type":"ListItem","position":2,"name":"Produkte","item":"https:\/\/www.klaaspuul.com\/de\/produkte\/"},{"@type":"ListItem","position":3,"name":"PUD-Garnelen \u2013 Cocktailgarnelen"}]},{"@type":"WebSite","@id":"https:\/\/www.klaaspuul.com\/de\/#website","url":"https:\/\/www.klaaspuul.com\/de\/","name":"Klaas Puul DE","description":"Een andere Klaas Puul site","potentialAction":[{"@type":"SearchAction","target":{"@type":"EntryPoint","urlTemplate":"https:\/\/www.klaaspuul.com\/de\/?s={search_term_string}"},"query-input":{"@type":"PropertyValueSpecification","valueRequired":true,"valueName":"search_term_string"}}],"inLanguage":"de"}]}},"_links":{"self":[{"href":"https:\/\/www.klaaspuul.com\/de\/wp-json\/wp\/v2\/pages\/275","targetHints":{"allow":["GET"]}}],"collection":[{"href":"https:\/\/www.klaaspuul.com\/de\/wp-json\/wp\/v2\/pages"}],"about":[{"href":"https:\/\/www.klaaspuul.com\/de\/wp-json\/wp\/v2\/types\/page"}],"author":[{"embeddable":true,"href":"https:\/\/www.klaaspuul.com\/de\/wp-json\/wp\/v2\/users\/1"}],"replies":[{"embeddable":true,"href":"https:\/\/www.klaaspuul.com\/de\/wp-json\/wp\/v2\/comments?post=275"}],"version-history":[{"count":7,"href":"https:\/\/www.klaaspuul.com\/de\/wp-json\/wp\/v2\/pages\/275\/revisions"}],"predecessor-version":[{"id":533,"href":"https:\/\/www.klaaspuul.com\/de\/wp-json\/wp\/v2\/pages\/275\/revisions\/533"}],"up":[{"embeddable":true,"href":"https:\/\/www.klaaspuul.com\/de\/wp-json\/wp\/v2\/pages\/228"}],"wp:attachment":[{"href":"https:\/\/www.klaaspuul.com\/de\/wp-json\/wp\/v2\/media?parent=275"}],"curies":[{"name":"wp","href":"https:\/\/api.w.org\/{rel}","templated":true}]}}