{"id":545,"date":"2017-01-26T14:32:46","date_gmt":"2017-01-26T13:32:46","guid":{"rendered":"https:\/\/www.klaaspuul.com\/?page_id=460"},"modified":"2017-01-30T18:29:32","modified_gmt":"2017-01-30T17:29:32","slug":"surimi","status":"publish","type":"page","link":"https:\/\/www.klaaspuul.com\/de\/produkte\/surimi\/","title":{"rendered":"Surimi"},"content":{"rendered":"<div class=\"inner\">\n<div class=\"product-img\">\n<img decoding=\"async\" src=\"https:\/\/www.klaaspuul.com\/wp-content\/uploads\/2017\/01\/Klaas-Puul-Produkten_surimi.jpg\" alt=\"Surimi Foto\">\n<\/div>\n<h1 class=\"entry-title\">Surimi<\/h1>\n<p>Dieses Krabbenimitat ist f\u00fcr verschiedene Gerichte als Zutat geeignet, zum Beispiel f\u00fcr Salate oder Snacks. Die Ausgangsstoff f\u00fcr Surimi ist Wei\u00dffisch wie Scheinschnapper, Seelachs und\/oder Pollack.<\/p>\n<ul>\n<li><span><strong>Wissenschaftliche Bezeichnung:<\/strong> Nemipterus Spp. \/ Theragra chalcogramma<\/span><\/li>\n<li><span><strong>Herkunft:<\/strong> Thailand, Indien<\/span><\/li>\n<li><span><strong>Geschmack:<\/strong> s\u00fc\u00df, Krabbengeschmack<\/span><\/li>\n<li><span><strong>Merkmale:<\/strong> Wei\u00df mit rotem R\u00fccken<\/span><\/li>\n<li><span><strong>Angebot:<\/strong> ganzj\u00e4hrig<\/span><\/li>\n<\/ul>\n<\/div>\n","protected":false},"excerpt":{"rendered":"<p>Surimi Dieses Krabbenimitat ist f\u00fcr verschiedene Gerichte als Zutat geeignet, zum Beispiel f\u00fcr Salate oder Snacks. Die Ausgangsstoff f\u00fcr Surimi ist Wei\u00dffisch wie Scheinschnapper, Seelachs und\/oder Pollack. Wissenschaftliche Bezeichnung: Nemipterus Spp. \/ Theragra chalcogramma Herkunft: Thailand, Indien Geschmack: s\u00fc\u00df, Krabbengeschmack Merkmale: Wei\u00df mit rotem R\u00fccken Angebot: ganzj\u00e4hrig<\/p>\n","protected":false},"author":1,"featured_media":0,"parent":228,"menu_order":0,"comment_status":"closed","ping_status":"closed","template":"","meta":{"_acf_changed":false,"_monsterinsights_skip_tracking":false,"_monsterinsights_sitenote_active":false,"_monsterinsights_sitenote_note":"","_monsterinsights_sitenote_category":0,"footnotes":""},"class_list":["post-545","page","type-page","status-publish","hentry"],"acf":[],"yoast_head":"<!-- This site is optimized with the Yoast SEO plugin v27.4 - https:\/\/yoast.com\/product\/yoast-seo-wordpress\/ -->\n<title>Surimi - Klaas Puul DE<\/title>\n<meta name=\"robots\" content=\"index, follow, max-snippet:-1, max-image-preview:large, max-video-preview:-1\" \/>\n<link rel=\"canonical\" href=\"https:\/\/www.klaaspuul.com\/de\/produkte\/surimi\/\" \/>\n<meta property=\"og:locale\" content=\"de_DE\" \/>\n<meta property=\"og:type\" content=\"article\" \/>\n<meta property=\"og:title\" content=\"Surimi - Klaas Puul DE\" \/>\n<meta property=\"og:description\" content=\"Surimi Dieses Krabbenimitat ist f\u00fcr verschiedene Gerichte als Zutat geeignet, zum Beispiel f\u00fcr Salate oder Snacks. Die Ausgangsstoff f\u00fcr Surimi ist Wei\u00dffisch wie Scheinschnapper, Seelachs und\/oder Pollack. Wissenschaftliche Bezeichnung: Nemipterus Spp. \/ Theragra chalcogramma Herkunft: Thailand, Indien Geschmack: s\u00fc\u00df, Krabbengeschmack Merkmale: Wei\u00df mit rotem R\u00fccken Angebot: ganzj\u00e4hrig\" \/>\n<meta property=\"og:url\" content=\"https:\/\/www.klaaspuul.com\/de\/produkte\/surimi\/\" \/>\n<meta property=\"og:site_name\" content=\"Klaas Puul DE\" \/>\n<meta property=\"article:modified_time\" content=\"2017-01-30T17:29:32+00:00\" \/>\n<meta property=\"og:image\" content=\"https:\/\/www.klaaspuul.com\/wp-content\/uploads\/2017\/01\/Klaas-Puul-Produkten_surimi.jpg\" \/>\n<meta name=\"twitter:card\" content=\"summary_large_image\" \/>\n<script type=\"application\/ld+json\" class=\"yoast-schema-graph\">{\"@context\":\"https:\\\/\\\/schema.org\",\"@graph\":[{\"@type\":\"WebPage\",\"@id\":\"https:\\\/\\\/www.klaaspuul.com\\\/de\\\/produkte\\\/surimi\\\/\",\"url\":\"https:\\\/\\\/www.klaaspuul.com\\\/de\\\/produkte\\\/surimi\\\/\",\"name\":\"Surimi - Klaas Puul DE\",\"isPartOf\":{\"@id\":\"https:\\\/\\\/www.klaaspuul.com\\\/de\\\/#website\"},\"primaryImageOfPage\":{\"@id\":\"https:\\\/\\\/www.klaaspuul.com\\\/de\\\/produkte\\\/surimi\\\/#primaryimage\"},\"image\":{\"@id\":\"https:\\\/\\\/www.klaaspuul.com\\\/de\\\/produkte\\\/surimi\\\/#primaryimage\"},\"thumbnailUrl\":\"https:\\\/\\\/www.klaaspuul.com\\\/wp-content\\\/uploads\\\/2017\\\/01\\\/Klaas-Puul-Produkten_surimi.jpg\",\"datePublished\":\"2017-01-26T13:32:46+00:00\",\"dateModified\":\"2017-01-30T17:29:32+00:00\",\"breadcrumb\":{\"@id\":\"https:\\\/\\\/www.klaaspuul.com\\\/de\\\/produkte\\\/surimi\\\/#breadcrumb\"},\"inLanguage\":\"de\",\"potentialAction\":[{\"@type\":\"ReadAction\",\"target\":[\"https:\\\/\\\/www.klaaspuul.com\\\/de\\\/produkte\\\/surimi\\\/\"]}]},{\"@type\":\"ImageObject\",\"inLanguage\":\"de\",\"@id\":\"https:\\\/\\\/www.klaaspuul.com\\\/de\\\/produkte\\\/surimi\\\/#primaryimage\",\"url\":\"https:\\\/\\\/www.klaaspuul.com\\\/wp-content\\\/uploads\\\/2017\\\/01\\\/Klaas-Puul-Produkten_surimi.jpg\",\"contentUrl\":\"https:\\\/\\\/www.klaaspuul.com\\\/wp-content\\\/uploads\\\/2017\\\/01\\\/Klaas-Puul-Produkten_surimi.jpg\"},{\"@type\":\"BreadcrumbList\",\"@id\":\"https:\\\/\\\/www.klaaspuul.com\\\/de\\\/produkte\\\/surimi\\\/#breadcrumb\",\"itemListElement\":[{\"@type\":\"ListItem\",\"position\":1,\"name\":\"Startseite\",\"item\":\"https:\\\/\\\/www.klaaspuul.com\\\/de\\\/\"},{\"@type\":\"ListItem\",\"position\":2,\"name\":\"Produkte\",\"item\":\"https:\\\/\\\/www.klaaspuul.com\\\/de\\\/produkte\\\/\"},{\"@type\":\"ListItem\",\"position\":3,\"name\":\"Surimi\"}]},{\"@type\":\"WebSite\",\"@id\":\"https:\\\/\\\/www.klaaspuul.com\\\/de\\\/#website\",\"url\":\"https:\\\/\\\/www.klaaspuul.com\\\/de\\\/\",\"name\":\"Klaas Puul DE\",\"description\":\"Een andere Klaas Puul site\",\"potentialAction\":[{\"@type\":\"SearchAction\",\"target\":{\"@type\":\"EntryPoint\",\"urlTemplate\":\"https:\\\/\\\/www.klaaspuul.com\\\/de\\\/?s={search_term_string}\"},\"query-input\":{\"@type\":\"PropertyValueSpecification\",\"valueRequired\":true,\"valueName\":\"search_term_string\"}}],\"inLanguage\":\"de\"}]}<\/script>\n<!-- \/ Yoast SEO plugin. -->","yoast_head_json":{"title":"Surimi - Klaas Puul DE","robots":{"index":"index","follow":"follow","max-snippet":"max-snippet:-1","max-image-preview":"max-image-preview:large","max-video-preview":"max-video-preview:-1"},"canonical":"https:\/\/www.klaaspuul.com\/de\/produkte\/surimi\/","og_locale":"de_DE","og_type":"article","og_title":"Surimi - Klaas Puul DE","og_description":"Surimi Dieses Krabbenimitat ist f\u00fcr verschiedene Gerichte als Zutat geeignet, zum Beispiel f\u00fcr Salate oder Snacks. Die Ausgangsstoff f\u00fcr Surimi ist Wei\u00dffisch wie Scheinschnapper, Seelachs und\/oder Pollack. Wissenschaftliche Bezeichnung: Nemipterus Spp. \/ Theragra chalcogramma Herkunft: Thailand, Indien Geschmack: s\u00fc\u00df, Krabbengeschmack Merkmale: Wei\u00df mit rotem R\u00fccken Angebot: ganzj\u00e4hrig","og_url":"https:\/\/www.klaaspuul.com\/de\/produkte\/surimi\/","og_site_name":"Klaas Puul DE","article_modified_time":"2017-01-30T17:29:32+00:00","og_image":[{"url":"https:\/\/www.klaaspuul.com\/wp-content\/uploads\/2017\/01\/Klaas-Puul-Produkten_surimi.jpg","type":"","width":"","height":""}],"twitter_card":"summary_large_image","schema":{"@context":"https:\/\/schema.org","@graph":[{"@type":"WebPage","@id":"https:\/\/www.klaaspuul.com\/de\/produkte\/surimi\/","url":"https:\/\/www.klaaspuul.com\/de\/produkte\/surimi\/","name":"Surimi - Klaas Puul DE","isPartOf":{"@id":"https:\/\/www.klaaspuul.com\/de\/#website"},"primaryImageOfPage":{"@id":"https:\/\/www.klaaspuul.com\/de\/produkte\/surimi\/#primaryimage"},"image":{"@id":"https:\/\/www.klaaspuul.com\/de\/produkte\/surimi\/#primaryimage"},"thumbnailUrl":"https:\/\/www.klaaspuul.com\/wp-content\/uploads\/2017\/01\/Klaas-Puul-Produkten_surimi.jpg","datePublished":"2017-01-26T13:32:46+00:00","dateModified":"2017-01-30T17:29:32+00:00","breadcrumb":{"@id":"https:\/\/www.klaaspuul.com\/de\/produkte\/surimi\/#breadcrumb"},"inLanguage":"de","potentialAction":[{"@type":"ReadAction","target":["https:\/\/www.klaaspuul.com\/de\/produkte\/surimi\/"]}]},{"@type":"ImageObject","inLanguage":"de","@id":"https:\/\/www.klaaspuul.com\/de\/produkte\/surimi\/#primaryimage","url":"https:\/\/www.klaaspuul.com\/wp-content\/uploads\/2017\/01\/Klaas-Puul-Produkten_surimi.jpg","contentUrl":"https:\/\/www.klaaspuul.com\/wp-content\/uploads\/2017\/01\/Klaas-Puul-Produkten_surimi.jpg"},{"@type":"BreadcrumbList","@id":"https:\/\/www.klaaspuul.com\/de\/produkte\/surimi\/#breadcrumb","itemListElement":[{"@type":"ListItem","position":1,"name":"Startseite","item":"https:\/\/www.klaaspuul.com\/de\/"},{"@type":"ListItem","position":2,"name":"Produkte","item":"https:\/\/www.klaaspuul.com\/de\/produkte\/"},{"@type":"ListItem","position":3,"name":"Surimi"}]},{"@type":"WebSite","@id":"https:\/\/www.klaaspuul.com\/de\/#website","url":"https:\/\/www.klaaspuul.com\/de\/","name":"Klaas Puul DE","description":"Een andere Klaas Puul site","potentialAction":[{"@type":"SearchAction","target":{"@type":"EntryPoint","urlTemplate":"https:\/\/www.klaaspuul.com\/de\/?s={search_term_string}"},"query-input":{"@type":"PropertyValueSpecification","valueRequired":true,"valueName":"search_term_string"}}],"inLanguage":"de"}]}},"_links":{"self":[{"href":"https:\/\/www.klaaspuul.com\/de\/wp-json\/wp\/v2\/pages\/545","targetHints":{"allow":["GET"]}}],"collection":[{"href":"https:\/\/www.klaaspuul.com\/de\/wp-json\/wp\/v2\/pages"}],"about":[{"href":"https:\/\/www.klaaspuul.com\/de\/wp-json\/wp\/v2\/types\/page"}],"author":[{"embeddable":true,"href":"https:\/\/www.klaaspuul.com\/de\/wp-json\/wp\/v2\/users\/1"}],"replies":[{"embeddable":true,"href":"https:\/\/www.klaaspuul.com\/de\/wp-json\/wp\/v2\/comments?post=545"}],"version-history":[{"count":6,"href":"https:\/\/www.klaaspuul.com\/de\/wp-json\/wp\/v2\/pages\/545\/revisions"}],"predecessor-version":[{"id":633,"href":"https:\/\/www.klaaspuul.com\/de\/wp-json\/wp\/v2\/pages\/545\/revisions\/633"}],"up":[{"embeddable":true,"href":"https:\/\/www.klaaspuul.com\/de\/wp-json\/wp\/v2\/pages\/228"}],"wp:attachment":[{"href":"https:\/\/www.klaaspuul.com\/de\/wp-json\/wp\/v2\/media?parent=545"}],"curies":[{"name":"wp","href":"https:\/\/api.w.org\/{rel}","templated":true}]}}