{"id":684,"date":"2018-06-06T09:10:13","date_gmt":"2018-06-06T07:10:13","guid":{"rendered":"https:\/\/www.klaaspuul.com\/de\/?page_id=684"},"modified":"2018-06-06T09:10:13","modified_gmt":"2018-06-06T07:10:13","slug":"cookies","status":"publish","type":"page","link":"https:\/\/www.klaaspuul.com\/de\/cookies\/","title":{"rendered":"Cookies"},"content":{"rendered":"<div class=\"inner\">\n<p class=\"CookieDeclarationDialogText\">Diese Webseite verwendet Cookies. Wir verwenden Cookies, um Inhalte und Anzeigen zu personalisieren, Funktionen f\u00fcr soziale Medien anbieten zu k\u00f6nnen und die Zugriffe auf unsere Website zu analysieren. Au\u00dferdem geben wir Informationen zu Ihrer Verwendung unserer Website an unsere Partner f\u00fcr soziale Medien, Werbung und Analysen weiter. Unsere Partner f\u00fchren diese Informationen m\u00f6glicherweise mit weiteren Daten zusammen, die Sie ihnen bereitgestellt haben oder die sie im Rahmen Ihrer Nutzung der Dienste gesammelt haben. Sie geben Einwilligung zu unseren Cookies, wenn Sie unsere Webseite weiterhin nutzen.<\/p>\n<p class=\"CookieDeclarationIntro\">Cookies sind kleine Textdateien, die von Webseiten verwendet werden, um die Benutzererfahrung effizienter zu gestalten.<\/p>\n<p>Laut Gesetz k\u00f6nnen wir Cookies auf Ihrem Ger\u00e4t speichern, wenn diese f\u00fcr den Betrieb dieser Seite unbedingt notwendig sind. F\u00fcr alle anderen Cookie-Typen ben\u00f6tigen wir Ihre Erlaubnis.<\/p>\n<p>Diese Seite verwendet unterschiedliche Cookie-Typen. Einige Cookies werden von Drittparteien platziert, die auf unseren Seiten erscheinen.<\/p>\n<p>Erfahren Sie in unserer Datenschutzrichtlinie mehr dar\u00fcber, wer wir sind, wie Sie uns kontaktieren k\u00f6nnen und wie wir personenbezogene Daten verarbeiten.<\/p>\n<p>Ihre Einwilligung trifft auf die folgenden Domains zu: <strong>www.klaaspuul.com<\/strong><\/p>\n<p class=\"CookieDeclarationLastUpdated\">Die Cookie-Erkl\u00e4rung wurde das letzte Mal am 05.06.2018 aktualisiert:<\/p>\n<div class=\"CookieDeclarationType\" dir=\"ltr\" lang=\"de\">\n<p class=\"CookieDeclarationTypeHeader\"><strong>Notwendig (2)<\/strong><\/p>\n<p class=\"CookieDeclarationTypeDescription\">Notwendige Cookies helfen dabei, eine Webseite nutzbar zu machen, indem sie Grundfunktionen wie Seitennavigation und Zugriff auf sichere Bereiche der Webseite erm\u00f6glichen. Die Webseite kann ohne diese Cookies nicht richtig funktionieren.<\/p>\n<table class=\"CookieDeclarationTable\">\n<colgroup>\n<col \/>\n<col \/>\n<col \/>\n<col \/>\n<col \/><\/colgroup>\n<thead>\n<tr>\n<th class=\"CookieDeclarationTableHeader\" dir=\"ltr\" scope=\"col\">Name<\/th>\n<th class=\"CookieDeclarationTableHeader\" dir=\"ltr\" scope=\"col\">Anbieter<\/th>\n<th class=\"CookieDeclarationTableHeader\" dir=\"ltr\" scope=\"col\">Zweck<\/th>\n<th class=\"CookieDeclarationTableHeader\" dir=\"ltr\" scope=\"col\">Ablauf<\/th>\n<th class=\"CookieDeclarationTableHeader\" dir=\"ltr\" scope=\"col\">Typ<\/th>\n<\/tr>\n<\/thead>\n<tbody>\n<tr>\n<td class=\"CookieDeclarationTableCell\" title=\"CookieConsent\">CookieConsent<\/td>\n<td class=\"CookieDeclarationTableCell\" title=\"klaaspuul.com\">klaaspuul.com<\/td>\n<td class=\"CookieDeclarationTableCell\" title=\"Speichert den Zustimmungsstatus des Benutzers f\u00fcr Cookies auf der aktuellen Dom\u00e4ne.\">Speichert den Zustimmungsstatus des Benutzers f\u00fcr Cookies auf der aktuellen Dom\u00e4ne.<\/td>\n<td class=\"CookieDeclarationTableCell\" title=\"1 Jahr\">1 Jahr<\/td>\n<td class=\"CookieDeclarationTableCell\" title=\"HTTP Cookie\">HTTP Cookie<\/td>\n<\/tr>\n<tr>\n<td class=\"CookieDeclarationTableCell\" title=\"PHPSESSID\">PHPSESSID<\/td>\n<td class=\"CookieDeclarationTableCell\" title=\"klaaspuul.com\">klaaspuul.com<\/td>\n<td class=\"CookieDeclarationTableCell\" title=\"Beh\u00e4lt die Zust\u00e4nde des Benutzers bei allen Seitenanfragen bei.\">Beh\u00e4lt die Zust\u00e4nde des Benutzers bei allen Seitenanfragen bei.<\/td>\n<td class=\"CookieDeclarationTableCell\" title=\"Session\">Session<\/td>\n<td class=\"CookieDeclarationTableCell\" title=\"HTTP Cookie\">HTTP Cookie<\/td>\n<\/tr>\n<\/tbody>\n<\/table>\n<\/div>\n<div class=\"CookieDeclarationType\" dir=\"ltr\" lang=\"de\">\n<p class=\"CookieDeclarationTypeHeader\"><strong>Statistiken (5)<\/strong><\/p>\n<p class=\"CookieDeclarationTypeDescription\">Statistik-Cookies helfen Webseiten-Besitzern zu verstehen, wie Besucher mit Webseiten interagieren, indem Informationen anonym gesammelt und gemeldet werden.<\/p>\n<table class=\"CookieDeclarationTable\">\n<colgroup>\n<col \/>\n<col \/>\n<col \/>\n<col \/>\n<col \/><\/colgroup>\n<thead>\n<tr>\n<th class=\"CookieDeclarationTableHeader\" dir=\"ltr\" scope=\"col\">Name<\/th>\n<th class=\"CookieDeclarationTableHeader\" dir=\"ltr\" scope=\"col\">Anbieter<\/th>\n<th class=\"CookieDeclarationTableHeader\" dir=\"ltr\" scope=\"col\">Zweck<\/th>\n<th class=\"CookieDeclarationTableHeader\" dir=\"ltr\" scope=\"col\">Ablauf<\/th>\n<th class=\"CookieDeclarationTableHeader\" dir=\"ltr\" scope=\"col\">Typ<\/th>\n<\/tr>\n<\/thead>\n<tbody>\n<tr>\n<td class=\"CookieDeclarationTableCell\" title=\"@@History\/@@scroll|#\">@@History\/@@scroll|#<\/td>\n<td class=\"CookieDeclarationTableCell\" title=\"youtube.com\">youtube.com<\/td>\n<td class=\"CookieDeclarationTableCell\" title=\"Anstehend\">Anstehend<\/td>\n<td class=\"CookieDeclarationTableCell\" title=\"Session\">Session<\/td>\n<td class=\"CookieDeclarationTableCell\" title=\"HTML Local Storage\">HTML Local Storage<\/td>\n<\/tr>\n<tr>\n<td class=\"CookieDeclarationTableCell\" title=\"_ga\">_ga<\/td>\n<td class=\"CookieDeclarationTableCell\" title=\"klaaspuul.com\">klaaspuul.com<\/td>\n<td class=\"CookieDeclarationTableCell\" title=\"Registriert eine eindeutige ID, die verwendet wird, um statistische Daten dazu, wie der Besucher die Website nutzt, zu generieren.\">Registriert eine eindeutige ID, die verwendet wird, um statistische Daten dazu, wie der Besucher die Website nutzt, zu generieren.<\/td>\n<td class=\"CookieDeclarationTableCell\" title=\"2 Jahre\">2 Jahre<\/td>\n<td class=\"CookieDeclarationTableCell\" title=\"HTTP Cookie\">HTTP Cookie<\/td>\n<\/tr>\n<tr>\n<td class=\"CookieDeclarationTableCell\" title=\"_gat\">_gat<\/td>\n<td class=\"CookieDeclarationTableCell\" title=\"klaaspuul.com\">klaaspuul.com<\/td>\n<td class=\"CookieDeclarationTableCell\" title=\"Wird von Google Analytics verwendet, um die Anforderungsrate einzuschr\u00e4nken\">Wird von Google Analytics verwendet, um die Anforderungsrate einzuschr\u00e4nken<\/td>\n<td class=\"CookieDeclarationTableCell\" title=\"Session\">Session<\/td>\n<td class=\"CookieDeclarationTableCell\" title=\"HTTP Cookie\">HTTP Cookie<\/td>\n<\/tr>\n<tr>\n<td class=\"CookieDeclarationTableCell\" title=\"_gid\">_gid<\/td>\n<td class=\"CookieDeclarationTableCell\" title=\"klaaspuul.com\">klaaspuul.com<\/td>\n<td class=\"CookieDeclarationTableCell\" title=\"Registriert eine eindeutige ID, die verwendet wird, um statistische Daten dazu, wie der Besucher die Website nutzt, zu generieren.\">Registriert eine eindeutige ID, die verwendet wird, um statistische Daten dazu, wie der Besucher die Website nutzt, zu generieren.<\/td>\n<td class=\"CookieDeclarationTableCell\" title=\"Session\">Session<\/td>\n<td class=\"CookieDeclarationTableCell\" title=\"HTTP Cookie\">HTTP Cookie<\/td>\n<\/tr>\n<tr>\n<td class=\"CookieDeclarationTableCell\" title=\"collect\">collect<\/td>\n<td class=\"CookieDeclarationTableCell\" title=\"google-analytics.com\">google-analytics.com<\/td>\n<td class=\"CookieDeclarationTableCell\" title=\"Used to send data to Google Analytics about the visitor's device and behaviour. Tracks the visitor across devices and marketing channels.\">Used to send data to Google Analytics about the visitor&#8217;s device and behaviour. Tracks the visitor across devices and marketing channels.<\/td>\n<td class=\"CookieDeclarationTableCell\" title=\"Session\">Session<\/td>\n<td class=\"CookieDeclarationTableCell\" title=\"Pixel Tracker\">Pixel Tracker<\/td>\n<\/tr>\n<\/tbody>\n<\/table>\n<\/div>\n<div class=\"CookieDeclarationType\" dir=\"ltr\" lang=\"de\">\n<p class=\"CookieDeclarationTypeHeader\"><strong>Marketing (4)<\/strong><\/p>\n<p class=\"CookieDeclarationTypeDescription\">Marketing-Cookies werden verwendet, um Besuchern auf Webseiten zu folgen. Die Absicht ist, Anzeigen zu zeigen, die relevant und ansprechend f\u00fcr den einzelnen Benutzer sind und daher wertvoller f\u00fcr Publisher und werbetreibende Drittparteien sind.<\/p>\n<table class=\"CookieDeclarationTable\">\n<colgroup>\n<col \/>\n<col \/>\n<col \/>\n<col \/>\n<col \/><\/colgroup>\n<thead>\n<tr>\n<th class=\"CookieDeclarationTableHeader\" dir=\"ltr\" scope=\"col\">Name<\/th>\n<th class=\"CookieDeclarationTableHeader\" dir=\"ltr\" scope=\"col\">Anbieter<\/th>\n<th class=\"CookieDeclarationTableHeader\" dir=\"ltr\" scope=\"col\">Zweck<\/th>\n<th class=\"CookieDeclarationTableHeader\" dir=\"ltr\" scope=\"col\">Ablauf<\/th>\n<th class=\"CookieDeclarationTableHeader\" dir=\"ltr\" scope=\"col\">Typ<\/th>\n<\/tr>\n<\/thead>\n<tbody>\n<tr>\n<td class=\"CookieDeclarationTableCell\" title=\"GPS\">GPS<\/td>\n<td class=\"CookieDeclarationTableCell\" title=\"youtube.com\">youtube.com<\/td>\n<td class=\"CookieDeclarationTableCell\" title=\"Registriert eine eindeutige ID auf mobilen Ger\u00e4ten, um Tracking basierend auf dem geografischen GPS-Standort zu erm\u00f6glichen.\">Registriert eine eindeutige ID auf mobilen Ger\u00e4ten, um Tracking basierend auf dem geografischen GPS-Standort zu erm\u00f6glichen.<\/td>\n<td class=\"CookieDeclarationTableCell\" title=\"Session\">Session<\/td>\n<td class=\"CookieDeclarationTableCell\" title=\"HTTP Cookie\">HTTP Cookie<\/td>\n<\/tr>\n<tr>\n<td class=\"CookieDeclarationTableCell\" title=\"NID\">NID<\/td>\n<td class=\"CookieDeclarationTableCell\" title=\"google.com\">google.com<\/td>\n<td class=\"CookieDeclarationTableCell\" title=\"Registriert eine eindeutige ID, die das Ger\u00e4t eines wiederkehrenden Benutzers identifiziert. Die ID wird f\u00fcr gezielte Werbung genutzt.\">Registriert eine eindeutige ID, die das Ger\u00e4t eines wiederkehrenden Benutzers identifiziert. Die ID wird f\u00fcr gezielte Werbung genutzt.<\/td>\n<td class=\"CookieDeclarationTableCell\" title=\"6 Monate\">6 Monate<\/td>\n<td class=\"CookieDeclarationTableCell\" title=\"HTTP Cookie\">HTTP Cookie<\/td>\n<\/tr>\n<tr>\n<td class=\"CookieDeclarationTableCell\" title=\"VISITOR_INFO1_LIVE\">VISITOR_INFO1_LIVE<\/td>\n<td class=\"CookieDeclarationTableCell\" title=\"youtube.com\">youtube.com<\/td>\n<td class=\"CookieDeclarationTableCell\" title=\"Versucht, die Benutzerbandbreite auf Seiten mit integrierten YouTube-Videos zu sch\u00e4tzen.\">Versucht, die Benutzerbandbreite auf Seiten mit integrierten YouTube-Videos zu sch\u00e4tzen.<\/td>\n<td class=\"CookieDeclarationTableCell\" title=\"179 Tage\">179 Tage<\/td>\n<td class=\"CookieDeclarationTableCell\" title=\"HTTP Cookie\">HTTP Cookie<\/td>\n<\/tr>\n<tr>\n<td class=\"CookieDeclarationTableCell\" title=\"YSC\">YSC<\/td>\n<td class=\"CookieDeclarationTableCell\" title=\"youtube.com\">youtube.com<\/td>\n<td class=\"CookieDeclarationTableCell\" title=\"Registriert eine eindeutige ID, um Statistiken der Videos von YouTube, die der Benutzer gesehen hat, zu behalten.\">Registriert eine eindeutige ID, um Statistiken der Videos von YouTube, die der Benutzer gesehen hat, zu behalten.<\/td>\n<td class=\"CookieDeclarationTableCell\" title=\"Session\">Session<\/td>\n<td class=\"CookieDeclarationTableCell\" title=\"HTTP Cookie\">HTTP Cookie<\/td>\n<\/tr>\n<\/tbody>\n<\/table>\n<\/div>\n<p>&nbsp;<\/p>\n<h2>Cookie-Einstellungen verwalten<\/h2>\n<p>Um Cookie-Einstellungen schnell und einfach auf jedem Ger\u00e4t und Browser zu verwalten, k\u00f6nnen Sie den Anweisungen auf <strong><a href=\"https:\/\/cookies.insites.com\/disable-cookies\/\" target=\"_blank\" rel=\"noopener\">diesem Link<\/a><\/strong> folgen.<\/p>\n<\/div>\n","protected":false},"excerpt":{"rendered":"<p>Diese Webseite verwendet Cookies. Wir verwenden Cookies, um Inhalte und Anzeigen zu personalisieren, Funktionen f\u00fcr soziale Medien anbieten zu k\u00f6nnen und die Zugriffe auf unsere Website zu analysieren. Au\u00dferdem geben wir Informationen zu Ihrer Verwendung unserer Website an unsere Partner f\u00fcr soziale Medien, Werbung und Analysen weiter. Unsere Partner f\u00fchren diese Informationen m\u00f6glicherweise mit weiteren &hellip; <a href=\"https:\/\/www.klaaspuul.com\/de\/cookies\/\" class=\"more-link\">Continue reading <span class=\"screen-reader-text\">Cookies<\/span> <span class=\"meta-nav\">&rarr;<\/span><\/a><\/p>\n","protected":false},"author":1,"featured_media":0,"parent":0,"menu_order":0,"comment_status":"closed","ping_status":"closed","template":"","meta":{"_acf_changed":false,"_monsterinsights_skip_tracking":false,"_monsterinsights_sitenote_active":false,"_monsterinsights_sitenote_note":"","_monsterinsights_sitenote_category":0,"footnotes":""},"class_list":["post-684","page","type-page","status-publish","hentry"],"acf":[],"yoast_head":"<!-- This site is optimized with the Yoast SEO plugin v27.3 - https:\/\/yoast.com\/product\/yoast-seo-wordpress\/ -->\n<title>Cookies - Klaas Puul DE<\/title>\n<meta name=\"robots\" content=\"index, follow, max-snippet:-1, max-image-preview:large, max-video-preview:-1\" \/>\n<link rel=\"canonical\" href=\"https:\/\/www.klaaspuul.com\/de\/cookies\/\" \/>\n<meta property=\"og:locale\" content=\"de_DE\" \/>\n<meta property=\"og:type\" content=\"article\" \/>\n<meta property=\"og:title\" content=\"Cookies - Klaas Puul DE\" \/>\n<meta property=\"og:description\" content=\"Diese Webseite verwendet Cookies. Wir verwenden Cookies, um Inhalte und Anzeigen zu personalisieren, Funktionen f\u00fcr soziale Medien anbieten zu k\u00f6nnen und die Zugriffe auf unsere Website zu analysieren. Au\u00dferdem geben wir Informationen zu Ihrer Verwendung unserer Website an unsere Partner f\u00fcr soziale Medien, Werbung und Analysen weiter. Unsere Partner f\u00fchren diese Informationen m\u00f6glicherweise mit weiteren &hellip; Continue reading Cookies &rarr;\" \/>\n<meta property=\"og:url\" content=\"https:\/\/www.klaaspuul.com\/de\/cookies\/\" \/>\n<meta property=\"og:site_name\" content=\"Klaas Puul DE\" \/>\n<meta name=\"twitter:card\" content=\"summary_large_image\" \/>\n<meta name=\"twitter:label1\" content=\"Gesch\u00e4tzte Lesezeit\" \/>\n\t<meta name=\"twitter:data1\" content=\"3\u00a0Minuten\" \/>\n<script type=\"application\/ld+json\" class=\"yoast-schema-graph\">{\"@context\":\"https:\\\/\\\/schema.org\",\"@graph\":[{\"@type\":\"WebPage\",\"@id\":\"https:\\\/\\\/www.klaaspuul.com\\\/de\\\/cookies\\\/\",\"url\":\"https:\\\/\\\/www.klaaspuul.com\\\/de\\\/cookies\\\/\",\"name\":\"Cookies - Klaas Puul DE\",\"isPartOf\":{\"@id\":\"https:\\\/\\\/www.klaaspuul.com\\\/de\\\/#website\"},\"datePublished\":\"2018-06-06T07:10:13+00:00\",\"breadcrumb\":{\"@id\":\"https:\\\/\\\/www.klaaspuul.com\\\/de\\\/cookies\\\/#breadcrumb\"},\"inLanguage\":\"de\",\"potentialAction\":[{\"@type\":\"ReadAction\",\"target\":[\"https:\\\/\\\/www.klaaspuul.com\\\/de\\\/cookies\\\/\"]}]},{\"@type\":\"BreadcrumbList\",\"@id\":\"https:\\\/\\\/www.klaaspuul.com\\\/de\\\/cookies\\\/#breadcrumb\",\"itemListElement\":[{\"@type\":\"ListItem\",\"position\":1,\"name\":\"Startseite\",\"item\":\"https:\\\/\\\/www.klaaspuul.com\\\/de\\\/\"},{\"@type\":\"ListItem\",\"position\":2,\"name\":\"Cookies\"}]},{\"@type\":\"WebSite\",\"@id\":\"https:\\\/\\\/www.klaaspuul.com\\\/de\\\/#website\",\"url\":\"https:\\\/\\\/www.klaaspuul.com\\\/de\\\/\",\"name\":\"Klaas Puul DE\",\"description\":\"Een andere Klaas Puul site\",\"potentialAction\":[{\"@type\":\"SearchAction\",\"target\":{\"@type\":\"EntryPoint\",\"urlTemplate\":\"https:\\\/\\\/www.klaaspuul.com\\\/de\\\/?s={search_term_string}\"},\"query-input\":{\"@type\":\"PropertyValueSpecification\",\"valueRequired\":true,\"valueName\":\"search_term_string\"}}],\"inLanguage\":\"de\"}]}<\/script>\n<!-- \/ Yoast SEO plugin. -->","yoast_head_json":{"title":"Cookies - Klaas Puul DE","robots":{"index":"index","follow":"follow","max-snippet":"max-snippet:-1","max-image-preview":"max-image-preview:large","max-video-preview":"max-video-preview:-1"},"canonical":"https:\/\/www.klaaspuul.com\/de\/cookies\/","og_locale":"de_DE","og_type":"article","og_title":"Cookies - Klaas Puul DE","og_description":"Diese Webseite verwendet Cookies. Wir verwenden Cookies, um Inhalte und Anzeigen zu personalisieren, Funktionen f\u00fcr soziale Medien anbieten zu k\u00f6nnen und die Zugriffe auf unsere Website zu analysieren. Au\u00dferdem geben wir Informationen zu Ihrer Verwendung unserer Website an unsere Partner f\u00fcr soziale Medien, Werbung und Analysen weiter. Unsere Partner f\u00fchren diese Informationen m\u00f6glicherweise mit weiteren &hellip; Continue reading Cookies &rarr;","og_url":"https:\/\/www.klaaspuul.com\/de\/cookies\/","og_site_name":"Klaas Puul DE","twitter_card":"summary_large_image","twitter_misc":{"Gesch\u00e4tzte Lesezeit":"3\u00a0Minuten"},"schema":{"@context":"https:\/\/schema.org","@graph":[{"@type":"WebPage","@id":"https:\/\/www.klaaspuul.com\/de\/cookies\/","url":"https:\/\/www.klaaspuul.com\/de\/cookies\/","name":"Cookies - Klaas Puul DE","isPartOf":{"@id":"https:\/\/www.klaaspuul.com\/de\/#website"},"datePublished":"2018-06-06T07:10:13+00:00","breadcrumb":{"@id":"https:\/\/www.klaaspuul.com\/de\/cookies\/#breadcrumb"},"inLanguage":"de","potentialAction":[{"@type":"ReadAction","target":["https:\/\/www.klaaspuul.com\/de\/cookies\/"]}]},{"@type":"BreadcrumbList","@id":"https:\/\/www.klaaspuul.com\/de\/cookies\/#breadcrumb","itemListElement":[{"@type":"ListItem","position":1,"name":"Startseite","item":"https:\/\/www.klaaspuul.com\/de\/"},{"@type":"ListItem","position":2,"name":"Cookies"}]},{"@type":"WebSite","@id":"https:\/\/www.klaaspuul.com\/de\/#website","url":"https:\/\/www.klaaspuul.com\/de\/","name":"Klaas Puul DE","description":"Een andere Klaas Puul site","potentialAction":[{"@type":"SearchAction","target":{"@type":"EntryPoint","urlTemplate":"https:\/\/www.klaaspuul.com\/de\/?s={search_term_string}"},"query-input":{"@type":"PropertyValueSpecification","valueRequired":true,"valueName":"search_term_string"}}],"inLanguage":"de"}]}},"_links":{"self":[{"href":"https:\/\/www.klaaspuul.com\/de\/wp-json\/wp\/v2\/pages\/684","targetHints":{"allow":["GET"]}}],"collection":[{"href":"https:\/\/www.klaaspuul.com\/de\/wp-json\/wp\/v2\/pages"}],"about":[{"href":"https:\/\/www.klaaspuul.com\/de\/wp-json\/wp\/v2\/types\/page"}],"author":[{"embeddable":true,"href":"https:\/\/www.klaaspuul.com\/de\/wp-json\/wp\/v2\/users\/1"}],"replies":[{"embeddable":true,"href":"https:\/\/www.klaaspuul.com\/de\/wp-json\/wp\/v2\/comments?post=684"}],"version-history":[{"count":2,"href":"https:\/\/www.klaaspuul.com\/de\/wp-json\/wp\/v2\/pages\/684\/revisions"}],"predecessor-version":[{"id":686,"href":"https:\/\/www.klaaspuul.com\/de\/wp-json\/wp\/v2\/pages\/684\/revisions\/686"}],"wp:attachment":[{"href":"https:\/\/www.klaaspuul.com\/de\/wp-json\/wp\/v2\/media?parent=684"}],"curies":[{"name":"wp","href":"https:\/\/api.w.org\/{rel}","templated":true}]}}