{"id":131,"date":"2016-12-19T11:26:04","date_gmt":"2016-12-19T10:26:04","guid":{"rendered":"https:\/\/www.klaaspuul.com\/?page_id=131"},"modified":"2020-03-17T14:56:57","modified_gmt":"2020-03-17T13:56:57","slug":"securite-alimentaire","status":"publish","type":"page","link":"https:\/\/www.klaaspuul.com\/fr\/qualite\/securite-alimentaire\/","title":{"rendered":"S\u00e9curit\u00e9 alimentaire"},"content":{"rendered":"<div class=\"inner\">\nDiff\u00e9rentes proc\u00e9dures permettent \u00e0 Klaas Puul de satisfaire aux exigences pos\u00e9es en mati\u00e8re de s\u00e9curit\u00e9 alimentaire : <\/p>\n<h3>Syst\u00e8me de contr\u00f4le qualit\u00e9<\/h3>\n<p>Notre syst\u00e8me de contr\u00f4le de qualit\u00e9 a \u00e9t\u00e9 mis au point sur la base des principes HACCP. Tous les risques ont \u00e9t\u00e9 inventori\u00e9s, analys\u00e9s et des contr\u00f4les stricts des points critiques ont \u00e9t\u00e9 introduits. Chaque ann\u00e9e, le syst\u00e8me de contr\u00f4le qualit\u00e9 est compar\u00e9 par Lloyd\u2019s Register aux standard IFS. L\u2019agence de s\u00e9curit\u00e9 alimentaire n\u00e9erlandais NVW effectue r\u00e9guli\u00e8rement des contr\u00f4les.<\/p>\n<h3>Contr\u00f4le<\/h3>\n<p>Le processus de contr\u00f4le commence d\u00e8s la r\u00e9ception de la mati\u00e8re premi\u00e8re, des ingr\u00e9dients et des emballages. Un contr\u00f4le organoleptique (go\u00fbt et odeur), microbiologique et chimique est effectu\u00e9 par le laboratoire de l\u2019entreprise. Cela veut dire que nous contr\u00f4lons la pr\u00e9sence de microorganismes et de substances chimiques dans nos produits. Nous travaillons pour ce type d&rsquo;analyses avec des laboratoires de pointe, comme Silliker. <\/p>\n<h3>Hygi\u00e8ne<\/h3>\n<p>Gr\u00e2ce \u00e0 des investissements constants dans la modernisation de nos outils de production et de nos b\u00e2timents, nous travaillons dans le respect des normes d\u2019hygi\u00e8ne les plus draconiennes.<\/p>\n<h3>Pendant le processus de production :<\/h3>\n<ul>\n<li>les produits sont trait\u00e9s de fa\u00e7on s\u00e9par\u00e9e<\/li>\n<li>tout le mat\u00e9riel est bien nettoy\u00e9 et d\u00e9sinfect\u00e9<\/li>\n<li>la contamination ind\u00e9sirable par des allerg\u00e8nes est \u00e9vit\u00e9e gr\u00e2ce \u00e0 une politique stricte en mati\u00e8re d&rsquo;allergies<\/li>\n<li>des lubrifiants de qualit\u00e9 \u00ab food grade \u00bb sont utilis\u00e9s<\/li>\n<li>tout le verre et les plastiques rigides sont identifi\u00e9s et tra\u00e7\u00e9s<\/li>\n<li>des contr\u00f4les de la temp\u00e9rature et visuels sont r\u00e9guli\u00e8rement effectu\u00e9s<\/li>\n<\/ul>\n<h3>R\u00e9frig\u00e9ration<\/h3>\n<p>La r\u00e9frig\u00e9ration correcte des produits est essentiel, que ce soit pendant le traitement, le conditionnement ou la distribution Elle permet de freiner le d\u00e9veloppement des microorganismes. Ces derniers peuvent \u00eatre des bact\u00e9ries inoffensives, comme les bact\u00e9ries d&rsquo;acide lactique, qui entra\u00eenent l&rsquo;alt\u00e9ration des aliments, mais aussi des bact\u00e9ries pathog\u00e8nes. <\/p>\n<h3>Conservation<\/h3>\n<p>Nous \u00e9liminons les microorganismes en blanchissant, cuisant, refroidissant et conservant nos produits. Nos crevettes sont g\u00e9n\u00e9ralement conserv\u00e9es de fa\u00e7on douce, uniquement avec des acides alimentaires. L&rsquo;ajout de conservateurs pour garantir la conservation des produits n&rsquo;est plus n\u00e9cessaire que pour quelques produits. <\/p>\n<h3>Conditionnement<\/h3>\n<p>Les crevettes sont emball\u00e9es \u00ab sous atmosph\u00e8re modifi\u00e9e \u00bb. Un m\u00e9lange de gaz pauvre en oxyg\u00e8ne est inject\u00e9 ans l&#8217;emballage juste avant la fermeture. Cela permet de conserver les crevettes au r\u00e9frig\u00e9rateur (de pr\u00e9f\u00e9rence \u00e0 4\u00b0C) jusqu&rsquo;\u00e0 la date de conservation mentionn\u00e9e. <\/p>\n<\/div>\n","protected":false},"excerpt":{"rendered":"<p>Diff\u00e9rentes proc\u00e9dures permettent \u00e0 Klaas Puul de satisfaire aux exigences pos\u00e9es en mati\u00e8re de s\u00e9curit\u00e9 alimentaire : Syst\u00e8me de contr\u00f4le qualit\u00e9 Notre syst\u00e8me de contr\u00f4le de qualit\u00e9 a \u00e9t\u00e9 mis au point sur la base des principes HACCP. Tous les risques ont \u00e9t\u00e9 inventori\u00e9s, analys\u00e9s et des contr\u00f4les stricts des points critiques ont \u00e9t\u00e9 introduits. &hellip; <a href=\"https:\/\/www.klaaspuul.com\/fr\/qualite\/securite-alimentaire\/\" class=\"more-link\">Continue reading <span class=\"screen-reader-text\">S\u00e9curit\u00e9 alimentaire<\/span> <span class=\"meta-nav\">&rarr;<\/span><\/a><\/p>\n","protected":false},"author":1,"featured_media":0,"parent":109,"menu_order":0,"comment_status":"closed","ping_status":"closed","template":"","meta":{"_acf_changed":false,"_monsterinsights_skip_tracking":false,"_monsterinsights_sitenote_active":false,"_monsterinsights_sitenote_note":"","_monsterinsights_sitenote_category":0,"footnotes":""},"class_list":["post-131","page","type-page","status-publish","hentry"],"acf":[],"yoast_head":"<!-- This site is optimized with the Yoast SEO plugin v27.3 - https:\/\/yoast.com\/product\/yoast-seo-wordpress\/ -->\n<title>S\u00e9curit\u00e9 alimentaire - Klaas Puul FR<\/title>\n<meta name=\"robots\" content=\"index, follow, max-snippet:-1, max-image-preview:large, max-video-preview:-1\" \/>\n<link rel=\"canonical\" href=\"https:\/\/www.klaaspuul.com\/fr\/qualite\/securite-alimentaire\/\" \/>\n<meta property=\"og:locale\" content=\"fr_FR\" \/>\n<meta property=\"og:type\" content=\"article\" \/>\n<meta property=\"og:title\" content=\"S\u00e9curit\u00e9 alimentaire - Klaas Puul FR\" \/>\n<meta property=\"og:description\" content=\"Diff\u00e9rentes proc\u00e9dures permettent \u00e0 Klaas Puul de satisfaire aux exigences pos\u00e9es en mati\u00e8re de s\u00e9curit\u00e9 alimentaire : Syst\u00e8me de contr\u00f4le qualit\u00e9 Notre syst\u00e8me de contr\u00f4le de qualit\u00e9 a \u00e9t\u00e9 mis au point sur la base des principes HACCP. Tous les risques ont \u00e9t\u00e9 inventori\u00e9s, analys\u00e9s et des contr\u00f4les stricts des points critiques ont \u00e9t\u00e9 introduits. &hellip; Continue reading S\u00e9curit\u00e9 alimentaire &rarr;\" \/>\n<meta property=\"og:url\" content=\"https:\/\/www.klaaspuul.com\/fr\/qualite\/securite-alimentaire\/\" \/>\n<meta property=\"og:site_name\" content=\"Klaas Puul FR\" \/>\n<meta property=\"article:modified_time\" content=\"2020-03-17T13:56:57+00:00\" \/>\n<meta name=\"twitter:card\" content=\"summary_large_image\" \/>\n<meta name=\"twitter:label1\" content=\"Dur\u00e9e de lecture estim\u00e9e\" \/>\n\t<meta name=\"twitter:data1\" content=\"2 minutes\" \/>\n<script type=\"application\/ld+json\" class=\"yoast-schema-graph\">{\"@context\":\"https:\\\/\\\/schema.org\",\"@graph\":[{\"@type\":\"WebPage\",\"@id\":\"https:\\\/\\\/www.klaaspuul.com\\\/fr\\\/qualite\\\/securite-alimentaire\\\/\",\"url\":\"https:\\\/\\\/www.klaaspuul.com\\\/fr\\\/qualite\\\/securite-alimentaire\\\/\",\"name\":\"S\u00e9curit\u00e9 alimentaire - Klaas Puul FR\",\"isPartOf\":{\"@id\":\"https:\\\/\\\/www.klaaspuul.com\\\/fr\\\/#website\"},\"datePublished\":\"2016-12-19T10:26:04+00:00\",\"dateModified\":\"2020-03-17T13:56:57+00:00\",\"breadcrumb\":{\"@id\":\"https:\\\/\\\/www.klaaspuul.com\\\/fr\\\/qualite\\\/securite-alimentaire\\\/#breadcrumb\"},\"inLanguage\":\"fr-FR\",\"potentialAction\":[{\"@type\":\"ReadAction\",\"target\":[\"https:\\\/\\\/www.klaaspuul.com\\\/fr\\\/qualite\\\/securite-alimentaire\\\/\"]}]},{\"@type\":\"BreadcrumbList\",\"@id\":\"https:\\\/\\\/www.klaaspuul.com\\\/fr\\\/qualite\\\/securite-alimentaire\\\/#breadcrumb\",\"itemListElement\":[{\"@type\":\"ListItem\",\"position\":1,\"name\":\"Accueil\",\"item\":\"https:\\\/\\\/www.klaaspuul.com\\\/fr\\\/\"},{\"@type\":\"ListItem\",\"position\":2,\"name\":\"Qualit\u00e9\",\"item\":\"https:\\\/\\\/www.klaaspuul.com\\\/fr\\\/qualite\\\/\"},{\"@type\":\"ListItem\",\"position\":3,\"name\":\"S\u00e9curit\u00e9 alimentaire\"}]},{\"@type\":\"WebSite\",\"@id\":\"https:\\\/\\\/www.klaaspuul.com\\\/fr\\\/#website\",\"url\":\"https:\\\/\\\/www.klaaspuul.com\\\/fr\\\/\",\"name\":\"Klaas Puul FR\",\"description\":\"Een andere Klaas Puul site\",\"potentialAction\":[{\"@type\":\"SearchAction\",\"target\":{\"@type\":\"EntryPoint\",\"urlTemplate\":\"https:\\\/\\\/www.klaaspuul.com\\\/fr\\\/?s={search_term_string}\"},\"query-input\":{\"@type\":\"PropertyValueSpecification\",\"valueRequired\":true,\"valueName\":\"search_term_string\"}}],\"inLanguage\":\"fr-FR\"}]}<\/script>\n<!-- \/ Yoast SEO plugin. -->","yoast_head_json":{"title":"S\u00e9curit\u00e9 alimentaire - Klaas Puul FR","robots":{"index":"index","follow":"follow","max-snippet":"max-snippet:-1","max-image-preview":"max-image-preview:large","max-video-preview":"max-video-preview:-1"},"canonical":"https:\/\/www.klaaspuul.com\/fr\/qualite\/securite-alimentaire\/","og_locale":"fr_FR","og_type":"article","og_title":"S\u00e9curit\u00e9 alimentaire - Klaas Puul FR","og_description":"Diff\u00e9rentes proc\u00e9dures permettent \u00e0 Klaas Puul de satisfaire aux exigences pos\u00e9es en mati\u00e8re de s\u00e9curit\u00e9 alimentaire : Syst\u00e8me de contr\u00f4le qualit\u00e9 Notre syst\u00e8me de contr\u00f4le de qualit\u00e9 a \u00e9t\u00e9 mis au point sur la base des principes HACCP. Tous les risques ont \u00e9t\u00e9 inventori\u00e9s, analys\u00e9s et des contr\u00f4les stricts des points critiques ont \u00e9t\u00e9 introduits. &hellip; Continue reading S\u00e9curit\u00e9 alimentaire &rarr;","og_url":"https:\/\/www.klaaspuul.com\/fr\/qualite\/securite-alimentaire\/","og_site_name":"Klaas Puul FR","article_modified_time":"2020-03-17T13:56:57+00:00","twitter_card":"summary_large_image","twitter_misc":{"Dur\u00e9e de lecture estim\u00e9e":"2 minutes"},"schema":{"@context":"https:\/\/schema.org","@graph":[{"@type":"WebPage","@id":"https:\/\/www.klaaspuul.com\/fr\/qualite\/securite-alimentaire\/","url":"https:\/\/www.klaaspuul.com\/fr\/qualite\/securite-alimentaire\/","name":"S\u00e9curit\u00e9 alimentaire - Klaas Puul FR","isPartOf":{"@id":"https:\/\/www.klaaspuul.com\/fr\/#website"},"datePublished":"2016-12-19T10:26:04+00:00","dateModified":"2020-03-17T13:56:57+00:00","breadcrumb":{"@id":"https:\/\/www.klaaspuul.com\/fr\/qualite\/securite-alimentaire\/#breadcrumb"},"inLanguage":"fr-FR","potentialAction":[{"@type":"ReadAction","target":["https:\/\/www.klaaspuul.com\/fr\/qualite\/securite-alimentaire\/"]}]},{"@type":"BreadcrumbList","@id":"https:\/\/www.klaaspuul.com\/fr\/qualite\/securite-alimentaire\/#breadcrumb","itemListElement":[{"@type":"ListItem","position":1,"name":"Accueil","item":"https:\/\/www.klaaspuul.com\/fr\/"},{"@type":"ListItem","position":2,"name":"Qualit\u00e9","item":"https:\/\/www.klaaspuul.com\/fr\/qualite\/"},{"@type":"ListItem","position":3,"name":"S\u00e9curit\u00e9 alimentaire"}]},{"@type":"WebSite","@id":"https:\/\/www.klaaspuul.com\/fr\/#website","url":"https:\/\/www.klaaspuul.com\/fr\/","name":"Klaas Puul FR","description":"Een andere Klaas Puul site","potentialAction":[{"@type":"SearchAction","target":{"@type":"EntryPoint","urlTemplate":"https:\/\/www.klaaspuul.com\/fr\/?s={search_term_string}"},"query-input":{"@type":"PropertyValueSpecification","valueRequired":true,"valueName":"search_term_string"}}],"inLanguage":"fr-FR"}]}},"_links":{"self":[{"href":"https:\/\/www.klaaspuul.com\/fr\/wp-json\/wp\/v2\/pages\/131","targetHints":{"allow":["GET"]}}],"collection":[{"href":"https:\/\/www.klaaspuul.com\/fr\/wp-json\/wp\/v2\/pages"}],"about":[{"href":"https:\/\/www.klaaspuul.com\/fr\/wp-json\/wp\/v2\/types\/page"}],"author":[{"embeddable":true,"href":"https:\/\/www.klaaspuul.com\/fr\/wp-json\/wp\/v2\/users\/1"}],"replies":[{"embeddable":true,"href":"https:\/\/www.klaaspuul.com\/fr\/wp-json\/wp\/v2\/comments?post=131"}],"version-history":[{"count":8,"href":"https:\/\/www.klaaspuul.com\/fr\/wp-json\/wp\/v2\/pages\/131\/revisions"}],"predecessor-version":[{"id":19397,"href":"https:\/\/www.klaaspuul.com\/fr\/wp-json\/wp\/v2\/pages\/131\/revisions\/19397"}],"up":[{"embeddable":true,"href":"https:\/\/www.klaaspuul.com\/fr\/wp-json\/wp\/v2\/pages\/109"}],"wp:attachment":[{"href":"https:\/\/www.klaaspuul.com\/fr\/wp-json\/wp\/v2\/media?parent=131"}],"curies":[{"name":"wp","href":"https:\/\/api.w.org\/{rel}","templated":true}]}}