{"id":133,"date":"2016-12-19T11:34:36","date_gmt":"2016-12-19T10:34:36","guid":{"rendered":"https:\/\/www.klaaspuul.com\/?page_id=133"},"modified":"2020-03-17T15:00:57","modified_gmt":"2020-03-17T14:00:57","slug":"certificats","status":"publish","type":"page","link":"https:\/\/www.klaaspuul.com\/fr\/qualite\/certificats\/","title":{"rendered":"Certificats"},"content":{"rendered":"<div class=\"inner\">\nUn certificat est une d\u00e9claration d&rsquo;une autorit\u00e9 en ce qui concerne des processus d&rsquo;entreprise, la s\u00e9curit\u00e9 alimentaire et le d\u00e9veloppement durable. Nos processus d&rsquo;entreprise et syst\u00e8mes de s\u00e9curit\u00e9 sont r\u00e9guli\u00e8rement audit\u00e9s par Lloyd&rsquo;s Register. En outre, nos produits et processus sont soumis \u00e0 des normes internationales draconiennes comme IFS. <\/p>\n<h3>Klaas Puul dispose des certificats suivants:<\/h3>\n<ul>\n<li>Les usines de Volendam et Edam sont certifi\u00e9es IFS (Higher level).<\/li>\n<li>L&rsquo;achat, la transformation et la vente de produits durables MSC, ASC et biologiques est certifi\u00e9e.<\/li>\n<\/ul>\n<p><img decoding=\"async\" class=\"sust-img\" src=\"https:\/\/www.klaaspuul.com\/wp-content\/uploads\/2017\/01\/ifs-logo-Custom.jpg\" alt=\"IFS logo\">\n<\/div>\n","protected":false},"excerpt":{"rendered":"<p>Un certificat est une d\u00e9claration d&rsquo;une autorit\u00e9 en ce qui concerne des processus d&rsquo;entreprise, la s\u00e9curit\u00e9 alimentaire et le d\u00e9veloppement durable. Nos processus d&rsquo;entreprise et syst\u00e8mes de s\u00e9curit\u00e9 sont r\u00e9guli\u00e8rement audit\u00e9s par Lloyd&rsquo;s Register. En outre, nos produits et processus sont soumis \u00e0 des normes internationales draconiennes comme IFS. Klaas Puul dispose des certificats suivants: &hellip; <a href=\"https:\/\/www.klaaspuul.com\/fr\/qualite\/certificats\/\" class=\"more-link\">Continue reading <span class=\"screen-reader-text\">Certificats<\/span> <span class=\"meta-nav\">&rarr;<\/span><\/a><\/p>\n","protected":false},"author":1,"featured_media":0,"parent":109,"menu_order":0,"comment_status":"closed","ping_status":"closed","template":"","meta":{"_acf_changed":false,"_monsterinsights_skip_tracking":false,"_monsterinsights_sitenote_active":false,"_monsterinsights_sitenote_note":"","_monsterinsights_sitenote_category":0,"footnotes":""},"class_list":["post-133","page","type-page","status-publish","hentry"],"acf":[],"yoast_head":"<!-- This site is optimized with the Yoast SEO plugin v27.3 - https:\/\/yoast.com\/product\/yoast-seo-wordpress\/ -->\n<title>Certificats - Klaas Puul FR<\/title>\n<meta name=\"robots\" content=\"index, follow, max-snippet:-1, max-image-preview:large, max-video-preview:-1\" \/>\n<link rel=\"canonical\" href=\"https:\/\/www.klaaspuul.com\/fr\/qualite\/certificats\/\" \/>\n<meta property=\"og:locale\" content=\"fr_FR\" \/>\n<meta property=\"og:type\" content=\"article\" \/>\n<meta property=\"og:title\" content=\"Certificats - Klaas Puul FR\" \/>\n<meta property=\"og:description\" content=\"Un certificat est une d\u00e9claration d&rsquo;une autorit\u00e9 en ce qui concerne des processus d&rsquo;entreprise, la s\u00e9curit\u00e9 alimentaire et le d\u00e9veloppement durable. Nos processus d&rsquo;entreprise et syst\u00e8mes de s\u00e9curit\u00e9 sont r\u00e9guli\u00e8rement audit\u00e9s par Lloyd&rsquo;s Register. En outre, nos produits et processus sont soumis \u00e0 des normes internationales draconiennes comme IFS. Klaas Puul dispose des certificats suivants: &hellip; Continue reading Certificats &rarr;\" \/>\n<meta property=\"og:url\" content=\"https:\/\/www.klaaspuul.com\/fr\/qualite\/certificats\/\" \/>\n<meta property=\"og:site_name\" content=\"Klaas Puul FR\" \/>\n<meta property=\"article:modified_time\" content=\"2020-03-17T14:00:57+00:00\" \/>\n<meta property=\"og:image\" content=\"https:\/\/www.klaaspuul.com\/wp-content\/uploads\/2017\/01\/ifs-logo-Custom.jpg\" \/>\n<meta name=\"twitter:card\" content=\"summary_large_image\" \/>\n<script type=\"application\/ld+json\" class=\"yoast-schema-graph\">{\"@context\":\"https:\\\/\\\/schema.org\",\"@graph\":[{\"@type\":\"WebPage\",\"@id\":\"https:\\\/\\\/www.klaaspuul.com\\\/fr\\\/qualite\\\/certificats\\\/\",\"url\":\"https:\\\/\\\/www.klaaspuul.com\\\/fr\\\/qualite\\\/certificats\\\/\",\"name\":\"Certificats - Klaas Puul FR\",\"isPartOf\":{\"@id\":\"https:\\\/\\\/www.klaaspuul.com\\\/fr\\\/#website\"},\"primaryImageOfPage\":{\"@id\":\"https:\\\/\\\/www.klaaspuul.com\\\/fr\\\/qualite\\\/certificats\\\/#primaryimage\"},\"image\":{\"@id\":\"https:\\\/\\\/www.klaaspuul.com\\\/fr\\\/qualite\\\/certificats\\\/#primaryimage\"},\"thumbnailUrl\":\"https:\\\/\\\/www.klaaspuul.com\\\/wp-content\\\/uploads\\\/2017\\\/01\\\/ifs-logo-Custom.jpg\",\"datePublished\":\"2016-12-19T10:34:36+00:00\",\"dateModified\":\"2020-03-17T14:00:57+00:00\",\"breadcrumb\":{\"@id\":\"https:\\\/\\\/www.klaaspuul.com\\\/fr\\\/qualite\\\/certificats\\\/#breadcrumb\"},\"inLanguage\":\"fr-FR\",\"potentialAction\":[{\"@type\":\"ReadAction\",\"target\":[\"https:\\\/\\\/www.klaaspuul.com\\\/fr\\\/qualite\\\/certificats\\\/\"]}]},{\"@type\":\"ImageObject\",\"inLanguage\":\"fr-FR\",\"@id\":\"https:\\\/\\\/www.klaaspuul.com\\\/fr\\\/qualite\\\/certificats\\\/#primaryimage\",\"url\":\"https:\\\/\\\/www.klaaspuul.com\\\/wp-content\\\/uploads\\\/2017\\\/01\\\/ifs-logo-Custom.jpg\",\"contentUrl\":\"https:\\\/\\\/www.klaaspuul.com\\\/wp-content\\\/uploads\\\/2017\\\/01\\\/ifs-logo-Custom.jpg\"},{\"@type\":\"BreadcrumbList\",\"@id\":\"https:\\\/\\\/www.klaaspuul.com\\\/fr\\\/qualite\\\/certificats\\\/#breadcrumb\",\"itemListElement\":[{\"@type\":\"ListItem\",\"position\":1,\"name\":\"Accueil\",\"item\":\"https:\\\/\\\/www.klaaspuul.com\\\/fr\\\/\"},{\"@type\":\"ListItem\",\"position\":2,\"name\":\"Qualit\u00e9\",\"item\":\"https:\\\/\\\/www.klaaspuul.com\\\/fr\\\/qualite\\\/\"},{\"@type\":\"ListItem\",\"position\":3,\"name\":\"Certificats\"}]},{\"@type\":\"WebSite\",\"@id\":\"https:\\\/\\\/www.klaaspuul.com\\\/fr\\\/#website\",\"url\":\"https:\\\/\\\/www.klaaspuul.com\\\/fr\\\/\",\"name\":\"Klaas Puul FR\",\"description\":\"Een andere Klaas Puul site\",\"potentialAction\":[{\"@type\":\"SearchAction\",\"target\":{\"@type\":\"EntryPoint\",\"urlTemplate\":\"https:\\\/\\\/www.klaaspuul.com\\\/fr\\\/?s={search_term_string}\"},\"query-input\":{\"@type\":\"PropertyValueSpecification\",\"valueRequired\":true,\"valueName\":\"search_term_string\"}}],\"inLanguage\":\"fr-FR\"}]}<\/script>\n<!-- \/ Yoast SEO plugin. -->","yoast_head_json":{"title":"Certificats - Klaas Puul FR","robots":{"index":"index","follow":"follow","max-snippet":"max-snippet:-1","max-image-preview":"max-image-preview:large","max-video-preview":"max-video-preview:-1"},"canonical":"https:\/\/www.klaaspuul.com\/fr\/qualite\/certificats\/","og_locale":"fr_FR","og_type":"article","og_title":"Certificats - Klaas Puul FR","og_description":"Un certificat est une d\u00e9claration d&rsquo;une autorit\u00e9 en ce qui concerne des processus d&rsquo;entreprise, la s\u00e9curit\u00e9 alimentaire et le d\u00e9veloppement durable. Nos processus d&rsquo;entreprise et syst\u00e8mes de s\u00e9curit\u00e9 sont r\u00e9guli\u00e8rement audit\u00e9s par Lloyd&rsquo;s Register. En outre, nos produits et processus sont soumis \u00e0 des normes internationales draconiennes comme IFS. Klaas Puul dispose des certificats suivants: &hellip; Continue reading Certificats &rarr;","og_url":"https:\/\/www.klaaspuul.com\/fr\/qualite\/certificats\/","og_site_name":"Klaas Puul FR","article_modified_time":"2020-03-17T14:00:57+00:00","og_image":[{"url":"https:\/\/www.klaaspuul.com\/wp-content\/uploads\/2017\/01\/ifs-logo-Custom.jpg","type":"","width":"","height":""}],"twitter_card":"summary_large_image","schema":{"@context":"https:\/\/schema.org","@graph":[{"@type":"WebPage","@id":"https:\/\/www.klaaspuul.com\/fr\/qualite\/certificats\/","url":"https:\/\/www.klaaspuul.com\/fr\/qualite\/certificats\/","name":"Certificats - Klaas Puul FR","isPartOf":{"@id":"https:\/\/www.klaaspuul.com\/fr\/#website"},"primaryImageOfPage":{"@id":"https:\/\/www.klaaspuul.com\/fr\/qualite\/certificats\/#primaryimage"},"image":{"@id":"https:\/\/www.klaaspuul.com\/fr\/qualite\/certificats\/#primaryimage"},"thumbnailUrl":"https:\/\/www.klaaspuul.com\/wp-content\/uploads\/2017\/01\/ifs-logo-Custom.jpg","datePublished":"2016-12-19T10:34:36+00:00","dateModified":"2020-03-17T14:00:57+00:00","breadcrumb":{"@id":"https:\/\/www.klaaspuul.com\/fr\/qualite\/certificats\/#breadcrumb"},"inLanguage":"fr-FR","potentialAction":[{"@type":"ReadAction","target":["https:\/\/www.klaaspuul.com\/fr\/qualite\/certificats\/"]}]},{"@type":"ImageObject","inLanguage":"fr-FR","@id":"https:\/\/www.klaaspuul.com\/fr\/qualite\/certificats\/#primaryimage","url":"https:\/\/www.klaaspuul.com\/wp-content\/uploads\/2017\/01\/ifs-logo-Custom.jpg","contentUrl":"https:\/\/www.klaaspuul.com\/wp-content\/uploads\/2017\/01\/ifs-logo-Custom.jpg"},{"@type":"BreadcrumbList","@id":"https:\/\/www.klaaspuul.com\/fr\/qualite\/certificats\/#breadcrumb","itemListElement":[{"@type":"ListItem","position":1,"name":"Accueil","item":"https:\/\/www.klaaspuul.com\/fr\/"},{"@type":"ListItem","position":2,"name":"Qualit\u00e9","item":"https:\/\/www.klaaspuul.com\/fr\/qualite\/"},{"@type":"ListItem","position":3,"name":"Certificats"}]},{"@type":"WebSite","@id":"https:\/\/www.klaaspuul.com\/fr\/#website","url":"https:\/\/www.klaaspuul.com\/fr\/","name":"Klaas Puul FR","description":"Een andere Klaas Puul site","potentialAction":[{"@type":"SearchAction","target":{"@type":"EntryPoint","urlTemplate":"https:\/\/www.klaaspuul.com\/fr\/?s={search_term_string}"},"query-input":{"@type":"PropertyValueSpecification","valueRequired":true,"valueName":"search_term_string"}}],"inLanguage":"fr-FR"}]}},"_links":{"self":[{"href":"https:\/\/www.klaaspuul.com\/fr\/wp-json\/wp\/v2\/pages\/133","targetHints":{"allow":["GET"]}}],"collection":[{"href":"https:\/\/www.klaaspuul.com\/fr\/wp-json\/wp\/v2\/pages"}],"about":[{"href":"https:\/\/www.klaaspuul.com\/fr\/wp-json\/wp\/v2\/types\/page"}],"author":[{"embeddable":true,"href":"https:\/\/www.klaaspuul.com\/fr\/wp-json\/wp\/v2\/users\/1"}],"replies":[{"embeddable":true,"href":"https:\/\/www.klaaspuul.com\/fr\/wp-json\/wp\/v2\/comments?post=133"}],"version-history":[{"count":8,"href":"https:\/\/www.klaaspuul.com\/fr\/wp-json\/wp\/v2\/pages\/133\/revisions"}],"predecessor-version":[{"id":19399,"href":"https:\/\/www.klaaspuul.com\/fr\/wp-json\/wp\/v2\/pages\/133\/revisions\/19399"}],"up":[{"embeddable":true,"href":"https:\/\/www.klaaspuul.com\/fr\/wp-json\/wp\/v2\/pages\/109"}],"wp:attachment":[{"href":"https:\/\/www.klaaspuul.com\/fr\/wp-json\/wp\/v2\/media?parent=133"}],"curies":[{"name":"wp","href":"https:\/\/api.w.org\/{rel}","templated":true}]}}