{"id":139,"date":"2016-12-19T11:47:02","date_gmt":"2016-12-19T10:47:02","guid":{"rendered":"https:\/\/www.klaaspuul.com\/?page_id=139"},"modified":"2019-02-14T13:41:18","modified_gmt":"2019-02-14T12:41:18","slug":"developpement-durable","status":"publish","type":"page","link":"https:\/\/www.klaaspuul.com\/fr\/qualite\/developpement-durable\/","title":{"rendered":"D\u00e9veloppement durable"},"content":{"rendered":"<div class=\"inner\">\nKlaas Puul soutient diff\u00e9rentes initiatives internationales pour promouvoir la crevette p\u00each\u00e9e, \u00e9lev\u00e9e et transform\u00e9e durablement. Voici les principales:<\/p>\n<ul>\n<li>Best Aquaculture Practices <img decoding=\"async\" class=\"sust-img\" src=\"https:\/\/www.klaaspuul.com\/fr\/wp-content\/uploads\/sites\/7\/2017\/01\/bap-logo.png\" alt=\"BAP logo\"><\/li>\n<li>Marine Stewardship Counsel (MSC) <img decoding=\"async\" class=\"sust-img\" src=\"https:\/\/www.klaaspuul.com\/fr\/wp-content\/uploads\/sites\/7\/2017\/02\/certificate_fr.png\" alt=\"Marine Stewardship Counsel logo\"><\/li>\n<li>Aquaculture Stewardship Council (ASC) <img decoding=\"async\" class=\"sust-img\" src=\"https:\/\/www.klaaspuul.com\/fr\/wp-content\/uploads\/sites\/7\/2017\/01\/asc-logo.jpg\" alt=\"Aquaculture Stewardship Council logo\"><\/li>\n<\/ul>\n<p>Ces initiatives contribuent \u00e0 professionnaliser la p\u00eache et l\u2019\u00e9levage durables. Le consommateur demande de plus en plus de produits durables. Nous suivons de tr\u00e8s pr\u00e8s cette \u00e9volution et essayons toujours de r\u00e9agir de fa\u00e7on proactive aux d\u00e9veloppements. Si possible, Klaas Puul opte toujours pour la solution \/ type de p\u00eache le plus durables. Nous nous effor\u00e7ons de sensibiliser nos fournisseurs aux principes du d\u00e9veloppement durable et \u00e0 leur importance. Nous le faisons notamment en les reprenant dans nos sp\u00e9cifications d\u2019achat et en les leur expliquant pendant les visites. Gr\u00e2ce \u00e0 des initiatives comme celle du MSC, chacun a une vision de plus en plus transparente des vari\u00e9t\u00e9s de produits de la mer qui sont p\u00each\u00e9es durablement. Tant nous (le fournisseur) que le client en profitons. Klaas Puul soutient ces initiatives et a pris les devants pour obtenir le certificat MSC pour la p\u00eache de la crevette grise. Les principaux points d\u2019attention ici sont la r\u00e9duction des prises accessoires et la d\u00e9gradation des fonds marins. Notre station de d\u00e9corticage au Maroc est audit\u00e9e chaque ann\u00e9e selon le Code de conduite BSCI afin de garantir de bonnes conditions de travail. Nous poss\u00e9dons aujourd\u2019hui un BSCI Grade C.<\/p><\/div>\n","protected":false},"excerpt":{"rendered":"<p>Klaas Puul soutient diff\u00e9rentes initiatives internationales pour promouvoir la crevette p\u00each\u00e9e, \u00e9lev\u00e9e et transform\u00e9e durablement. Voici les principales: Best Aquaculture Practices Marine Stewardship Counsel (MSC) Aquaculture Stewardship Council (ASC) Ces initiatives contribuent \u00e0 professionnaliser la p\u00eache et l\u2019\u00e9levage durables. Le consommateur demande de plus en plus de produits durables. Nous suivons de tr\u00e8s pr\u00e8s cette &hellip; <a href=\"https:\/\/www.klaaspuul.com\/fr\/qualite\/developpement-durable\/\" class=\"more-link\">Continue reading <span class=\"screen-reader-text\">D\u00e9veloppement durable<\/span> <span class=\"meta-nav\">&rarr;<\/span><\/a><\/p>\n","protected":false},"author":1,"featured_media":0,"parent":109,"menu_order":0,"comment_status":"closed","ping_status":"closed","template":"","meta":{"_acf_changed":false,"_monsterinsights_skip_tracking":false,"_monsterinsights_sitenote_active":false,"_monsterinsights_sitenote_note":"","_monsterinsights_sitenote_category":0,"footnotes":""},"class_list":["post-139","page","type-page","status-publish","hentry"],"acf":[],"yoast_head":"<!-- This site is optimized with the Yoast SEO plugin v27.4 - https:\/\/yoast.com\/product\/yoast-seo-wordpress\/ -->\n<title>D\u00e9veloppement durable - Klaas Puul FR<\/title>\n<meta name=\"robots\" content=\"index, follow, max-snippet:-1, max-image-preview:large, max-video-preview:-1\" \/>\n<link rel=\"canonical\" href=\"https:\/\/www.klaaspuul.com\/fr\/qualite\/developpement-durable\/\" \/>\n<meta property=\"og:locale\" content=\"fr_FR\" \/>\n<meta property=\"og:type\" content=\"article\" \/>\n<meta property=\"og:title\" content=\"D\u00e9veloppement durable - Klaas Puul FR\" \/>\n<meta property=\"og:description\" content=\"Klaas Puul soutient diff\u00e9rentes initiatives internationales pour promouvoir la crevette p\u00each\u00e9e, \u00e9lev\u00e9e et transform\u00e9e durablement. Voici les principales: Best Aquaculture Practices Marine Stewardship Counsel (MSC) Aquaculture Stewardship Council (ASC) Ces initiatives contribuent \u00e0 professionnaliser la p\u00eache et l\u2019\u00e9levage durables. Le consommateur demande de plus en plus de produits durables. Nous suivons de tr\u00e8s pr\u00e8s cette &hellip; Continue reading D\u00e9veloppement durable &rarr;\" \/>\n<meta property=\"og:url\" content=\"https:\/\/www.klaaspuul.com\/fr\/qualite\/developpement-durable\/\" \/>\n<meta property=\"og:site_name\" content=\"Klaas Puul FR\" \/>\n<meta property=\"article:modified_time\" content=\"2019-02-14T12:41:18+00:00\" \/>\n<meta property=\"og:image\" content=\"https:\/\/www.klaaspuul.com\/fr\/wp-content\/uploads\/sites\/7\/2017\/01\/bap-logo.png\" \/>\n<meta name=\"twitter:card\" content=\"summary_large_image\" \/>\n<meta name=\"twitter:label1\" content=\"Dur\u00e9e de lecture estim\u00e9e\" \/>\n\t<meta name=\"twitter:data1\" content=\"1 minute\" \/>\n<script type=\"application\/ld+json\" class=\"yoast-schema-graph\">{\"@context\":\"https:\\\/\\\/schema.org\",\"@graph\":[{\"@type\":\"WebPage\",\"@id\":\"https:\\\/\\\/www.klaaspuul.com\\\/fr\\\/qualite\\\/developpement-durable\\\/\",\"url\":\"https:\\\/\\\/www.klaaspuul.com\\\/fr\\\/qualite\\\/developpement-durable\\\/\",\"name\":\"D\u00e9veloppement durable - Klaas Puul FR\",\"isPartOf\":{\"@id\":\"https:\\\/\\\/www.klaaspuul.com\\\/fr\\\/#website\"},\"primaryImageOfPage\":{\"@id\":\"https:\\\/\\\/www.klaaspuul.com\\\/fr\\\/qualite\\\/developpement-durable\\\/#primaryimage\"},\"image\":{\"@id\":\"https:\\\/\\\/www.klaaspuul.com\\\/fr\\\/qualite\\\/developpement-durable\\\/#primaryimage\"},\"thumbnailUrl\":\"https:\\\/\\\/www.klaaspuul.com\\\/fr\\\/wp-content\\\/uploads\\\/sites\\\/7\\\/2017\\\/01\\\/bap-logo.png\",\"datePublished\":\"2016-12-19T10:47:02+00:00\",\"dateModified\":\"2019-02-14T12:41:18+00:00\",\"breadcrumb\":{\"@id\":\"https:\\\/\\\/www.klaaspuul.com\\\/fr\\\/qualite\\\/developpement-durable\\\/#breadcrumb\"},\"inLanguage\":\"fr-FR\",\"potentialAction\":[{\"@type\":\"ReadAction\",\"target\":[\"https:\\\/\\\/www.klaaspuul.com\\\/fr\\\/qualite\\\/developpement-durable\\\/\"]}]},{\"@type\":\"ImageObject\",\"inLanguage\":\"fr-FR\",\"@id\":\"https:\\\/\\\/www.klaaspuul.com\\\/fr\\\/qualite\\\/developpement-durable\\\/#primaryimage\",\"url\":\"https:\\\/\\\/www.klaaspuul.com\\\/fr\\\/wp-content\\\/uploads\\\/sites\\\/7\\\/2017\\\/01\\\/bap-logo.png\",\"contentUrl\":\"https:\\\/\\\/www.klaaspuul.com\\\/fr\\\/wp-content\\\/uploads\\\/sites\\\/7\\\/2017\\\/01\\\/bap-logo.png\",\"width\":98,\"height\":98},{\"@type\":\"BreadcrumbList\",\"@id\":\"https:\\\/\\\/www.klaaspuul.com\\\/fr\\\/qualite\\\/developpement-durable\\\/#breadcrumb\",\"itemListElement\":[{\"@type\":\"ListItem\",\"position\":1,\"name\":\"Accueil\",\"item\":\"https:\\\/\\\/www.klaaspuul.com\\\/fr\\\/\"},{\"@type\":\"ListItem\",\"position\":2,\"name\":\"Qualit\u00e9\",\"item\":\"https:\\\/\\\/www.klaaspuul.com\\\/fr\\\/qualite\\\/\"},{\"@type\":\"ListItem\",\"position\":3,\"name\":\"D\u00e9veloppement durable\"}]},{\"@type\":\"WebSite\",\"@id\":\"https:\\\/\\\/www.klaaspuul.com\\\/fr\\\/#website\",\"url\":\"https:\\\/\\\/www.klaaspuul.com\\\/fr\\\/\",\"name\":\"Klaas Puul FR\",\"description\":\"Een andere Klaas Puul site\",\"potentialAction\":[{\"@type\":\"SearchAction\",\"target\":{\"@type\":\"EntryPoint\",\"urlTemplate\":\"https:\\\/\\\/www.klaaspuul.com\\\/fr\\\/?s={search_term_string}\"},\"query-input\":{\"@type\":\"PropertyValueSpecification\",\"valueRequired\":true,\"valueName\":\"search_term_string\"}}],\"inLanguage\":\"fr-FR\"}]}<\/script>\n<!-- \/ Yoast SEO plugin. -->","yoast_head_json":{"title":"D\u00e9veloppement durable - Klaas Puul FR","robots":{"index":"index","follow":"follow","max-snippet":"max-snippet:-1","max-image-preview":"max-image-preview:large","max-video-preview":"max-video-preview:-1"},"canonical":"https:\/\/www.klaaspuul.com\/fr\/qualite\/developpement-durable\/","og_locale":"fr_FR","og_type":"article","og_title":"D\u00e9veloppement durable - Klaas Puul FR","og_description":"Klaas Puul soutient diff\u00e9rentes initiatives internationales pour promouvoir la crevette p\u00each\u00e9e, \u00e9lev\u00e9e et transform\u00e9e durablement. Voici les principales: Best Aquaculture Practices Marine Stewardship Counsel (MSC) Aquaculture Stewardship Council (ASC) Ces initiatives contribuent \u00e0 professionnaliser la p\u00eache et l\u2019\u00e9levage durables. Le consommateur demande de plus en plus de produits durables. Nous suivons de tr\u00e8s pr\u00e8s cette &hellip; Continue reading D\u00e9veloppement durable &rarr;","og_url":"https:\/\/www.klaaspuul.com\/fr\/qualite\/developpement-durable\/","og_site_name":"Klaas Puul FR","article_modified_time":"2019-02-14T12:41:18+00:00","og_image":[{"url":"https:\/\/www.klaaspuul.com\/fr\/wp-content\/uploads\/sites\/7\/2017\/01\/bap-logo.png","type":"","width":"","height":""}],"twitter_card":"summary_large_image","twitter_misc":{"Dur\u00e9e de lecture estim\u00e9e":"1 minute"},"schema":{"@context":"https:\/\/schema.org","@graph":[{"@type":"WebPage","@id":"https:\/\/www.klaaspuul.com\/fr\/qualite\/developpement-durable\/","url":"https:\/\/www.klaaspuul.com\/fr\/qualite\/developpement-durable\/","name":"D\u00e9veloppement durable - Klaas Puul FR","isPartOf":{"@id":"https:\/\/www.klaaspuul.com\/fr\/#website"},"primaryImageOfPage":{"@id":"https:\/\/www.klaaspuul.com\/fr\/qualite\/developpement-durable\/#primaryimage"},"image":{"@id":"https:\/\/www.klaaspuul.com\/fr\/qualite\/developpement-durable\/#primaryimage"},"thumbnailUrl":"https:\/\/www.klaaspuul.com\/fr\/wp-content\/uploads\/sites\/7\/2017\/01\/bap-logo.png","datePublished":"2016-12-19T10:47:02+00:00","dateModified":"2019-02-14T12:41:18+00:00","breadcrumb":{"@id":"https:\/\/www.klaaspuul.com\/fr\/qualite\/developpement-durable\/#breadcrumb"},"inLanguage":"fr-FR","potentialAction":[{"@type":"ReadAction","target":["https:\/\/www.klaaspuul.com\/fr\/qualite\/developpement-durable\/"]}]},{"@type":"ImageObject","inLanguage":"fr-FR","@id":"https:\/\/www.klaaspuul.com\/fr\/qualite\/developpement-durable\/#primaryimage","url":"https:\/\/www.klaaspuul.com\/fr\/wp-content\/uploads\/sites\/7\/2017\/01\/bap-logo.png","contentUrl":"https:\/\/www.klaaspuul.com\/fr\/wp-content\/uploads\/sites\/7\/2017\/01\/bap-logo.png","width":98,"height":98},{"@type":"BreadcrumbList","@id":"https:\/\/www.klaaspuul.com\/fr\/qualite\/developpement-durable\/#breadcrumb","itemListElement":[{"@type":"ListItem","position":1,"name":"Accueil","item":"https:\/\/www.klaaspuul.com\/fr\/"},{"@type":"ListItem","position":2,"name":"Qualit\u00e9","item":"https:\/\/www.klaaspuul.com\/fr\/qualite\/"},{"@type":"ListItem","position":3,"name":"D\u00e9veloppement durable"}]},{"@type":"WebSite","@id":"https:\/\/www.klaaspuul.com\/fr\/#website","url":"https:\/\/www.klaaspuul.com\/fr\/","name":"Klaas Puul FR","description":"Een andere Klaas Puul site","potentialAction":[{"@type":"SearchAction","target":{"@type":"EntryPoint","urlTemplate":"https:\/\/www.klaaspuul.com\/fr\/?s={search_term_string}"},"query-input":{"@type":"PropertyValueSpecification","valueRequired":true,"valueName":"search_term_string"}}],"inLanguage":"fr-FR"}]}},"_links":{"self":[{"href":"https:\/\/www.klaaspuul.com\/fr\/wp-json\/wp\/v2\/pages\/139","targetHints":{"allow":["GET"]}}],"collection":[{"href":"https:\/\/www.klaaspuul.com\/fr\/wp-json\/wp\/v2\/pages"}],"about":[{"href":"https:\/\/www.klaaspuul.com\/fr\/wp-json\/wp\/v2\/types\/page"}],"author":[{"embeddable":true,"href":"https:\/\/www.klaaspuul.com\/fr\/wp-json\/wp\/v2\/users\/1"}],"replies":[{"embeddable":true,"href":"https:\/\/www.klaaspuul.com\/fr\/wp-json\/wp\/v2\/comments?post=139"}],"version-history":[{"count":9,"href":"https:\/\/www.klaaspuul.com\/fr\/wp-json\/wp\/v2\/pages\/139\/revisions"}],"predecessor-version":[{"id":791,"href":"https:\/\/www.klaaspuul.com\/fr\/wp-json\/wp\/v2\/pages\/139\/revisions\/791"}],"up":[{"embeddable":true,"href":"https:\/\/www.klaaspuul.com\/fr\/wp-json\/wp\/v2\/pages\/109"}],"wp:attachment":[{"href":"https:\/\/www.klaaspuul.com\/fr\/wp-json\/wp\/v2\/media?parent=139"}],"curies":[{"name":"wp","href":"https:\/\/api.w.org\/{rel}","templated":true}]}}