{"id":141,"date":"2016-12-19T11:48:08","date_gmt":"2016-12-19T10:48:08","guid":{"rendered":"https:\/\/www.klaaspuul.com\/?page_id=141"},"modified":"2020-03-17T15:07:07","modified_gmt":"2020-03-17T14:07:07","slug":"laboratoire","status":"publish","type":"page","link":"https:\/\/www.klaaspuul.com\/fr\/qualite\/laboratoire\/","title":{"rendered":"Laboratoire"},"content":{"rendered":"<div class=\"inner\">Notre site de production de Edam dispose d&rsquo;un laboratoire bien \u00e9quip\u00e9. C&rsquo;est ici que les \u00e9chantillons pr\u00e9lev\u00e9s sont quotidiennement analys\u00e9s microbiologiquement, physiquement et chimiquement et compar\u00e9s aux exigences de s\u00e9curit\u00e9 alimentaire. Notre laboratoire planche en outre en permanence sur le d\u00e9veloppement de produits et effectue des recherches sur de nouvelles techniques de traitement.<\/div>\n","protected":false},"excerpt":{"rendered":"<p>Notre site de production de Edam dispose d&rsquo;un laboratoire bien \u00e9quip\u00e9. C&rsquo;est ici que les \u00e9chantillons pr\u00e9lev\u00e9s sont quotidiennement analys\u00e9s microbiologiquement, physiquement et chimiquement et compar\u00e9s aux exigences de s\u00e9curit\u00e9 alimentaire. Notre laboratoire planche en outre en permanence sur le d\u00e9veloppement de produits et effectue des recherches sur de nouvelles techniques de traitement.<\/p>\n","protected":false},"author":1,"featured_media":0,"parent":109,"menu_order":0,"comment_status":"closed","ping_status":"closed","template":"","meta":{"_acf_changed":false,"_monsterinsights_skip_tracking":false,"_monsterinsights_sitenote_active":false,"_monsterinsights_sitenote_note":"","_monsterinsights_sitenote_category":0,"footnotes":""},"class_list":["post-141","page","type-page","status-publish","hentry"],"acf":[],"yoast_head":"<!-- This site is optimized with the Yoast SEO plugin v27.3 - https:\/\/yoast.com\/product\/yoast-seo-wordpress\/ -->\n<title>Laboratoire - Klaas Puul FR<\/title>\n<meta name=\"robots\" content=\"index, follow, max-snippet:-1, max-image-preview:large, max-video-preview:-1\" \/>\n<link rel=\"canonical\" href=\"https:\/\/www.klaaspuul.com\/fr\/qualite\/laboratoire\/\" \/>\n<meta property=\"og:locale\" content=\"fr_FR\" \/>\n<meta property=\"og:type\" content=\"article\" \/>\n<meta property=\"og:title\" content=\"Laboratoire - Klaas Puul FR\" \/>\n<meta property=\"og:description\" content=\"Notre site de production de Edam dispose d&rsquo;un laboratoire bien \u00e9quip\u00e9. C&rsquo;est ici que les \u00e9chantillons pr\u00e9lev\u00e9s sont quotidiennement analys\u00e9s microbiologiquement, physiquement et chimiquement et compar\u00e9s aux exigences de s\u00e9curit\u00e9 alimentaire. Notre laboratoire planche en outre en permanence sur le d\u00e9veloppement de produits et effectue des recherches sur de nouvelles techniques de traitement.\" \/>\n<meta property=\"og:url\" content=\"https:\/\/www.klaaspuul.com\/fr\/qualite\/laboratoire\/\" \/>\n<meta property=\"og:site_name\" content=\"Klaas Puul FR\" \/>\n<meta property=\"article:modified_time\" content=\"2020-03-17T14:07:07+00:00\" \/>\n<meta name=\"twitter:card\" content=\"summary_large_image\" \/>\n<script type=\"application\/ld+json\" class=\"yoast-schema-graph\">{\"@context\":\"https:\\\/\\\/schema.org\",\"@graph\":[{\"@type\":\"WebPage\",\"@id\":\"https:\\\/\\\/www.klaaspuul.com\\\/fr\\\/qualite\\\/laboratoire\\\/\",\"url\":\"https:\\\/\\\/www.klaaspuul.com\\\/fr\\\/qualite\\\/laboratoire\\\/\",\"name\":\"Laboratoire - Klaas Puul FR\",\"isPartOf\":{\"@id\":\"https:\\\/\\\/www.klaaspuul.com\\\/fr\\\/#website\"},\"datePublished\":\"2016-12-19T10:48:08+00:00\",\"dateModified\":\"2020-03-17T14:07:07+00:00\",\"breadcrumb\":{\"@id\":\"https:\\\/\\\/www.klaaspuul.com\\\/fr\\\/qualite\\\/laboratoire\\\/#breadcrumb\"},\"inLanguage\":\"fr-FR\",\"potentialAction\":[{\"@type\":\"ReadAction\",\"target\":[\"https:\\\/\\\/www.klaaspuul.com\\\/fr\\\/qualite\\\/laboratoire\\\/\"]}]},{\"@type\":\"BreadcrumbList\",\"@id\":\"https:\\\/\\\/www.klaaspuul.com\\\/fr\\\/qualite\\\/laboratoire\\\/#breadcrumb\",\"itemListElement\":[{\"@type\":\"ListItem\",\"position\":1,\"name\":\"Accueil\",\"item\":\"https:\\\/\\\/www.klaaspuul.com\\\/fr\\\/\"},{\"@type\":\"ListItem\",\"position\":2,\"name\":\"Qualit\u00e9\",\"item\":\"https:\\\/\\\/www.klaaspuul.com\\\/fr\\\/qualite\\\/\"},{\"@type\":\"ListItem\",\"position\":3,\"name\":\"Laboratoire\"}]},{\"@type\":\"WebSite\",\"@id\":\"https:\\\/\\\/www.klaaspuul.com\\\/fr\\\/#website\",\"url\":\"https:\\\/\\\/www.klaaspuul.com\\\/fr\\\/\",\"name\":\"Klaas Puul FR\",\"description\":\"Een andere Klaas Puul site\",\"potentialAction\":[{\"@type\":\"SearchAction\",\"target\":{\"@type\":\"EntryPoint\",\"urlTemplate\":\"https:\\\/\\\/www.klaaspuul.com\\\/fr\\\/?s={search_term_string}\"},\"query-input\":{\"@type\":\"PropertyValueSpecification\",\"valueRequired\":true,\"valueName\":\"search_term_string\"}}],\"inLanguage\":\"fr-FR\"}]}<\/script>\n<!-- \/ Yoast SEO plugin. -->","yoast_head_json":{"title":"Laboratoire - Klaas Puul FR","robots":{"index":"index","follow":"follow","max-snippet":"max-snippet:-1","max-image-preview":"max-image-preview:large","max-video-preview":"max-video-preview:-1"},"canonical":"https:\/\/www.klaaspuul.com\/fr\/qualite\/laboratoire\/","og_locale":"fr_FR","og_type":"article","og_title":"Laboratoire - Klaas Puul FR","og_description":"Notre site de production de Edam dispose d&rsquo;un laboratoire bien \u00e9quip\u00e9. C&rsquo;est ici que les \u00e9chantillons pr\u00e9lev\u00e9s sont quotidiennement analys\u00e9s microbiologiquement, physiquement et chimiquement et compar\u00e9s aux exigences de s\u00e9curit\u00e9 alimentaire. Notre laboratoire planche en outre en permanence sur le d\u00e9veloppement de produits et effectue des recherches sur de nouvelles techniques de traitement.","og_url":"https:\/\/www.klaaspuul.com\/fr\/qualite\/laboratoire\/","og_site_name":"Klaas Puul FR","article_modified_time":"2020-03-17T14:07:07+00:00","twitter_card":"summary_large_image","schema":{"@context":"https:\/\/schema.org","@graph":[{"@type":"WebPage","@id":"https:\/\/www.klaaspuul.com\/fr\/qualite\/laboratoire\/","url":"https:\/\/www.klaaspuul.com\/fr\/qualite\/laboratoire\/","name":"Laboratoire - Klaas Puul FR","isPartOf":{"@id":"https:\/\/www.klaaspuul.com\/fr\/#website"},"datePublished":"2016-12-19T10:48:08+00:00","dateModified":"2020-03-17T14:07:07+00:00","breadcrumb":{"@id":"https:\/\/www.klaaspuul.com\/fr\/qualite\/laboratoire\/#breadcrumb"},"inLanguage":"fr-FR","potentialAction":[{"@type":"ReadAction","target":["https:\/\/www.klaaspuul.com\/fr\/qualite\/laboratoire\/"]}]},{"@type":"BreadcrumbList","@id":"https:\/\/www.klaaspuul.com\/fr\/qualite\/laboratoire\/#breadcrumb","itemListElement":[{"@type":"ListItem","position":1,"name":"Accueil","item":"https:\/\/www.klaaspuul.com\/fr\/"},{"@type":"ListItem","position":2,"name":"Qualit\u00e9","item":"https:\/\/www.klaaspuul.com\/fr\/qualite\/"},{"@type":"ListItem","position":3,"name":"Laboratoire"}]},{"@type":"WebSite","@id":"https:\/\/www.klaaspuul.com\/fr\/#website","url":"https:\/\/www.klaaspuul.com\/fr\/","name":"Klaas Puul FR","description":"Een andere Klaas Puul site","potentialAction":[{"@type":"SearchAction","target":{"@type":"EntryPoint","urlTemplate":"https:\/\/www.klaaspuul.com\/fr\/?s={search_term_string}"},"query-input":{"@type":"PropertyValueSpecification","valueRequired":true,"valueName":"search_term_string"}}],"inLanguage":"fr-FR"}]}},"_links":{"self":[{"href":"https:\/\/www.klaaspuul.com\/fr\/wp-json\/wp\/v2\/pages\/141","targetHints":{"allow":["GET"]}}],"collection":[{"href":"https:\/\/www.klaaspuul.com\/fr\/wp-json\/wp\/v2\/pages"}],"about":[{"href":"https:\/\/www.klaaspuul.com\/fr\/wp-json\/wp\/v2\/types\/page"}],"author":[{"embeddable":true,"href":"https:\/\/www.klaaspuul.com\/fr\/wp-json\/wp\/v2\/users\/1"}],"replies":[{"embeddable":true,"href":"https:\/\/www.klaaspuul.com\/fr\/wp-json\/wp\/v2\/comments?post=141"}],"version-history":[{"count":3,"href":"https:\/\/www.klaaspuul.com\/fr\/wp-json\/wp\/v2\/pages\/141\/revisions"}],"predecessor-version":[{"id":19401,"href":"https:\/\/www.klaaspuul.com\/fr\/wp-json\/wp\/v2\/pages\/141\/revisions\/19401"}],"up":[{"embeddable":true,"href":"https:\/\/www.klaaspuul.com\/fr\/wp-json\/wp\/v2\/pages\/109"}],"wp:attachment":[{"href":"https:\/\/www.klaaspuul.com\/fr\/wp-json\/wp\/v2\/media?parent=141"}],"curies":[{"name":"wp","href":"https:\/\/api.w.org\/{rel}","templated":true}]}}