{"id":161,"date":"2016-12-20T11:11:50","date_gmt":"2016-12-20T10:11:50","guid":{"rendered":"https:\/\/www.klaaspuul.com\/?page_id=161"},"modified":"2017-02-20T15:13:06","modified_gmt":"2017-02-20T14:13:06","slug":"mission","status":"publish","type":"page","link":"https:\/\/www.klaaspuul.com\/fr\/mission\/","title":{"rendered":"Mission et Vision"},"content":{"rendered":"<div class=\"inner\">\n<h3>Mission<\/h3>\n<ul>\n<li>Fournir des mollusques et crustac\u00e9s frais et surgel\u00e9s de haute qualit\u00e9 et diff\u00e9renti\u00e9s.<\/li>\n<li>Cr\u00e9er de la valeur pour les secteurs de la vente au d\u00e9tail, du foodservice et de l&rsquo;industrie en offrant un niveau de qualit\u00e9 \u00e9lev\u00e9 \u00e0 des prix int\u00e9ressants.<\/li>\n<li>\u00c9tonner le consommateur par un d\u00e9veloppement de produits et une innovation continus.<\/li>\n<\/ul>\n<h3>Vision<\/h3>\n<p>Les crevettes sont des produits de la mer durables, sains et d\u00e9licieux. Nous pensons qu\u2019il est bon de manger des fruits de mer au moins deux fois par semaine, et des crevettes une fois par semaine.\n<\/p><\/div>\n","protected":false},"excerpt":{"rendered":"<p>Mission Fournir des mollusques et crustac\u00e9s frais et surgel\u00e9s de haute qualit\u00e9 et diff\u00e9renti\u00e9s. Cr\u00e9er de la valeur pour les secteurs de la vente au d\u00e9tail, du foodservice et de l&rsquo;industrie en offrant un niveau de qualit\u00e9 \u00e9lev\u00e9 \u00e0 des prix int\u00e9ressants. \u00c9tonner le consommateur par un d\u00e9veloppement de produits et une innovation continus. Vision &hellip; <a href=\"https:\/\/www.klaaspuul.com\/fr\/mission\/\" class=\"more-link\">Continue reading <span class=\"screen-reader-text\">Mission et Vision<\/span> <span class=\"meta-nav\">&rarr;<\/span><\/a><\/p>\n","protected":false},"author":1,"featured_media":0,"parent":0,"menu_order":0,"comment_status":"closed","ping_status":"closed","template":"","meta":{"_acf_changed":false,"_monsterinsights_skip_tracking":false,"_monsterinsights_sitenote_active":false,"_monsterinsights_sitenote_note":"","_monsterinsights_sitenote_category":0,"footnotes":""},"class_list":["post-161","page","type-page","status-publish","hentry"],"acf":[],"yoast_head":"<!-- This site is optimized with the Yoast SEO plugin v27.3 - https:\/\/yoast.com\/product\/yoast-seo-wordpress\/ -->\n<title>Mission et Vision - Klaas Puul FR<\/title>\n<meta name=\"robots\" content=\"index, follow, max-snippet:-1, max-image-preview:large, max-video-preview:-1\" \/>\n<link rel=\"canonical\" href=\"https:\/\/www.klaaspuul.com\/fr\/mission\/\" \/>\n<meta property=\"og:locale\" content=\"fr_FR\" \/>\n<meta property=\"og:type\" content=\"article\" \/>\n<meta property=\"og:title\" content=\"Mission et Vision - Klaas Puul FR\" \/>\n<meta property=\"og:description\" content=\"Mission Fournir des mollusques et crustac\u00e9s frais et surgel\u00e9s de haute qualit\u00e9 et diff\u00e9renti\u00e9s. Cr\u00e9er de la valeur pour les secteurs de la vente au d\u00e9tail, du foodservice et de l&rsquo;industrie en offrant un niveau de qualit\u00e9 \u00e9lev\u00e9 \u00e0 des prix int\u00e9ressants. \u00c9tonner le consommateur par un d\u00e9veloppement de produits et une innovation continus. Vision &hellip; Continue reading Mission et Vision &rarr;\" \/>\n<meta property=\"og:url\" content=\"https:\/\/www.klaaspuul.com\/fr\/mission\/\" \/>\n<meta property=\"og:site_name\" content=\"Klaas Puul FR\" \/>\n<meta property=\"article:modified_time\" content=\"2017-02-20T14:13:06+00:00\" \/>\n<meta name=\"twitter:card\" content=\"summary_large_image\" \/>\n<meta name=\"twitter:label1\" content=\"Dur\u00e9e de lecture estim\u00e9e\" \/>\n\t<meta name=\"twitter:data1\" content=\"1 minute\" \/>\n<script type=\"application\/ld+json\" class=\"yoast-schema-graph\">{\"@context\":\"https:\\\/\\\/schema.org\",\"@graph\":[{\"@type\":\"WebPage\",\"@id\":\"https:\\\/\\\/www.klaaspuul.com\\\/fr\\\/mission\\\/\",\"url\":\"https:\\\/\\\/www.klaaspuul.com\\\/fr\\\/mission\\\/\",\"name\":\"Mission et Vision - Klaas Puul FR\",\"isPartOf\":{\"@id\":\"https:\\\/\\\/www.klaaspuul.com\\\/fr\\\/#website\"},\"datePublished\":\"2016-12-20T10:11:50+00:00\",\"dateModified\":\"2017-02-20T14:13:06+00:00\",\"breadcrumb\":{\"@id\":\"https:\\\/\\\/www.klaaspuul.com\\\/fr\\\/mission\\\/#breadcrumb\"},\"inLanguage\":\"fr-FR\",\"potentialAction\":[{\"@type\":\"ReadAction\",\"target\":[\"https:\\\/\\\/www.klaaspuul.com\\\/fr\\\/mission\\\/\"]}]},{\"@type\":\"BreadcrumbList\",\"@id\":\"https:\\\/\\\/www.klaaspuul.com\\\/fr\\\/mission\\\/#breadcrumb\",\"itemListElement\":[{\"@type\":\"ListItem\",\"position\":1,\"name\":\"Accueil\",\"item\":\"https:\\\/\\\/www.klaaspuul.com\\\/fr\\\/\"},{\"@type\":\"ListItem\",\"position\":2,\"name\":\"Mission et Vision\"}]},{\"@type\":\"WebSite\",\"@id\":\"https:\\\/\\\/www.klaaspuul.com\\\/fr\\\/#website\",\"url\":\"https:\\\/\\\/www.klaaspuul.com\\\/fr\\\/\",\"name\":\"Klaas Puul FR\",\"description\":\"Een andere Klaas Puul site\",\"potentialAction\":[{\"@type\":\"SearchAction\",\"target\":{\"@type\":\"EntryPoint\",\"urlTemplate\":\"https:\\\/\\\/www.klaaspuul.com\\\/fr\\\/?s={search_term_string}\"},\"query-input\":{\"@type\":\"PropertyValueSpecification\",\"valueRequired\":true,\"valueName\":\"search_term_string\"}}],\"inLanguage\":\"fr-FR\"}]}<\/script>\n<!-- \/ Yoast SEO plugin. -->","yoast_head_json":{"title":"Mission et Vision - Klaas Puul FR","robots":{"index":"index","follow":"follow","max-snippet":"max-snippet:-1","max-image-preview":"max-image-preview:large","max-video-preview":"max-video-preview:-1"},"canonical":"https:\/\/www.klaaspuul.com\/fr\/mission\/","og_locale":"fr_FR","og_type":"article","og_title":"Mission et Vision - Klaas Puul FR","og_description":"Mission Fournir des mollusques et crustac\u00e9s frais et surgel\u00e9s de haute qualit\u00e9 et diff\u00e9renti\u00e9s. Cr\u00e9er de la valeur pour les secteurs de la vente au d\u00e9tail, du foodservice et de l&rsquo;industrie en offrant un niveau de qualit\u00e9 \u00e9lev\u00e9 \u00e0 des prix int\u00e9ressants. \u00c9tonner le consommateur par un d\u00e9veloppement de produits et une innovation continus. Vision &hellip; Continue reading Mission et Vision &rarr;","og_url":"https:\/\/www.klaaspuul.com\/fr\/mission\/","og_site_name":"Klaas Puul FR","article_modified_time":"2017-02-20T14:13:06+00:00","twitter_card":"summary_large_image","twitter_misc":{"Dur\u00e9e de lecture estim\u00e9e":"1 minute"},"schema":{"@context":"https:\/\/schema.org","@graph":[{"@type":"WebPage","@id":"https:\/\/www.klaaspuul.com\/fr\/mission\/","url":"https:\/\/www.klaaspuul.com\/fr\/mission\/","name":"Mission et Vision - Klaas Puul FR","isPartOf":{"@id":"https:\/\/www.klaaspuul.com\/fr\/#website"},"datePublished":"2016-12-20T10:11:50+00:00","dateModified":"2017-02-20T14:13:06+00:00","breadcrumb":{"@id":"https:\/\/www.klaaspuul.com\/fr\/mission\/#breadcrumb"},"inLanguage":"fr-FR","potentialAction":[{"@type":"ReadAction","target":["https:\/\/www.klaaspuul.com\/fr\/mission\/"]}]},{"@type":"BreadcrumbList","@id":"https:\/\/www.klaaspuul.com\/fr\/mission\/#breadcrumb","itemListElement":[{"@type":"ListItem","position":1,"name":"Accueil","item":"https:\/\/www.klaaspuul.com\/fr\/"},{"@type":"ListItem","position":2,"name":"Mission et Vision"}]},{"@type":"WebSite","@id":"https:\/\/www.klaaspuul.com\/fr\/#website","url":"https:\/\/www.klaaspuul.com\/fr\/","name":"Klaas Puul FR","description":"Een andere Klaas Puul site","potentialAction":[{"@type":"SearchAction","target":{"@type":"EntryPoint","urlTemplate":"https:\/\/www.klaaspuul.com\/fr\/?s={search_term_string}"},"query-input":{"@type":"PropertyValueSpecification","valueRequired":true,"valueName":"search_term_string"}}],"inLanguage":"fr-FR"}]}},"_links":{"self":[{"href":"https:\/\/www.klaaspuul.com\/fr\/wp-json\/wp\/v2\/pages\/161","targetHints":{"allow":["GET"]}}],"collection":[{"href":"https:\/\/www.klaaspuul.com\/fr\/wp-json\/wp\/v2\/pages"}],"about":[{"href":"https:\/\/www.klaaspuul.com\/fr\/wp-json\/wp\/v2\/types\/page"}],"author":[{"embeddable":true,"href":"https:\/\/www.klaaspuul.com\/fr\/wp-json\/wp\/v2\/users\/1"}],"replies":[{"embeddable":true,"href":"https:\/\/www.klaaspuul.com\/fr\/wp-json\/wp\/v2\/comments?post=161"}],"version-history":[{"count":6,"href":"https:\/\/www.klaaspuul.com\/fr\/wp-json\/wp\/v2\/pages\/161\/revisions"}],"predecessor-version":[{"id":666,"href":"https:\/\/www.klaaspuul.com\/fr\/wp-json\/wp\/v2\/pages\/161\/revisions\/666"}],"wp:attachment":[{"href":"https:\/\/www.klaaspuul.com\/fr\/wp-json\/wp\/v2\/media?parent=161"}],"curies":[{"name":"wp","href":"https:\/\/api.w.org\/{rel}","templated":true}]}}