{"id":19367,"date":"2019-09-12T11:55:48","date_gmt":"2019-09-12T09:55:48","guid":{"rendered":"https:\/\/www.klaaspuul.com\/fr\/?page_id=19367"},"modified":"2019-09-17T09:48:57","modified_gmt":"2019-09-17T07:48:57","slug":"shrimps-of-the-world","status":"publish","type":"page","link":"https:\/\/www.klaaspuul.com\/fr\/puuls\/shrimps-of-the-world\/","title":{"rendered":"Puul&rsquo;s Shrimps of the World"},"content":{"rendered":"\r\n<section class=\"is-puuls\" id=\"puuls-lagen\">\r\n\t<div class=\"puuls-btn shrimps-world active\">\r\n\t\t<span class=\"puuls-logo\"><img decoding=\"async\" src=\"https:\/\/www.klaaspuul.com\/wp-content\/uploads\/puuls-shrimps-logo.png\"><\/span>\r\n\t<\/div>\r\n<\/section>\r\n<section class=\"is-puuls\" id=\"puuls-content\">\r\n\t<div class=\"row active-row\" id=\"s-world-content\">\r\n\t\t<div class=\"col puuls-info\">\r\n\t\t\t<div class=\"inner inner-frozen\">\r\n\t\t\t\t<span class=\"before-title\">Les poissonniers de PUUL\u2019S pr\u00e9sentent:<\/span>\r\n\t\t\t\t<h2>Puul's Shrimps of the World<\/h2>\r\n\t\t\t\t<span>Chaque crevette a sa propre histoire<\/span>\r\n\t\t\t\t<div class=\"info-col\">\r\n\t\t\t\t\tChaque crevette vient d\u2019une partie diff\u00e9rente du monde et a grandi sous des circonstances diff\u00e9rentes. La temp\u00e9rature des eaux, les courants et les nutriments cr\u00e9ent des saveurs et textures uniques. Avec Shrimps of the World, les poissonniers de Puul\u2019s vous expliquent les go\u00fbts des diff\u00e9rentes crevettes, la meilleure fa\u00e7on de les pr\u00e9parer et dans quel plat cette crevette sp\u00e9cifique sera sublim\u00e9e.\r\n\t\t\t\t<\/div>\r\n\t\t\t<\/div>\r\n\t\t\t<div class=\"puuls-sworld\">\r\n\t\t\t\t\t\t\t\t\t\t\r\n\t\t\t\r\n\t\t\t\t\t\t<div id=\"puulsi-id-18530\" class=\"pack\" style=\"background-color:#efb796;border-color:#efb796;\">\r\n\t\t\t\t<a class=\"btn btn-primary\" data-toggle=\"modal\" data-target=\"#modal-18530\" title=\"Meer informatie\">\r\n\t\t\t\t\t<span class=\"pack-img\"><img loading=\"lazy\" decoding=\"async\" width=\"672\" height=\"560\" src=\"https:\/\/www.klaaspuul.com\/fr\/wp-content\/uploads\/sites\/7\/2019\/08\/puuls_argentina-img.png\" class=\"attachment-full size-full wp-post-image\" alt=\"\" srcset=\"https:\/\/www.klaaspuul.com\/fr\/wp-content\/uploads\/sites\/7\/2019\/08\/puuls_argentina-img.png 672w, https:\/\/www.klaaspuul.com\/fr\/wp-content\/uploads\/sites\/7\/2019\/08\/puuls_argentina-img-300x250.png 300w\" sizes=\"auto, (max-width: 672px) 100vw, 672px\" \/><\/span>\r\n\t\t\t\t\t<span class=\"pack-title\"><span>PUUL's Shrimps of the World<\/span>Argentina<\/span>\r\n\t\t\t\t\t<span class=\"pack-subtitle\">\r\n\t\t\t\t\t\t\t\t\t\t100g | 500g\t\t\t\t\t\t\t\t\t\t<\/span>\r\n\t\t\t\t<\/a>\r\n\t\t\t\t\t<div class=\"modal fade\" id=\"modal-18530\" tabindex=\"-1\" role=\"dialog\" aria-labelledby=\"puulsModal\" aria-hidden=\"true\">\r\n\t\t\t\t\t  <div class=\"modal-dialog\" role=\"document\">\r\n\t\t\t\t\t\t<div class=\"modal-content\">\r\n\t\t\t\t\t\t\t<div class=\"modal-header\">\r\n\t\t\t\t\t\t\t\t<button type=\"button\" class=\"close\" data-dismiss=\"modal\" aria-label=\"Close\">\r\n\t\t\t\t\t\t\t\t\t<span aria-hidden=\"true\">\u00d7<\/span>\r\n\t\t\t\t\t\t\t\t<\/button>\r\n\t\t\t\t\t\t\t<\/div>\r\n\t\t\t\t\t\t\t<div class=\"modal-img\">\r\n\t\t\t\t\t\t\t\t<img loading=\"lazy\" decoding=\"async\" width=\"672\" height=\"560\" src=\"https:\/\/www.klaaspuul.com\/fr\/wp-content\/uploads\/sites\/7\/2019\/08\/puuls_argentina-img.png\" class=\"attachment-full size-full wp-post-image\" alt=\"\" srcset=\"https:\/\/www.klaaspuul.com\/fr\/wp-content\/uploads\/sites\/7\/2019\/08\/puuls_argentina-img.png 672w, https:\/\/www.klaaspuul.com\/fr\/wp-content\/uploads\/sites\/7\/2019\/08\/puuls_argentina-img-300x250.png 300w\" sizes=\"auto, (max-width: 672px) 100vw, 672px\" \/>\t\t\t\t\t\t\t<\/div>\r\n\t\t\t\t\t\t\t\t<div class=\"col\">\r\n\t\t\t\t\t\t\t    \t\t\t\t\t\t\t\t<p><span class=\"pack-title\"><span>PUUL's Shrimps of the World<\/span>Argentina<\/span><\/p>\r\n\t\t\t\t\t\t\t\t<ul>\r\n\t\t\t\t\t\t\t\t\t\t\t\t\t\t\t\t\t\t<li>100g | 500g<\/li>\r\n\t\t\t\t\t\t\t\t\t\t\t\t\t\t\t\t\t\t\t\t\t\t\t\t\t\t\t\t\t\t\t\t\t\t\t<\/ul>\r\n\t\t\t\t\t\t\t\t\t\t\t\t\t\t\t\t\t<\/div>\r\n\t\t\t\t\t\t<\/div>\r\n\t\t\t\t\t  <\/div>\r\n\t\t\t\t\t<\/div>\r\n\t\t\t<\/div>\r\n\t\t\t\t\t\t<div id=\"puulsi-id-18532\" class=\"pack\" style=\"background-color:#9fd4d1;border-color:#9fd4d1;\">\r\n\t\t\t\t<a class=\"btn btn-primary\" data-toggle=\"modal\" data-target=\"#modal-18532\" title=\"Meer informatie\">\r\n\t\t\t\t\t<span class=\"pack-img\"><img loading=\"lazy\" decoding=\"async\" width=\"672\" height=\"560\" src=\"https:\/\/www.klaaspuul.com\/fr\/wp-content\/uploads\/sites\/7\/2019\/08\/puuls_honduras-img.png\" class=\"attachment-full size-full wp-post-image\" alt=\"\" srcset=\"https:\/\/www.klaaspuul.com\/fr\/wp-content\/uploads\/sites\/7\/2019\/08\/puuls_honduras-img.png 672w, https:\/\/www.klaaspuul.com\/fr\/wp-content\/uploads\/sites\/7\/2019\/08\/puuls_honduras-img-300x250.png 300w\" sizes=\"auto, (max-width: 672px) 100vw, 672px\" \/><\/span>\r\n\t\t\t\t\t<span class=\"pack-title\"><span>PUUL's Shrimps of the World<\/span>Honduras<\/span>\r\n\t\t\t\t\t<span class=\"pack-subtitle\">\r\n\t\t\t\t\t\t\t\t\t\t100g | 500g\t\t\t\t\t\t\t\t\t\t<\/span>\r\n\t\t\t\t<\/a>\r\n\t\t\t\t\t<div class=\"modal fade\" id=\"modal-18532\" tabindex=\"-1\" role=\"dialog\" aria-labelledby=\"puulsModal\" aria-hidden=\"true\">\r\n\t\t\t\t\t  <div class=\"modal-dialog\" role=\"document\">\r\n\t\t\t\t\t\t<div class=\"modal-content\">\r\n\t\t\t\t\t\t\t<div class=\"modal-header\">\r\n\t\t\t\t\t\t\t\t<button type=\"button\" class=\"close\" data-dismiss=\"modal\" aria-label=\"Close\">\r\n\t\t\t\t\t\t\t\t\t<span aria-hidden=\"true\">\u00d7<\/span>\r\n\t\t\t\t\t\t\t\t<\/button>\r\n\t\t\t\t\t\t\t<\/div>\r\n\t\t\t\t\t\t\t<div class=\"modal-img\">\r\n\t\t\t\t\t\t\t\t<img loading=\"lazy\" decoding=\"async\" width=\"672\" height=\"560\" src=\"https:\/\/www.klaaspuul.com\/fr\/wp-content\/uploads\/sites\/7\/2019\/08\/puuls_honduras-img.png\" class=\"attachment-full size-full wp-post-image\" alt=\"\" srcset=\"https:\/\/www.klaaspuul.com\/fr\/wp-content\/uploads\/sites\/7\/2019\/08\/puuls_honduras-img.png 672w, https:\/\/www.klaaspuul.com\/fr\/wp-content\/uploads\/sites\/7\/2019\/08\/puuls_honduras-img-300x250.png 300w\" sizes=\"auto, (max-width: 672px) 100vw, 672px\" \/>\t\t\t\t\t\t\t<\/div>\r\n\t\t\t\t\t\t\t\t<div class=\"col\">\r\n\t\t\t\t\t\t\t    \t\t\t\t\t\t\t\t<p><span class=\"pack-title\"><span>PUUL's Shrimps of the World<\/span>Honduras<\/span><\/p>\r\n\t\t\t\t\t\t\t\t<ul>\r\n\t\t\t\t\t\t\t\t\t\t\t\t\t\t\t\t\t\t<li>100g | 500g<\/li>\r\n\t\t\t\t\t\t\t\t\t\t\t\t\t\t\t\t\t\t\t\t\t\t\t\t\t\t\t\t\t\t\t\t\t\t\t<\/ul>\r\n\t\t\t\t\t\t\t\t\t\t\t\t\t\t\t\t\t<\/div>\r\n\t\t\t\t\t\t<\/div>\r\n\t\t\t\t\t  <\/div>\r\n\t\t\t\t\t<\/div>\r\n\t\t\t<\/div>\r\n\t\t\t\t\t\t<div id=\"puulsi-id-18536\" class=\"pack\" style=\"background-color:#f4bf69;border-color:#f4bf69;\">\r\n\t\t\t\t<a class=\"btn btn-primary\" data-toggle=\"modal\" data-target=\"#modal-18536\" title=\"Meer informatie\">\r\n\t\t\t\t\t<span class=\"pack-img\"><img loading=\"lazy\" decoding=\"async\" width=\"672\" height=\"560\" src=\"https:\/\/www.klaaspuul.com\/fr\/wp-content\/uploads\/sites\/7\/2019\/08\/puuls_north_sea-img.png\" class=\"attachment-full size-full wp-post-image\" alt=\"\" srcset=\"https:\/\/www.klaaspuul.com\/fr\/wp-content\/uploads\/sites\/7\/2019\/08\/puuls_north_sea-img.png 672w, https:\/\/www.klaaspuul.com\/fr\/wp-content\/uploads\/sites\/7\/2019\/08\/puuls_north_sea-img-300x250.png 300w\" sizes=\"auto, (max-width: 672px) 100vw, 672px\" \/><\/span>\r\n\t\t\t\t\t<span class=\"pack-title\"><span>PUUL's Shrimps of the World<\/span>North Sea<\/span>\r\n\t\t\t\t\t<span class=\"pack-subtitle\">\r\n\t\t\t\t\t\t\t\t\t\t100g | 500g\t\t\t\t\t\t\t\t\t\t<\/span>\r\n\t\t\t\t<\/a>\r\n\t\t\t\t\t<div class=\"modal fade\" id=\"modal-18536\" tabindex=\"-1\" role=\"dialog\" aria-labelledby=\"puulsModal\" aria-hidden=\"true\">\r\n\t\t\t\t\t  <div class=\"modal-dialog\" role=\"document\">\r\n\t\t\t\t\t\t<div class=\"modal-content\">\r\n\t\t\t\t\t\t\t<div class=\"modal-header\">\r\n\t\t\t\t\t\t\t\t<button type=\"button\" class=\"close\" data-dismiss=\"modal\" aria-label=\"Close\">\r\n\t\t\t\t\t\t\t\t\t<span aria-hidden=\"true\">\u00d7<\/span>\r\n\t\t\t\t\t\t\t\t<\/button>\r\n\t\t\t\t\t\t\t<\/div>\r\n\t\t\t\t\t\t\t<div class=\"modal-img\">\r\n\t\t\t\t\t\t\t\t<img loading=\"lazy\" decoding=\"async\" width=\"672\" height=\"560\" src=\"https:\/\/www.klaaspuul.com\/fr\/wp-content\/uploads\/sites\/7\/2019\/08\/puuls_north_sea-img.png\" class=\"attachment-full size-full wp-post-image\" alt=\"\" srcset=\"https:\/\/www.klaaspuul.com\/fr\/wp-content\/uploads\/sites\/7\/2019\/08\/puuls_north_sea-img.png 672w, https:\/\/www.klaaspuul.com\/fr\/wp-content\/uploads\/sites\/7\/2019\/08\/puuls_north_sea-img-300x250.png 300w\" sizes=\"auto, (max-width: 672px) 100vw, 672px\" \/>\t\t\t\t\t\t\t<\/div>\r\n\t\t\t\t\t\t\t\t<div class=\"col\">\r\n\t\t\t\t\t\t\t    \t\t\t\t\t\t\t\t<p><span class=\"pack-title\"><span>PUUL's Shrimps of the World<\/span>North Sea<\/span><\/p>\r\n\t\t\t\t\t\t\t\t<ul>\r\n\t\t\t\t\t\t\t\t\t\t\t\t\t\t\t\t\t\t<li>100g | 500g<\/li>\r\n\t\t\t\t\t\t\t\t\t\t\t\t\t\t\t\t\t\t\t\t\t\t\t\t\t\t\t\t\t\t\t\t\t\t\t<\/ul>\r\n\t\t\t\t\t\t\t\t\t\t\t\t\t\t\t\t\t<\/div>\r\n\t\t\t\t\t\t<\/div>\r\n\t\t\t\t\t  <\/div>\r\n\t\t\t\t\t<\/div>\r\n\t\t\t<\/div>\r\n\t\t\t\t\t\t<div id=\"puulsi-id-18534\" class=\"pack\" style=\"background-color:#b78ba4;border-color:#b78ba4;\">\r\n\t\t\t\t<a class=\"btn btn-primary\" data-toggle=\"modal\" data-target=\"#modal-18534\" title=\"Meer informatie\">\r\n\t\t\t\t\t<span class=\"pack-img\"><img loading=\"lazy\" decoding=\"async\" width=\"672\" height=\"560\" src=\"https:\/\/www.klaaspuul.com\/fr\/wp-content\/uploads\/sites\/7\/2019\/08\/puuls_guatemala-img.png\" class=\"attachment-full size-full wp-post-image\" alt=\"\" srcset=\"https:\/\/www.klaaspuul.com\/fr\/wp-content\/uploads\/sites\/7\/2019\/08\/puuls_guatemala-img.png 672w, https:\/\/www.klaaspuul.com\/fr\/wp-content\/uploads\/sites\/7\/2019\/08\/puuls_guatemala-img-300x250.png 300w\" sizes=\"auto, (max-width: 672px) 100vw, 672px\" \/><\/span>\r\n\t\t\t\t\t<span class=\"pack-title\"><span>PUUL's Shrimps of the World<\/span>Guatemala<\/span>\r\n\t\t\t\t\t<span class=\"pack-subtitle\">\r\n\t\t\t\t\t\t\t\t\t\t100g | 500g\t\t\t\t\t\t\t\t\t\t<\/span>\r\n\t\t\t\t<\/a>\r\n\t\t\t\t\t<div class=\"modal fade\" id=\"modal-18534\" tabindex=\"-1\" role=\"dialog\" aria-labelledby=\"puulsModal\" aria-hidden=\"true\">\r\n\t\t\t\t\t  <div class=\"modal-dialog\" role=\"document\">\r\n\t\t\t\t\t\t<div class=\"modal-content\">\r\n\t\t\t\t\t\t\t<div class=\"modal-header\">\r\n\t\t\t\t\t\t\t\t<button type=\"button\" class=\"close\" data-dismiss=\"modal\" aria-label=\"Close\">\r\n\t\t\t\t\t\t\t\t\t<span aria-hidden=\"true\">\u00d7<\/span>\r\n\t\t\t\t\t\t\t\t<\/button>\r\n\t\t\t\t\t\t\t<\/div>\r\n\t\t\t\t\t\t\t<div class=\"modal-img\">\r\n\t\t\t\t\t\t\t\t<img loading=\"lazy\" decoding=\"async\" width=\"672\" height=\"560\" src=\"https:\/\/www.klaaspuul.com\/fr\/wp-content\/uploads\/sites\/7\/2019\/08\/puuls_guatemala-img.png\" class=\"attachment-full size-full wp-post-image\" alt=\"\" srcset=\"https:\/\/www.klaaspuul.com\/fr\/wp-content\/uploads\/sites\/7\/2019\/08\/puuls_guatemala-img.png 672w, https:\/\/www.klaaspuul.com\/fr\/wp-content\/uploads\/sites\/7\/2019\/08\/puuls_guatemala-img-300x250.png 300w\" sizes=\"auto, (max-width: 672px) 100vw, 672px\" \/>\t\t\t\t\t\t\t<\/div>\r\n\t\t\t\t\t\t\t\t<div class=\"col\">\r\n\t\t\t\t\t\t\t    \t\t\t\t\t\t\t\t<p><span class=\"pack-title\"><span>PUUL's Shrimps of the World<\/span>Guatemala<\/span><\/p>\r\n\t\t\t\t\t\t\t\t<ul>\r\n\t\t\t\t\t\t\t\t\t\t\t\t\t\t\t\t\t\t<li>100g | 500g<\/li>\r\n\t\t\t\t\t\t\t\t\t\t\t\t\t\t\t\t\t\t\t\t\t\t\t\t\t\t\t\t\t\t\t\t\t\t\t<\/ul>\r\n\t\t\t\t\t\t\t\t\t\t\t\t\t\t\t\t\t<\/div>\r\n\t\t\t\t\t\t<\/div>\r\n\t\t\t\t\t  <\/div>\r\n\t\t\t\t\t<\/div>\r\n\t\t\t<\/div>\r\n\t\t\t\t\t\t\r\n\t\t\t\r\n\t\t\t<\/div>\r\n\t\t\t<div id=\"puuls-recipes\">\r\n\t\t\t\t<div id=\"more-recipes\">\r\n\t\t\t\t\t<div class=\"inner\">\r\n\t\t\t\t\t\t<h2 class=\"r-title\">Recettes<\/h2>\r\n\t\t\t\t\t\t\t\t\r\n\t\t\r\n\t\t\t\t<div class=\"recept-item\">\r\n\t\t\t<a href=\"https:\/\/www.klaaspuul.com\/fr\/recepten\/paella-avec-melange-de-fruits-de-mer\/\">\r\n\t\t\t\t<span class=\"recept-image\" style=\"background-image:url(https:\/\/www.klaaspuul.com\/fr\/wp-content\/uploads\/sites\/7\/2019\/08\/paella_bg.jpg);background-size: cover; background-repeat: no-repeat; background-position: center center;\">\r\n\t\t\t\t\t<span class=\"play-button\">\r\n\t\t\t\t\t\t<i class=\"fas fa-play\"><\/i>\r\n\t\t\t\t\t<\/span>\r\n\t\t\t\t<\/span>\r\n\t\t\t\t<span class=\"recept-title\">\u201cPaella\u201d avec m\u00e9lange de fruits de mer<\/span>\r\n\t\t\t<\/a>\r\n\t\t<\/div>\r\n\t\t\t\t<div class=\"recept-item\">\r\n\t\t\t<a href=\"https:\/\/www.klaaspuul.com\/fr\/recepten\/cocktail-aux-crevettes\/\">\r\n\t\t\t\t<span class=\"recept-image\" style=\"background-image:url(https:\/\/www.klaaspuul.com\/fr\/wp-content\/uploads\/sites\/7\/2019\/05\/cocktail_bg.jpg);background-size: cover; background-repeat: no-repeat; background-position: center center;\">\r\n\t\t\t\t\t<span class=\"play-button\">\r\n\t\t\t\t\t\t<i class=\"fas fa-play\"><\/i>\r\n\t\t\t\t\t<\/span>\r\n\t\t\t\t<\/span>\r\n\t\t\t\t<span class=\"recept-title\">Cocktail aux crevettes<\/span>\r\n\t\t\t<\/a>\r\n\t\t<\/div>\r\n\t\t\t\t<div class=\"recept-item\">\r\n\t\t\t<a href=\"https:\/\/www.klaaspuul.com\/fr\/recepten\/salade-repas-aux-haricots-avec-crevettes-roses\/\">\r\n\t\t\t\t<span class=\"recept-image\" style=\"background-image:url(https:\/\/www.klaaspuul.com\/fr\/wp-content\/uploads\/sites\/7\/2019\/08\/bonen_bg.jpg);background-size: cover; background-repeat: no-repeat; background-position: center center;\">\r\n\t\t\t\t\t<span class=\"play-button\">\r\n\t\t\t\t\t\t<i class=\"fas fa-play\"><\/i>\r\n\t\t\t\t\t<\/span>\r\n\t\t\t\t<\/span>\r\n\t\t\t\t<span class=\"recept-title\">Salade repas aux haricots avec crevettes roses<\/span>\r\n\t\t\t<\/a>\r\n\t\t<\/div>\r\n\t\t\t\t<div class=\"recept-item\">\r\n\t\t\t<a href=\"https:\/\/www.klaaspuul.com\/fr\/recepten\/pad-thai-aux-crevettes-au-wok\/\">\r\n\t\t\t\t<span class=\"recept-image\" style=\"background-image:url(https:\/\/www.klaaspuul.com\/fr\/wp-content\/uploads\/sites\/7\/2019\/08\/padthai_bg.jpg);background-size: cover; background-repeat: no-repeat; background-position: center center;\">\r\n\t\t\t\t\t<span class=\"play-button\">\r\n\t\t\t\t\t\t<i class=\"fas fa-play\"><\/i>\r\n\t\t\t\t\t<\/span>\r\n\t\t\t\t<\/span>\r\n\t\t\t\t<span class=\"recept-title\">Pad-Tha\u00ef aux crevettes au wok<\/span>\r\n\t\t\t<\/a>\r\n\t\t<\/div>\r\n\t\t\t\t<div class=\"recept-item\">\r\n\t\t\t<a href=\"https:\/\/www.klaaspuul.com\/fr\/recepten\/tempura-de-crevettes-dargentine\/\">\r\n\t\t\t\t<span class=\"recept-image\" style=\"background-image:url(https:\/\/www.klaaspuul.com\/fr\/wp-content\/uploads\/sites\/7\/2019\/08\/Tempura-van-Argentijnse-garnalen-Kleur.jpg);background-size: cover; background-repeat: no-repeat; background-position: center center;\">\r\n\t\t\t\t\t<span class=\"play-button\">\r\n\t\t\t\t\t\t<i class=\"fas fa-play\"><\/i>\r\n\t\t\t\t\t<\/span>\r\n\t\t\t\t<\/span>\r\n\t\t\t\t<span class=\"recept-title\">Tempura de crevettes d&rsquo;Argentine<\/span>\r\n\t\t\t<\/a>\r\n\t\t<\/div>\r\n\t\t\t\t<div class=\"recept-item\">\r\n\t\t\t<a href=\"https:\/\/www.klaaspuul.com\/fr\/recepten\/taco-aux-crevettes-du-honduras\/\">\r\n\t\t\t\t<span class=\"recept-image\" style=\"background-image:url(https:\/\/www.klaaspuul.com\/fr\/wp-content\/uploads\/sites\/7\/2019\/08\/taco_bg.jpg);background-size: cover; background-repeat: no-repeat; background-position: center center;\">\r\n\t\t\t\t\t<span class=\"play-button\">\r\n\t\t\t\t\t\t<i class=\"fas fa-play\"><\/i>\r\n\t\t\t\t\t<\/span>\r\n\t\t\t\t<\/span>\r\n\t\t\t\t<span class=\"recept-title\">Taco aux crevettes du Honduras<\/span>\r\n\t\t\t<\/a>\r\n\t\t<\/div>\r\n\t\t\t\t<div class=\"recept-item\">\r\n\t\t\t<a href=\"https:\/\/www.klaaspuul.com\/fr\/recepten\/ceviche-aux-crevettes-du-guatemala\/\">\r\n\t\t\t\t<span class=\"recept-image\" style=\"background-image:url(https:\/\/www.klaaspuul.com\/fr\/wp-content\/uploads\/sites\/7\/2019\/08\/ceviche_bg.jpg);background-size: cover; background-repeat: no-repeat; background-position: center center;\">\r\n\t\t\t\t\t<span class=\"play-button\">\r\n\t\t\t\t\t\t<i class=\"fas fa-play\"><\/i>\r\n\t\t\t\t\t<\/span>\r\n\t\t\t\t<\/span>\r\n\t\t\t\t<span class=\"recept-title\">Ceviche aux crevettes du Guatemala<\/span>\r\n\t\t\t<\/a>\r\n\t\t<\/div>\r\n\t\t\t\t<div class=\"recept-item\">\r\n\t\t\t<a href=\"https:\/\/www.klaaspuul.com\/fr\/recepten\/bisque-de-crevettes-grise\/\">\r\n\t\t\t\t<span class=\"recept-image\" style=\"background-image:url(https:\/\/www.klaaspuul.com\/fr\/wp-content\/uploads\/sites\/7\/2019\/08\/noordzee-img.jpg);background-size: cover; background-repeat: no-repeat; background-position: center center;\">\r\n\t\t\t\t\t<span class=\"play-button\">\r\n\t\t\t\t\t\t<i class=\"fas fa-play\"><\/i>\r\n\t\t\t\t\t<\/span>\r\n\t\t\t\t<\/span>\r\n\t\t\t\t<span class=\"recept-title\">Bisque de crevettes grise<\/span>\r\n\t\t\t<\/a>\r\n\t\t<\/div>\r\n\t\t\r\n\t\t\r\n\t\t\r\n\t\t\t\t\t<\/div>\r\n\t\t\t\t<\/div>\r\n\t\t\t<\/div>\r\n\t\t<\/div>\r\n\t<\/div>\r\n<\/section>\r\n","protected":false},"excerpt":{"rendered":"<p>Les poissonniers de PUUL\u2019S pr\u00e9sentent: Puul&rsquo;s Shrimps of the World Chaque crevette a sa propre histoire Chaque crevette vient d\u2019une partie diff\u00e9rente du monde et a grandi sous des circonstances diff\u00e9rentes. La temp\u00e9rature des eaux, les courants et les nutriments cr\u00e9ent des saveurs et textures uniques. Avec Shrimps of the World, les poissonniers de Puul\u2019s &hellip; <a href=\"https:\/\/www.klaaspuul.com\/fr\/recepten\/bisque-de-crevettes-grise\/\" class=\"more-link\">Continue reading <span class=\"screen-reader-text\">Bisque de crevettes grise<\/span> <span class=\"meta-nav\">&rarr;<\/span><\/a><\/p>\n","protected":false},"author":1,"featured_media":18768,"parent":19012,"menu_order":0,"comment_status":"closed","ping_status":"closed","template":"puuls.php","meta":{"_acf_changed":false,"_monsterinsights_skip_tracking":false,"_monsterinsights_sitenote_active":false,"_monsterinsights_sitenote_note":"","_monsterinsights_sitenote_category":0,"footnotes":""},"class_list":["post-19367","page","type-page","status-publish","has-post-thumbnail","hentry"],"acf":[],"yoast_head":"<!-- This site is optimized with the Yoast SEO plugin v27.3 - https:\/\/yoast.com\/product\/yoast-seo-wordpress\/ -->\n<title>Puul&#039;s Shrimps of the World - Klaas Puul FR<\/title>\n<meta name=\"robots\" content=\"index, follow, max-snippet:-1, max-image-preview:large, max-video-preview:-1\" \/>\n<link rel=\"canonical\" href=\"https:\/\/www.klaaspuul.com\/fr\/puuls\/shrimps-of-the-world\/\" \/>\n<meta property=\"og:locale\" content=\"fr_FR\" \/>\n<meta property=\"og:type\" content=\"article\" \/>\n<meta property=\"og:title\" content=\"Puul&#039;s Shrimps of the World - Klaas Puul FR\" \/>\n<meta property=\"og:description\" content=\"Les poissonniers de PUUL\u2019S pr\u00e9sentent: Puul&#039;s Shrimps of the World Chaque crevette a sa propre histoire Chaque crevette vient d\u2019une partie diff\u00e9rente du monde et a grandi sous des circonstances diff\u00e9rentes. La temp\u00e9rature des eaux, les courants et les nutriments cr\u00e9ent des saveurs et textures uniques. Avec Shrimps of the World, les poissonniers de Puul\u2019s &hellip; Continue reading Bisque de crevettes grise &rarr;\" \/>\n<meta property=\"og:url\" content=\"https:\/\/www.klaaspuul.com\/fr\/puuls\/shrimps-of-the-world\/\" \/>\n<meta property=\"og:site_name\" content=\"Klaas Puul FR\" \/>\n<meta property=\"article:modified_time\" content=\"2019-09-17T07:48:57+00:00\" \/>\n<meta property=\"og:image\" content=\"https:\/\/www.klaaspuul.com\/fr\/wp-content\/uploads\/sites\/7\/2019\/08\/puuls-bg.jpg\" \/>\n\t<meta property=\"og:image:width\" content=\"2000\" \/>\n\t<meta property=\"og:image:height\" content=\"761\" \/>\n\t<meta property=\"og:image:type\" content=\"image\/jpeg\" \/>\n<meta name=\"twitter:card\" content=\"summary_large_image\" \/>\n<script type=\"application\/ld+json\" class=\"yoast-schema-graph\">{\"@context\":\"https:\\\/\\\/schema.org\",\"@graph\":[{\"@type\":\"WebPage\",\"@id\":\"https:\\\/\\\/www.klaaspuul.com\\\/fr\\\/puuls\\\/shrimps-of-the-world\\\/\",\"url\":\"https:\\\/\\\/www.klaaspuul.com\\\/fr\\\/puuls\\\/shrimps-of-the-world\\\/\",\"name\":\"Puul's Shrimps of the World - Klaas Puul FR\",\"isPartOf\":{\"@id\":\"https:\\\/\\\/www.klaaspuul.com\\\/fr\\\/#website\"},\"primaryImageOfPage\":{\"@id\":\"https:\\\/\\\/www.klaaspuul.com\\\/fr\\\/puuls\\\/shrimps-of-the-world\\\/#primaryimage\"},\"image\":{\"@id\":\"https:\\\/\\\/www.klaaspuul.com\\\/fr\\\/puuls\\\/shrimps-of-the-world\\\/#primaryimage\"},\"thumbnailUrl\":\"https:\\\/\\\/www.klaaspuul.com\\\/fr\\\/wp-content\\\/uploads\\\/sites\\\/7\\\/2019\\\/08\\\/puuls-bg.jpg\",\"datePublished\":\"2019-09-12T09:55:48+00:00\",\"dateModified\":\"2019-09-17T07:48:57+00:00\",\"breadcrumb\":{\"@id\":\"https:\\\/\\\/www.klaaspuul.com\\\/fr\\\/puuls\\\/shrimps-of-the-world\\\/#breadcrumb\"},\"inLanguage\":\"fr-FR\",\"potentialAction\":[{\"@type\":\"ReadAction\",\"target\":[\"https:\\\/\\\/www.klaaspuul.com\\\/fr\\\/puuls\\\/shrimps-of-the-world\\\/\"]}]},{\"@type\":\"ImageObject\",\"inLanguage\":\"fr-FR\",\"@id\":\"https:\\\/\\\/www.klaaspuul.com\\\/fr\\\/puuls\\\/shrimps-of-the-world\\\/#primaryimage\",\"url\":\"https:\\\/\\\/www.klaaspuul.com\\\/fr\\\/wp-content\\\/uploads\\\/sites\\\/7\\\/2019\\\/08\\\/puuls-bg.jpg\",\"contentUrl\":\"https:\\\/\\\/www.klaaspuul.com\\\/fr\\\/wp-content\\\/uploads\\\/sites\\\/7\\\/2019\\\/08\\\/puuls-bg.jpg\",\"width\":2000,\"height\":761},{\"@type\":\"BreadcrumbList\",\"@id\":\"https:\\\/\\\/www.klaaspuul.com\\\/fr\\\/puuls\\\/shrimps-of-the-world\\\/#breadcrumb\",\"itemListElement\":[{\"@type\":\"ListItem\",\"position\":1,\"name\":\"Accueil\",\"item\":\"https:\\\/\\\/www.klaaspuul.com\\\/fr\\\/\"},{\"@type\":\"ListItem\",\"position\":2,\"name\":\"Puul&rsquo;s\",\"item\":\"https:\\\/\\\/www.klaaspuul.com\\\/fr\\\/puuls\\\/\"},{\"@type\":\"ListItem\",\"position\":3,\"name\":\"Puul&rsquo;s Shrimps of the World\"}]},{\"@type\":\"WebSite\",\"@id\":\"https:\\\/\\\/www.klaaspuul.com\\\/fr\\\/#website\",\"url\":\"https:\\\/\\\/www.klaaspuul.com\\\/fr\\\/\",\"name\":\"Klaas Puul FR\",\"description\":\"Een andere Klaas Puul site\",\"potentialAction\":[{\"@type\":\"SearchAction\",\"target\":{\"@type\":\"EntryPoint\",\"urlTemplate\":\"https:\\\/\\\/www.klaaspuul.com\\\/fr\\\/?s={search_term_string}\"},\"query-input\":{\"@type\":\"PropertyValueSpecification\",\"valueRequired\":true,\"valueName\":\"search_term_string\"}}],\"inLanguage\":\"fr-FR\"}]}<\/script>\n<!-- \/ Yoast SEO plugin. -->","yoast_head_json":{"title":"Puul's Shrimps of the World - Klaas Puul FR","robots":{"index":"index","follow":"follow","max-snippet":"max-snippet:-1","max-image-preview":"max-image-preview:large","max-video-preview":"max-video-preview:-1"},"canonical":"https:\/\/www.klaaspuul.com\/fr\/puuls\/shrimps-of-the-world\/","og_locale":"fr_FR","og_type":"article","og_title":"Puul's Shrimps of the World - Klaas Puul FR","og_description":"Les poissonniers de PUUL\u2019S pr\u00e9sentent: Puul's Shrimps of the World Chaque crevette a sa propre histoire Chaque crevette vient d\u2019une partie diff\u00e9rente du monde et a grandi sous des circonstances diff\u00e9rentes. La temp\u00e9rature des eaux, les courants et les nutriments cr\u00e9ent des saveurs et textures uniques. Avec Shrimps of the World, les poissonniers de Puul\u2019s &hellip; Continue reading Bisque de crevettes grise &rarr;","og_url":"https:\/\/www.klaaspuul.com\/fr\/puuls\/shrimps-of-the-world\/","og_site_name":"Klaas Puul FR","article_modified_time":"2019-09-17T07:48:57+00:00","og_image":[{"width":2000,"height":761,"url":"https:\/\/www.klaaspuul.com\/fr\/wp-content\/uploads\/sites\/7\/2019\/08\/puuls-bg.jpg","type":"image\/jpeg"}],"twitter_card":"summary_large_image","schema":{"@context":"https:\/\/schema.org","@graph":[{"@type":"WebPage","@id":"https:\/\/www.klaaspuul.com\/fr\/puuls\/shrimps-of-the-world\/","url":"https:\/\/www.klaaspuul.com\/fr\/puuls\/shrimps-of-the-world\/","name":"Puul's Shrimps of the World - Klaas Puul FR","isPartOf":{"@id":"https:\/\/www.klaaspuul.com\/fr\/#website"},"primaryImageOfPage":{"@id":"https:\/\/www.klaaspuul.com\/fr\/puuls\/shrimps-of-the-world\/#primaryimage"},"image":{"@id":"https:\/\/www.klaaspuul.com\/fr\/puuls\/shrimps-of-the-world\/#primaryimage"},"thumbnailUrl":"https:\/\/www.klaaspuul.com\/fr\/wp-content\/uploads\/sites\/7\/2019\/08\/puuls-bg.jpg","datePublished":"2019-09-12T09:55:48+00:00","dateModified":"2019-09-17T07:48:57+00:00","breadcrumb":{"@id":"https:\/\/www.klaaspuul.com\/fr\/puuls\/shrimps-of-the-world\/#breadcrumb"},"inLanguage":"fr-FR","potentialAction":[{"@type":"ReadAction","target":["https:\/\/www.klaaspuul.com\/fr\/puuls\/shrimps-of-the-world\/"]}]},{"@type":"ImageObject","inLanguage":"fr-FR","@id":"https:\/\/www.klaaspuul.com\/fr\/puuls\/shrimps-of-the-world\/#primaryimage","url":"https:\/\/www.klaaspuul.com\/fr\/wp-content\/uploads\/sites\/7\/2019\/08\/puuls-bg.jpg","contentUrl":"https:\/\/www.klaaspuul.com\/fr\/wp-content\/uploads\/sites\/7\/2019\/08\/puuls-bg.jpg","width":2000,"height":761},{"@type":"BreadcrumbList","@id":"https:\/\/www.klaaspuul.com\/fr\/puuls\/shrimps-of-the-world\/#breadcrumb","itemListElement":[{"@type":"ListItem","position":1,"name":"Accueil","item":"https:\/\/www.klaaspuul.com\/fr\/"},{"@type":"ListItem","position":2,"name":"Puul&rsquo;s","item":"https:\/\/www.klaaspuul.com\/fr\/puuls\/"},{"@type":"ListItem","position":3,"name":"Puul&rsquo;s Shrimps of the World"}]},{"@type":"WebSite","@id":"https:\/\/www.klaaspuul.com\/fr\/#website","url":"https:\/\/www.klaaspuul.com\/fr\/","name":"Klaas Puul FR","description":"Een andere Klaas Puul site","potentialAction":[{"@type":"SearchAction","target":{"@type":"EntryPoint","urlTemplate":"https:\/\/www.klaaspuul.com\/fr\/?s={search_term_string}"},"query-input":{"@type":"PropertyValueSpecification","valueRequired":true,"valueName":"search_term_string"}}],"inLanguage":"fr-FR"}]}},"_links":{"self":[{"href":"https:\/\/www.klaaspuul.com\/fr\/wp-json\/wp\/v2\/pages\/19367","targetHints":{"allow":["GET"]}}],"collection":[{"href":"https:\/\/www.klaaspuul.com\/fr\/wp-json\/wp\/v2\/pages"}],"about":[{"href":"https:\/\/www.klaaspuul.com\/fr\/wp-json\/wp\/v2\/types\/page"}],"author":[{"embeddable":true,"href":"https:\/\/www.klaaspuul.com\/fr\/wp-json\/wp\/v2\/users\/1"}],"replies":[{"embeddable":true,"href":"https:\/\/www.klaaspuul.com\/fr\/wp-json\/wp\/v2\/comments?post=19367"}],"version-history":[{"count":3,"href":"https:\/\/www.klaaspuul.com\/fr\/wp-json\/wp\/v2\/pages\/19367\/revisions"}],"predecessor-version":[{"id":19379,"href":"https:\/\/www.klaaspuul.com\/fr\/wp-json\/wp\/v2\/pages\/19367\/revisions\/19379"}],"up":[{"embeddable":true,"href":"https:\/\/www.klaaspuul.com\/fr\/wp-json\/wp\/v2\/pages\/19012"}],"wp:featuredmedia":[{"embeddable":true,"href":"https:\/\/www.klaaspuul.com\/fr\/wp-json\/wp\/v2\/media\/18768"}],"wp:attachment":[{"href":"https:\/\/www.klaaspuul.com\/fr\/wp-json\/wp\/v2\/media?parent=19367"}],"curies":[{"name":"wp","href":"https:\/\/api.w.org\/{rel}","templated":true}]}}