{"id":228,"date":"2017-01-02T16:10:20","date_gmt":"2017-01-02T15:10:20","guid":{"rendered":"https:\/\/www.klaaspuul.com\/?page_id=228"},"modified":"2017-02-20T11:18:08","modified_gmt":"2017-02-20T10:18:08","slug":"produits","status":"publish","type":"page","link":"https:\/\/www.klaaspuul.com\/fr\/produits\/","title":{"rendered":"Produits"},"content":{"rendered":"<section id=\"producten\">\n<div class=\"inner\">\n<h1 class=\"entry-title\">Produits<\/h1>\n<p>Klaas Puul fournit (sous diverses marques distributeurs) presque tous les groupes de grande distribution aux Pays-Bas, en Belgique, en France, en Allemagne et dans plusieurs autres pays. Outre un assortiment complet de crevettes, nous fournissons \u00e9galement d\u2019autres produits de la mer, frais ou surgel\u00e9s. Nos produits sont p\u00each\u00e9s ou \u00e9lev\u00e9s aux quatre coins du monde. Klaas Puul n\u2019ach\u00e8te que des produits de la mer irr\u00e9prochables. Ils sont s\u00e9lectionn\u00e9s sous le contr\u00f4le rigoureux d\u2019agents locaux et sous la surveillance de notre propre service d\u2019achat et de qualit\u00e9.<\/p>\n<\/div>\n<div class=\"product-slider slider\">\n<div id=\"new-royalslider-3\" class=\"royalSlider new-royalslider-3 rsUni rs-default-template\" style=\"width:100%;height:100%;;\">\n<div class=\"rsContent\">\n<div class=\"product-slide garnalen\">\n<h3>Crevette grise<\/h3>\n<div class=\"p-img\"><\/div>\n<div class=\"p-info\">\n<p>La crevette grise est une crevette sauvage p\u00each\u00e9e en mer du nord. Avec son go\u00fbt \u00e0 la fois sal\u00e9 et l\u00e9g\u00e8rement sucr\u00e9, elle est une des meilleures crevettes qui soit. Tr\u00e8s r\u00e9pandue aux\u2026<\/p>\n<p>  <a class=\"p-more\" href=\"\/fr\/produits\/crevette-nord\">Lire plus<\/a>\n<\/div>\n<\/div>\n<\/div>\n<div class=\"rsContent\">\n<div class=\"product-slide rivier\">\n<h3>Ecrevisse<\/h3>\n<div class=\"p-img\"><\/div>\n<div class=\"p-info\">\n<p>Pendant les mois d\u2019\u00e9t\u00e9 (juin \u00e0 ao\u00fbt), les \u00e9crevisses sont p\u00each\u00e9es dans les lacs et rivi\u00e8res chinois avec des pi\u00e8ges. Chaque jour, les \u00e9crevisses sont achemin\u00e9s vers l\u2019entreprise o\u00f9 elles sont&#8230;<\/p>\n<p>  <a class=\"p-more\" href=\"\/fr\/produits\/homard-riviere\">Lire plus<\/a>\n<\/div>\n<\/div>\n<\/div>\n<div class=\"rsContent\">\n<div class=\"product-slide van-garnalen\">\n<h3>Crevette Vannamei<\/h3>\n<div class=\"p-img\"><\/div>\n<div class=\"p-info\">\n<p>Les crevettes Vannamei sont des crevettes tropicales \u00e9lev\u00e9es dans les zones \u00e9quatoriales. L&rsquo;\u00e9levage se fait g\u00e9n\u00e9ralement en viviers \u00e0 la c\u00f4te. De plus en plus souvent, il est certifi\u00e9&#8230;<\/p>\n<p>  <a class=\"p-more\" href=\"\/fr\/produits\/crevette-vannamei\">Lire plus<\/a>\n<\/div>\n<\/div>\n<\/div>\n<div class=\"rsContent\">\n<div class=\"product-slide zeevrucht\">\n<h3>Cocktail de Fruits de Mer<\/h3>\n<div class=\"p-img\"><\/div>\n<div class=\"p-info\">\n<p>Ce d\u00e9licieux m\u00e9lange de produits de la mer pr\u00eat \u00e0 l\u2019emploi peut servir de base \u00e0 une belle salade et est parfait dans un plat chaud comme une paella. Si la quantit\u00e9 est suffisante, le mix&#8230;<\/p>\n<p>  <a class=\"p-more\" href=\"\/fr\/produits\/fruits-de-mer\">Lire plus<\/a>\n<\/div>\n<\/div>\n<\/div>\n<div class=\"rsContent\">\n<div class=\"product-slide tiger\">\n<h3>Crevette g\u00e9ante tigr\u00e9e<\/h3>\n<div class=\"p-img\"><\/div>\n<div class=\"p-info\">\n<p>La crevette g\u00e9ante tigr\u00e9e propos\u00e9e par Klaas Puul est \u00e9lev\u00e9e en Asie. L&rsquo;\u00e9levage se fait dans des viviers situ\u00e9s sur le littoral. Cette crevette g\u00e9ante peut mesurer jusqu&rsquo;\u00e0 30 cm de long&#8230;<\/p>\n<p>  <a class=\"p-more\" href=\"\/fr\/produits\/crevette-geante-tigree\/\">Lire plus<\/a>\n<\/div>\n<\/div>\n<\/div>\n<div class=\"rsContent\">\n<div class=\"product-slide pud\">\n<h3>Crevette rose (PUD)<\/h3>\n<div class=\"p-img\"><\/div>\n<div class=\"p-info\">\n<p>Voici la crevette rose bien connue. Diff\u00e9rentes vari\u00e9t\u00e9s de la famille des Penaeidae sont utilis\u00e9es ici. Elles sont p\u00each\u00e9es dans les zones littorales d\u2019Am\u00e9rique du Sud et d\u2019Asie. Ces petites&#8230;<\/p>\n<p>  <a class=\"p-more\" href=\"\/fr\/produits\/crevette-rose\/\">Lire plus<\/a>\n<\/div>\n<\/div>\n<\/div>\n<div class=\"rsContent\">\n<div class=\"product-slide bio\">\n<h3>Crevettes bio<\/h3>\n<div class=\"p-img\"><\/div>\n<div class=\"p-info\">\n<p>La crevette bio est \u00e9lev\u00e9e et produite de fa\u00e7on biologique. Cela signifie que les crevettes re\u00e7oivent des aliments exclusivement biologiques et qu\u2019aucun produit chimique nocif n\u2019est utilis\u00e9 pendant&#8230;<\/p>\n<p>  <a class=\"p-more\" href=\"\/fr\/produits\/crevettes-bio\">Lire plus<\/a>\n<\/div>\n<\/div>\n<\/div>\n<div class=\"rsContent\">\n<div class=\"product-slide koudwater\">\n<h3>Crevette nordique<\/h3>\n<div class=\"p-img\"><\/div>\n<div class=\"p-info\">\n<p>Une d\u00e9licieuse crevette captur\u00e9e dans les eaux glac\u00e9es de l\u2019atlantic nord. Elle est transform\u00e9e \u00e0 bord imm\u00e9diatement apr\u00e8s la p\u00eache&#8230;<\/p>\n<p>  <a class=\"p-more\" href=\"\/fr\/produits\/crevette-nordique\/\">Lire plus<\/a>\n<\/div>\n<\/div>\n<\/div>\n<div class=\"rsContent\">\n<div class=\"product-slide mosselen\">\n<h3>Moules<\/h3>\n<div class=\"p-img\"><\/div>\n<div class=\"p-info\">\n<p>Les moules sont des crustac\u00e9s qui vivent sur la c\u00f4te et se nourrissent de plancton. Klaas Puul offre de la chair de moules cuites en diff\u00e9rentes\u2026<\/p>\n<p>  <a class=\"p-more\" href=\"\/fr\/produits\/moules\/\">Lire plus<\/a>\n<\/div>\n<\/div>\n<\/div>\n<div class=\"rsContent\">\n<div class=\"product-slide surimi\">\n<h3>Surimi<\/h3>\n<div class=\"p-img\"><\/div>\n<div class=\"p-info\">\n<p>Cette imitation de crabe s\u2019utilise de diff\u00e9rentes fa\u00e7ons, p. ex. en salade ou en snack. Le surimi est produit \u00e0 partir de poisson blanc, comme les nemipteridae, le lieu noir et\/ou le pollack&#8230;<\/p>\n<p>  <a class=\"p-more\" href=\"\/fr\/produits\/surimi\/\">Lire plus<\/a>\n<\/div>\n<\/div>\n<\/div>\n<div class=\"rsContent\">\n<div class=\"product-slide arg\">\n<h3>Crevette argentine<\/h3>\n<div class=\"p-img\"><\/div>\n<div class=\"p-info\">\n<p>La crevette rouge est originaire de p\u00eacheries g\u00e9r\u00e9es de fa\u00e7on stricte par le gouvernement argentin. Sa saison de p\u00eache est variable, avec des restrictions du nombre de navires en fonction de la&#8230;<\/p>\n<p>  <a class=\"p-more\" href=\"\/fr\/produits\/crevette-argentine\/\">Lire plus<\/a>\n<\/div>\n<\/div>\n<\/div>\n<\/div>\n<\/div>\n<\/section>\n","protected":false},"excerpt":{"rendered":"<p>Produits Klaas Puul fournit (sous diverses marques distributeurs) presque tous les groupes de grande distribution aux Pays-Bas, en Belgique, en France, en Allemagne et dans plusieurs autres pays. Outre un assortiment complet de crevettes, nous fournissons \u00e9galement d\u2019autres produits de la mer, frais ou surgel\u00e9s. Nos produits sont p\u00each\u00e9s ou \u00e9lev\u00e9s aux quatre coins du &hellip; <a href=\"https:\/\/www.klaaspuul.com\/fr\/produits\/\" class=\"more-link\">Continue reading <span class=\"screen-reader-text\">Produits<\/span> <span class=\"meta-nav\">&rarr;<\/span><\/a><\/p>\n","protected":false},"author":1,"featured_media":0,"parent":0,"menu_order":0,"comment_status":"closed","ping_status":"closed","template":"","meta":{"_acf_changed":false,"_monsterinsights_skip_tracking":false,"_monsterinsights_sitenote_active":false,"_monsterinsights_sitenote_note":"","_monsterinsights_sitenote_category":0,"footnotes":""},"class_list":["post-228","page","type-page","status-publish","hentry"],"acf":[],"yoast_head":"<!-- This site is optimized with the Yoast SEO plugin v27.3 - https:\/\/yoast.com\/product\/yoast-seo-wordpress\/ -->\n<title>Produits - Klaas Puul FR<\/title>\n<meta name=\"robots\" content=\"index, follow, max-snippet:-1, max-image-preview:large, max-video-preview:-1\" \/>\n<link rel=\"canonical\" href=\"https:\/\/www.klaaspuul.com\/fr\/produits\/\" \/>\n<meta property=\"og:locale\" content=\"fr_FR\" \/>\n<meta property=\"og:type\" content=\"article\" \/>\n<meta property=\"og:title\" content=\"Produits - Klaas Puul FR\" \/>\n<meta property=\"og:description\" content=\"Produits Klaas Puul fournit (sous diverses marques distributeurs) presque tous les groupes de grande distribution aux Pays-Bas, en Belgique, en France, en Allemagne et dans plusieurs autres pays. Outre un assortiment complet de crevettes, nous fournissons \u00e9galement d\u2019autres produits de la mer, frais ou surgel\u00e9s. Nos produits sont p\u00each\u00e9s ou \u00e9lev\u00e9s aux quatre coins du &hellip; Continue reading Produits &rarr;\" \/>\n<meta property=\"og:url\" content=\"https:\/\/www.klaaspuul.com\/fr\/produits\/\" \/>\n<meta property=\"og:site_name\" content=\"Klaas Puul FR\" \/>\n<meta property=\"article:modified_time\" content=\"2017-02-20T10:18:08+00:00\" \/>\n<meta name=\"twitter:card\" content=\"summary_large_image\" \/>\n<meta name=\"twitter:label1\" content=\"Dur\u00e9e de lecture estim\u00e9e\" \/>\n\t<meta name=\"twitter:data1\" content=\"1 minute\" \/>\n<script type=\"application\/ld+json\" class=\"yoast-schema-graph\">{\"@context\":\"https:\\\/\\\/schema.org\",\"@graph\":[{\"@type\":\"WebPage\",\"@id\":\"https:\\\/\\\/www.klaaspuul.com\\\/fr\\\/produits\\\/\",\"url\":\"https:\\\/\\\/www.klaaspuul.com\\\/fr\\\/produits\\\/\",\"name\":\"Produits - Klaas Puul FR\",\"isPartOf\":{\"@id\":\"https:\\\/\\\/www.klaaspuul.com\\\/fr\\\/#website\"},\"datePublished\":\"2017-01-02T15:10:20+00:00\",\"dateModified\":\"2017-02-20T10:18:08+00:00\",\"breadcrumb\":{\"@id\":\"https:\\\/\\\/www.klaaspuul.com\\\/fr\\\/produits\\\/#breadcrumb\"},\"inLanguage\":\"fr-FR\",\"potentialAction\":[{\"@type\":\"ReadAction\",\"target\":[\"https:\\\/\\\/www.klaaspuul.com\\\/fr\\\/produits\\\/\"]}]},{\"@type\":\"BreadcrumbList\",\"@id\":\"https:\\\/\\\/www.klaaspuul.com\\\/fr\\\/produits\\\/#breadcrumb\",\"itemListElement\":[{\"@type\":\"ListItem\",\"position\":1,\"name\":\"Accueil\",\"item\":\"https:\\\/\\\/www.klaaspuul.com\\\/fr\\\/\"},{\"@type\":\"ListItem\",\"position\":2,\"name\":\"Produits\"}]},{\"@type\":\"WebSite\",\"@id\":\"https:\\\/\\\/www.klaaspuul.com\\\/fr\\\/#website\",\"url\":\"https:\\\/\\\/www.klaaspuul.com\\\/fr\\\/\",\"name\":\"Klaas Puul FR\",\"description\":\"Een andere Klaas Puul site\",\"potentialAction\":[{\"@type\":\"SearchAction\",\"target\":{\"@type\":\"EntryPoint\",\"urlTemplate\":\"https:\\\/\\\/www.klaaspuul.com\\\/fr\\\/?s={search_term_string}\"},\"query-input\":{\"@type\":\"PropertyValueSpecification\",\"valueRequired\":true,\"valueName\":\"search_term_string\"}}],\"inLanguage\":\"fr-FR\"}]}<\/script>\n<!-- \/ Yoast SEO plugin. -->","yoast_head_json":{"title":"Produits - Klaas Puul FR","robots":{"index":"index","follow":"follow","max-snippet":"max-snippet:-1","max-image-preview":"max-image-preview:large","max-video-preview":"max-video-preview:-1"},"canonical":"https:\/\/www.klaaspuul.com\/fr\/produits\/","og_locale":"fr_FR","og_type":"article","og_title":"Produits - Klaas Puul FR","og_description":"Produits Klaas Puul fournit (sous diverses marques distributeurs) presque tous les groupes de grande distribution aux Pays-Bas, en Belgique, en France, en Allemagne et dans plusieurs autres pays. Outre un assortiment complet de crevettes, nous fournissons \u00e9galement d\u2019autres produits de la mer, frais ou surgel\u00e9s. Nos produits sont p\u00each\u00e9s ou \u00e9lev\u00e9s aux quatre coins du &hellip; Continue reading Produits &rarr;","og_url":"https:\/\/www.klaaspuul.com\/fr\/produits\/","og_site_name":"Klaas Puul FR","article_modified_time":"2017-02-20T10:18:08+00:00","twitter_card":"summary_large_image","twitter_misc":{"Dur\u00e9e de lecture estim\u00e9e":"1 minute"},"schema":{"@context":"https:\/\/schema.org","@graph":[{"@type":"WebPage","@id":"https:\/\/www.klaaspuul.com\/fr\/produits\/","url":"https:\/\/www.klaaspuul.com\/fr\/produits\/","name":"Produits - Klaas Puul FR","isPartOf":{"@id":"https:\/\/www.klaaspuul.com\/fr\/#website"},"datePublished":"2017-01-02T15:10:20+00:00","dateModified":"2017-02-20T10:18:08+00:00","breadcrumb":{"@id":"https:\/\/www.klaaspuul.com\/fr\/produits\/#breadcrumb"},"inLanguage":"fr-FR","potentialAction":[{"@type":"ReadAction","target":["https:\/\/www.klaaspuul.com\/fr\/produits\/"]}]},{"@type":"BreadcrumbList","@id":"https:\/\/www.klaaspuul.com\/fr\/produits\/#breadcrumb","itemListElement":[{"@type":"ListItem","position":1,"name":"Accueil","item":"https:\/\/www.klaaspuul.com\/fr\/"},{"@type":"ListItem","position":2,"name":"Produits"}]},{"@type":"WebSite","@id":"https:\/\/www.klaaspuul.com\/fr\/#website","url":"https:\/\/www.klaaspuul.com\/fr\/","name":"Klaas Puul FR","description":"Een andere Klaas Puul site","potentialAction":[{"@type":"SearchAction","target":{"@type":"EntryPoint","urlTemplate":"https:\/\/www.klaaspuul.com\/fr\/?s={search_term_string}"},"query-input":{"@type":"PropertyValueSpecification","valueRequired":true,"valueName":"search_term_string"}}],"inLanguage":"fr-FR"}]}},"_links":{"self":[{"href":"https:\/\/www.klaaspuul.com\/fr\/wp-json\/wp\/v2\/pages\/228","targetHints":{"allow":["GET"]}}],"collection":[{"href":"https:\/\/www.klaaspuul.com\/fr\/wp-json\/wp\/v2\/pages"}],"about":[{"href":"https:\/\/www.klaaspuul.com\/fr\/wp-json\/wp\/v2\/types\/page"}],"author":[{"embeddable":true,"href":"https:\/\/www.klaaspuul.com\/fr\/wp-json\/wp\/v2\/users\/1"}],"replies":[{"embeddable":true,"href":"https:\/\/www.klaaspuul.com\/fr\/wp-json\/wp\/v2\/comments?post=228"}],"version-history":[{"count":4,"href":"https:\/\/www.klaaspuul.com\/fr\/wp-json\/wp\/v2\/pages\/228\/revisions"}],"predecessor-version":[{"id":642,"href":"https:\/\/www.klaaspuul.com\/fr\/wp-json\/wp\/v2\/pages\/228\/revisions\/642"}],"wp:attachment":[{"href":"https:\/\/www.klaaspuul.com\/fr\/wp-json\/wp\/v2\/media?parent=228"}],"curies":[{"name":"wp","href":"https:\/\/api.w.org\/{rel}","templated":true}]}}