{"id":234,"date":"2017-01-02T16:44:17","date_gmt":"2017-01-02T15:44:17","guid":{"rendered":"https:\/\/www.klaaspuul.com\/?page_id=234"},"modified":"2019-02-14T09:37:55","modified_gmt":"2019-02-14T08:37:55","slug":"fruits-de-mer","status":"publish","type":"page","link":"https:\/\/www.klaaspuul.com\/fr\/produits\/fruits-de-mer\/","title":{"rendered":"Cocktail de Fruits de Mer"},"content":{"rendered":"<div class=\"inner\">\n<div class=\"product-img\">\n<img decoding=\"async\" src=\"https:\/\/www.klaaspuul.com\/wp-content\/uploads\/klaaspuul_zeevruchten-Custom.png\" alt=\"Fruits de Mer\">\n<\/div>\n<h1 class=\"entry-title\">Cocktail de Fruits de Mer<\/h1>\n<p>Ce d\u00e9licieux m\u00e9lange de produits de la mer pr\u00eat \u00e0 l\u2019emploi peut servir de base \u00e0 une belle salade et est parfait dans un plat chaud comme une paella. Si la quantit\u00e9 est suffisante, le mix peut \u00eatre fait sur mesure.\n<\/p><\/div>\n","protected":false},"excerpt":{"rendered":"<p>Cocktail de Fruits de Mer Ce d\u00e9licieux m\u00e9lange de produits de la mer pr\u00eat \u00e0 l\u2019emploi peut servir de base \u00e0 une belle salade et est parfait dans un plat chaud comme une paella. Si la quantit\u00e9 est suffisante, le mix peut \u00eatre fait sur mesure.<\/p>\n","protected":false},"author":1,"featured_media":0,"parent":228,"menu_order":0,"comment_status":"closed","ping_status":"closed","template":"","meta":{"_acf_changed":false,"_monsterinsights_skip_tracking":false,"_monsterinsights_sitenote_active":false,"_monsterinsights_sitenote_note":"","_monsterinsights_sitenote_category":0,"footnotes":""},"class_list":["post-234","page","type-page","status-publish","hentry"],"acf":[],"yoast_head":"<!-- This site is optimized with the Yoast SEO plugin v27.4 - https:\/\/yoast.com\/product\/yoast-seo-wordpress\/ -->\n<title>Cocktail de Fruits de Mer - Klaas Puul FR<\/title>\n<meta name=\"robots\" content=\"index, follow, max-snippet:-1, max-image-preview:large, max-video-preview:-1\" \/>\n<link rel=\"canonical\" href=\"https:\/\/www.klaaspuul.com\/fr\/produits\/fruits-de-mer\/\" \/>\n<meta property=\"og:locale\" content=\"fr_FR\" \/>\n<meta property=\"og:type\" content=\"article\" \/>\n<meta property=\"og:title\" content=\"Cocktail de Fruits de Mer - Klaas Puul FR\" \/>\n<meta property=\"og:description\" content=\"Cocktail de Fruits de Mer Ce d\u00e9licieux m\u00e9lange de produits de la mer pr\u00eat \u00e0 l\u2019emploi peut servir de base \u00e0 une belle salade et est parfait dans un plat chaud comme une paella. Si la quantit\u00e9 est suffisante, le mix peut \u00eatre fait sur mesure.\" \/>\n<meta property=\"og:url\" content=\"https:\/\/www.klaaspuul.com\/fr\/produits\/fruits-de-mer\/\" \/>\n<meta property=\"og:site_name\" content=\"Klaas Puul FR\" \/>\n<meta property=\"article:modified_time\" content=\"2019-02-14T08:37:55+00:00\" \/>\n<meta property=\"og:image\" content=\"https:\/\/www.klaaspuul.com\/wp-content\/uploads\/klaaspuul_zeevruchten-Custom.png\" \/>\n<meta name=\"twitter:card\" content=\"summary_large_image\" \/>\n<script type=\"application\/ld+json\" class=\"yoast-schema-graph\">{\"@context\":\"https:\\\/\\\/schema.org\",\"@graph\":[{\"@type\":\"WebPage\",\"@id\":\"https:\\\/\\\/www.klaaspuul.com\\\/fr\\\/produits\\\/fruits-de-mer\\\/\",\"url\":\"https:\\\/\\\/www.klaaspuul.com\\\/fr\\\/produits\\\/fruits-de-mer\\\/\",\"name\":\"Cocktail de Fruits de Mer - Klaas Puul FR\",\"isPartOf\":{\"@id\":\"https:\\\/\\\/www.klaaspuul.com\\\/fr\\\/#website\"},\"primaryImageOfPage\":{\"@id\":\"https:\\\/\\\/www.klaaspuul.com\\\/fr\\\/produits\\\/fruits-de-mer\\\/#primaryimage\"},\"image\":{\"@id\":\"https:\\\/\\\/www.klaaspuul.com\\\/fr\\\/produits\\\/fruits-de-mer\\\/#primaryimage\"},\"thumbnailUrl\":\"https:\\\/\\\/www.klaaspuul.com\\\/wp-content\\\/uploads\\\/klaaspuul_zeevruchten-Custom.png\",\"datePublished\":\"2017-01-02T15:44:17+00:00\",\"dateModified\":\"2019-02-14T08:37:55+00:00\",\"breadcrumb\":{\"@id\":\"https:\\\/\\\/www.klaaspuul.com\\\/fr\\\/produits\\\/fruits-de-mer\\\/#breadcrumb\"},\"inLanguage\":\"fr-FR\",\"potentialAction\":[{\"@type\":\"ReadAction\",\"target\":[\"https:\\\/\\\/www.klaaspuul.com\\\/fr\\\/produits\\\/fruits-de-mer\\\/\"]}]},{\"@type\":\"ImageObject\",\"inLanguage\":\"fr-FR\",\"@id\":\"https:\\\/\\\/www.klaaspuul.com\\\/fr\\\/produits\\\/fruits-de-mer\\\/#primaryimage\",\"url\":\"https:\\\/\\\/www.klaaspuul.com\\\/wp-content\\\/uploads\\\/klaaspuul_zeevruchten-Custom.png\",\"contentUrl\":\"https:\\\/\\\/www.klaaspuul.com\\\/wp-content\\\/uploads\\\/klaaspuul_zeevruchten-Custom.png\"},{\"@type\":\"BreadcrumbList\",\"@id\":\"https:\\\/\\\/www.klaaspuul.com\\\/fr\\\/produits\\\/fruits-de-mer\\\/#breadcrumb\",\"itemListElement\":[{\"@type\":\"ListItem\",\"position\":1,\"name\":\"Accueil\",\"item\":\"https:\\\/\\\/www.klaaspuul.com\\\/fr\\\/\"},{\"@type\":\"ListItem\",\"position\":2,\"name\":\"Produits\",\"item\":\"https:\\\/\\\/www.klaaspuul.com\\\/fr\\\/produits\\\/\"},{\"@type\":\"ListItem\",\"position\":3,\"name\":\"Cocktail de Fruits de Mer\"}]},{\"@type\":\"WebSite\",\"@id\":\"https:\\\/\\\/www.klaaspuul.com\\\/fr\\\/#website\",\"url\":\"https:\\\/\\\/www.klaaspuul.com\\\/fr\\\/\",\"name\":\"Klaas Puul FR\",\"description\":\"Een andere Klaas Puul site\",\"potentialAction\":[{\"@type\":\"SearchAction\",\"target\":{\"@type\":\"EntryPoint\",\"urlTemplate\":\"https:\\\/\\\/www.klaaspuul.com\\\/fr\\\/?s={search_term_string}\"},\"query-input\":{\"@type\":\"PropertyValueSpecification\",\"valueRequired\":true,\"valueName\":\"search_term_string\"}}],\"inLanguage\":\"fr-FR\"}]}<\/script>\n<!-- \/ Yoast SEO plugin. -->","yoast_head_json":{"title":"Cocktail de Fruits de Mer - Klaas Puul FR","robots":{"index":"index","follow":"follow","max-snippet":"max-snippet:-1","max-image-preview":"max-image-preview:large","max-video-preview":"max-video-preview:-1"},"canonical":"https:\/\/www.klaaspuul.com\/fr\/produits\/fruits-de-mer\/","og_locale":"fr_FR","og_type":"article","og_title":"Cocktail de Fruits de Mer - Klaas Puul FR","og_description":"Cocktail de Fruits de Mer Ce d\u00e9licieux m\u00e9lange de produits de la mer pr\u00eat \u00e0 l\u2019emploi peut servir de base \u00e0 une belle salade et est parfait dans un plat chaud comme une paella. Si la quantit\u00e9 est suffisante, le mix peut \u00eatre fait sur mesure.","og_url":"https:\/\/www.klaaspuul.com\/fr\/produits\/fruits-de-mer\/","og_site_name":"Klaas Puul FR","article_modified_time":"2019-02-14T08:37:55+00:00","og_image":[{"url":"https:\/\/www.klaaspuul.com\/wp-content\/uploads\/klaaspuul_zeevruchten-Custom.png","type":"","width":"","height":""}],"twitter_card":"summary_large_image","schema":{"@context":"https:\/\/schema.org","@graph":[{"@type":"WebPage","@id":"https:\/\/www.klaaspuul.com\/fr\/produits\/fruits-de-mer\/","url":"https:\/\/www.klaaspuul.com\/fr\/produits\/fruits-de-mer\/","name":"Cocktail de Fruits de Mer - Klaas Puul FR","isPartOf":{"@id":"https:\/\/www.klaaspuul.com\/fr\/#website"},"primaryImageOfPage":{"@id":"https:\/\/www.klaaspuul.com\/fr\/produits\/fruits-de-mer\/#primaryimage"},"image":{"@id":"https:\/\/www.klaaspuul.com\/fr\/produits\/fruits-de-mer\/#primaryimage"},"thumbnailUrl":"https:\/\/www.klaaspuul.com\/wp-content\/uploads\/klaaspuul_zeevruchten-Custom.png","datePublished":"2017-01-02T15:44:17+00:00","dateModified":"2019-02-14T08:37:55+00:00","breadcrumb":{"@id":"https:\/\/www.klaaspuul.com\/fr\/produits\/fruits-de-mer\/#breadcrumb"},"inLanguage":"fr-FR","potentialAction":[{"@type":"ReadAction","target":["https:\/\/www.klaaspuul.com\/fr\/produits\/fruits-de-mer\/"]}]},{"@type":"ImageObject","inLanguage":"fr-FR","@id":"https:\/\/www.klaaspuul.com\/fr\/produits\/fruits-de-mer\/#primaryimage","url":"https:\/\/www.klaaspuul.com\/wp-content\/uploads\/klaaspuul_zeevruchten-Custom.png","contentUrl":"https:\/\/www.klaaspuul.com\/wp-content\/uploads\/klaaspuul_zeevruchten-Custom.png"},{"@type":"BreadcrumbList","@id":"https:\/\/www.klaaspuul.com\/fr\/produits\/fruits-de-mer\/#breadcrumb","itemListElement":[{"@type":"ListItem","position":1,"name":"Accueil","item":"https:\/\/www.klaaspuul.com\/fr\/"},{"@type":"ListItem","position":2,"name":"Produits","item":"https:\/\/www.klaaspuul.com\/fr\/produits\/"},{"@type":"ListItem","position":3,"name":"Cocktail de Fruits de Mer"}]},{"@type":"WebSite","@id":"https:\/\/www.klaaspuul.com\/fr\/#website","url":"https:\/\/www.klaaspuul.com\/fr\/","name":"Klaas Puul FR","description":"Een andere Klaas Puul site","potentialAction":[{"@type":"SearchAction","target":{"@type":"EntryPoint","urlTemplate":"https:\/\/www.klaaspuul.com\/fr\/?s={search_term_string}"},"query-input":{"@type":"PropertyValueSpecification","valueRequired":true,"valueName":"search_term_string"}}],"inLanguage":"fr-FR"}]}},"_links":{"self":[{"href":"https:\/\/www.klaaspuul.com\/fr\/wp-json\/wp\/v2\/pages\/234","targetHints":{"allow":["GET"]}}],"collection":[{"href":"https:\/\/www.klaaspuul.com\/fr\/wp-json\/wp\/v2\/pages"}],"about":[{"href":"https:\/\/www.klaaspuul.com\/fr\/wp-json\/wp\/v2\/types\/page"}],"author":[{"embeddable":true,"href":"https:\/\/www.klaaspuul.com\/fr\/wp-json\/wp\/v2\/users\/1"}],"replies":[{"embeddable":true,"href":"https:\/\/www.klaaspuul.com\/fr\/wp-json\/wp\/v2\/comments?post=234"}],"version-history":[{"count":6,"href":"https:\/\/www.klaaspuul.com\/fr\/wp-json\/wp\/v2\/pages\/234\/revisions"}],"predecessor-version":[{"id":788,"href":"https:\/\/www.klaaspuul.com\/fr\/wp-json\/wp\/v2\/pages\/234\/revisions\/788"}],"up":[{"embeddable":true,"href":"https:\/\/www.klaaspuul.com\/fr\/wp-json\/wp\/v2\/pages\/228"}],"wp:attachment":[{"href":"https:\/\/www.klaaspuul.com\/fr\/wp-json\/wp\/v2\/media?parent=234"}],"curies":[{"name":"wp","href":"https:\/\/api.w.org\/{rel}","templated":true}]}}