{"id":256,"date":"2017-01-03T08:41:37","date_gmt":"2017-01-03T07:41:37","guid":{"rendered":"https:\/\/www.klaaspuul.com\/?page_id=256"},"modified":"2018-09-05T16:34:36","modified_gmt":"2018-09-05T14:34:36","slug":"homard-riviere","status":"publish","type":"page","link":"https:\/\/www.klaaspuul.com\/fr\/produits\/homard-riviere\/","title":{"rendered":"Ecrevisse"},"content":{"rendered":"<div class=\"inner\">\n<div class=\"product-img\">\n<img decoding=\"async\" src=\"https:\/\/www.klaaspuul.com\/fr\/wp-content\/uploads\/sites\/7\/2017\/01\/rivierkreeft.png\" alt=\"Ecrevisse\">\n<\/div>\n<h1 class=\"entry-title\">Ecrevisse<\/h1>\n<p><a href=\"https:\/\/www.klaaspuul.com\/wp-content\/uploads\/klaas_puul_rivierkreeft_FR_flyer.pdf\" target=\"_blank\"><i class=\"fa fa-file-pdf-o\" aria-hidden=\"true\"><\/i> T\u00e9l\u00e9charger la brochuree<\/a><\/p>\n<p>Pendant les mois d\u2019\u00e9t\u00e9 (juin \u00e0 ao\u00fbt), les \u00e9crevisses sont p\u00each\u00e9es dans les lacs et rivi\u00e8res chinois avec des pi\u00e8ges. Chaque jour, les \u00e9crevisses sont achemin\u00e9s vers l\u2019entreprise o\u00f9 elles sont cuites, d\u00e9cortiqu\u00e9es et nettoy\u00e9es. Les ecrevisses sont propos\u00e9es \u00ab \u00e0 la nage \u00bb ou congel\u00e9es enti\u00e8res dans l\u2019eau sal\u00e9e.<\/p>\n<ul>\n<li><span><strong>D\u00e9nomination scientifique:<\/strong> Procambarus clarkii<\/span><\/li>\n<li><span><strong>Origine:<\/strong> Chine<\/span><\/li>\n<li><span><strong>Saveur:<\/strong> douce<\/span><\/li>\n<li><span><strong>Caract\u00e9ristiques:<\/strong> carapace rouge profond, chair orange<\/span><\/li>\n<li><span><strong>Offre:<\/strong> p\u00eache saisonni\u00e8re, disponible toute l&rsquo;ann\u00e9e<\/span><\/li>\n<\/ul>\n<\/div>\n","protected":false},"excerpt":{"rendered":"<p>Ecrevisse T\u00e9l\u00e9charger la brochuree Pendant les mois d\u2019\u00e9t\u00e9 (juin \u00e0 ao\u00fbt), les \u00e9crevisses sont p\u00each\u00e9es dans les lacs et rivi\u00e8res chinois avec des pi\u00e8ges. Chaque jour, les \u00e9crevisses sont achemin\u00e9s vers l\u2019entreprise o\u00f9 elles sont cuites, d\u00e9cortiqu\u00e9es et nettoy\u00e9es. Les ecrevisses sont propos\u00e9es \u00ab \u00e0 la nage \u00bb ou congel\u00e9es enti\u00e8res dans l\u2019eau sal\u00e9e. D\u00e9nomination &hellip; <a href=\"https:\/\/www.klaaspuul.com\/fr\/produits\/homard-riviere\/\" class=\"more-link\">Continue reading <span class=\"screen-reader-text\">Ecrevisse<\/span> <span class=\"meta-nav\">&rarr;<\/span><\/a><\/p>\n","protected":false},"author":1,"featured_media":0,"parent":228,"menu_order":0,"comment_status":"closed","ping_status":"closed","template":"","meta":{"_acf_changed":false,"_monsterinsights_skip_tracking":false,"_monsterinsights_sitenote_active":false,"_monsterinsights_sitenote_note":"","_monsterinsights_sitenote_category":0,"footnotes":""},"class_list":["post-256","page","type-page","status-publish","hentry"],"acf":[],"yoast_head":"<!-- This site is optimized with the Yoast SEO plugin v27.3 - https:\/\/yoast.com\/product\/yoast-seo-wordpress\/ -->\n<title>Ecrevisse - Klaas Puul FR<\/title>\n<meta name=\"robots\" content=\"index, follow, max-snippet:-1, max-image-preview:large, max-video-preview:-1\" \/>\n<link rel=\"canonical\" href=\"https:\/\/www.klaaspuul.com\/fr\/produits\/homard-riviere\/\" \/>\n<meta property=\"og:locale\" content=\"fr_FR\" \/>\n<meta property=\"og:type\" content=\"article\" \/>\n<meta property=\"og:title\" content=\"Ecrevisse - Klaas Puul FR\" \/>\n<meta property=\"og:description\" content=\"Ecrevisse T\u00e9l\u00e9charger la brochuree Pendant les mois d\u2019\u00e9t\u00e9 (juin \u00e0 ao\u00fbt), les \u00e9crevisses sont p\u00each\u00e9es dans les lacs et rivi\u00e8res chinois avec des pi\u00e8ges. Chaque jour, les \u00e9crevisses sont achemin\u00e9s vers l\u2019entreprise o\u00f9 elles sont cuites, d\u00e9cortiqu\u00e9es et nettoy\u00e9es. Les ecrevisses sont propos\u00e9es \u00ab \u00e0 la nage \u00bb ou congel\u00e9es enti\u00e8res dans l\u2019eau sal\u00e9e. D\u00e9nomination &hellip; Continue reading Ecrevisse &rarr;\" \/>\n<meta property=\"og:url\" content=\"https:\/\/www.klaaspuul.com\/fr\/produits\/homard-riviere\/\" \/>\n<meta property=\"og:site_name\" content=\"Klaas Puul FR\" \/>\n<meta property=\"article:modified_time\" content=\"2018-09-05T14:34:36+00:00\" \/>\n<meta property=\"og:image\" content=\"https:\/\/www.klaaspuul.com\/fr\/wp-content\/uploads\/sites\/7\/2017\/01\/rivierkreeft.png\" \/>\n<meta name=\"twitter:card\" content=\"summary_large_image\" \/>\n<script type=\"application\/ld+json\" class=\"yoast-schema-graph\">{\"@context\":\"https:\\\/\\\/schema.org\",\"@graph\":[{\"@type\":\"WebPage\",\"@id\":\"https:\\\/\\\/www.klaaspuul.com\\\/fr\\\/produits\\\/homard-riviere\\\/\",\"url\":\"https:\\\/\\\/www.klaaspuul.com\\\/fr\\\/produits\\\/homard-riviere\\\/\",\"name\":\"Ecrevisse - Klaas Puul FR\",\"isPartOf\":{\"@id\":\"https:\\\/\\\/www.klaaspuul.com\\\/fr\\\/#website\"},\"primaryImageOfPage\":{\"@id\":\"https:\\\/\\\/www.klaaspuul.com\\\/fr\\\/produits\\\/homard-riviere\\\/#primaryimage\"},\"image\":{\"@id\":\"https:\\\/\\\/www.klaaspuul.com\\\/fr\\\/produits\\\/homard-riviere\\\/#primaryimage\"},\"thumbnailUrl\":\"https:\\\/\\\/www.klaaspuul.com\\\/fr\\\/wp-content\\\/uploads\\\/sites\\\/7\\\/2017\\\/01\\\/rivierkreeft.png\",\"datePublished\":\"2017-01-03T07:41:37+00:00\",\"dateModified\":\"2018-09-05T14:34:36+00:00\",\"breadcrumb\":{\"@id\":\"https:\\\/\\\/www.klaaspuul.com\\\/fr\\\/produits\\\/homard-riviere\\\/#breadcrumb\"},\"inLanguage\":\"fr-FR\",\"potentialAction\":[{\"@type\":\"ReadAction\",\"target\":[\"https:\\\/\\\/www.klaaspuul.com\\\/fr\\\/produits\\\/homard-riviere\\\/\"]}]},{\"@type\":\"ImageObject\",\"inLanguage\":\"fr-FR\",\"@id\":\"https:\\\/\\\/www.klaaspuul.com\\\/fr\\\/produits\\\/homard-riviere\\\/#primaryimage\",\"url\":\"https:\\\/\\\/www.klaaspuul.com\\\/fr\\\/wp-content\\\/uploads\\\/sites\\\/7\\\/2017\\\/01\\\/rivierkreeft.png\",\"contentUrl\":\"https:\\\/\\\/www.klaaspuul.com\\\/fr\\\/wp-content\\\/uploads\\\/sites\\\/7\\\/2017\\\/01\\\/rivierkreeft.png\",\"width\":516,\"height\":129},{\"@type\":\"BreadcrumbList\",\"@id\":\"https:\\\/\\\/www.klaaspuul.com\\\/fr\\\/produits\\\/homard-riviere\\\/#breadcrumb\",\"itemListElement\":[{\"@type\":\"ListItem\",\"position\":1,\"name\":\"Accueil\",\"item\":\"https:\\\/\\\/www.klaaspuul.com\\\/fr\\\/\"},{\"@type\":\"ListItem\",\"position\":2,\"name\":\"Produits\",\"item\":\"https:\\\/\\\/www.klaaspuul.com\\\/fr\\\/produits\\\/\"},{\"@type\":\"ListItem\",\"position\":3,\"name\":\"Ecrevisse\"}]},{\"@type\":\"WebSite\",\"@id\":\"https:\\\/\\\/www.klaaspuul.com\\\/fr\\\/#website\",\"url\":\"https:\\\/\\\/www.klaaspuul.com\\\/fr\\\/\",\"name\":\"Klaas Puul FR\",\"description\":\"Een andere Klaas Puul site\",\"potentialAction\":[{\"@type\":\"SearchAction\",\"target\":{\"@type\":\"EntryPoint\",\"urlTemplate\":\"https:\\\/\\\/www.klaaspuul.com\\\/fr\\\/?s={search_term_string}\"},\"query-input\":{\"@type\":\"PropertyValueSpecification\",\"valueRequired\":true,\"valueName\":\"search_term_string\"}}],\"inLanguage\":\"fr-FR\"}]}<\/script>\n<!-- \/ Yoast SEO plugin. -->","yoast_head_json":{"title":"Ecrevisse - Klaas Puul FR","robots":{"index":"index","follow":"follow","max-snippet":"max-snippet:-1","max-image-preview":"max-image-preview:large","max-video-preview":"max-video-preview:-1"},"canonical":"https:\/\/www.klaaspuul.com\/fr\/produits\/homard-riviere\/","og_locale":"fr_FR","og_type":"article","og_title":"Ecrevisse - Klaas Puul FR","og_description":"Ecrevisse T\u00e9l\u00e9charger la brochuree Pendant les mois d\u2019\u00e9t\u00e9 (juin \u00e0 ao\u00fbt), les \u00e9crevisses sont p\u00each\u00e9es dans les lacs et rivi\u00e8res chinois avec des pi\u00e8ges. Chaque jour, les \u00e9crevisses sont achemin\u00e9s vers l\u2019entreprise o\u00f9 elles sont cuites, d\u00e9cortiqu\u00e9es et nettoy\u00e9es. Les ecrevisses sont propos\u00e9es \u00ab \u00e0 la nage \u00bb ou congel\u00e9es enti\u00e8res dans l\u2019eau sal\u00e9e. D\u00e9nomination &hellip; Continue reading Ecrevisse &rarr;","og_url":"https:\/\/www.klaaspuul.com\/fr\/produits\/homard-riviere\/","og_site_name":"Klaas Puul FR","article_modified_time":"2018-09-05T14:34:36+00:00","og_image":[{"url":"https:\/\/www.klaaspuul.com\/fr\/wp-content\/uploads\/sites\/7\/2017\/01\/rivierkreeft.png","type":"","width":"","height":""}],"twitter_card":"summary_large_image","schema":{"@context":"https:\/\/schema.org","@graph":[{"@type":"WebPage","@id":"https:\/\/www.klaaspuul.com\/fr\/produits\/homard-riviere\/","url":"https:\/\/www.klaaspuul.com\/fr\/produits\/homard-riviere\/","name":"Ecrevisse - Klaas Puul FR","isPartOf":{"@id":"https:\/\/www.klaaspuul.com\/fr\/#website"},"primaryImageOfPage":{"@id":"https:\/\/www.klaaspuul.com\/fr\/produits\/homard-riviere\/#primaryimage"},"image":{"@id":"https:\/\/www.klaaspuul.com\/fr\/produits\/homard-riviere\/#primaryimage"},"thumbnailUrl":"https:\/\/www.klaaspuul.com\/fr\/wp-content\/uploads\/sites\/7\/2017\/01\/rivierkreeft.png","datePublished":"2017-01-03T07:41:37+00:00","dateModified":"2018-09-05T14:34:36+00:00","breadcrumb":{"@id":"https:\/\/www.klaaspuul.com\/fr\/produits\/homard-riviere\/#breadcrumb"},"inLanguage":"fr-FR","potentialAction":[{"@type":"ReadAction","target":["https:\/\/www.klaaspuul.com\/fr\/produits\/homard-riviere\/"]}]},{"@type":"ImageObject","inLanguage":"fr-FR","@id":"https:\/\/www.klaaspuul.com\/fr\/produits\/homard-riviere\/#primaryimage","url":"https:\/\/www.klaaspuul.com\/fr\/wp-content\/uploads\/sites\/7\/2017\/01\/rivierkreeft.png","contentUrl":"https:\/\/www.klaaspuul.com\/fr\/wp-content\/uploads\/sites\/7\/2017\/01\/rivierkreeft.png","width":516,"height":129},{"@type":"BreadcrumbList","@id":"https:\/\/www.klaaspuul.com\/fr\/produits\/homard-riviere\/#breadcrumb","itemListElement":[{"@type":"ListItem","position":1,"name":"Accueil","item":"https:\/\/www.klaaspuul.com\/fr\/"},{"@type":"ListItem","position":2,"name":"Produits","item":"https:\/\/www.klaaspuul.com\/fr\/produits\/"},{"@type":"ListItem","position":3,"name":"Ecrevisse"}]},{"@type":"WebSite","@id":"https:\/\/www.klaaspuul.com\/fr\/#website","url":"https:\/\/www.klaaspuul.com\/fr\/","name":"Klaas Puul FR","description":"Een andere Klaas Puul site","potentialAction":[{"@type":"SearchAction","target":{"@type":"EntryPoint","urlTemplate":"https:\/\/www.klaaspuul.com\/fr\/?s={search_term_string}"},"query-input":{"@type":"PropertyValueSpecification","valueRequired":true,"valueName":"search_term_string"}}],"inLanguage":"fr-FR"}]}},"_links":{"self":[{"href":"https:\/\/www.klaaspuul.com\/fr\/wp-json\/wp\/v2\/pages\/256","targetHints":{"allow":["GET"]}}],"collection":[{"href":"https:\/\/www.klaaspuul.com\/fr\/wp-json\/wp\/v2\/pages"}],"about":[{"href":"https:\/\/www.klaaspuul.com\/fr\/wp-json\/wp\/v2\/types\/page"}],"author":[{"embeddable":true,"href":"https:\/\/www.klaaspuul.com\/fr\/wp-json\/wp\/v2\/users\/1"}],"replies":[{"embeddable":true,"href":"https:\/\/www.klaaspuul.com\/fr\/wp-json\/wp\/v2\/comments?post=256"}],"version-history":[{"count":6,"href":"https:\/\/www.klaaspuul.com\/fr\/wp-json\/wp\/v2\/pages\/256\/revisions"}],"predecessor-version":[{"id":774,"href":"https:\/\/www.klaaspuul.com\/fr\/wp-json\/wp\/v2\/pages\/256\/revisions\/774"}],"up":[{"embeddable":true,"href":"https:\/\/www.klaaspuul.com\/fr\/wp-json\/wp\/v2\/pages\/228"}],"wp:attachment":[{"href":"https:\/\/www.klaaspuul.com\/fr\/wp-json\/wp\/v2\/media?parent=256"}],"curies":[{"name":"wp","href":"https:\/\/api.w.org\/{rel}","templated":true}]}}