{"id":259,"date":"2017-01-03T08:56:46","date_gmt":"2017-01-03T07:56:46","guid":{"rendered":"https:\/\/www.klaaspuul.com\/?page_id=259"},"modified":"2018-09-05T16:30:55","modified_gmt":"2018-09-05T14:30:55","slug":"crevette-nord","status":"publish","type":"page","link":"https:\/\/www.klaaspuul.com\/fr\/produits\/crevette-nord\/","title":{"rendered":"Crevette grise"},"content":{"rendered":"<div class=\"inner\">\n<div class=\"product-img\">\n<img decoding=\"async\" src=\"https:\/\/www.klaaspuul.com\/fr\/wp-content\/uploads\/sites\/7\/2017\/01\/noordzee-garnalen-shade.jpg\" alt=\"Noordzee Garnalen\">\n<\/div>\n<h1 class=\"entry-title\">Crevette grise<\/h1>\n<p><a href=\"https:\/\/www.klaaspuul.com\/wp-content\/uploads\/klaas_puul_noordzee_FR_flyer.pdf\" target=\"_blank\"><i class=\"fa fa-file-pdf-o\" aria-hidden=\"true\"><\/i> T\u00e9l\u00e9charger la brochure<\/a><\/p>\n<p>La crevette grise est une crevette sauvage p\u00each\u00e9e en mer du nord. Avec son go\u00fbt \u00e0 la fois sal\u00e9 et l\u00e9g\u00e8rement sucr\u00e9, elle est une des meilleures crevettes qui soit. Tr\u00e8s r\u00e9pandue aux Pays-Bas et en Belgique, elle y est consomm\u00e9e cuite avec une sauce, en salade ou dans des classiques comme les croquettes de crevettes ou le cocktail de crevettes. La crevette de la mer du Nord est p\u00each\u00e9e avec de petits bateaux sp\u00e9cialis\u00e9s. Une fois captur\u00e9es, les crevettes sont lav\u00e9es, cuites et r\u00e9frig\u00e9r\u00e9es \u00e0 bord.<\/p>\n<ul>\n<li><span><strong>D\u00e9nomination scientifique:<\/strong> Crangon crangon<\/span><\/li>\n<li><span><strong>Origine:<\/strong> Pays-Bas, Danemark, Allemagne, Belgique et Angleterre<\/span><\/li>\n<li><span><strong>Saveur:<\/strong> douce, cr\u00e9meuse<\/span><\/li>\n<li><span><strong>Caract\u00e9ristiques:<\/strong> structure tendre et r\u00e9sistante<\/span><\/li>\n<li><span><strong>Offre:<\/strong> p\u00eache saisonni\u00e8re, toute l&rsquo;ann\u00e9e avec pics de septembre \u00e0 novembre<\/span><\/li>\n<\/ul>\n<\/div>\n","protected":false},"excerpt":{"rendered":"<p>Crevette grise T\u00e9l\u00e9charger la brochure La crevette grise est une crevette sauvage p\u00each\u00e9e en mer du nord. Avec son go\u00fbt \u00e0 la fois sal\u00e9 et l\u00e9g\u00e8rement sucr\u00e9, elle est une des meilleures crevettes qui soit. Tr\u00e8s r\u00e9pandue aux Pays-Bas et en Belgique, elle y est consomm\u00e9e cuite avec une sauce, en salade ou dans des &hellip; <a href=\"https:\/\/www.klaaspuul.com\/fr\/produits\/crevette-nord\/\" class=\"more-link\">Continue reading <span class=\"screen-reader-text\">Crevette grise<\/span> <span class=\"meta-nav\">&rarr;<\/span><\/a><\/p>\n","protected":false},"author":1,"featured_media":0,"parent":228,"menu_order":0,"comment_status":"closed","ping_status":"closed","template":"","meta":{"_acf_changed":false,"_monsterinsights_skip_tracking":false,"_monsterinsights_sitenote_active":false,"_monsterinsights_sitenote_note":"","_monsterinsights_sitenote_category":0,"footnotes":""},"class_list":["post-259","page","type-page","status-publish","hentry"],"acf":[],"yoast_head":"<!-- This site is optimized with the Yoast SEO plugin v27.3 - https:\/\/yoast.com\/product\/yoast-seo-wordpress\/ -->\n<title>Crevette grise - Klaas Puul FR<\/title>\n<meta name=\"robots\" content=\"index, follow, max-snippet:-1, max-image-preview:large, max-video-preview:-1\" \/>\n<link rel=\"canonical\" href=\"https:\/\/www.klaaspuul.com\/fr\/produits\/crevette-nord\/\" \/>\n<meta property=\"og:locale\" content=\"fr_FR\" \/>\n<meta property=\"og:type\" content=\"article\" \/>\n<meta property=\"og:title\" content=\"Crevette grise - Klaas Puul FR\" \/>\n<meta property=\"og:description\" content=\"Crevette grise T\u00e9l\u00e9charger la brochure La crevette grise est une crevette sauvage p\u00each\u00e9e en mer du nord. Avec son go\u00fbt \u00e0 la fois sal\u00e9 et l\u00e9g\u00e8rement sucr\u00e9, elle est une des meilleures crevettes qui soit. Tr\u00e8s r\u00e9pandue aux Pays-Bas et en Belgique, elle y est consomm\u00e9e cuite avec une sauce, en salade ou dans des &hellip; Continue reading Crevette grise &rarr;\" \/>\n<meta property=\"og:url\" content=\"https:\/\/www.klaaspuul.com\/fr\/produits\/crevette-nord\/\" \/>\n<meta property=\"og:site_name\" content=\"Klaas Puul FR\" \/>\n<meta property=\"article:modified_time\" content=\"2018-09-05T14:30:55+00:00\" \/>\n<meta property=\"og:image\" content=\"https:\/\/www.klaaspuul.com\/fr\/wp-content\/uploads\/sites\/7\/2017\/01\/noordzee-garnalen-shade.jpg\" \/>\n<meta name=\"twitter:card\" content=\"summary_large_image\" \/>\n<meta name=\"twitter:label1\" content=\"Dur\u00e9e de lecture estim\u00e9e\" \/>\n\t<meta name=\"twitter:data1\" content=\"1 minute\" \/>\n<script type=\"application\/ld+json\" class=\"yoast-schema-graph\">{\"@context\":\"https:\\\/\\\/schema.org\",\"@graph\":[{\"@type\":\"WebPage\",\"@id\":\"https:\\\/\\\/www.klaaspuul.com\\\/fr\\\/produits\\\/crevette-nord\\\/\",\"url\":\"https:\\\/\\\/www.klaaspuul.com\\\/fr\\\/produits\\\/crevette-nord\\\/\",\"name\":\"Crevette grise - Klaas Puul FR\",\"isPartOf\":{\"@id\":\"https:\\\/\\\/www.klaaspuul.com\\\/fr\\\/#website\"},\"primaryImageOfPage\":{\"@id\":\"https:\\\/\\\/www.klaaspuul.com\\\/fr\\\/produits\\\/crevette-nord\\\/#primaryimage\"},\"image\":{\"@id\":\"https:\\\/\\\/www.klaaspuul.com\\\/fr\\\/produits\\\/crevette-nord\\\/#primaryimage\"},\"thumbnailUrl\":\"https:\\\/\\\/www.klaaspuul.com\\\/fr\\\/wp-content\\\/uploads\\\/sites\\\/7\\\/2017\\\/01\\\/noordzee-garnalen-shade.jpg\",\"datePublished\":\"2017-01-03T07:56:46+00:00\",\"dateModified\":\"2018-09-05T14:30:55+00:00\",\"breadcrumb\":{\"@id\":\"https:\\\/\\\/www.klaaspuul.com\\\/fr\\\/produits\\\/crevette-nord\\\/#breadcrumb\"},\"inLanguage\":\"fr-FR\",\"potentialAction\":[{\"@type\":\"ReadAction\",\"target\":[\"https:\\\/\\\/www.klaaspuul.com\\\/fr\\\/produits\\\/crevette-nord\\\/\"]}]},{\"@type\":\"ImageObject\",\"inLanguage\":\"fr-FR\",\"@id\":\"https:\\\/\\\/www.klaaspuul.com\\\/fr\\\/produits\\\/crevette-nord\\\/#primaryimage\",\"url\":\"https:\\\/\\\/www.klaaspuul.com\\\/fr\\\/wp-content\\\/uploads\\\/sites\\\/7\\\/2017\\\/01\\\/noordzee-garnalen-shade.jpg\",\"contentUrl\":\"https:\\\/\\\/www.klaaspuul.com\\\/fr\\\/wp-content\\\/uploads\\\/sites\\\/7\\\/2017\\\/01\\\/noordzee-garnalen-shade.jpg\",\"width\":520,\"height\":200},{\"@type\":\"BreadcrumbList\",\"@id\":\"https:\\\/\\\/www.klaaspuul.com\\\/fr\\\/produits\\\/crevette-nord\\\/#breadcrumb\",\"itemListElement\":[{\"@type\":\"ListItem\",\"position\":1,\"name\":\"Accueil\",\"item\":\"https:\\\/\\\/www.klaaspuul.com\\\/fr\\\/\"},{\"@type\":\"ListItem\",\"position\":2,\"name\":\"Produits\",\"item\":\"https:\\\/\\\/www.klaaspuul.com\\\/fr\\\/produits\\\/\"},{\"@type\":\"ListItem\",\"position\":3,\"name\":\"Crevette grise\"}]},{\"@type\":\"WebSite\",\"@id\":\"https:\\\/\\\/www.klaaspuul.com\\\/fr\\\/#website\",\"url\":\"https:\\\/\\\/www.klaaspuul.com\\\/fr\\\/\",\"name\":\"Klaas Puul FR\",\"description\":\"Een andere Klaas Puul site\",\"potentialAction\":[{\"@type\":\"SearchAction\",\"target\":{\"@type\":\"EntryPoint\",\"urlTemplate\":\"https:\\\/\\\/www.klaaspuul.com\\\/fr\\\/?s={search_term_string}\"},\"query-input\":{\"@type\":\"PropertyValueSpecification\",\"valueRequired\":true,\"valueName\":\"search_term_string\"}}],\"inLanguage\":\"fr-FR\"}]}<\/script>\n<!-- \/ Yoast SEO plugin. -->","yoast_head_json":{"title":"Crevette grise - Klaas Puul FR","robots":{"index":"index","follow":"follow","max-snippet":"max-snippet:-1","max-image-preview":"max-image-preview:large","max-video-preview":"max-video-preview:-1"},"canonical":"https:\/\/www.klaaspuul.com\/fr\/produits\/crevette-nord\/","og_locale":"fr_FR","og_type":"article","og_title":"Crevette grise - Klaas Puul FR","og_description":"Crevette grise T\u00e9l\u00e9charger la brochure La crevette grise est une crevette sauvage p\u00each\u00e9e en mer du nord. Avec son go\u00fbt \u00e0 la fois sal\u00e9 et l\u00e9g\u00e8rement sucr\u00e9, elle est une des meilleures crevettes qui soit. Tr\u00e8s r\u00e9pandue aux Pays-Bas et en Belgique, elle y est consomm\u00e9e cuite avec une sauce, en salade ou dans des &hellip; Continue reading Crevette grise &rarr;","og_url":"https:\/\/www.klaaspuul.com\/fr\/produits\/crevette-nord\/","og_site_name":"Klaas Puul FR","article_modified_time":"2018-09-05T14:30:55+00:00","og_image":[{"url":"https:\/\/www.klaaspuul.com\/fr\/wp-content\/uploads\/sites\/7\/2017\/01\/noordzee-garnalen-shade.jpg","type":"","width":"","height":""}],"twitter_card":"summary_large_image","twitter_misc":{"Dur\u00e9e de lecture estim\u00e9e":"1 minute"},"schema":{"@context":"https:\/\/schema.org","@graph":[{"@type":"WebPage","@id":"https:\/\/www.klaaspuul.com\/fr\/produits\/crevette-nord\/","url":"https:\/\/www.klaaspuul.com\/fr\/produits\/crevette-nord\/","name":"Crevette grise - Klaas Puul FR","isPartOf":{"@id":"https:\/\/www.klaaspuul.com\/fr\/#website"},"primaryImageOfPage":{"@id":"https:\/\/www.klaaspuul.com\/fr\/produits\/crevette-nord\/#primaryimage"},"image":{"@id":"https:\/\/www.klaaspuul.com\/fr\/produits\/crevette-nord\/#primaryimage"},"thumbnailUrl":"https:\/\/www.klaaspuul.com\/fr\/wp-content\/uploads\/sites\/7\/2017\/01\/noordzee-garnalen-shade.jpg","datePublished":"2017-01-03T07:56:46+00:00","dateModified":"2018-09-05T14:30:55+00:00","breadcrumb":{"@id":"https:\/\/www.klaaspuul.com\/fr\/produits\/crevette-nord\/#breadcrumb"},"inLanguage":"fr-FR","potentialAction":[{"@type":"ReadAction","target":["https:\/\/www.klaaspuul.com\/fr\/produits\/crevette-nord\/"]}]},{"@type":"ImageObject","inLanguage":"fr-FR","@id":"https:\/\/www.klaaspuul.com\/fr\/produits\/crevette-nord\/#primaryimage","url":"https:\/\/www.klaaspuul.com\/fr\/wp-content\/uploads\/sites\/7\/2017\/01\/noordzee-garnalen-shade.jpg","contentUrl":"https:\/\/www.klaaspuul.com\/fr\/wp-content\/uploads\/sites\/7\/2017\/01\/noordzee-garnalen-shade.jpg","width":520,"height":200},{"@type":"BreadcrumbList","@id":"https:\/\/www.klaaspuul.com\/fr\/produits\/crevette-nord\/#breadcrumb","itemListElement":[{"@type":"ListItem","position":1,"name":"Accueil","item":"https:\/\/www.klaaspuul.com\/fr\/"},{"@type":"ListItem","position":2,"name":"Produits","item":"https:\/\/www.klaaspuul.com\/fr\/produits\/"},{"@type":"ListItem","position":3,"name":"Crevette grise"}]},{"@type":"WebSite","@id":"https:\/\/www.klaaspuul.com\/fr\/#website","url":"https:\/\/www.klaaspuul.com\/fr\/","name":"Klaas Puul FR","description":"Een andere Klaas Puul site","potentialAction":[{"@type":"SearchAction","target":{"@type":"EntryPoint","urlTemplate":"https:\/\/www.klaaspuul.com\/fr\/?s={search_term_string}"},"query-input":{"@type":"PropertyValueSpecification","valueRequired":true,"valueName":"search_term_string"}}],"inLanguage":"fr-FR"}]}},"_links":{"self":[{"href":"https:\/\/www.klaaspuul.com\/fr\/wp-json\/wp\/v2\/pages\/259","targetHints":{"allow":["GET"]}}],"collection":[{"href":"https:\/\/www.klaaspuul.com\/fr\/wp-json\/wp\/v2\/pages"}],"about":[{"href":"https:\/\/www.klaaspuul.com\/fr\/wp-json\/wp\/v2\/types\/page"}],"author":[{"embeddable":true,"href":"https:\/\/www.klaaspuul.com\/fr\/wp-json\/wp\/v2\/users\/1"}],"replies":[{"embeddable":true,"href":"https:\/\/www.klaaspuul.com\/fr\/wp-json\/wp\/v2\/comments?post=259"}],"version-history":[{"count":11,"href":"https:\/\/www.klaaspuul.com\/fr\/wp-json\/wp\/v2\/pages\/259\/revisions"}],"predecessor-version":[{"id":766,"href":"https:\/\/www.klaaspuul.com\/fr\/wp-json\/wp\/v2\/pages\/259\/revisions\/766"}],"up":[{"embeddable":true,"href":"https:\/\/www.klaaspuul.com\/fr\/wp-json\/wp\/v2\/pages\/228"}],"wp:attachment":[{"href":"https:\/\/www.klaaspuul.com\/fr\/wp-json\/wp\/v2\/media?parent=259"}],"curies":[{"name":"wp","href":"https:\/\/api.w.org\/{rel}","templated":true}]}}