{"id":265,"date":"2017-01-03T09:05:19","date_gmt":"2017-01-03T08:05:19","guid":{"rendered":"https:\/\/www.klaaspuul.com\/?page_id=265"},"modified":"2018-09-05T16:32:18","modified_gmt":"2018-09-05T14:32:18","slug":"crevette-geante-tigree","status":"publish","type":"page","link":"https:\/\/www.klaaspuul.com\/fr\/produits\/crevette-geante-tigree\/","title":{"rendered":"Crevette g\u00e9ante tigr\u00e9e"},"content":{"rendered":"<div class=\"inner\">\n<div class=\"product-img\">\n<img decoding=\"async\" src=\"https:\/\/www.klaaspuul.com\/fr\/wp-content\/uploads\/sites\/7\/2017\/01\/tiger-shade.jpg\" alt=\"Crevette g\u00e9ante tigr\u00e9e\">\n<\/div>\n<h1 class=\"entry-title\">Crevette g\u00e9ante tigr\u00e9e<\/h1>\n<p><a href=\"https:\/\/www.klaaspuul.com\/wp-content\/uploads\/klaas_puul_black_tiger_garnaal_FR_flyer.pdf\" target=\"_blank\"><i class=\"fa fa-file-pdf-o\" aria-hidden=\"true\"><\/i> T\u00e9l\u00e9charger la brochure<\/a><\/p>\n<p>La crevette g\u00e9ante tigr\u00e9e propos\u00e9e par Klaas Puul est \u00e9lev\u00e9e en Asie. L&rsquo;\u00e9levage se fait dans des viviers situ\u00e9s sur le littoral. Cette crevette g\u00e9ante peut mesurer jusqu&rsquo;\u00e0 30 cm de long. Nous offrons diff\u00e9rentes variantes de crevette g\u00e9ante tigr\u00e9e, d\u00e9cortiqu\u00e9e ou avec carapace, avec ou sans t\u00eate. <\/p>\n<ul>\n<li><span><strong>D\u00e9nomination scientifique:<\/strong> Penaeus monodon<\/span><\/li>\n<li><span><strong>Origine:<\/strong> Bangladesh \/ Inde \/ Vietnam \/ Indon\u00e9sie<\/span><\/li>\n<li><span><strong>Saveur:<\/strong> l\u00e9g\u00e8rement sucr\u00e9e, charnue<\/span><\/li>\n<li><span><strong>Caract\u00e9ristiques:<\/strong> carapace \u00e9paisse, dure, \u00e0 lignes noires ; devient rouge-orange apr\u00e8s la cuisson<\/span><\/li>\n<li><span><strong>Offre:<\/strong> \u00e9levage, toute l&rsquo;ann\u00e9e<\/span><\/li>\n<\/ul>\n<\/div>\n","protected":false},"excerpt":{"rendered":"<p>Crevette g\u00e9ante tigr\u00e9e T\u00e9l\u00e9charger la brochure La crevette g\u00e9ante tigr\u00e9e propos\u00e9e par Klaas Puul est \u00e9lev\u00e9e en Asie. L&rsquo;\u00e9levage se fait dans des viviers situ\u00e9s sur le littoral. Cette crevette g\u00e9ante peut mesurer jusqu&rsquo;\u00e0 30 cm de long. Nous offrons diff\u00e9rentes variantes de crevette g\u00e9ante tigr\u00e9e, d\u00e9cortiqu\u00e9e ou avec carapace, avec ou sans t\u00eate. D\u00e9nomination &hellip; <a href=\"https:\/\/www.klaaspuul.com\/fr\/produits\/crevette-geante-tigree\/\" class=\"more-link\">Continue reading <span class=\"screen-reader-text\">Crevette g\u00e9ante tigr\u00e9e<\/span> <span class=\"meta-nav\">&rarr;<\/span><\/a><\/p>\n","protected":false},"author":1,"featured_media":0,"parent":228,"menu_order":0,"comment_status":"closed","ping_status":"closed","template":"","meta":{"_acf_changed":false,"_monsterinsights_skip_tracking":false,"_monsterinsights_sitenote_active":false,"_monsterinsights_sitenote_note":"","_monsterinsights_sitenote_category":0,"footnotes":""},"class_list":["post-265","page","type-page","status-publish","hentry"],"acf":[],"yoast_head":"<!-- This site is optimized with the Yoast SEO plugin v27.3 - https:\/\/yoast.com\/product\/yoast-seo-wordpress\/ -->\n<title>Crevette g\u00e9ante tigr\u00e9e - Klaas Puul FR<\/title>\n<meta name=\"robots\" content=\"index, follow, max-snippet:-1, max-image-preview:large, max-video-preview:-1\" \/>\n<link rel=\"canonical\" href=\"https:\/\/www.klaaspuul.com\/fr\/produits\/crevette-geante-tigree\/\" \/>\n<meta property=\"og:locale\" content=\"fr_FR\" \/>\n<meta property=\"og:type\" content=\"article\" \/>\n<meta property=\"og:title\" content=\"Crevette g\u00e9ante tigr\u00e9e - Klaas Puul FR\" \/>\n<meta property=\"og:description\" content=\"Crevette g\u00e9ante tigr\u00e9e T\u00e9l\u00e9charger la brochure La crevette g\u00e9ante tigr\u00e9e propos\u00e9e par Klaas Puul est \u00e9lev\u00e9e en Asie. L&rsquo;\u00e9levage se fait dans des viviers situ\u00e9s sur le littoral. Cette crevette g\u00e9ante peut mesurer jusqu&rsquo;\u00e0 30 cm de long. Nous offrons diff\u00e9rentes variantes de crevette g\u00e9ante tigr\u00e9e, d\u00e9cortiqu\u00e9e ou avec carapace, avec ou sans t\u00eate. D\u00e9nomination &hellip; Continue reading Crevette g\u00e9ante tigr\u00e9e &rarr;\" \/>\n<meta property=\"og:url\" content=\"https:\/\/www.klaaspuul.com\/fr\/produits\/crevette-geante-tigree\/\" \/>\n<meta property=\"og:site_name\" content=\"Klaas Puul FR\" \/>\n<meta property=\"article:modified_time\" content=\"2018-09-05T14:32:18+00:00\" \/>\n<meta property=\"og:image\" content=\"https:\/\/www.klaaspuul.com\/fr\/wp-content\/uploads\/sites\/7\/2017\/01\/tiger-shade.jpg\" \/>\n<meta name=\"twitter:card\" content=\"summary_large_image\" \/>\n<meta name=\"twitter:label1\" content=\"Dur\u00e9e de lecture estim\u00e9e\" \/>\n\t<meta name=\"twitter:data1\" content=\"1 minute\" \/>\n<script type=\"application\/ld+json\" class=\"yoast-schema-graph\">{\"@context\":\"https:\\\/\\\/schema.org\",\"@graph\":[{\"@type\":\"WebPage\",\"@id\":\"https:\\\/\\\/www.klaaspuul.com\\\/fr\\\/produits\\\/crevette-geante-tigree\\\/\",\"url\":\"https:\\\/\\\/www.klaaspuul.com\\\/fr\\\/produits\\\/crevette-geante-tigree\\\/\",\"name\":\"Crevette g\u00e9ante tigr\u00e9e - Klaas Puul FR\",\"isPartOf\":{\"@id\":\"https:\\\/\\\/www.klaaspuul.com\\\/fr\\\/#website\"},\"primaryImageOfPage\":{\"@id\":\"https:\\\/\\\/www.klaaspuul.com\\\/fr\\\/produits\\\/crevette-geante-tigree\\\/#primaryimage\"},\"image\":{\"@id\":\"https:\\\/\\\/www.klaaspuul.com\\\/fr\\\/produits\\\/crevette-geante-tigree\\\/#primaryimage\"},\"thumbnailUrl\":\"https:\\\/\\\/www.klaaspuul.com\\\/fr\\\/wp-content\\\/uploads\\\/sites\\\/7\\\/2017\\\/01\\\/tiger-shade.jpg\",\"datePublished\":\"2017-01-03T08:05:19+00:00\",\"dateModified\":\"2018-09-05T14:32:18+00:00\",\"breadcrumb\":{\"@id\":\"https:\\\/\\\/www.klaaspuul.com\\\/fr\\\/produits\\\/crevette-geante-tigree\\\/#breadcrumb\"},\"inLanguage\":\"fr-FR\",\"potentialAction\":[{\"@type\":\"ReadAction\",\"target\":[\"https:\\\/\\\/www.klaaspuul.com\\\/fr\\\/produits\\\/crevette-geante-tigree\\\/\"]}]},{\"@type\":\"ImageObject\",\"inLanguage\":\"fr-FR\",\"@id\":\"https:\\\/\\\/www.klaaspuul.com\\\/fr\\\/produits\\\/crevette-geante-tigree\\\/#primaryimage\",\"url\":\"https:\\\/\\\/www.klaaspuul.com\\\/fr\\\/wp-content\\\/uploads\\\/sites\\\/7\\\/2017\\\/01\\\/tiger-shade.jpg\",\"contentUrl\":\"https:\\\/\\\/www.klaaspuul.com\\\/fr\\\/wp-content\\\/uploads\\\/sites\\\/7\\\/2017\\\/01\\\/tiger-shade.jpg\",\"width\":520,\"height\":200},{\"@type\":\"BreadcrumbList\",\"@id\":\"https:\\\/\\\/www.klaaspuul.com\\\/fr\\\/produits\\\/crevette-geante-tigree\\\/#breadcrumb\",\"itemListElement\":[{\"@type\":\"ListItem\",\"position\":1,\"name\":\"Accueil\",\"item\":\"https:\\\/\\\/www.klaaspuul.com\\\/fr\\\/\"},{\"@type\":\"ListItem\",\"position\":2,\"name\":\"Produits\",\"item\":\"https:\\\/\\\/www.klaaspuul.com\\\/fr\\\/produits\\\/\"},{\"@type\":\"ListItem\",\"position\":3,\"name\":\"Crevette g\u00e9ante tigr\u00e9e\"}]},{\"@type\":\"WebSite\",\"@id\":\"https:\\\/\\\/www.klaaspuul.com\\\/fr\\\/#website\",\"url\":\"https:\\\/\\\/www.klaaspuul.com\\\/fr\\\/\",\"name\":\"Klaas Puul FR\",\"description\":\"Een andere Klaas Puul site\",\"potentialAction\":[{\"@type\":\"SearchAction\",\"target\":{\"@type\":\"EntryPoint\",\"urlTemplate\":\"https:\\\/\\\/www.klaaspuul.com\\\/fr\\\/?s={search_term_string}\"},\"query-input\":{\"@type\":\"PropertyValueSpecification\",\"valueRequired\":true,\"valueName\":\"search_term_string\"}}],\"inLanguage\":\"fr-FR\"}]}<\/script>\n<!-- \/ Yoast SEO plugin. -->","yoast_head_json":{"title":"Crevette g\u00e9ante tigr\u00e9e - Klaas Puul FR","robots":{"index":"index","follow":"follow","max-snippet":"max-snippet:-1","max-image-preview":"max-image-preview:large","max-video-preview":"max-video-preview:-1"},"canonical":"https:\/\/www.klaaspuul.com\/fr\/produits\/crevette-geante-tigree\/","og_locale":"fr_FR","og_type":"article","og_title":"Crevette g\u00e9ante tigr\u00e9e - Klaas Puul FR","og_description":"Crevette g\u00e9ante tigr\u00e9e T\u00e9l\u00e9charger la brochure La crevette g\u00e9ante tigr\u00e9e propos\u00e9e par Klaas Puul est \u00e9lev\u00e9e en Asie. L&rsquo;\u00e9levage se fait dans des viviers situ\u00e9s sur le littoral. Cette crevette g\u00e9ante peut mesurer jusqu&rsquo;\u00e0 30 cm de long. Nous offrons diff\u00e9rentes variantes de crevette g\u00e9ante tigr\u00e9e, d\u00e9cortiqu\u00e9e ou avec carapace, avec ou sans t\u00eate. D\u00e9nomination &hellip; Continue reading Crevette g\u00e9ante tigr\u00e9e &rarr;","og_url":"https:\/\/www.klaaspuul.com\/fr\/produits\/crevette-geante-tigree\/","og_site_name":"Klaas Puul FR","article_modified_time":"2018-09-05T14:32:18+00:00","og_image":[{"url":"https:\/\/www.klaaspuul.com\/fr\/wp-content\/uploads\/sites\/7\/2017\/01\/tiger-shade.jpg","type":"","width":"","height":""}],"twitter_card":"summary_large_image","twitter_misc":{"Dur\u00e9e de lecture estim\u00e9e":"1 minute"},"schema":{"@context":"https:\/\/schema.org","@graph":[{"@type":"WebPage","@id":"https:\/\/www.klaaspuul.com\/fr\/produits\/crevette-geante-tigree\/","url":"https:\/\/www.klaaspuul.com\/fr\/produits\/crevette-geante-tigree\/","name":"Crevette g\u00e9ante tigr\u00e9e - Klaas Puul FR","isPartOf":{"@id":"https:\/\/www.klaaspuul.com\/fr\/#website"},"primaryImageOfPage":{"@id":"https:\/\/www.klaaspuul.com\/fr\/produits\/crevette-geante-tigree\/#primaryimage"},"image":{"@id":"https:\/\/www.klaaspuul.com\/fr\/produits\/crevette-geante-tigree\/#primaryimage"},"thumbnailUrl":"https:\/\/www.klaaspuul.com\/fr\/wp-content\/uploads\/sites\/7\/2017\/01\/tiger-shade.jpg","datePublished":"2017-01-03T08:05:19+00:00","dateModified":"2018-09-05T14:32:18+00:00","breadcrumb":{"@id":"https:\/\/www.klaaspuul.com\/fr\/produits\/crevette-geante-tigree\/#breadcrumb"},"inLanguage":"fr-FR","potentialAction":[{"@type":"ReadAction","target":["https:\/\/www.klaaspuul.com\/fr\/produits\/crevette-geante-tigree\/"]}]},{"@type":"ImageObject","inLanguage":"fr-FR","@id":"https:\/\/www.klaaspuul.com\/fr\/produits\/crevette-geante-tigree\/#primaryimage","url":"https:\/\/www.klaaspuul.com\/fr\/wp-content\/uploads\/sites\/7\/2017\/01\/tiger-shade.jpg","contentUrl":"https:\/\/www.klaaspuul.com\/fr\/wp-content\/uploads\/sites\/7\/2017\/01\/tiger-shade.jpg","width":520,"height":200},{"@type":"BreadcrumbList","@id":"https:\/\/www.klaaspuul.com\/fr\/produits\/crevette-geante-tigree\/#breadcrumb","itemListElement":[{"@type":"ListItem","position":1,"name":"Accueil","item":"https:\/\/www.klaaspuul.com\/fr\/"},{"@type":"ListItem","position":2,"name":"Produits","item":"https:\/\/www.klaaspuul.com\/fr\/produits\/"},{"@type":"ListItem","position":3,"name":"Crevette g\u00e9ante tigr\u00e9e"}]},{"@type":"WebSite","@id":"https:\/\/www.klaaspuul.com\/fr\/#website","url":"https:\/\/www.klaaspuul.com\/fr\/","name":"Klaas Puul FR","description":"Een andere Klaas Puul site","potentialAction":[{"@type":"SearchAction","target":{"@type":"EntryPoint","urlTemplate":"https:\/\/www.klaaspuul.com\/fr\/?s={search_term_string}"},"query-input":{"@type":"PropertyValueSpecification","valueRequired":true,"valueName":"search_term_string"}}],"inLanguage":"fr-FR"}]}},"_links":{"self":[{"href":"https:\/\/www.klaaspuul.com\/fr\/wp-json\/wp\/v2\/pages\/265","targetHints":{"allow":["GET"]}}],"collection":[{"href":"https:\/\/www.klaaspuul.com\/fr\/wp-json\/wp\/v2\/pages"}],"about":[{"href":"https:\/\/www.klaaspuul.com\/fr\/wp-json\/wp\/v2\/types\/page"}],"author":[{"embeddable":true,"href":"https:\/\/www.klaaspuul.com\/fr\/wp-json\/wp\/v2\/users\/1"}],"replies":[{"embeddable":true,"href":"https:\/\/www.klaaspuul.com\/fr\/wp-json\/wp\/v2\/comments?post=265"}],"version-history":[{"count":11,"href":"https:\/\/www.klaaspuul.com\/fr\/wp-json\/wp\/v2\/pages\/265\/revisions"}],"predecessor-version":[{"id":771,"href":"https:\/\/www.klaaspuul.com\/fr\/wp-json\/wp\/v2\/pages\/265\/revisions\/771"}],"up":[{"embeddable":true,"href":"https:\/\/www.klaaspuul.com\/fr\/wp-json\/wp\/v2\/pages\/228"}],"wp:attachment":[{"href":"https:\/\/www.klaaspuul.com\/fr\/wp-json\/wp\/v2\/media?parent=265"}],"curies":[{"name":"wp","href":"https:\/\/api.w.org\/{rel}","templated":true}]}}