{"id":270,"date":"2017-01-03T10:02:49","date_gmt":"2017-01-03T09:02:49","guid":{"rendered":"https:\/\/www.klaaspuul.com\/?page_id=270"},"modified":"2018-09-05T16:32:07","modified_gmt":"2018-09-05T14:32:07","slug":"crevette-vannamei","status":"publish","type":"page","link":"https:\/\/www.klaaspuul.com\/fr\/produits\/crevette-vannamei\/","title":{"rendered":"Crevette Vannamei"},"content":{"rendered":"<div class=\"inner\">\n<div class=\"product-img\">\n<img decoding=\"async\" src=\"https:\/\/www.klaaspuul.com\/fr\/wp-content\/uploads\/sites\/7\/2017\/01\/vannamei-shade.jpg\" alt=\"Crevette Vannamei\">\n<\/div>\n<h1 class=\"entry-title\">Crevette Vannamei<\/h1>\n<p><a href=\"https:\/\/www.klaaspuul.com\/wp-content\/uploads\/klaas_puul_vannamei_FR_flyer.pdf\" target=\"_blank\"><i class=\"fa fa-file-pdf-o\" aria-hidden=\"true\"><\/i> T\u00e9l\u00e9charger la brochuree<\/a><\/p>\n<p>Les crevettes Vannamei sont des crevettes tropicales \u00e9lev\u00e9es dans les zones \u00e9quatoriales. L&rsquo;\u00e9levage se fait g\u00e9n\u00e9ralement en viviers \u00e0 la c\u00f4te. De plus en plus souvent, il est certifi\u00e9 d\u00e9veloppement durable selon les standards GlobalGAP, BAP ou ASC. Dans des conditions id\u00e9ales, les crevettes peuvent mesurer jusqu&rsquo;\u00e0 20 cm. Elles sont tr\u00e8s populaires.<\/p>\n<ul>\n<li><span><strong>D\u00e9nomination scientifique:<\/strong> Penaeus vannamei<\/span><\/li>\n<li><span><strong>Origine:<\/strong> \u00c9quateur, Inde, Tha\u00eflande, Chine<\/span><\/li>\n<li><span><strong>Saveur:<\/strong> douce, charnue<\/span><\/li>\n<li><span><strong>Caract\u00e9ristiques:<\/strong> carapace grise, devenant orange \u00e0 la cuisson<\/span><\/li>\n<li><span><strong>Offre:<\/strong> \u00e9levage, toute l&rsquo;ann\u00e9e<\/span><\/li>\n<\/ul>\n<\/div>\n","protected":false},"excerpt":{"rendered":"<p>Crevette Vannamei T\u00e9l\u00e9charger la brochuree Les crevettes Vannamei sont des crevettes tropicales \u00e9lev\u00e9es dans les zones \u00e9quatoriales. L&rsquo;\u00e9levage se fait g\u00e9n\u00e9ralement en viviers \u00e0 la c\u00f4te. De plus en plus souvent, il est certifi\u00e9 d\u00e9veloppement durable selon les standards GlobalGAP, BAP ou ASC. Dans des conditions id\u00e9ales, les crevettes peuvent mesurer jusqu&rsquo;\u00e0 20 cm. Elles &hellip; <a href=\"https:\/\/www.klaaspuul.com\/fr\/produits\/crevette-vannamei\/\" class=\"more-link\">Continue reading <span class=\"screen-reader-text\">Crevette Vannamei<\/span> <span class=\"meta-nav\">&rarr;<\/span><\/a><\/p>\n","protected":false},"author":1,"featured_media":0,"parent":228,"menu_order":0,"comment_status":"closed","ping_status":"closed","template":"","meta":{"_acf_changed":false,"_monsterinsights_skip_tracking":false,"_monsterinsights_sitenote_active":false,"_monsterinsights_sitenote_note":"","_monsterinsights_sitenote_category":0,"footnotes":""},"class_list":["post-270","page","type-page","status-publish","hentry"],"acf":[],"yoast_head":"<!-- This site is optimized with the Yoast SEO plugin v27.4 - https:\/\/yoast.com\/product\/yoast-seo-wordpress\/ -->\n<title>Crevette Vannamei - Klaas Puul FR<\/title>\n<meta name=\"robots\" content=\"index, follow, max-snippet:-1, max-image-preview:large, max-video-preview:-1\" \/>\n<link rel=\"canonical\" href=\"https:\/\/www.klaaspuul.com\/fr\/produits\/crevette-vannamei\/\" \/>\n<meta property=\"og:locale\" content=\"fr_FR\" \/>\n<meta property=\"og:type\" content=\"article\" \/>\n<meta property=\"og:title\" content=\"Crevette Vannamei - Klaas Puul FR\" \/>\n<meta property=\"og:description\" content=\"Crevette Vannamei T\u00e9l\u00e9charger la brochuree Les crevettes Vannamei sont des crevettes tropicales \u00e9lev\u00e9es dans les zones \u00e9quatoriales. L&rsquo;\u00e9levage se fait g\u00e9n\u00e9ralement en viviers \u00e0 la c\u00f4te. De plus en plus souvent, il est certifi\u00e9 d\u00e9veloppement durable selon les standards GlobalGAP, BAP ou ASC. Dans des conditions id\u00e9ales, les crevettes peuvent mesurer jusqu&rsquo;\u00e0 20 cm. Elles &hellip; Continue reading Crevette Vannamei &rarr;\" \/>\n<meta property=\"og:url\" content=\"https:\/\/www.klaaspuul.com\/fr\/produits\/crevette-vannamei\/\" \/>\n<meta property=\"og:site_name\" content=\"Klaas Puul FR\" \/>\n<meta property=\"article:modified_time\" content=\"2018-09-05T14:32:07+00:00\" \/>\n<meta property=\"og:image\" content=\"https:\/\/www.klaaspuul.com\/fr\/wp-content\/uploads\/sites\/7\/2017\/01\/vannamei-shade.jpg\" \/>\n<meta name=\"twitter:card\" content=\"summary_large_image\" \/>\n<script type=\"application\/ld+json\" class=\"yoast-schema-graph\">{\"@context\":\"https:\\\/\\\/schema.org\",\"@graph\":[{\"@type\":\"WebPage\",\"@id\":\"https:\\\/\\\/www.klaaspuul.com\\\/fr\\\/produits\\\/crevette-vannamei\\\/\",\"url\":\"https:\\\/\\\/www.klaaspuul.com\\\/fr\\\/produits\\\/crevette-vannamei\\\/\",\"name\":\"Crevette Vannamei - Klaas Puul FR\",\"isPartOf\":{\"@id\":\"https:\\\/\\\/www.klaaspuul.com\\\/fr\\\/#website\"},\"primaryImageOfPage\":{\"@id\":\"https:\\\/\\\/www.klaaspuul.com\\\/fr\\\/produits\\\/crevette-vannamei\\\/#primaryimage\"},\"image\":{\"@id\":\"https:\\\/\\\/www.klaaspuul.com\\\/fr\\\/produits\\\/crevette-vannamei\\\/#primaryimage\"},\"thumbnailUrl\":\"https:\\\/\\\/www.klaaspuul.com\\\/fr\\\/wp-content\\\/uploads\\\/sites\\\/7\\\/2017\\\/01\\\/vannamei-shade.jpg\",\"datePublished\":\"2017-01-03T09:02:49+00:00\",\"dateModified\":\"2018-09-05T14:32:07+00:00\",\"breadcrumb\":{\"@id\":\"https:\\\/\\\/www.klaaspuul.com\\\/fr\\\/produits\\\/crevette-vannamei\\\/#breadcrumb\"},\"inLanguage\":\"fr-FR\",\"potentialAction\":[{\"@type\":\"ReadAction\",\"target\":[\"https:\\\/\\\/www.klaaspuul.com\\\/fr\\\/produits\\\/crevette-vannamei\\\/\"]}]},{\"@type\":\"ImageObject\",\"inLanguage\":\"fr-FR\",\"@id\":\"https:\\\/\\\/www.klaaspuul.com\\\/fr\\\/produits\\\/crevette-vannamei\\\/#primaryimage\",\"url\":\"https:\\\/\\\/www.klaaspuul.com\\\/fr\\\/wp-content\\\/uploads\\\/sites\\\/7\\\/2017\\\/01\\\/vannamei-shade.jpg\",\"contentUrl\":\"https:\\\/\\\/www.klaaspuul.com\\\/fr\\\/wp-content\\\/uploads\\\/sites\\\/7\\\/2017\\\/01\\\/vannamei-shade.jpg\",\"width\":709,\"height\":200},{\"@type\":\"BreadcrumbList\",\"@id\":\"https:\\\/\\\/www.klaaspuul.com\\\/fr\\\/produits\\\/crevette-vannamei\\\/#breadcrumb\",\"itemListElement\":[{\"@type\":\"ListItem\",\"position\":1,\"name\":\"Accueil\",\"item\":\"https:\\\/\\\/www.klaaspuul.com\\\/fr\\\/\"},{\"@type\":\"ListItem\",\"position\":2,\"name\":\"Produits\",\"item\":\"https:\\\/\\\/www.klaaspuul.com\\\/fr\\\/produits\\\/\"},{\"@type\":\"ListItem\",\"position\":3,\"name\":\"Crevette Vannamei\"}]},{\"@type\":\"WebSite\",\"@id\":\"https:\\\/\\\/www.klaaspuul.com\\\/fr\\\/#website\",\"url\":\"https:\\\/\\\/www.klaaspuul.com\\\/fr\\\/\",\"name\":\"Klaas Puul FR\",\"description\":\"Een andere Klaas Puul site\",\"potentialAction\":[{\"@type\":\"SearchAction\",\"target\":{\"@type\":\"EntryPoint\",\"urlTemplate\":\"https:\\\/\\\/www.klaaspuul.com\\\/fr\\\/?s={search_term_string}\"},\"query-input\":{\"@type\":\"PropertyValueSpecification\",\"valueRequired\":true,\"valueName\":\"search_term_string\"}}],\"inLanguage\":\"fr-FR\"}]}<\/script>\n<!-- \/ Yoast SEO plugin. -->","yoast_head_json":{"title":"Crevette Vannamei - Klaas Puul FR","robots":{"index":"index","follow":"follow","max-snippet":"max-snippet:-1","max-image-preview":"max-image-preview:large","max-video-preview":"max-video-preview:-1"},"canonical":"https:\/\/www.klaaspuul.com\/fr\/produits\/crevette-vannamei\/","og_locale":"fr_FR","og_type":"article","og_title":"Crevette Vannamei - Klaas Puul FR","og_description":"Crevette Vannamei T\u00e9l\u00e9charger la brochuree Les crevettes Vannamei sont des crevettes tropicales \u00e9lev\u00e9es dans les zones \u00e9quatoriales. L&rsquo;\u00e9levage se fait g\u00e9n\u00e9ralement en viviers \u00e0 la c\u00f4te. De plus en plus souvent, il est certifi\u00e9 d\u00e9veloppement durable selon les standards GlobalGAP, BAP ou ASC. Dans des conditions id\u00e9ales, les crevettes peuvent mesurer jusqu&rsquo;\u00e0 20 cm. Elles &hellip; Continue reading Crevette Vannamei &rarr;","og_url":"https:\/\/www.klaaspuul.com\/fr\/produits\/crevette-vannamei\/","og_site_name":"Klaas Puul FR","article_modified_time":"2018-09-05T14:32:07+00:00","og_image":[{"url":"https:\/\/www.klaaspuul.com\/fr\/wp-content\/uploads\/sites\/7\/2017\/01\/vannamei-shade.jpg","type":"","width":"","height":""}],"twitter_card":"summary_large_image","schema":{"@context":"https:\/\/schema.org","@graph":[{"@type":"WebPage","@id":"https:\/\/www.klaaspuul.com\/fr\/produits\/crevette-vannamei\/","url":"https:\/\/www.klaaspuul.com\/fr\/produits\/crevette-vannamei\/","name":"Crevette Vannamei - Klaas Puul FR","isPartOf":{"@id":"https:\/\/www.klaaspuul.com\/fr\/#website"},"primaryImageOfPage":{"@id":"https:\/\/www.klaaspuul.com\/fr\/produits\/crevette-vannamei\/#primaryimage"},"image":{"@id":"https:\/\/www.klaaspuul.com\/fr\/produits\/crevette-vannamei\/#primaryimage"},"thumbnailUrl":"https:\/\/www.klaaspuul.com\/fr\/wp-content\/uploads\/sites\/7\/2017\/01\/vannamei-shade.jpg","datePublished":"2017-01-03T09:02:49+00:00","dateModified":"2018-09-05T14:32:07+00:00","breadcrumb":{"@id":"https:\/\/www.klaaspuul.com\/fr\/produits\/crevette-vannamei\/#breadcrumb"},"inLanguage":"fr-FR","potentialAction":[{"@type":"ReadAction","target":["https:\/\/www.klaaspuul.com\/fr\/produits\/crevette-vannamei\/"]}]},{"@type":"ImageObject","inLanguage":"fr-FR","@id":"https:\/\/www.klaaspuul.com\/fr\/produits\/crevette-vannamei\/#primaryimage","url":"https:\/\/www.klaaspuul.com\/fr\/wp-content\/uploads\/sites\/7\/2017\/01\/vannamei-shade.jpg","contentUrl":"https:\/\/www.klaaspuul.com\/fr\/wp-content\/uploads\/sites\/7\/2017\/01\/vannamei-shade.jpg","width":709,"height":200},{"@type":"BreadcrumbList","@id":"https:\/\/www.klaaspuul.com\/fr\/produits\/crevette-vannamei\/#breadcrumb","itemListElement":[{"@type":"ListItem","position":1,"name":"Accueil","item":"https:\/\/www.klaaspuul.com\/fr\/"},{"@type":"ListItem","position":2,"name":"Produits","item":"https:\/\/www.klaaspuul.com\/fr\/produits\/"},{"@type":"ListItem","position":3,"name":"Crevette Vannamei"}]},{"@type":"WebSite","@id":"https:\/\/www.klaaspuul.com\/fr\/#website","url":"https:\/\/www.klaaspuul.com\/fr\/","name":"Klaas Puul FR","description":"Een andere Klaas Puul site","potentialAction":[{"@type":"SearchAction","target":{"@type":"EntryPoint","urlTemplate":"https:\/\/www.klaaspuul.com\/fr\/?s={search_term_string}"},"query-input":{"@type":"PropertyValueSpecification","valueRequired":true,"valueName":"search_term_string"}}],"inLanguage":"fr-FR"}]}},"_links":{"self":[{"href":"https:\/\/www.klaaspuul.com\/fr\/wp-json\/wp\/v2\/pages\/270","targetHints":{"allow":["GET"]}}],"collection":[{"href":"https:\/\/www.klaaspuul.com\/fr\/wp-json\/wp\/v2\/pages"}],"about":[{"href":"https:\/\/www.klaaspuul.com\/fr\/wp-json\/wp\/v2\/types\/page"}],"author":[{"embeddable":true,"href":"https:\/\/www.klaaspuul.com\/fr\/wp-json\/wp\/v2\/users\/1"}],"replies":[{"embeddable":true,"href":"https:\/\/www.klaaspuul.com\/fr\/wp-json\/wp\/v2\/comments?post=270"}],"version-history":[{"count":7,"href":"https:\/\/www.klaaspuul.com\/fr\/wp-json\/wp\/v2\/pages\/270\/revisions"}],"predecessor-version":[{"id":770,"href":"https:\/\/www.klaaspuul.com\/fr\/wp-json\/wp\/v2\/pages\/270\/revisions\/770"}],"up":[{"embeddable":true,"href":"https:\/\/www.klaaspuul.com\/fr\/wp-json\/wp\/v2\/pages\/228"}],"wp:attachment":[{"href":"https:\/\/www.klaaspuul.com\/fr\/wp-json\/wp\/v2\/media?parent=270"}],"curies":[{"name":"wp","href":"https:\/\/api.w.org\/{rel}","templated":true}]}}