{"id":275,"date":"2017-01-03T10:09:05","date_gmt":"2017-01-03T09:09:05","guid":{"rendered":"https:\/\/www.klaaspuul.com\/?page_id=275"},"modified":"2019-02-14T09:38:42","modified_gmt":"2019-02-14T08:38:42","slug":"crevette-rose","status":"publish","type":"page","link":"https:\/\/www.klaaspuul.com\/fr\/produits\/crevette-rose\/","title":{"rendered":"Crevette PUD \u2013 crevette rose"},"content":{"rendered":"<div class=\"inner\">\n<div class=\"product-img\">\n<img decoding=\"async\" src=\"https:\/\/www.klaaspuul.com\/wp-content\/uploads\/klaaspuul_roze_garnalen-Custom.png\" alt=\"Crevette Rose\">\n<\/div>\n<h1 class=\"entry-title\">Crevette PUD \u2013 crevette rose<\/h1>\n<p><a href=\"https:\/\/www.klaaspuul.com\/wp-content\/uploads\/klaas_puul_roze-garnaal_FR_flyer.pdf\" target=\"_blank\"><i class=\"fa fa-file-pdf-o\" aria-hidden=\"true\"><\/i> T\u00e9l\u00e9charger la brochuree<\/a><\/p>\n<p>Voici la crevette rose bien connue. Diff\u00e9rentes vari\u00e9t\u00e9s de la famille des Penaeidae sont utilis\u00e9es ici. Elles sont p\u00each\u00e9es dans les zones littorales d\u2019Am\u00e9rique du Sud et d\u2019Asie. Ces petites crevettes sont d\u00e9cortiqu\u00e9es et congel\u00e9es directement apr\u00e8s avoir \u00e9t\u00e9 captur\u00e9es. Le tube digestif n\u2019est pas.<\/p>\n<ul>\n<li><span><strong>D\u00e9nomination scientifique:<\/strong> Penaeidae<\/span><\/li>\n<li><span><strong>Origine:<\/strong> Inde, Vietnam, Chine, Guyane<\/span><\/li>\n<li><span><strong>Saveur:<\/strong> l\u00e9g\u00e8rement sal\u00e9e<\/span><\/li>\n<li><span><strong>Caract\u00e9ristiques:<\/strong> petites crevettes rose recourb\u00e9e<\/span><\/li>\n<li><span><strong>Offre:<\/strong> p\u00eache, toute l&rsquo;ann\u00e9e<\/span><\/li>\n<\/ul>\n<\/div>\n","protected":false},"excerpt":{"rendered":"<p>Crevette PUD \u2013 crevette rose T\u00e9l\u00e9charger la brochuree Voici la crevette rose bien connue. Diff\u00e9rentes vari\u00e9t\u00e9s de la famille des Penaeidae sont utilis\u00e9es ici. Elles sont p\u00each\u00e9es dans les zones littorales d\u2019Am\u00e9rique du Sud et d\u2019Asie. Ces petites crevettes sont d\u00e9cortiqu\u00e9es et congel\u00e9es directement apr\u00e8s avoir \u00e9t\u00e9 captur\u00e9es. Le tube digestif n\u2019est pas. D\u00e9nomination scientifique: &hellip; <a href=\"https:\/\/www.klaaspuul.com\/fr\/produits\/crevette-rose\/\" class=\"more-link\">Continue reading <span class=\"screen-reader-text\">Crevette PUD \u2013 crevette rose<\/span> <span class=\"meta-nav\">&rarr;<\/span><\/a><\/p>\n","protected":false},"author":1,"featured_media":0,"parent":228,"menu_order":0,"comment_status":"closed","ping_status":"closed","template":"","meta":{"_acf_changed":false,"_monsterinsights_skip_tracking":false,"_monsterinsights_sitenote_active":false,"_monsterinsights_sitenote_note":"","_monsterinsights_sitenote_category":0,"footnotes":""},"class_list":["post-275","page","type-page","status-publish","hentry"],"acf":[],"yoast_head":"<!-- This site is optimized with the Yoast SEO plugin v27.4 - https:\/\/yoast.com\/product\/yoast-seo-wordpress\/ -->\n<title>Crevette PUD \u2013 crevette rose - Klaas Puul FR<\/title>\n<meta name=\"robots\" content=\"index, follow, max-snippet:-1, max-image-preview:large, max-video-preview:-1\" \/>\n<link rel=\"canonical\" href=\"https:\/\/www.klaaspuul.com\/fr\/produits\/crevette-rose\/\" \/>\n<meta property=\"og:locale\" content=\"fr_FR\" \/>\n<meta property=\"og:type\" content=\"article\" \/>\n<meta property=\"og:title\" content=\"Crevette PUD \u2013 crevette rose - Klaas Puul FR\" \/>\n<meta property=\"og:description\" content=\"Crevette PUD \u2013 crevette rose T\u00e9l\u00e9charger la brochuree Voici la crevette rose bien connue. Diff\u00e9rentes vari\u00e9t\u00e9s de la famille des Penaeidae sont utilis\u00e9es ici. Elles sont p\u00each\u00e9es dans les zones littorales d\u2019Am\u00e9rique du Sud et d\u2019Asie. Ces petites crevettes sont d\u00e9cortiqu\u00e9es et congel\u00e9es directement apr\u00e8s avoir \u00e9t\u00e9 captur\u00e9es. Le tube digestif n\u2019est pas. D\u00e9nomination scientifique: &hellip; Continue reading Crevette PUD \u2013 crevette rose &rarr;\" \/>\n<meta property=\"og:url\" content=\"https:\/\/www.klaaspuul.com\/fr\/produits\/crevette-rose\/\" \/>\n<meta property=\"og:site_name\" content=\"Klaas Puul FR\" \/>\n<meta property=\"article:modified_time\" content=\"2019-02-14T08:38:42+00:00\" \/>\n<meta property=\"og:image\" content=\"https:\/\/www.klaaspuul.com\/wp-content\/uploads\/klaaspuul_roze_garnalen-Custom.png\" \/>\n<meta name=\"twitter:card\" content=\"summary_large_image\" \/>\n<script type=\"application\/ld+json\" class=\"yoast-schema-graph\">{\"@context\":\"https:\\\/\\\/schema.org\",\"@graph\":[{\"@type\":\"WebPage\",\"@id\":\"https:\\\/\\\/www.klaaspuul.com\\\/fr\\\/produits\\\/crevette-rose\\\/\",\"url\":\"https:\\\/\\\/www.klaaspuul.com\\\/fr\\\/produits\\\/crevette-rose\\\/\",\"name\":\"Crevette PUD \u2013 crevette rose - Klaas Puul FR\",\"isPartOf\":{\"@id\":\"https:\\\/\\\/www.klaaspuul.com\\\/fr\\\/#website\"},\"primaryImageOfPage\":{\"@id\":\"https:\\\/\\\/www.klaaspuul.com\\\/fr\\\/produits\\\/crevette-rose\\\/#primaryimage\"},\"image\":{\"@id\":\"https:\\\/\\\/www.klaaspuul.com\\\/fr\\\/produits\\\/crevette-rose\\\/#primaryimage\"},\"thumbnailUrl\":\"https:\\\/\\\/www.klaaspuul.com\\\/wp-content\\\/uploads\\\/klaaspuul_roze_garnalen-Custom.png\",\"datePublished\":\"2017-01-03T09:09:05+00:00\",\"dateModified\":\"2019-02-14T08:38:42+00:00\",\"breadcrumb\":{\"@id\":\"https:\\\/\\\/www.klaaspuul.com\\\/fr\\\/produits\\\/crevette-rose\\\/#breadcrumb\"},\"inLanguage\":\"fr-FR\",\"potentialAction\":[{\"@type\":\"ReadAction\",\"target\":[\"https:\\\/\\\/www.klaaspuul.com\\\/fr\\\/produits\\\/crevette-rose\\\/\"]}]},{\"@type\":\"ImageObject\",\"inLanguage\":\"fr-FR\",\"@id\":\"https:\\\/\\\/www.klaaspuul.com\\\/fr\\\/produits\\\/crevette-rose\\\/#primaryimage\",\"url\":\"https:\\\/\\\/www.klaaspuul.com\\\/wp-content\\\/uploads\\\/klaaspuul_roze_garnalen-Custom.png\",\"contentUrl\":\"https:\\\/\\\/www.klaaspuul.com\\\/wp-content\\\/uploads\\\/klaaspuul_roze_garnalen-Custom.png\"},{\"@type\":\"BreadcrumbList\",\"@id\":\"https:\\\/\\\/www.klaaspuul.com\\\/fr\\\/produits\\\/crevette-rose\\\/#breadcrumb\",\"itemListElement\":[{\"@type\":\"ListItem\",\"position\":1,\"name\":\"Accueil\",\"item\":\"https:\\\/\\\/www.klaaspuul.com\\\/fr\\\/\"},{\"@type\":\"ListItem\",\"position\":2,\"name\":\"Produits\",\"item\":\"https:\\\/\\\/www.klaaspuul.com\\\/fr\\\/produits\\\/\"},{\"@type\":\"ListItem\",\"position\":3,\"name\":\"Crevette PUD \u2013 crevette rose\"}]},{\"@type\":\"WebSite\",\"@id\":\"https:\\\/\\\/www.klaaspuul.com\\\/fr\\\/#website\",\"url\":\"https:\\\/\\\/www.klaaspuul.com\\\/fr\\\/\",\"name\":\"Klaas Puul FR\",\"description\":\"Een andere Klaas Puul site\",\"potentialAction\":[{\"@type\":\"SearchAction\",\"target\":{\"@type\":\"EntryPoint\",\"urlTemplate\":\"https:\\\/\\\/www.klaaspuul.com\\\/fr\\\/?s={search_term_string}\"},\"query-input\":{\"@type\":\"PropertyValueSpecification\",\"valueRequired\":true,\"valueName\":\"search_term_string\"}}],\"inLanguage\":\"fr-FR\"}]}<\/script>\n<!-- \/ Yoast SEO plugin. -->","yoast_head_json":{"title":"Crevette PUD \u2013 crevette rose - Klaas Puul FR","robots":{"index":"index","follow":"follow","max-snippet":"max-snippet:-1","max-image-preview":"max-image-preview:large","max-video-preview":"max-video-preview:-1"},"canonical":"https:\/\/www.klaaspuul.com\/fr\/produits\/crevette-rose\/","og_locale":"fr_FR","og_type":"article","og_title":"Crevette PUD \u2013 crevette rose - Klaas Puul FR","og_description":"Crevette PUD \u2013 crevette rose T\u00e9l\u00e9charger la brochuree Voici la crevette rose bien connue. Diff\u00e9rentes vari\u00e9t\u00e9s de la famille des Penaeidae sont utilis\u00e9es ici. Elles sont p\u00each\u00e9es dans les zones littorales d\u2019Am\u00e9rique du Sud et d\u2019Asie. Ces petites crevettes sont d\u00e9cortiqu\u00e9es et congel\u00e9es directement apr\u00e8s avoir \u00e9t\u00e9 captur\u00e9es. Le tube digestif n\u2019est pas. D\u00e9nomination scientifique: &hellip; Continue reading Crevette PUD \u2013 crevette rose &rarr;","og_url":"https:\/\/www.klaaspuul.com\/fr\/produits\/crevette-rose\/","og_site_name":"Klaas Puul FR","article_modified_time":"2019-02-14T08:38:42+00:00","og_image":[{"url":"https:\/\/www.klaaspuul.com\/wp-content\/uploads\/klaaspuul_roze_garnalen-Custom.png","type":"","width":"","height":""}],"twitter_card":"summary_large_image","schema":{"@context":"https:\/\/schema.org","@graph":[{"@type":"WebPage","@id":"https:\/\/www.klaaspuul.com\/fr\/produits\/crevette-rose\/","url":"https:\/\/www.klaaspuul.com\/fr\/produits\/crevette-rose\/","name":"Crevette PUD \u2013 crevette rose - Klaas Puul FR","isPartOf":{"@id":"https:\/\/www.klaaspuul.com\/fr\/#website"},"primaryImageOfPage":{"@id":"https:\/\/www.klaaspuul.com\/fr\/produits\/crevette-rose\/#primaryimage"},"image":{"@id":"https:\/\/www.klaaspuul.com\/fr\/produits\/crevette-rose\/#primaryimage"},"thumbnailUrl":"https:\/\/www.klaaspuul.com\/wp-content\/uploads\/klaaspuul_roze_garnalen-Custom.png","datePublished":"2017-01-03T09:09:05+00:00","dateModified":"2019-02-14T08:38:42+00:00","breadcrumb":{"@id":"https:\/\/www.klaaspuul.com\/fr\/produits\/crevette-rose\/#breadcrumb"},"inLanguage":"fr-FR","potentialAction":[{"@type":"ReadAction","target":["https:\/\/www.klaaspuul.com\/fr\/produits\/crevette-rose\/"]}]},{"@type":"ImageObject","inLanguage":"fr-FR","@id":"https:\/\/www.klaaspuul.com\/fr\/produits\/crevette-rose\/#primaryimage","url":"https:\/\/www.klaaspuul.com\/wp-content\/uploads\/klaaspuul_roze_garnalen-Custom.png","contentUrl":"https:\/\/www.klaaspuul.com\/wp-content\/uploads\/klaaspuul_roze_garnalen-Custom.png"},{"@type":"BreadcrumbList","@id":"https:\/\/www.klaaspuul.com\/fr\/produits\/crevette-rose\/#breadcrumb","itemListElement":[{"@type":"ListItem","position":1,"name":"Accueil","item":"https:\/\/www.klaaspuul.com\/fr\/"},{"@type":"ListItem","position":2,"name":"Produits","item":"https:\/\/www.klaaspuul.com\/fr\/produits\/"},{"@type":"ListItem","position":3,"name":"Crevette PUD \u2013 crevette rose"}]},{"@type":"WebSite","@id":"https:\/\/www.klaaspuul.com\/fr\/#website","url":"https:\/\/www.klaaspuul.com\/fr\/","name":"Klaas Puul FR","description":"Een andere Klaas Puul site","potentialAction":[{"@type":"SearchAction","target":{"@type":"EntryPoint","urlTemplate":"https:\/\/www.klaaspuul.com\/fr\/?s={search_term_string}"},"query-input":{"@type":"PropertyValueSpecification","valueRequired":true,"valueName":"search_term_string"}}],"inLanguage":"fr-FR"}]}},"_links":{"self":[{"href":"https:\/\/www.klaaspuul.com\/fr\/wp-json\/wp\/v2\/pages\/275","targetHints":{"allow":["GET"]}}],"collection":[{"href":"https:\/\/www.klaaspuul.com\/fr\/wp-json\/wp\/v2\/pages"}],"about":[{"href":"https:\/\/www.klaaspuul.com\/fr\/wp-json\/wp\/v2\/types\/page"}],"author":[{"embeddable":true,"href":"https:\/\/www.klaaspuul.com\/fr\/wp-json\/wp\/v2\/users\/1"}],"replies":[{"embeddable":true,"href":"https:\/\/www.klaaspuul.com\/fr\/wp-json\/wp\/v2\/comments?post=275"}],"version-history":[{"count":7,"href":"https:\/\/www.klaaspuul.com\/fr\/wp-json\/wp\/v2\/pages\/275\/revisions"}],"predecessor-version":[{"id":789,"href":"https:\/\/www.klaaspuul.com\/fr\/wp-json\/wp\/v2\/pages\/275\/revisions\/789"}],"up":[{"embeddable":true,"href":"https:\/\/www.klaaspuul.com\/fr\/wp-json\/wp\/v2\/pages\/228"}],"wp:attachment":[{"href":"https:\/\/www.klaaspuul.com\/fr\/wp-json\/wp\/v2\/media?parent=275"}],"curies":[{"name":"wp","href":"https:\/\/api.w.org\/{rel}","templated":true}]}}