{"id":278,"date":"2017-01-03T10:25:30","date_gmt":"2017-01-03T09:25:30","guid":{"rendered":"https:\/\/www.klaaspuul.com\/?page_id=278"},"modified":"2017-02-20T14:50:34","modified_gmt":"2017-02-20T13:50:34","slug":"crevettes-bio","status":"publish","type":"page","link":"https:\/\/www.klaaspuul.com\/fr\/produits\/crevettes-bio\/","title":{"rendered":"Crevettes bio"},"content":{"rendered":"<div class=\"inner\">\n<div class=\"product-img\">\n<img decoding=\"async\" src=\"https:\/\/www.klaaspuul.com\/wp-content\/uploads\/2017\/01\/vannamei-bio-1.png\" alt=\"Crevettes bio (\u00e9levage)\">\n<\/div>\n<h1 class=\"entry-title\">Crevettes bio (\u00e9levage)<\/h1>\n<p>La crevette bio est \u00e9lev\u00e9e et produite de fa\u00e7on biologique. Cela signifie que les crevettes re\u00e7oivent des aliments exclusivement biologiques et qu&rsquo;aucun produit chimique nocif n&rsquo;est utilis\u00e9 pendant l&rsquo;\u00e9levage et la pr\u00e9paration. En outre, l&rsquo;\u00e9levage se fait de fa\u00e7on durablement responsable, avec une influence limit\u00e9e sur les facteurs naturels et les conditions sociales. <\/p>\n<ul>\n<li><span><strong>D\u00e9nomination scientifique:<\/strong> Penaeus vannamei<\/span><\/li>\n<li><span><strong>Origine:<\/strong> \u00c9quateur<\/span><\/li>\n<li><span><strong>Saveur:<\/strong> douce, charnue<\/span><\/li>\n<li><span><strong>Caract\u00e9ristiques:<\/strong> chair blanche avec carapace orange<\/span><\/li>\n<li><span><strong>Offre:<\/strong> \u00e9levage, toute l&rsquo;ann\u00e9e<\/span><\/li>\n<\/ul>\n<\/div>\n","protected":false},"excerpt":{"rendered":"<p>Crevettes bio (\u00e9levage) La crevette bio est \u00e9lev\u00e9e et produite de fa\u00e7on biologique. Cela signifie que les crevettes re\u00e7oivent des aliments exclusivement biologiques et qu&rsquo;aucun produit chimique nocif n&rsquo;est utilis\u00e9 pendant l&rsquo;\u00e9levage et la pr\u00e9paration. En outre, l&rsquo;\u00e9levage se fait de fa\u00e7on durablement responsable, avec une influence limit\u00e9e sur les facteurs naturels et les conditions &hellip; <a href=\"https:\/\/www.klaaspuul.com\/fr\/produits\/crevettes-bio\/\" class=\"more-link\">Continue reading <span class=\"screen-reader-text\">Crevettes bio<\/span> <span class=\"meta-nav\">&rarr;<\/span><\/a><\/p>\n","protected":false},"author":1,"featured_media":0,"parent":228,"menu_order":0,"comment_status":"closed","ping_status":"closed","template":"","meta":{"_acf_changed":false,"_monsterinsights_skip_tracking":false,"_monsterinsights_sitenote_active":false,"_monsterinsights_sitenote_note":"","_monsterinsights_sitenote_category":0,"footnotes":""},"class_list":["post-278","page","type-page","status-publish","hentry"],"acf":[],"yoast_head":"<!-- This site is optimized with the Yoast SEO plugin v27.3 - https:\/\/yoast.com\/product\/yoast-seo-wordpress\/ -->\n<title>Crevettes bio - Klaas Puul FR<\/title>\n<meta name=\"robots\" content=\"index, follow, max-snippet:-1, max-image-preview:large, max-video-preview:-1\" \/>\n<link rel=\"canonical\" href=\"https:\/\/www.klaaspuul.com\/fr\/produits\/crevettes-bio\/\" \/>\n<meta property=\"og:locale\" content=\"fr_FR\" \/>\n<meta property=\"og:type\" content=\"article\" \/>\n<meta property=\"og:title\" content=\"Crevettes bio - Klaas Puul FR\" \/>\n<meta property=\"og:description\" content=\"Crevettes bio (\u00e9levage) La crevette bio est \u00e9lev\u00e9e et produite de fa\u00e7on biologique. Cela signifie que les crevettes re\u00e7oivent des aliments exclusivement biologiques et qu&rsquo;aucun produit chimique nocif n&rsquo;est utilis\u00e9 pendant l&rsquo;\u00e9levage et la pr\u00e9paration. En outre, l&rsquo;\u00e9levage se fait de fa\u00e7on durablement responsable, avec une influence limit\u00e9e sur les facteurs naturels et les conditions &hellip; Continue reading Crevettes bio &rarr;\" \/>\n<meta property=\"og:url\" content=\"https:\/\/www.klaaspuul.com\/fr\/produits\/crevettes-bio\/\" \/>\n<meta property=\"og:site_name\" content=\"Klaas Puul FR\" \/>\n<meta property=\"article:modified_time\" content=\"2017-02-20T13:50:34+00:00\" \/>\n<meta property=\"og:image\" content=\"https:\/\/www.klaaspuul.com\/wp-content\/uploads\/2017\/01\/vannamei-bio-1.png\" \/>\n<meta name=\"twitter:card\" content=\"summary_large_image\" \/>\n<script type=\"application\/ld+json\" class=\"yoast-schema-graph\">{\"@context\":\"https:\\\/\\\/schema.org\",\"@graph\":[{\"@type\":\"WebPage\",\"@id\":\"https:\\\/\\\/www.klaaspuul.com\\\/fr\\\/produits\\\/crevettes-bio\\\/\",\"url\":\"https:\\\/\\\/www.klaaspuul.com\\\/fr\\\/produits\\\/crevettes-bio\\\/\",\"name\":\"Crevettes bio - Klaas Puul FR\",\"isPartOf\":{\"@id\":\"https:\\\/\\\/www.klaaspuul.com\\\/fr\\\/#website\"},\"primaryImageOfPage\":{\"@id\":\"https:\\\/\\\/www.klaaspuul.com\\\/fr\\\/produits\\\/crevettes-bio\\\/#primaryimage\"},\"image\":{\"@id\":\"https:\\\/\\\/www.klaaspuul.com\\\/fr\\\/produits\\\/crevettes-bio\\\/#primaryimage\"},\"thumbnailUrl\":\"https:\\\/\\\/www.klaaspuul.com\\\/wp-content\\\/uploads\\\/2017\\\/01\\\/vannamei-bio-1.png\",\"datePublished\":\"2017-01-03T09:25:30+00:00\",\"dateModified\":\"2017-02-20T13:50:34+00:00\",\"breadcrumb\":{\"@id\":\"https:\\\/\\\/www.klaaspuul.com\\\/fr\\\/produits\\\/crevettes-bio\\\/#breadcrumb\"},\"inLanguage\":\"fr-FR\",\"potentialAction\":[{\"@type\":\"ReadAction\",\"target\":[\"https:\\\/\\\/www.klaaspuul.com\\\/fr\\\/produits\\\/crevettes-bio\\\/\"]}]},{\"@type\":\"ImageObject\",\"inLanguage\":\"fr-FR\",\"@id\":\"https:\\\/\\\/www.klaaspuul.com\\\/fr\\\/produits\\\/crevettes-bio\\\/#primaryimage\",\"url\":\"https:\\\/\\\/www.klaaspuul.com\\\/wp-content\\\/uploads\\\/2017\\\/01\\\/vannamei-bio-1.png\",\"contentUrl\":\"https:\\\/\\\/www.klaaspuul.com\\\/wp-content\\\/uploads\\\/2017\\\/01\\\/vannamei-bio-1.png\"},{\"@type\":\"BreadcrumbList\",\"@id\":\"https:\\\/\\\/www.klaaspuul.com\\\/fr\\\/produits\\\/crevettes-bio\\\/#breadcrumb\",\"itemListElement\":[{\"@type\":\"ListItem\",\"position\":1,\"name\":\"Accueil\",\"item\":\"https:\\\/\\\/www.klaaspuul.com\\\/fr\\\/\"},{\"@type\":\"ListItem\",\"position\":2,\"name\":\"Produits\",\"item\":\"https:\\\/\\\/www.klaaspuul.com\\\/fr\\\/produits\\\/\"},{\"@type\":\"ListItem\",\"position\":3,\"name\":\"Crevettes bio\"}]},{\"@type\":\"WebSite\",\"@id\":\"https:\\\/\\\/www.klaaspuul.com\\\/fr\\\/#website\",\"url\":\"https:\\\/\\\/www.klaaspuul.com\\\/fr\\\/\",\"name\":\"Klaas Puul FR\",\"description\":\"Een andere Klaas Puul site\",\"potentialAction\":[{\"@type\":\"SearchAction\",\"target\":{\"@type\":\"EntryPoint\",\"urlTemplate\":\"https:\\\/\\\/www.klaaspuul.com\\\/fr\\\/?s={search_term_string}\"},\"query-input\":{\"@type\":\"PropertyValueSpecification\",\"valueRequired\":true,\"valueName\":\"search_term_string\"}}],\"inLanguage\":\"fr-FR\"}]}<\/script>\n<!-- \/ Yoast SEO plugin. -->","yoast_head_json":{"title":"Crevettes bio - Klaas Puul FR","robots":{"index":"index","follow":"follow","max-snippet":"max-snippet:-1","max-image-preview":"max-image-preview:large","max-video-preview":"max-video-preview:-1"},"canonical":"https:\/\/www.klaaspuul.com\/fr\/produits\/crevettes-bio\/","og_locale":"fr_FR","og_type":"article","og_title":"Crevettes bio - Klaas Puul FR","og_description":"Crevettes bio (\u00e9levage) La crevette bio est \u00e9lev\u00e9e et produite de fa\u00e7on biologique. Cela signifie que les crevettes re\u00e7oivent des aliments exclusivement biologiques et qu&rsquo;aucun produit chimique nocif n&rsquo;est utilis\u00e9 pendant l&rsquo;\u00e9levage et la pr\u00e9paration. En outre, l&rsquo;\u00e9levage se fait de fa\u00e7on durablement responsable, avec une influence limit\u00e9e sur les facteurs naturels et les conditions &hellip; Continue reading Crevettes bio &rarr;","og_url":"https:\/\/www.klaaspuul.com\/fr\/produits\/crevettes-bio\/","og_site_name":"Klaas Puul FR","article_modified_time":"2017-02-20T13:50:34+00:00","og_image":[{"url":"https:\/\/www.klaaspuul.com\/wp-content\/uploads\/2017\/01\/vannamei-bio-1.png","type":"","width":"","height":""}],"twitter_card":"summary_large_image","schema":{"@context":"https:\/\/schema.org","@graph":[{"@type":"WebPage","@id":"https:\/\/www.klaaspuul.com\/fr\/produits\/crevettes-bio\/","url":"https:\/\/www.klaaspuul.com\/fr\/produits\/crevettes-bio\/","name":"Crevettes bio - Klaas Puul FR","isPartOf":{"@id":"https:\/\/www.klaaspuul.com\/fr\/#website"},"primaryImageOfPage":{"@id":"https:\/\/www.klaaspuul.com\/fr\/produits\/crevettes-bio\/#primaryimage"},"image":{"@id":"https:\/\/www.klaaspuul.com\/fr\/produits\/crevettes-bio\/#primaryimage"},"thumbnailUrl":"https:\/\/www.klaaspuul.com\/wp-content\/uploads\/2017\/01\/vannamei-bio-1.png","datePublished":"2017-01-03T09:25:30+00:00","dateModified":"2017-02-20T13:50:34+00:00","breadcrumb":{"@id":"https:\/\/www.klaaspuul.com\/fr\/produits\/crevettes-bio\/#breadcrumb"},"inLanguage":"fr-FR","potentialAction":[{"@type":"ReadAction","target":["https:\/\/www.klaaspuul.com\/fr\/produits\/crevettes-bio\/"]}]},{"@type":"ImageObject","inLanguage":"fr-FR","@id":"https:\/\/www.klaaspuul.com\/fr\/produits\/crevettes-bio\/#primaryimage","url":"https:\/\/www.klaaspuul.com\/wp-content\/uploads\/2017\/01\/vannamei-bio-1.png","contentUrl":"https:\/\/www.klaaspuul.com\/wp-content\/uploads\/2017\/01\/vannamei-bio-1.png"},{"@type":"BreadcrumbList","@id":"https:\/\/www.klaaspuul.com\/fr\/produits\/crevettes-bio\/#breadcrumb","itemListElement":[{"@type":"ListItem","position":1,"name":"Accueil","item":"https:\/\/www.klaaspuul.com\/fr\/"},{"@type":"ListItem","position":2,"name":"Produits","item":"https:\/\/www.klaaspuul.com\/fr\/produits\/"},{"@type":"ListItem","position":3,"name":"Crevettes bio"}]},{"@type":"WebSite","@id":"https:\/\/www.klaaspuul.com\/fr\/#website","url":"https:\/\/www.klaaspuul.com\/fr\/","name":"Klaas Puul FR","description":"Een andere Klaas Puul site","potentialAction":[{"@type":"SearchAction","target":{"@type":"EntryPoint","urlTemplate":"https:\/\/www.klaaspuul.com\/fr\/?s={search_term_string}"},"query-input":{"@type":"PropertyValueSpecification","valueRequired":true,"valueName":"search_term_string"}}],"inLanguage":"fr-FR"}]}},"_links":{"self":[{"href":"https:\/\/www.klaaspuul.com\/fr\/wp-json\/wp\/v2\/pages\/278","targetHints":{"allow":["GET"]}}],"collection":[{"href":"https:\/\/www.klaaspuul.com\/fr\/wp-json\/wp\/v2\/pages"}],"about":[{"href":"https:\/\/www.klaaspuul.com\/fr\/wp-json\/wp\/v2\/types\/page"}],"author":[{"embeddable":true,"href":"https:\/\/www.klaaspuul.com\/fr\/wp-json\/wp\/v2\/users\/1"}],"replies":[{"embeddable":true,"href":"https:\/\/www.klaaspuul.com\/fr\/wp-json\/wp\/v2\/comments?post=278"}],"version-history":[{"count":4,"href":"https:\/\/www.klaaspuul.com\/fr\/wp-json\/wp\/v2\/pages\/278\/revisions"}],"predecessor-version":[{"id":658,"href":"https:\/\/www.klaaspuul.com\/fr\/wp-json\/wp\/v2\/pages\/278\/revisions\/658"}],"up":[{"embeddable":true,"href":"https:\/\/www.klaaspuul.com\/fr\/wp-json\/wp\/v2\/pages\/228"}],"wp:attachment":[{"href":"https:\/\/www.klaaspuul.com\/fr\/wp-json\/wp\/v2\/media?parent=278"}],"curies":[{"name":"wp","href":"https:\/\/api.w.org\/{rel}","templated":true}]}}