{"id":297,"date":"2017-01-03T13:49:50","date_gmt":"2017-01-03T12:49:50","guid":{"rendered":"https:\/\/www.klaaspuul.com\/?page_id=297"},"modified":"2017-01-30T17:16:50","modified_gmt":"2017-01-30T16:16:50","slug":"mentions-legales","status":"publish","type":"page","link":"https:\/\/www.klaaspuul.com\/fr\/mentions-legales\/","title":{"rendered":"Mentions l\u00e9gales"},"content":{"rendered":"<div class=\"inner\">\n<h3>Politique concernant les cookies Klaas Puul BV<\/h3>\n<h4>Cookies<\/h4>\n<p>Notre site web utilise des cookies. Les cookies sont de petits fichiers simples re\u00e7us par votre ordinateur, tablette ou t\u00e9l\u00e9phone portable lorsque vous visitez notre site web. Les cookies sont utilis\u00e9s par exemple pour sauvegarder d\u2019\u00e9ventuels noms d\u2019utilisateur, mots de passe et r\u00e9glages personnels. Lors d\u2019une prochaine visite, vous n\u2019avez pas \u00e0 les saisir \u00e0 nouveau. Pour assurer un service optimal, ce site web place des \u00ab tracking cookies \u00bb sur votre ordinateur. Nous pouvons ainsi vous reconna\u00eetre et r\u00e9cup\u00e9rer des informations provenant de votre visite pr\u00e9c\u00e9dente. Le profil que vous cr\u00e9ez n\u2019est pas reli\u00e9 \u00e0 votre nom, adresse postale, adresse e-mail et autres informations dont nous avons connaissance, mais est uniquement utilis\u00e9 pour adapter le contenu affich\u00e9 \u00e0 votre profil afin que ce contenu soit aussi pertinent que possible. La plupart des navigateurs Internet vous offrent la possibilit\u00e9 de bloquer le placement des cookies ou de vous informer \u00e0 l\u2019avance du placement d\u2019un cookie. Il est possible de supprimer les cookies. Vous \u00eates la seule personne \u00e0 pouvoir proc\u00e9der \u00e0 cette suppression, car les cookies sont sauvegard\u00e9s sur votre ordinateur. Veuillez consulter pour cela le mode d\u2019emploi de votre navigateur. <\/p>\n<h4>Modification de la politique concernant les donn\u00e9es personnelles<\/h4>\n<p>Nous nous gardons le droit de modifier cette politique concernant les donn\u00e9es personnelles. Les modifications seront toujours publi\u00e9es sur notre site web. Veuillez consulter r\u00e9guli\u00e8rement cette page.<\/p>\n<h3>D\u00e9claration de confidentialit\u00e9 Klaas Puul BV<\/h3>\n<p>Le site web que vous visitez est g\u00e9r\u00e9 par ou pour le compte de Klaas Puul BV. Nous mettons tout en \u0153uvre pour prot\u00e9ger vos donn\u00e9es personnelles. La pr\u00e9sente d\u00e9claration de confidentialit\u00e9 indique quel type d\u2019informations est recueilli sur ce site web et comment nous utilisons et prot\u00e9geons ces informations. La pr\u00e9sente d\u00e9claration vous indique \u00e9galement ce que vous pouvez faire si vous vous opposez \u00e0 la collecte des donn\u00e9es personnelles lors de votre visite sur notre site web et comment vous pouvez modifier les informations que vous nous avez d\u00e9j\u00e0 transmises. La pr\u00e9sente d\u00e9claration se r\u00e9f\u00e8re uniquement au pr\u00e9sent site web. En utilisant ce site, vous consentez \u00e0 ce que le droit n\u00e9erlandais s\u2019applique \u00e0 toutes les questions qui pourraient d\u00e9couler ou \u00eatre en relation avec l\u2019utilisation et le contenu du pr\u00e9sent site. <\/p>\n<h4>1. Comment nous utilisons vos informations <\/h4>\n<p>Si vous transmettez des donn\u00e9es personnelles sur le pr\u00e9sent site web, nous les utilisons pour l\u2019objectif explicite pour lequel elles sont recueillies, par exemple pour la participation \u00e0 une action ou promotion ou pour r\u00e9pondre \u00e0 votre demande d\u2019information. Sauf mention contraire sur la page web correspondante ou sur le formulaire de contact, nous pouvons utiliser vos donn\u00e9es personnelles comme suit:<\/p>\n<p>1. Nous pouvons vous envoyer des informations et\/ou offres sur nos produits, marques et\/ou services.<br \/>\n2. En outre, nous pouvons compl\u00e9ter les donn\u00e9es personnelles que vous nous envoyez avec d\u2019autres informations que nous poss\u00e9dons d\u00e9j\u00e0. Nous les utilisons \u00e0 des fins de marketing pour pouvoir fournir des produits et des services qui correspondent mieux \u00e0 vos besoins.<br \/>\n3. Il est possible que nous fassions appel \u00e0 des tiers pour le traitement ou l\u2019analyse des donn\u00e9es personnelles que nous recueillons sur nos sites web. En outre, nous pouvons, en cas de commande d\u2019un produit ou d\u2019un service, partager des donn\u00e9es personnelles avec des fournisseurs et d\u2019autres tiers afin de pouvoir livrer les produits ou les services. Nous n\u2019accordons pas l\u2019autorisation aux fournisseurs et autres tiers d\u2019utiliser vos donn\u00e9es personnelles de toute autre mani\u00e8re. Pour finir, nous vous signalons que nous transmettrons vos donn\u00e9es personnelles si nous y sommes contraints par la loi, par un mandat de perquisition, une injonction ou une d\u00e9cision judiciaire ou par tout autre moyen similaire.<\/p>\n<h4>2. Autres informations que nous pouvons recueillir<\/h4>\n<p>Vous avez incontestablement entendu parler des \u00ab cookies \u00bb, des fichiers ou morceaux d\u2019information qui sont sauvegard\u00e9s par votre navigateur sur le disque dur de votre ordinateur. Nous pouvons utiliser les cookies ou des moyens similaires pour recueillir d\u2019autres informations pendant votre visite \u00e0 notre site web, comme les parties sp\u00e9cifiques que vous avez visit\u00e9es sur le site et les services que vous avez utilis\u00e9s par le biais de notre site web. Nous recueillons ces informations pour mieux adapter notre site et nos produits \u00e0 vos int\u00e9r\u00eats et besoins. Les cookies peuvent en outre \u00eatre utilis\u00e9s pour acc\u00e9l\u00e9rer les activit\u00e9s futures sur notre site. Si vous le souhaitez, vous pouvez param\u00e9trer votre navigateur de sorte \u00e0 refuser les cookies ou de sorte \u00e0 obtenir un avertissement en cas d\u2019envoi des cookies. En refusant les cookies sur le site que vous visitez, il est alors possible que vous ne puissiez pas consulter certaines parties de notre site ou que vous ne puissiez pas recevoir d\u2019informations personnalis\u00e9es. Les statistiques concernant le site sont utilis\u00e9es pour personnaliser vos exp\u00e9riences sur le site web et pour \u00e9valuer de mani\u00e8re anonyme et comme chiffre global les statistiques sur l\u2019utilisation du site web. Les informations concernant votre ordinateur, comme votre adresse IP (un num\u00e9ro qui est attribu\u00e9 \u00e0 votre ordinateur quand vous surfez sur Internet), le type de navigateur Internet que vous utilisez et le type de syst\u00e8me d\u2019exploitation que vous utilisez peuvent \u00eatre aussi recueillies et \u00eatre reli\u00e9es \u00e0 vos donn\u00e9es personnelles. <\/p>\n<h4>3. Protection de vos informations<\/h4>\n<p>Nous prenons des mesures de pr\u00e9caution pour prot\u00e9ger vos donn\u00e9es personnelles. Pour \u00e9viter tout acc\u00e8s non autoris\u00e9 ou toute modification ou usage abusif des donn\u00e9es, l\u2019acc\u00e8s \u00e0 toutes les informations personnelles identifiables est possible uniquement de mani\u00e8re restreinte. <\/p>\n<h4>4. Modifications dans notre d\u00e9claration<\/h4>\n<p>Nous nous gardons le droit de modifier ou de supprimer la pr\u00e9sente d\u00e9claration de confidentialit\u00e9 \u00e0 notre propre discr\u00e9tion. Les nouvelles d\u00e9clarations sont publi\u00e9es ici et nous conseillons de consulter cette partie fr\u00e9quemment afin de rester inform\u00e9s.<\/p>\n<h4>5. Contact<\/h4>\n<p>Avec qui pouvez-vous prendre contact? Veuillez nous \u00e9crire: <\/p>\n<p>Klaas Puul BV<br \/>\n\u00e0 l\u2019attention de Service client\u00e8le<br \/>\nBo\u00eete postale 231<br \/>\n1130 AE Volendam<br \/>\ne-mail: <a href=\"mailto:info@klaaspuul.com\">info@klaaspuul.com<\/a><\/p>\n<p>Appelez-nous au 0299-364247 en cas de questions ou remarques sur la pr\u00e9sente d\u00e9claration de confidentialit\u00e9 pour signaler toute infraction de la d\u00e9claration de confidentialit\u00e9 ou si vous souhaitez que nous corrigions ou traitions vos donn\u00e9es personnelles dans nos fichiers ou si vous vous opposez \u00e0 l\u2019utilisation de vos donn\u00e9es \u00e0 des fins de marketing direct. Vous avez le droit de consulter les informations que nous conservons \u00e0 votre sujet. Un d\u00e9dommagement financier peut \u00eatre demand\u00e9 pour ce service. Nous prendrons les mesures ad\u00e9quates pour nous conformer aux demandes susmentionn\u00e9es.\n<\/p><\/div>\n","protected":false},"excerpt":{"rendered":"<p>Politique concernant les cookies Klaas Puul BV Cookies Notre site web utilise des cookies. Les cookies sont de petits fichiers simples re\u00e7us par votre ordinateur, tablette ou t\u00e9l\u00e9phone portable lorsque vous visitez notre site web. Les cookies sont utilis\u00e9s par exemple pour sauvegarder d\u2019\u00e9ventuels noms d\u2019utilisateur, mots de passe et r\u00e9glages personnels. Lors d\u2019une prochaine &hellip; <a href=\"https:\/\/www.klaaspuul.com\/fr\/mentions-legales\/\" class=\"more-link\">Continue reading <span class=\"screen-reader-text\">Mentions l\u00e9gales<\/span> <span class=\"meta-nav\">&rarr;<\/span><\/a><\/p>\n","protected":false},"author":1,"featured_media":0,"parent":0,"menu_order":0,"comment_status":"closed","ping_status":"closed","template":"","meta":{"_acf_changed":false,"_monsterinsights_skip_tracking":false,"_monsterinsights_sitenote_active":false,"_monsterinsights_sitenote_note":"","_monsterinsights_sitenote_category":0,"footnotes":""},"class_list":["post-297","page","type-page","status-publish","hentry"],"acf":[],"yoast_head":"<!-- This site is optimized with the Yoast SEO plugin v27.3 - https:\/\/yoast.com\/product\/yoast-seo-wordpress\/ -->\n<title>Mentions l\u00e9gales - Klaas Puul FR<\/title>\n<meta name=\"robots\" content=\"index, follow, max-snippet:-1, max-image-preview:large, max-video-preview:-1\" \/>\n<link rel=\"canonical\" href=\"https:\/\/www.klaaspuul.com\/fr\/mentions-legales\/\" \/>\n<meta property=\"og:locale\" content=\"fr_FR\" \/>\n<meta property=\"og:type\" content=\"article\" \/>\n<meta property=\"og:title\" content=\"Mentions l\u00e9gales - Klaas Puul FR\" \/>\n<meta property=\"og:description\" content=\"Politique concernant les cookies Klaas Puul BV Cookies Notre site web utilise des cookies. Les cookies sont de petits fichiers simples re\u00e7us par votre ordinateur, tablette ou t\u00e9l\u00e9phone portable lorsque vous visitez notre site web. Les cookies sont utilis\u00e9s par exemple pour sauvegarder d\u2019\u00e9ventuels noms d\u2019utilisateur, mots de passe et r\u00e9glages personnels. Lors d\u2019une prochaine &hellip; Continue reading Mentions l\u00e9gales &rarr;\" \/>\n<meta property=\"og:url\" content=\"https:\/\/www.klaaspuul.com\/fr\/mentions-legales\/\" \/>\n<meta property=\"og:site_name\" content=\"Klaas Puul FR\" \/>\n<meta property=\"article:modified_time\" content=\"2017-01-30T16:16:50+00:00\" \/>\n<meta name=\"twitter:card\" content=\"summary_large_image\" \/>\n<meta name=\"twitter:label1\" content=\"Dur\u00e9e de lecture estim\u00e9e\" \/>\n\t<meta name=\"twitter:data1\" content=\"6 minutes\" \/>\n<script type=\"application\/ld+json\" class=\"yoast-schema-graph\">{\"@context\":\"https:\\\/\\\/schema.org\",\"@graph\":[{\"@type\":\"WebPage\",\"@id\":\"https:\\\/\\\/www.klaaspuul.com\\\/fr\\\/mentions-legales\\\/\",\"url\":\"https:\\\/\\\/www.klaaspuul.com\\\/fr\\\/mentions-legales\\\/\",\"name\":\"Mentions l\u00e9gales - Klaas Puul FR\",\"isPartOf\":{\"@id\":\"https:\\\/\\\/www.klaaspuul.com\\\/fr\\\/#website\"},\"datePublished\":\"2017-01-03T12:49:50+00:00\",\"dateModified\":\"2017-01-30T16:16:50+00:00\",\"breadcrumb\":{\"@id\":\"https:\\\/\\\/www.klaaspuul.com\\\/fr\\\/mentions-legales\\\/#breadcrumb\"},\"inLanguage\":\"fr-FR\",\"potentialAction\":[{\"@type\":\"ReadAction\",\"target\":[\"https:\\\/\\\/www.klaaspuul.com\\\/fr\\\/mentions-legales\\\/\"]}]},{\"@type\":\"BreadcrumbList\",\"@id\":\"https:\\\/\\\/www.klaaspuul.com\\\/fr\\\/mentions-legales\\\/#breadcrumb\",\"itemListElement\":[{\"@type\":\"ListItem\",\"position\":1,\"name\":\"Accueil\",\"item\":\"https:\\\/\\\/www.klaaspuul.com\\\/fr\\\/\"},{\"@type\":\"ListItem\",\"position\":2,\"name\":\"Mentions l\u00e9gales\"}]},{\"@type\":\"WebSite\",\"@id\":\"https:\\\/\\\/www.klaaspuul.com\\\/fr\\\/#website\",\"url\":\"https:\\\/\\\/www.klaaspuul.com\\\/fr\\\/\",\"name\":\"Klaas Puul FR\",\"description\":\"Een andere Klaas Puul site\",\"potentialAction\":[{\"@type\":\"SearchAction\",\"target\":{\"@type\":\"EntryPoint\",\"urlTemplate\":\"https:\\\/\\\/www.klaaspuul.com\\\/fr\\\/?s={search_term_string}\"},\"query-input\":{\"@type\":\"PropertyValueSpecification\",\"valueRequired\":true,\"valueName\":\"search_term_string\"}}],\"inLanguage\":\"fr-FR\"}]}<\/script>\n<!-- \/ Yoast SEO plugin. -->","yoast_head_json":{"title":"Mentions l\u00e9gales - Klaas Puul FR","robots":{"index":"index","follow":"follow","max-snippet":"max-snippet:-1","max-image-preview":"max-image-preview:large","max-video-preview":"max-video-preview:-1"},"canonical":"https:\/\/www.klaaspuul.com\/fr\/mentions-legales\/","og_locale":"fr_FR","og_type":"article","og_title":"Mentions l\u00e9gales - Klaas Puul FR","og_description":"Politique concernant les cookies Klaas Puul BV Cookies Notre site web utilise des cookies. Les cookies sont de petits fichiers simples re\u00e7us par votre ordinateur, tablette ou t\u00e9l\u00e9phone portable lorsque vous visitez notre site web. Les cookies sont utilis\u00e9s par exemple pour sauvegarder d\u2019\u00e9ventuels noms d\u2019utilisateur, mots de passe et r\u00e9glages personnels. Lors d\u2019une prochaine &hellip; Continue reading Mentions l\u00e9gales &rarr;","og_url":"https:\/\/www.klaaspuul.com\/fr\/mentions-legales\/","og_site_name":"Klaas Puul FR","article_modified_time":"2017-01-30T16:16:50+00:00","twitter_card":"summary_large_image","twitter_misc":{"Dur\u00e9e de lecture estim\u00e9e":"6 minutes"},"schema":{"@context":"https:\/\/schema.org","@graph":[{"@type":"WebPage","@id":"https:\/\/www.klaaspuul.com\/fr\/mentions-legales\/","url":"https:\/\/www.klaaspuul.com\/fr\/mentions-legales\/","name":"Mentions l\u00e9gales - Klaas Puul FR","isPartOf":{"@id":"https:\/\/www.klaaspuul.com\/fr\/#website"},"datePublished":"2017-01-03T12:49:50+00:00","dateModified":"2017-01-30T16:16:50+00:00","breadcrumb":{"@id":"https:\/\/www.klaaspuul.com\/fr\/mentions-legales\/#breadcrumb"},"inLanguage":"fr-FR","potentialAction":[{"@type":"ReadAction","target":["https:\/\/www.klaaspuul.com\/fr\/mentions-legales\/"]}]},{"@type":"BreadcrumbList","@id":"https:\/\/www.klaaspuul.com\/fr\/mentions-legales\/#breadcrumb","itemListElement":[{"@type":"ListItem","position":1,"name":"Accueil","item":"https:\/\/www.klaaspuul.com\/fr\/"},{"@type":"ListItem","position":2,"name":"Mentions l\u00e9gales"}]},{"@type":"WebSite","@id":"https:\/\/www.klaaspuul.com\/fr\/#website","url":"https:\/\/www.klaaspuul.com\/fr\/","name":"Klaas Puul FR","description":"Een andere Klaas Puul site","potentialAction":[{"@type":"SearchAction","target":{"@type":"EntryPoint","urlTemplate":"https:\/\/www.klaaspuul.com\/fr\/?s={search_term_string}"},"query-input":{"@type":"PropertyValueSpecification","valueRequired":true,"valueName":"search_term_string"}}],"inLanguage":"fr-FR"}]}},"_links":{"self":[{"href":"https:\/\/www.klaaspuul.com\/fr\/wp-json\/wp\/v2\/pages\/297","targetHints":{"allow":["GET"]}}],"collection":[{"href":"https:\/\/www.klaaspuul.com\/fr\/wp-json\/wp\/v2\/pages"}],"about":[{"href":"https:\/\/www.klaaspuul.com\/fr\/wp-json\/wp\/v2\/types\/page"}],"author":[{"embeddable":true,"href":"https:\/\/www.klaaspuul.com\/fr\/wp-json\/wp\/v2\/users\/1"}],"replies":[{"embeddable":true,"href":"https:\/\/www.klaaspuul.com\/fr\/wp-json\/wp\/v2\/comments?post=297"}],"version-history":[{"count":5,"href":"https:\/\/www.klaaspuul.com\/fr\/wp-json\/wp\/v2\/pages\/297\/revisions"}],"predecessor-version":[{"id":625,"href":"https:\/\/www.klaaspuul.com\/fr\/wp-json\/wp\/v2\/pages\/297\/revisions\/625"}],"wp:attachment":[{"href":"https:\/\/www.klaaspuul.com\/fr\/wp-json\/wp\/v2\/media?parent=297"}],"curies":[{"name":"wp","href":"https:\/\/api.w.org\/{rel}","templated":true}]}}