{"id":545,"date":"2017-01-26T14:32:46","date_gmt":"2017-01-26T13:32:46","guid":{"rendered":"https:\/\/www.klaaspuul.com\/?page_id=460"},"modified":"2017-01-30T18:27:25","modified_gmt":"2017-01-30T17:27:25","slug":"surimi","status":"publish","type":"page","link":"https:\/\/www.klaaspuul.com\/fr\/produits\/surimi\/","title":{"rendered":"Surimi"},"content":{"rendered":"<div class=\"inner\">\n<div class=\"product-img\">\n<img decoding=\"async\" src=\"https:\/\/www.klaaspuul.com\/wp-content\/uploads\/2017\/01\/Klaas-Puul-Produkten_surimi.jpg\" alt=\"Surimi Foto\">\n<\/div>\n<h1 class=\"entry-title\">Surimi<\/h1>\n<p>Cette imitation de crabe s&rsquo;utilise de diff\u00e9rentes fa\u00e7ons, p. ex. en salade ou en snack. Le surimi est produit \u00e0 partir de poisson blanc, comme les nemipteridae, le lieu noir et\/ou le pollack.<\/p>\n<ul>\n<li><span><strong>D\u00e9nomination scientifique:<\/strong> Nemipterus Spp. \/ Theragra chalcogramma<\/span><\/li>\n<li><span><strong>Origine:<\/strong> Tha\u00eflande, Inde<\/span><\/li>\n<li><span><strong>Saveur:<\/strong> sucr\u00e9e, go\u00fbt de crabe<\/span><\/li>\n<li><span><strong>Caract\u00e9ristiques:<\/strong> blanc avec dos rouge<\/span><\/li>\n<li><span><strong>Offre:<\/strong> toute l&rsquo;ann\u00e9e<\/span><\/li>\n<\/ul>\n<\/div>\n","protected":false},"excerpt":{"rendered":"<p>Surimi Cette imitation de crabe s&rsquo;utilise de diff\u00e9rentes fa\u00e7ons, p. ex. en salade ou en snack. Le surimi est produit \u00e0 partir de poisson blanc, comme les nemipteridae, le lieu noir et\/ou le pollack. D\u00e9nomination scientifique: Nemipterus Spp. \/ Theragra chalcogramma Origine: Tha\u00eflande, Inde Saveur: sucr\u00e9e, go\u00fbt de crabe Caract\u00e9ristiques: blanc avec dos rouge Offre: &hellip; <a href=\"https:\/\/www.klaaspuul.com\/fr\/produits\/surimi\/\" class=\"more-link\">Continue reading <span class=\"screen-reader-text\">Surimi<\/span> <span class=\"meta-nav\">&rarr;<\/span><\/a><\/p>\n","protected":false},"author":1,"featured_media":0,"parent":228,"menu_order":0,"comment_status":"closed","ping_status":"closed","template":"","meta":{"_acf_changed":false,"_monsterinsights_skip_tracking":false,"_monsterinsights_sitenote_active":false,"_monsterinsights_sitenote_note":"","_monsterinsights_sitenote_category":0,"footnotes":""},"class_list":["post-545","page","type-page","status-publish","hentry"],"acf":[],"yoast_head":"<!-- This site is optimized with the Yoast SEO plugin v27.3 - https:\/\/yoast.com\/product\/yoast-seo-wordpress\/ -->\n<title>Surimi - Klaas Puul FR<\/title>\n<meta name=\"robots\" content=\"index, follow, max-snippet:-1, max-image-preview:large, max-video-preview:-1\" \/>\n<link rel=\"canonical\" href=\"https:\/\/www.klaaspuul.com\/fr\/produits\/surimi\/\" \/>\n<meta property=\"og:locale\" content=\"fr_FR\" \/>\n<meta property=\"og:type\" content=\"article\" \/>\n<meta property=\"og:title\" content=\"Surimi - Klaas Puul FR\" \/>\n<meta property=\"og:description\" content=\"Surimi Cette imitation de crabe s&rsquo;utilise de diff\u00e9rentes fa\u00e7ons, p. ex. en salade ou en snack. Le surimi est produit \u00e0 partir de poisson blanc, comme les nemipteridae, le lieu noir et\/ou le pollack. D\u00e9nomination scientifique: Nemipterus Spp. \/ Theragra chalcogramma Origine: Tha\u00eflande, Inde Saveur: sucr\u00e9e, go\u00fbt de crabe Caract\u00e9ristiques: blanc avec dos rouge Offre: &hellip; Continue reading Surimi &rarr;\" \/>\n<meta property=\"og:url\" content=\"https:\/\/www.klaaspuul.com\/fr\/produits\/surimi\/\" \/>\n<meta property=\"og:site_name\" content=\"Klaas Puul FR\" \/>\n<meta property=\"article:modified_time\" content=\"2017-01-30T17:27:25+00:00\" \/>\n<meta property=\"og:image\" content=\"https:\/\/www.klaaspuul.com\/wp-content\/uploads\/2017\/01\/Klaas-Puul-Produkten_surimi.jpg\" \/>\n<meta name=\"twitter:card\" content=\"summary_large_image\" \/>\n<script type=\"application\/ld+json\" class=\"yoast-schema-graph\">{\"@context\":\"https:\\\/\\\/schema.org\",\"@graph\":[{\"@type\":\"WebPage\",\"@id\":\"https:\\\/\\\/www.klaaspuul.com\\\/fr\\\/produits\\\/surimi\\\/\",\"url\":\"https:\\\/\\\/www.klaaspuul.com\\\/fr\\\/produits\\\/surimi\\\/\",\"name\":\"Surimi - Klaas Puul FR\",\"isPartOf\":{\"@id\":\"https:\\\/\\\/www.klaaspuul.com\\\/fr\\\/#website\"},\"primaryImageOfPage\":{\"@id\":\"https:\\\/\\\/www.klaaspuul.com\\\/fr\\\/produits\\\/surimi\\\/#primaryimage\"},\"image\":{\"@id\":\"https:\\\/\\\/www.klaaspuul.com\\\/fr\\\/produits\\\/surimi\\\/#primaryimage\"},\"thumbnailUrl\":\"https:\\\/\\\/www.klaaspuul.com\\\/wp-content\\\/uploads\\\/2017\\\/01\\\/Klaas-Puul-Produkten_surimi.jpg\",\"datePublished\":\"2017-01-26T13:32:46+00:00\",\"dateModified\":\"2017-01-30T17:27:25+00:00\",\"breadcrumb\":{\"@id\":\"https:\\\/\\\/www.klaaspuul.com\\\/fr\\\/produits\\\/surimi\\\/#breadcrumb\"},\"inLanguage\":\"fr-FR\",\"potentialAction\":[{\"@type\":\"ReadAction\",\"target\":[\"https:\\\/\\\/www.klaaspuul.com\\\/fr\\\/produits\\\/surimi\\\/\"]}]},{\"@type\":\"ImageObject\",\"inLanguage\":\"fr-FR\",\"@id\":\"https:\\\/\\\/www.klaaspuul.com\\\/fr\\\/produits\\\/surimi\\\/#primaryimage\",\"url\":\"https:\\\/\\\/www.klaaspuul.com\\\/wp-content\\\/uploads\\\/2017\\\/01\\\/Klaas-Puul-Produkten_surimi.jpg\",\"contentUrl\":\"https:\\\/\\\/www.klaaspuul.com\\\/wp-content\\\/uploads\\\/2017\\\/01\\\/Klaas-Puul-Produkten_surimi.jpg\"},{\"@type\":\"BreadcrumbList\",\"@id\":\"https:\\\/\\\/www.klaaspuul.com\\\/fr\\\/produits\\\/surimi\\\/#breadcrumb\",\"itemListElement\":[{\"@type\":\"ListItem\",\"position\":1,\"name\":\"Accueil\",\"item\":\"https:\\\/\\\/www.klaaspuul.com\\\/fr\\\/\"},{\"@type\":\"ListItem\",\"position\":2,\"name\":\"Produits\",\"item\":\"https:\\\/\\\/www.klaaspuul.com\\\/fr\\\/produits\\\/\"},{\"@type\":\"ListItem\",\"position\":3,\"name\":\"Surimi\"}]},{\"@type\":\"WebSite\",\"@id\":\"https:\\\/\\\/www.klaaspuul.com\\\/fr\\\/#website\",\"url\":\"https:\\\/\\\/www.klaaspuul.com\\\/fr\\\/\",\"name\":\"Klaas Puul FR\",\"description\":\"Een andere Klaas Puul site\",\"potentialAction\":[{\"@type\":\"SearchAction\",\"target\":{\"@type\":\"EntryPoint\",\"urlTemplate\":\"https:\\\/\\\/www.klaaspuul.com\\\/fr\\\/?s={search_term_string}\"},\"query-input\":{\"@type\":\"PropertyValueSpecification\",\"valueRequired\":true,\"valueName\":\"search_term_string\"}}],\"inLanguage\":\"fr-FR\"}]}<\/script>\n<!-- \/ Yoast SEO plugin. -->","yoast_head_json":{"title":"Surimi - Klaas Puul FR","robots":{"index":"index","follow":"follow","max-snippet":"max-snippet:-1","max-image-preview":"max-image-preview:large","max-video-preview":"max-video-preview:-1"},"canonical":"https:\/\/www.klaaspuul.com\/fr\/produits\/surimi\/","og_locale":"fr_FR","og_type":"article","og_title":"Surimi - Klaas Puul FR","og_description":"Surimi Cette imitation de crabe s&rsquo;utilise de diff\u00e9rentes fa\u00e7ons, p. ex. en salade ou en snack. Le surimi est produit \u00e0 partir de poisson blanc, comme les nemipteridae, le lieu noir et\/ou le pollack. D\u00e9nomination scientifique: Nemipterus Spp. \/ Theragra chalcogramma Origine: Tha\u00eflande, Inde Saveur: sucr\u00e9e, go\u00fbt de crabe Caract\u00e9ristiques: blanc avec dos rouge Offre: &hellip; Continue reading Surimi &rarr;","og_url":"https:\/\/www.klaaspuul.com\/fr\/produits\/surimi\/","og_site_name":"Klaas Puul FR","article_modified_time":"2017-01-30T17:27:25+00:00","og_image":[{"url":"https:\/\/www.klaaspuul.com\/wp-content\/uploads\/2017\/01\/Klaas-Puul-Produkten_surimi.jpg","type":"","width":"","height":""}],"twitter_card":"summary_large_image","schema":{"@context":"https:\/\/schema.org","@graph":[{"@type":"WebPage","@id":"https:\/\/www.klaaspuul.com\/fr\/produits\/surimi\/","url":"https:\/\/www.klaaspuul.com\/fr\/produits\/surimi\/","name":"Surimi - Klaas Puul FR","isPartOf":{"@id":"https:\/\/www.klaaspuul.com\/fr\/#website"},"primaryImageOfPage":{"@id":"https:\/\/www.klaaspuul.com\/fr\/produits\/surimi\/#primaryimage"},"image":{"@id":"https:\/\/www.klaaspuul.com\/fr\/produits\/surimi\/#primaryimage"},"thumbnailUrl":"https:\/\/www.klaaspuul.com\/wp-content\/uploads\/2017\/01\/Klaas-Puul-Produkten_surimi.jpg","datePublished":"2017-01-26T13:32:46+00:00","dateModified":"2017-01-30T17:27:25+00:00","breadcrumb":{"@id":"https:\/\/www.klaaspuul.com\/fr\/produits\/surimi\/#breadcrumb"},"inLanguage":"fr-FR","potentialAction":[{"@type":"ReadAction","target":["https:\/\/www.klaaspuul.com\/fr\/produits\/surimi\/"]}]},{"@type":"ImageObject","inLanguage":"fr-FR","@id":"https:\/\/www.klaaspuul.com\/fr\/produits\/surimi\/#primaryimage","url":"https:\/\/www.klaaspuul.com\/wp-content\/uploads\/2017\/01\/Klaas-Puul-Produkten_surimi.jpg","contentUrl":"https:\/\/www.klaaspuul.com\/wp-content\/uploads\/2017\/01\/Klaas-Puul-Produkten_surimi.jpg"},{"@type":"BreadcrumbList","@id":"https:\/\/www.klaaspuul.com\/fr\/produits\/surimi\/#breadcrumb","itemListElement":[{"@type":"ListItem","position":1,"name":"Accueil","item":"https:\/\/www.klaaspuul.com\/fr\/"},{"@type":"ListItem","position":2,"name":"Produits","item":"https:\/\/www.klaaspuul.com\/fr\/produits\/"},{"@type":"ListItem","position":3,"name":"Surimi"}]},{"@type":"WebSite","@id":"https:\/\/www.klaaspuul.com\/fr\/#website","url":"https:\/\/www.klaaspuul.com\/fr\/","name":"Klaas Puul FR","description":"Een andere Klaas Puul site","potentialAction":[{"@type":"SearchAction","target":{"@type":"EntryPoint","urlTemplate":"https:\/\/www.klaaspuul.com\/fr\/?s={search_term_string}"},"query-input":{"@type":"PropertyValueSpecification","valueRequired":true,"valueName":"search_term_string"}}],"inLanguage":"fr-FR"}]}},"_links":{"self":[{"href":"https:\/\/www.klaaspuul.com\/fr\/wp-json\/wp\/v2\/pages\/545","targetHints":{"allow":["GET"]}}],"collection":[{"href":"https:\/\/www.klaaspuul.com\/fr\/wp-json\/wp\/v2\/pages"}],"about":[{"href":"https:\/\/www.klaaspuul.com\/fr\/wp-json\/wp\/v2\/types\/page"}],"author":[{"embeddable":true,"href":"https:\/\/www.klaaspuul.com\/fr\/wp-json\/wp\/v2\/users\/1"}],"replies":[{"embeddable":true,"href":"https:\/\/www.klaaspuul.com\/fr\/wp-json\/wp\/v2\/comments?post=545"}],"version-history":[{"count":6,"href":"https:\/\/www.klaaspuul.com\/fr\/wp-json\/wp\/v2\/pages\/545\/revisions"}],"predecessor-version":[{"id":633,"href":"https:\/\/www.klaaspuul.com\/fr\/wp-json\/wp\/v2\/pages\/545\/revisions\/633"}],"up":[{"embeddable":true,"href":"https:\/\/www.klaaspuul.com\/fr\/wp-json\/wp\/v2\/pages\/228"}],"wp:attachment":[{"href":"https:\/\/www.klaaspuul.com\/fr\/wp-json\/wp\/v2\/media?parent=545"}],"curies":[{"name":"wp","href":"https:\/\/api.w.org\/{rel}","templated":true}]}}