{"id":548,"date":"2017-01-26T14:57:37","date_gmt":"2017-01-26T13:57:37","guid":{"rendered":"https:\/\/www.klaaspuul.com\/?page_id=467"},"modified":"2018-09-05T16:33:34","modified_gmt":"2018-09-05T14:33:34","slug":"crevette-nordique","status":"publish","type":"page","link":"https:\/\/www.klaaspuul.com\/fr\/produits\/crevette-nordique\/","title":{"rendered":"Crevette nordique"},"content":{"rendered":"<div class=\"inner\">\n<div class=\"product-img\">\n<img decoding=\"async\" src=\"https:\/\/www.klaaspuul.com\/wp-content\/uploads\/icelandic_shrimp.jpg\" alt=\"Crevette nordique\">\n<\/div>\n<h1 class=\"entry-title\">Crevette nordique<\/h1>\n<p><a href=\"https:\/\/www.klaaspuul.com\/wp-content\/uploads\/klaas_puul_ijslandse_FR_flyer.pdf\" target=\"_blank\"><i class=\"fa fa-file-pdf-o\" aria-hidden=\"true\"><\/i> T\u00e9l\u00e9charger la brochuree<\/a><\/p>\n<p>Une d\u00e9licieuse crevette captur\u00e9e dans les eaux glac\u00e9es de l\u2019atlantic nord. Elle est transform\u00e9e \u00e0 bord imm\u00e9diatement apr\u00e8s la p\u00eache.<\/p>\n<ul>\n<li><span><strong>D\u00e9nomination scientifique:<\/strong> Pandalus borealis<\/span><\/li>\n<li><span><strong>Origine:<\/strong> Canada, Islande, Groenland<\/span><\/li>\n<li><span><strong>Saveur:<\/strong> Typique<\/span><\/li>\n<li><span><strong>Caract\u00e9ristiques:<\/strong> Crevette souple, chair blanche \u00e0 carapace rose-orange<\/span><\/li>\n<li><span><strong>Offre:<\/strong> P\u00eache saisonni\u00e8re, disponible toute l&rsquo;ann\u00e9e<\/span><\/li>\n<\/ul>\n<\/div>\n","protected":false},"excerpt":{"rendered":"<p>Crevette nordique T\u00e9l\u00e9charger la brochuree Une d\u00e9licieuse crevette captur\u00e9e dans les eaux glac\u00e9es de l\u2019atlantic nord. Elle est transform\u00e9e \u00e0 bord imm\u00e9diatement apr\u00e8s la p\u00eache. D\u00e9nomination scientifique: Pandalus borealis Origine: Canada, Islande, Groenland Saveur: Typique Caract\u00e9ristiques: Crevette souple, chair blanche \u00e0 carapace rose-orange Offre: P\u00eache saisonni\u00e8re, disponible toute l&rsquo;ann\u00e9e<\/p>\n","protected":false},"author":1,"featured_media":0,"parent":228,"menu_order":0,"comment_status":"closed","ping_status":"closed","template":"","meta":{"_acf_changed":false,"_monsterinsights_skip_tracking":false,"_monsterinsights_sitenote_active":false,"_monsterinsights_sitenote_note":"","_monsterinsights_sitenote_category":0,"footnotes":""},"class_list":["post-548","page","type-page","status-publish","hentry"],"acf":[],"yoast_head":"<!-- This site is optimized with the Yoast SEO plugin v27.3 - https:\/\/yoast.com\/product\/yoast-seo-wordpress\/ -->\n<title>Crevette nordique - Klaas Puul FR<\/title>\n<meta name=\"robots\" content=\"index, follow, max-snippet:-1, max-image-preview:large, max-video-preview:-1\" \/>\n<link rel=\"canonical\" href=\"https:\/\/www.klaaspuul.com\/fr\/produits\/crevette-nordique\/\" \/>\n<meta property=\"og:locale\" content=\"fr_FR\" \/>\n<meta property=\"og:type\" content=\"article\" \/>\n<meta property=\"og:title\" content=\"Crevette nordique - Klaas Puul FR\" \/>\n<meta property=\"og:description\" content=\"Crevette nordique T\u00e9l\u00e9charger la brochuree Une d\u00e9licieuse crevette captur\u00e9e dans les eaux glac\u00e9es de l\u2019atlantic nord. Elle est transform\u00e9e \u00e0 bord imm\u00e9diatement apr\u00e8s la p\u00eache. D\u00e9nomination scientifique: Pandalus borealis Origine: Canada, Islande, Groenland Saveur: Typique Caract\u00e9ristiques: Crevette souple, chair blanche \u00e0 carapace rose-orange Offre: P\u00eache saisonni\u00e8re, disponible toute l&rsquo;ann\u00e9e\" \/>\n<meta property=\"og:url\" content=\"https:\/\/www.klaaspuul.com\/fr\/produits\/crevette-nordique\/\" \/>\n<meta property=\"og:site_name\" content=\"Klaas Puul FR\" \/>\n<meta property=\"article:modified_time\" content=\"2018-09-05T14:33:34+00:00\" \/>\n<meta property=\"og:image\" content=\"https:\/\/www.klaaspuul.com\/wp-content\/uploads\/icelandic_shrimp.jpg\" \/>\n<meta name=\"twitter:card\" content=\"summary_large_image\" \/>\n<script type=\"application\/ld+json\" class=\"yoast-schema-graph\">{\"@context\":\"https:\\\/\\\/schema.org\",\"@graph\":[{\"@type\":\"WebPage\",\"@id\":\"https:\\\/\\\/www.klaaspuul.com\\\/fr\\\/produits\\\/crevette-nordique\\\/\",\"url\":\"https:\\\/\\\/www.klaaspuul.com\\\/fr\\\/produits\\\/crevette-nordique\\\/\",\"name\":\"Crevette nordique - Klaas Puul FR\",\"isPartOf\":{\"@id\":\"https:\\\/\\\/www.klaaspuul.com\\\/fr\\\/#website\"},\"primaryImageOfPage\":{\"@id\":\"https:\\\/\\\/www.klaaspuul.com\\\/fr\\\/produits\\\/crevette-nordique\\\/#primaryimage\"},\"image\":{\"@id\":\"https:\\\/\\\/www.klaaspuul.com\\\/fr\\\/produits\\\/crevette-nordique\\\/#primaryimage\"},\"thumbnailUrl\":\"https:\\\/\\\/www.klaaspuul.com\\\/wp-content\\\/uploads\\\/icelandic_shrimp.jpg\",\"datePublished\":\"2017-01-26T13:57:37+00:00\",\"dateModified\":\"2018-09-05T14:33:34+00:00\",\"breadcrumb\":{\"@id\":\"https:\\\/\\\/www.klaaspuul.com\\\/fr\\\/produits\\\/crevette-nordique\\\/#breadcrumb\"},\"inLanguage\":\"fr-FR\",\"potentialAction\":[{\"@type\":\"ReadAction\",\"target\":[\"https:\\\/\\\/www.klaaspuul.com\\\/fr\\\/produits\\\/crevette-nordique\\\/\"]}]},{\"@type\":\"ImageObject\",\"inLanguage\":\"fr-FR\",\"@id\":\"https:\\\/\\\/www.klaaspuul.com\\\/fr\\\/produits\\\/crevette-nordique\\\/#primaryimage\",\"url\":\"https:\\\/\\\/www.klaaspuul.com\\\/wp-content\\\/uploads\\\/icelandic_shrimp.jpg\",\"contentUrl\":\"https:\\\/\\\/www.klaaspuul.com\\\/wp-content\\\/uploads\\\/icelandic_shrimp.jpg\"},{\"@type\":\"BreadcrumbList\",\"@id\":\"https:\\\/\\\/www.klaaspuul.com\\\/fr\\\/produits\\\/crevette-nordique\\\/#breadcrumb\",\"itemListElement\":[{\"@type\":\"ListItem\",\"position\":1,\"name\":\"Accueil\",\"item\":\"https:\\\/\\\/www.klaaspuul.com\\\/fr\\\/\"},{\"@type\":\"ListItem\",\"position\":2,\"name\":\"Produits\",\"item\":\"https:\\\/\\\/www.klaaspuul.com\\\/fr\\\/produits\\\/\"},{\"@type\":\"ListItem\",\"position\":3,\"name\":\"Crevette nordique\"}]},{\"@type\":\"WebSite\",\"@id\":\"https:\\\/\\\/www.klaaspuul.com\\\/fr\\\/#website\",\"url\":\"https:\\\/\\\/www.klaaspuul.com\\\/fr\\\/\",\"name\":\"Klaas Puul FR\",\"description\":\"Een andere Klaas Puul site\",\"potentialAction\":[{\"@type\":\"SearchAction\",\"target\":{\"@type\":\"EntryPoint\",\"urlTemplate\":\"https:\\\/\\\/www.klaaspuul.com\\\/fr\\\/?s={search_term_string}\"},\"query-input\":{\"@type\":\"PropertyValueSpecification\",\"valueRequired\":true,\"valueName\":\"search_term_string\"}}],\"inLanguage\":\"fr-FR\"}]}<\/script>\n<!-- \/ Yoast SEO plugin. -->","yoast_head_json":{"title":"Crevette nordique - Klaas Puul FR","robots":{"index":"index","follow":"follow","max-snippet":"max-snippet:-1","max-image-preview":"max-image-preview:large","max-video-preview":"max-video-preview:-1"},"canonical":"https:\/\/www.klaaspuul.com\/fr\/produits\/crevette-nordique\/","og_locale":"fr_FR","og_type":"article","og_title":"Crevette nordique - Klaas Puul FR","og_description":"Crevette nordique T\u00e9l\u00e9charger la brochuree Une d\u00e9licieuse crevette captur\u00e9e dans les eaux glac\u00e9es de l\u2019atlantic nord. Elle est transform\u00e9e \u00e0 bord imm\u00e9diatement apr\u00e8s la p\u00eache. D\u00e9nomination scientifique: Pandalus borealis Origine: Canada, Islande, Groenland Saveur: Typique Caract\u00e9ristiques: Crevette souple, chair blanche \u00e0 carapace rose-orange Offre: P\u00eache saisonni\u00e8re, disponible toute l&rsquo;ann\u00e9e","og_url":"https:\/\/www.klaaspuul.com\/fr\/produits\/crevette-nordique\/","og_site_name":"Klaas Puul FR","article_modified_time":"2018-09-05T14:33:34+00:00","og_image":[{"url":"https:\/\/www.klaaspuul.com\/wp-content\/uploads\/icelandic_shrimp.jpg","type":"","width":"","height":""}],"twitter_card":"summary_large_image","schema":{"@context":"https:\/\/schema.org","@graph":[{"@type":"WebPage","@id":"https:\/\/www.klaaspuul.com\/fr\/produits\/crevette-nordique\/","url":"https:\/\/www.klaaspuul.com\/fr\/produits\/crevette-nordique\/","name":"Crevette nordique - Klaas Puul FR","isPartOf":{"@id":"https:\/\/www.klaaspuul.com\/fr\/#website"},"primaryImageOfPage":{"@id":"https:\/\/www.klaaspuul.com\/fr\/produits\/crevette-nordique\/#primaryimage"},"image":{"@id":"https:\/\/www.klaaspuul.com\/fr\/produits\/crevette-nordique\/#primaryimage"},"thumbnailUrl":"https:\/\/www.klaaspuul.com\/wp-content\/uploads\/icelandic_shrimp.jpg","datePublished":"2017-01-26T13:57:37+00:00","dateModified":"2018-09-05T14:33:34+00:00","breadcrumb":{"@id":"https:\/\/www.klaaspuul.com\/fr\/produits\/crevette-nordique\/#breadcrumb"},"inLanguage":"fr-FR","potentialAction":[{"@type":"ReadAction","target":["https:\/\/www.klaaspuul.com\/fr\/produits\/crevette-nordique\/"]}]},{"@type":"ImageObject","inLanguage":"fr-FR","@id":"https:\/\/www.klaaspuul.com\/fr\/produits\/crevette-nordique\/#primaryimage","url":"https:\/\/www.klaaspuul.com\/wp-content\/uploads\/icelandic_shrimp.jpg","contentUrl":"https:\/\/www.klaaspuul.com\/wp-content\/uploads\/icelandic_shrimp.jpg"},{"@type":"BreadcrumbList","@id":"https:\/\/www.klaaspuul.com\/fr\/produits\/crevette-nordique\/#breadcrumb","itemListElement":[{"@type":"ListItem","position":1,"name":"Accueil","item":"https:\/\/www.klaaspuul.com\/fr\/"},{"@type":"ListItem","position":2,"name":"Produits","item":"https:\/\/www.klaaspuul.com\/fr\/produits\/"},{"@type":"ListItem","position":3,"name":"Crevette nordique"}]},{"@type":"WebSite","@id":"https:\/\/www.klaaspuul.com\/fr\/#website","url":"https:\/\/www.klaaspuul.com\/fr\/","name":"Klaas Puul FR","description":"Een andere Klaas Puul site","potentialAction":[{"@type":"SearchAction","target":{"@type":"EntryPoint","urlTemplate":"https:\/\/www.klaaspuul.com\/fr\/?s={search_term_string}"},"query-input":{"@type":"PropertyValueSpecification","valueRequired":true,"valueName":"search_term_string"}}],"inLanguage":"fr-FR"}]}},"_links":{"self":[{"href":"https:\/\/www.klaaspuul.com\/fr\/wp-json\/wp\/v2\/pages\/548","targetHints":{"allow":["GET"]}}],"collection":[{"href":"https:\/\/www.klaaspuul.com\/fr\/wp-json\/wp\/v2\/pages"}],"about":[{"href":"https:\/\/www.klaaspuul.com\/fr\/wp-json\/wp\/v2\/types\/page"}],"author":[{"embeddable":true,"href":"https:\/\/www.klaaspuul.com\/fr\/wp-json\/wp\/v2\/users\/1"}],"replies":[{"embeddable":true,"href":"https:\/\/www.klaaspuul.com\/fr\/wp-json\/wp\/v2\/comments?post=548"}],"version-history":[{"count":10,"href":"https:\/\/www.klaaspuul.com\/fr\/wp-json\/wp\/v2\/pages\/548\/revisions"}],"predecessor-version":[{"id":773,"href":"https:\/\/www.klaaspuul.com\/fr\/wp-json\/wp\/v2\/pages\/548\/revisions\/773"}],"up":[{"embeddable":true,"href":"https:\/\/www.klaaspuul.com\/fr\/wp-json\/wp\/v2\/pages\/228"}],"wp:attachment":[{"href":"https:\/\/www.klaaspuul.com\/fr\/wp-json\/wp\/v2\/media?parent=548"}],"curies":[{"name":"wp","href":"https:\/\/api.w.org\/{rel}","templated":true}]}}