{"id":549,"date":"2017-01-26T15:00:21","date_gmt":"2017-01-26T14:00:21","guid":{"rendered":"https:\/\/www.klaaspuul.com\/?page_id=471"},"modified":"2018-09-05T16:32:56","modified_gmt":"2018-09-05T14:32:56","slug":"crevette-argentine","status":"publish","type":"page","link":"https:\/\/www.klaaspuul.com\/fr\/produits\/crevette-argentine\/","title":{"rendered":"Crevette argentine"},"content":{"rendered":"<div class=\"inner\">\n<div class=\"product-img\">\n<img decoding=\"async\" src=\"https:\/\/www.klaaspuul.com\/wp-content\/uploads\/argentijnse_shrimp.jpg\" alt=\"Crevette argentine\">\n<\/div>\n<h1 class=\"entry-title\">Crevette argentine<\/h1>\n<p><a href=\"https:\/\/www.klaaspuul.com\/wp-content\/uploads\/klaas_puul_argentijnse_garnaal_FR_flyer.pdf\" target=\"_blank\"><i class=\"fa fa-file-pdf-o\" aria-hidden=\"true\"><\/i> T\u00e9l\u00e9charger la brochuree<\/a><\/p>\n<p>La crevette rouge est originaire de p\u00eacheries g\u00e9r\u00e9es de fa\u00e7on stricte par le gouvernement argentin. Sa saison de p\u00eache est variable, avec des restrictions du nombre de navires en fonction de la situation de chaque zone et r\u00e9gion de p\u00eache.<\/p>\n<ul>\n<li><span><strong>D\u00e9nomination scientifique:<\/strong> Pleoticus muelleri<\/span><\/li>\n<li><span><strong>Origine:<\/strong> Argentine<\/span><\/li>\n<li><span><strong>Saveur:<\/strong> L\u00e9g\u00e8rement sal\u00e9<\/span><\/li>\n<li><span><strong>Caract\u00e9ristiques:<\/strong> Crevette souple, chair blanche \u00e0 structure rouge<\/span><\/li>\n<li><span><strong>Offre:<\/strong> P\u00eache saisonni\u00e8re, disponible toute l&rsquo;ann\u00e9e<\/span><\/li>\n<\/ul>\n<\/div>\n","protected":false},"excerpt":{"rendered":"<p>Crevette argentine T\u00e9l\u00e9charger la brochuree La crevette rouge est originaire de p\u00eacheries g\u00e9r\u00e9es de fa\u00e7on stricte par le gouvernement argentin. Sa saison de p\u00eache est variable, avec des restrictions du nombre de navires en fonction de la situation de chaque zone et r\u00e9gion de p\u00eache. D\u00e9nomination scientifique: Pleoticus muelleri Origine: Argentine Saveur: L\u00e9g\u00e8rement sal\u00e9 Caract\u00e9ristiques: &hellip; <a href=\"https:\/\/www.klaaspuul.com\/fr\/produits\/crevette-argentine\/\" class=\"more-link\">Continue reading <span class=\"screen-reader-text\">Crevette argentine<\/span> <span class=\"meta-nav\">&rarr;<\/span><\/a><\/p>\n","protected":false},"author":1,"featured_media":0,"parent":228,"menu_order":0,"comment_status":"closed","ping_status":"closed","template":"","meta":{"_acf_changed":false,"_monsterinsights_skip_tracking":false,"_monsterinsights_sitenote_active":false,"_monsterinsights_sitenote_note":"","_monsterinsights_sitenote_category":0,"footnotes":""},"class_list":["post-549","page","type-page","status-publish","hentry"],"acf":[],"yoast_head":"<!-- This site is optimized with the Yoast SEO plugin v27.3 - https:\/\/yoast.com\/product\/yoast-seo-wordpress\/ -->\n<title>Crevette argentine - Klaas Puul FR<\/title>\n<meta name=\"robots\" content=\"index, follow, max-snippet:-1, max-image-preview:large, max-video-preview:-1\" \/>\n<link rel=\"canonical\" href=\"https:\/\/www.klaaspuul.com\/fr\/produits\/crevette-argentine\/\" \/>\n<meta property=\"og:locale\" content=\"fr_FR\" \/>\n<meta property=\"og:type\" content=\"article\" \/>\n<meta property=\"og:title\" content=\"Crevette argentine - Klaas Puul FR\" \/>\n<meta property=\"og:description\" content=\"Crevette argentine T\u00e9l\u00e9charger la brochuree La crevette rouge est originaire de p\u00eacheries g\u00e9r\u00e9es de fa\u00e7on stricte par le gouvernement argentin. Sa saison de p\u00eache est variable, avec des restrictions du nombre de navires en fonction de la situation de chaque zone et r\u00e9gion de p\u00eache. D\u00e9nomination scientifique: Pleoticus muelleri Origine: Argentine Saveur: L\u00e9g\u00e8rement sal\u00e9 Caract\u00e9ristiques: &hellip; Continue reading Crevette argentine &rarr;\" \/>\n<meta property=\"og:url\" content=\"https:\/\/www.klaaspuul.com\/fr\/produits\/crevette-argentine\/\" \/>\n<meta property=\"og:site_name\" content=\"Klaas Puul FR\" \/>\n<meta property=\"article:modified_time\" content=\"2018-09-05T14:32:56+00:00\" \/>\n<meta property=\"og:image\" content=\"https:\/\/www.klaaspuul.com\/wp-content\/uploads\/argentijnse_shrimp.jpg\" \/>\n<meta name=\"twitter:card\" content=\"summary_large_image\" \/>\n<script type=\"application\/ld+json\" class=\"yoast-schema-graph\">{\"@context\":\"https:\\\/\\\/schema.org\",\"@graph\":[{\"@type\":\"WebPage\",\"@id\":\"https:\\\/\\\/www.klaaspuul.com\\\/fr\\\/produits\\\/crevette-argentine\\\/\",\"url\":\"https:\\\/\\\/www.klaaspuul.com\\\/fr\\\/produits\\\/crevette-argentine\\\/\",\"name\":\"Crevette argentine - Klaas Puul FR\",\"isPartOf\":{\"@id\":\"https:\\\/\\\/www.klaaspuul.com\\\/fr\\\/#website\"},\"primaryImageOfPage\":{\"@id\":\"https:\\\/\\\/www.klaaspuul.com\\\/fr\\\/produits\\\/crevette-argentine\\\/#primaryimage\"},\"image\":{\"@id\":\"https:\\\/\\\/www.klaaspuul.com\\\/fr\\\/produits\\\/crevette-argentine\\\/#primaryimage\"},\"thumbnailUrl\":\"https:\\\/\\\/www.klaaspuul.com\\\/wp-content\\\/uploads\\\/argentijnse_shrimp.jpg\",\"datePublished\":\"2017-01-26T14:00:21+00:00\",\"dateModified\":\"2018-09-05T14:32:56+00:00\",\"breadcrumb\":{\"@id\":\"https:\\\/\\\/www.klaaspuul.com\\\/fr\\\/produits\\\/crevette-argentine\\\/#breadcrumb\"},\"inLanguage\":\"fr-FR\",\"potentialAction\":[{\"@type\":\"ReadAction\",\"target\":[\"https:\\\/\\\/www.klaaspuul.com\\\/fr\\\/produits\\\/crevette-argentine\\\/\"]}]},{\"@type\":\"ImageObject\",\"inLanguage\":\"fr-FR\",\"@id\":\"https:\\\/\\\/www.klaaspuul.com\\\/fr\\\/produits\\\/crevette-argentine\\\/#primaryimage\",\"url\":\"https:\\\/\\\/www.klaaspuul.com\\\/wp-content\\\/uploads\\\/argentijnse_shrimp.jpg\",\"contentUrl\":\"https:\\\/\\\/www.klaaspuul.com\\\/wp-content\\\/uploads\\\/argentijnse_shrimp.jpg\"},{\"@type\":\"BreadcrumbList\",\"@id\":\"https:\\\/\\\/www.klaaspuul.com\\\/fr\\\/produits\\\/crevette-argentine\\\/#breadcrumb\",\"itemListElement\":[{\"@type\":\"ListItem\",\"position\":1,\"name\":\"Accueil\",\"item\":\"https:\\\/\\\/www.klaaspuul.com\\\/fr\\\/\"},{\"@type\":\"ListItem\",\"position\":2,\"name\":\"Produits\",\"item\":\"https:\\\/\\\/www.klaaspuul.com\\\/fr\\\/produits\\\/\"},{\"@type\":\"ListItem\",\"position\":3,\"name\":\"Crevette argentine\"}]},{\"@type\":\"WebSite\",\"@id\":\"https:\\\/\\\/www.klaaspuul.com\\\/fr\\\/#website\",\"url\":\"https:\\\/\\\/www.klaaspuul.com\\\/fr\\\/\",\"name\":\"Klaas Puul FR\",\"description\":\"Een andere Klaas Puul site\",\"potentialAction\":[{\"@type\":\"SearchAction\",\"target\":{\"@type\":\"EntryPoint\",\"urlTemplate\":\"https:\\\/\\\/www.klaaspuul.com\\\/fr\\\/?s={search_term_string}\"},\"query-input\":{\"@type\":\"PropertyValueSpecification\",\"valueRequired\":true,\"valueName\":\"search_term_string\"}}],\"inLanguage\":\"fr-FR\"}]}<\/script>\n<!-- \/ Yoast SEO plugin. -->","yoast_head_json":{"title":"Crevette argentine - Klaas Puul FR","robots":{"index":"index","follow":"follow","max-snippet":"max-snippet:-1","max-image-preview":"max-image-preview:large","max-video-preview":"max-video-preview:-1"},"canonical":"https:\/\/www.klaaspuul.com\/fr\/produits\/crevette-argentine\/","og_locale":"fr_FR","og_type":"article","og_title":"Crevette argentine - Klaas Puul FR","og_description":"Crevette argentine T\u00e9l\u00e9charger la brochuree La crevette rouge est originaire de p\u00eacheries g\u00e9r\u00e9es de fa\u00e7on stricte par le gouvernement argentin. Sa saison de p\u00eache est variable, avec des restrictions du nombre de navires en fonction de la situation de chaque zone et r\u00e9gion de p\u00eache. D\u00e9nomination scientifique: Pleoticus muelleri Origine: Argentine Saveur: L\u00e9g\u00e8rement sal\u00e9 Caract\u00e9ristiques: &hellip; Continue reading Crevette argentine &rarr;","og_url":"https:\/\/www.klaaspuul.com\/fr\/produits\/crevette-argentine\/","og_site_name":"Klaas Puul FR","article_modified_time":"2018-09-05T14:32:56+00:00","og_image":[{"url":"https:\/\/www.klaaspuul.com\/wp-content\/uploads\/argentijnse_shrimp.jpg","type":"","width":"","height":""}],"twitter_card":"summary_large_image","schema":{"@context":"https:\/\/schema.org","@graph":[{"@type":"WebPage","@id":"https:\/\/www.klaaspuul.com\/fr\/produits\/crevette-argentine\/","url":"https:\/\/www.klaaspuul.com\/fr\/produits\/crevette-argentine\/","name":"Crevette argentine - Klaas Puul FR","isPartOf":{"@id":"https:\/\/www.klaaspuul.com\/fr\/#website"},"primaryImageOfPage":{"@id":"https:\/\/www.klaaspuul.com\/fr\/produits\/crevette-argentine\/#primaryimage"},"image":{"@id":"https:\/\/www.klaaspuul.com\/fr\/produits\/crevette-argentine\/#primaryimage"},"thumbnailUrl":"https:\/\/www.klaaspuul.com\/wp-content\/uploads\/argentijnse_shrimp.jpg","datePublished":"2017-01-26T14:00:21+00:00","dateModified":"2018-09-05T14:32:56+00:00","breadcrumb":{"@id":"https:\/\/www.klaaspuul.com\/fr\/produits\/crevette-argentine\/#breadcrumb"},"inLanguage":"fr-FR","potentialAction":[{"@type":"ReadAction","target":["https:\/\/www.klaaspuul.com\/fr\/produits\/crevette-argentine\/"]}]},{"@type":"ImageObject","inLanguage":"fr-FR","@id":"https:\/\/www.klaaspuul.com\/fr\/produits\/crevette-argentine\/#primaryimage","url":"https:\/\/www.klaaspuul.com\/wp-content\/uploads\/argentijnse_shrimp.jpg","contentUrl":"https:\/\/www.klaaspuul.com\/wp-content\/uploads\/argentijnse_shrimp.jpg"},{"@type":"BreadcrumbList","@id":"https:\/\/www.klaaspuul.com\/fr\/produits\/crevette-argentine\/#breadcrumb","itemListElement":[{"@type":"ListItem","position":1,"name":"Accueil","item":"https:\/\/www.klaaspuul.com\/fr\/"},{"@type":"ListItem","position":2,"name":"Produits","item":"https:\/\/www.klaaspuul.com\/fr\/produits\/"},{"@type":"ListItem","position":3,"name":"Crevette argentine"}]},{"@type":"WebSite","@id":"https:\/\/www.klaaspuul.com\/fr\/#website","url":"https:\/\/www.klaaspuul.com\/fr\/","name":"Klaas Puul FR","description":"Een andere Klaas Puul site","potentialAction":[{"@type":"SearchAction","target":{"@type":"EntryPoint","urlTemplate":"https:\/\/www.klaaspuul.com\/fr\/?s={search_term_string}"},"query-input":{"@type":"PropertyValueSpecification","valueRequired":true,"valueName":"search_term_string"}}],"inLanguage":"fr-FR"}]}},"_links":{"self":[{"href":"https:\/\/www.klaaspuul.com\/fr\/wp-json\/wp\/v2\/pages\/549","targetHints":{"allow":["GET"]}}],"collection":[{"href":"https:\/\/www.klaaspuul.com\/fr\/wp-json\/wp\/v2\/pages"}],"about":[{"href":"https:\/\/www.klaaspuul.com\/fr\/wp-json\/wp\/v2\/types\/page"}],"author":[{"embeddable":true,"href":"https:\/\/www.klaaspuul.com\/fr\/wp-json\/wp\/v2\/users\/1"}],"replies":[{"embeddable":true,"href":"https:\/\/www.klaaspuul.com\/fr\/wp-json\/wp\/v2\/comments?post=549"}],"version-history":[{"count":11,"href":"https:\/\/www.klaaspuul.com\/fr\/wp-json\/wp\/v2\/pages\/549\/revisions"}],"predecessor-version":[{"id":772,"href":"https:\/\/www.klaaspuul.com\/fr\/wp-json\/wp\/v2\/pages\/549\/revisions\/772"}],"up":[{"embeddable":true,"href":"https:\/\/www.klaaspuul.com\/fr\/wp-json\/wp\/v2\/pages\/228"}],"wp:attachment":[{"href":"https:\/\/www.klaaspuul.com\/fr\/wp-json\/wp\/v2\/media?parent=549"}],"curies":[{"name":"wp","href":"https:\/\/api.w.org\/{rel}","templated":true}]}}