{"id":695,"date":"2017-07-11T09:53:42","date_gmt":"2017-07-11T07:53:42","guid":{"rendered":"https:\/\/www.klaaspuul.com\/fr\/?page_id=695"},"modified":"2017-09-15T14:46:26","modified_gmt":"2017-09-15T12:46:26","slug":"nouveau-site-de-production","status":"publish","type":"page","link":"https:\/\/www.klaaspuul.com\/fr\/nouveau-site-de-production\/","title":{"rendered":"Nouveau site de production"},"content":{"rendered":"\r\n<section id=\"bedrijfspand\">\r\n\t<div class=\"inner\">\r\n\t\t<div class=\"col\">\r\n                        <div class=\"new-location\">\r\n                        <img loading=\"lazy\" decoding=\"async\" width=\"2048\" height=\"1536\" src=\"https:\/\/www.klaaspuul.com\/fr\/wp-content\/uploads\/camera\/20180716115000374_TIMING.jpg\" class=\"attachment-full size-full\" alt=\"\" \/>                        <\/div>\r\n                        <div class=\"new-info\"><h1 class=\"entry-title\"><a href=\"https:\/\/www.klaaspuul.com\/wp-content\/uploads\/G0029586-Large.jpg\" class=\"drone\"><div><\/div><\/a><span>Nouveau site<\/span> <span>de production<\/span><\/h1>\r\n<p>Nous avons le plaisir de vous announcer que la construction de notre nouvelle usine et nouveau si\u00e8ge a commenc\u00e9!<\/p>\r\n<p>Apr\u00e8s plusieurs ann\u00e9es de discussions et apr\u00e8s \u00eatre revenus sur les plans plusieurs fois nous avons d\u00e9marr\u00e9: la construction de notre nouveau site de Volendam et l\u2019agrandissement de notre site d\u2019Edam.<\/p>\r\n                                                <p><img decoding=\"async\" src=\"https:\/\/www.klaaspuul.com\/wp-content\/uploads\/ceo-handtekening.png\" alt=\"Sander van den Berg\"><\/p>\r\n                        <\/div>\r\n<div class=\"video-impression\">\r\n<h2>Impression vid\u00e9o<\/h2>\r\n<div class=\"videocontainer\">\r\n<iframe src=\"https:\/\/www.youtube.com\/embed\/u9w_dY3xwVY?rel=0&amp;showinfo=0\" frameborder=\"0\" allowfullscreen class=\"video\"><\/iframe>\r\n<\/div>\r\n<\/div>\r\n\t\t<\/div>\r\n\t<\/div>\r\n<\/section>\r\n","protected":false},"excerpt":{"rendered":"<p>Nouveau site de production Nous avons le plaisir de vous announcer que la construction de notre nouvelle usine et nouveau si\u00e8ge a commenc\u00e9! Apr\u00e8s plusieurs ann\u00e9es de discussions et apr\u00e8s \u00eatre revenus sur les plans plusieurs fois nous avons d\u00e9marr\u00e9: la construction de notre nouveau site de Volendam et l\u2019agrandissement de notre site d\u2019Edam. Impression &hellip; <a href=\"https:\/\/www.klaaspuul.com\/fr\/nouveau-site-de-production\/\" class=\"more-link\">Continue reading <span class=\"screen-reader-text\">Nouveau site de production<\/span> <span class=\"meta-nav\">&rarr;<\/span><\/a><\/p>\n","protected":false},"author":1,"featured_media":0,"parent":0,"menu_order":0,"comment_status":"closed","ping_status":"closed","template":"","meta":{"_acf_changed":false,"_monsterinsights_skip_tracking":false,"_monsterinsights_sitenote_active":false,"_monsterinsights_sitenote_note":"","_monsterinsights_sitenote_category":0,"footnotes":""},"class_list":["post-695","page","type-page","status-publish","hentry"],"acf":[],"yoast_head":"<!-- This site is optimized with the Yoast SEO plugin v27.4 - https:\/\/yoast.com\/product\/yoast-seo-wordpress\/ -->\n<title>Nouveau site de production - Klaas Puul FR<\/title>\n<meta name=\"robots\" content=\"index, follow, max-snippet:-1, max-image-preview:large, max-video-preview:-1\" \/>\n<link rel=\"canonical\" href=\"https:\/\/www.klaaspuul.com\/fr\/nouveau-site-de-production\/\" \/>\n<meta property=\"og:locale\" content=\"fr_FR\" \/>\n<meta property=\"og:type\" content=\"article\" \/>\n<meta property=\"og:title\" content=\"Nouveau site de production - Klaas Puul FR\" \/>\n<meta property=\"og:description\" content=\"Nouveau site de production Nous avons le plaisir de vous announcer que la construction de notre nouvelle usine et nouveau si\u00e8ge a commenc\u00e9! Apr\u00e8s plusieurs ann\u00e9es de discussions et apr\u00e8s \u00eatre revenus sur les plans plusieurs fois nous avons d\u00e9marr\u00e9: la construction de notre nouveau site de Volendam et l\u2019agrandissement de notre site d\u2019Edam. Impression &hellip; Continue reading Nouveau site de production &rarr;\" \/>\n<meta property=\"og:url\" content=\"https:\/\/www.klaaspuul.com\/fr\/nouveau-site-de-production\/\" \/>\n<meta property=\"og:site_name\" content=\"Klaas Puul FR\" \/>\n<meta property=\"article:modified_time\" content=\"2017-09-15T12:46:26+00:00\" \/>\n<meta property=\"og:image\" content=\"https:\/\/www.klaaspuul.com\/wp-content\/uploads\/ceo-handtekening.png\" \/>\n<meta name=\"twitter:card\" content=\"summary_large_image\" \/>\n<script type=\"application\/ld+json\" class=\"yoast-schema-graph\">{\"@context\":\"https:\\\/\\\/schema.org\",\"@graph\":[{\"@type\":\"WebPage\",\"@id\":\"https:\\\/\\\/www.klaaspuul.com\\\/fr\\\/nouveau-site-de-production\\\/\",\"url\":\"https:\\\/\\\/www.klaaspuul.com\\\/fr\\\/nouveau-site-de-production\\\/\",\"name\":\"Nouveau site de production - Klaas Puul FR\",\"isPartOf\":{\"@id\":\"https:\\\/\\\/www.klaaspuul.com\\\/fr\\\/#website\"},\"primaryImageOfPage\":{\"@id\":\"https:\\\/\\\/www.klaaspuul.com\\\/fr\\\/nouveau-site-de-production\\\/#primaryimage\"},\"image\":{\"@id\":\"https:\\\/\\\/www.klaaspuul.com\\\/fr\\\/nouveau-site-de-production\\\/#primaryimage\"},\"thumbnailUrl\":\"https:\\\/\\\/www.klaaspuul.com\\\/wp-content\\\/uploads\\\/ceo-handtekening.png\",\"datePublished\":\"2017-07-11T07:53:42+00:00\",\"dateModified\":\"2017-09-15T12:46:26+00:00\",\"breadcrumb\":{\"@id\":\"https:\\\/\\\/www.klaaspuul.com\\\/fr\\\/nouveau-site-de-production\\\/#breadcrumb\"},\"inLanguage\":\"fr-FR\",\"potentialAction\":[{\"@type\":\"ReadAction\",\"target\":[\"https:\\\/\\\/www.klaaspuul.com\\\/fr\\\/nouveau-site-de-production\\\/\"]}]},{\"@type\":\"ImageObject\",\"inLanguage\":\"fr-FR\",\"@id\":\"https:\\\/\\\/www.klaaspuul.com\\\/fr\\\/nouveau-site-de-production\\\/#primaryimage\",\"url\":\"https:\\\/\\\/www.klaaspuul.com\\\/wp-content\\\/uploads\\\/ceo-handtekening.png\",\"contentUrl\":\"https:\\\/\\\/www.klaaspuul.com\\\/wp-content\\\/uploads\\\/ceo-handtekening.png\"},{\"@type\":\"BreadcrumbList\",\"@id\":\"https:\\\/\\\/www.klaaspuul.com\\\/fr\\\/nouveau-site-de-production\\\/#breadcrumb\",\"itemListElement\":[{\"@type\":\"ListItem\",\"position\":1,\"name\":\"Accueil\",\"item\":\"https:\\\/\\\/www.klaaspuul.com\\\/fr\\\/\"},{\"@type\":\"ListItem\",\"position\":2,\"name\":\"Nouveau site de production\"}]},{\"@type\":\"WebSite\",\"@id\":\"https:\\\/\\\/www.klaaspuul.com\\\/fr\\\/#website\",\"url\":\"https:\\\/\\\/www.klaaspuul.com\\\/fr\\\/\",\"name\":\"Klaas Puul FR\",\"description\":\"Een andere Klaas Puul site\",\"potentialAction\":[{\"@type\":\"SearchAction\",\"target\":{\"@type\":\"EntryPoint\",\"urlTemplate\":\"https:\\\/\\\/www.klaaspuul.com\\\/fr\\\/?s={search_term_string}\"},\"query-input\":{\"@type\":\"PropertyValueSpecification\",\"valueRequired\":true,\"valueName\":\"search_term_string\"}}],\"inLanguage\":\"fr-FR\"}]}<\/script>\n<!-- \/ Yoast SEO plugin. -->","yoast_head_json":{"title":"Nouveau site de production - Klaas Puul FR","robots":{"index":"index","follow":"follow","max-snippet":"max-snippet:-1","max-image-preview":"max-image-preview:large","max-video-preview":"max-video-preview:-1"},"canonical":"https:\/\/www.klaaspuul.com\/fr\/nouveau-site-de-production\/","og_locale":"fr_FR","og_type":"article","og_title":"Nouveau site de production - Klaas Puul FR","og_description":"Nouveau site de production Nous avons le plaisir de vous announcer que la construction de notre nouvelle usine et nouveau si\u00e8ge a commenc\u00e9! Apr\u00e8s plusieurs ann\u00e9es de discussions et apr\u00e8s \u00eatre revenus sur les plans plusieurs fois nous avons d\u00e9marr\u00e9: la construction de notre nouveau site de Volendam et l\u2019agrandissement de notre site d\u2019Edam. Impression &hellip; Continue reading Nouveau site de production &rarr;","og_url":"https:\/\/www.klaaspuul.com\/fr\/nouveau-site-de-production\/","og_site_name":"Klaas Puul FR","article_modified_time":"2017-09-15T12:46:26+00:00","og_image":[{"url":"https:\/\/www.klaaspuul.com\/wp-content\/uploads\/ceo-handtekening.png","type":"","width":"","height":""}],"twitter_card":"summary_large_image","schema":{"@context":"https:\/\/schema.org","@graph":[{"@type":"WebPage","@id":"https:\/\/www.klaaspuul.com\/fr\/nouveau-site-de-production\/","url":"https:\/\/www.klaaspuul.com\/fr\/nouveau-site-de-production\/","name":"Nouveau site de production - Klaas Puul FR","isPartOf":{"@id":"https:\/\/www.klaaspuul.com\/fr\/#website"},"primaryImageOfPage":{"@id":"https:\/\/www.klaaspuul.com\/fr\/nouveau-site-de-production\/#primaryimage"},"image":{"@id":"https:\/\/www.klaaspuul.com\/fr\/nouveau-site-de-production\/#primaryimage"},"thumbnailUrl":"https:\/\/www.klaaspuul.com\/wp-content\/uploads\/ceo-handtekening.png","datePublished":"2017-07-11T07:53:42+00:00","dateModified":"2017-09-15T12:46:26+00:00","breadcrumb":{"@id":"https:\/\/www.klaaspuul.com\/fr\/nouveau-site-de-production\/#breadcrumb"},"inLanguage":"fr-FR","potentialAction":[{"@type":"ReadAction","target":["https:\/\/www.klaaspuul.com\/fr\/nouveau-site-de-production\/"]}]},{"@type":"ImageObject","inLanguage":"fr-FR","@id":"https:\/\/www.klaaspuul.com\/fr\/nouveau-site-de-production\/#primaryimage","url":"https:\/\/www.klaaspuul.com\/wp-content\/uploads\/ceo-handtekening.png","contentUrl":"https:\/\/www.klaaspuul.com\/wp-content\/uploads\/ceo-handtekening.png"},{"@type":"BreadcrumbList","@id":"https:\/\/www.klaaspuul.com\/fr\/nouveau-site-de-production\/#breadcrumb","itemListElement":[{"@type":"ListItem","position":1,"name":"Accueil","item":"https:\/\/www.klaaspuul.com\/fr\/"},{"@type":"ListItem","position":2,"name":"Nouveau site de production"}]},{"@type":"WebSite","@id":"https:\/\/www.klaaspuul.com\/fr\/#website","url":"https:\/\/www.klaaspuul.com\/fr\/","name":"Klaas Puul FR","description":"Een andere Klaas Puul site","potentialAction":[{"@type":"SearchAction","target":{"@type":"EntryPoint","urlTemplate":"https:\/\/www.klaaspuul.com\/fr\/?s={search_term_string}"},"query-input":{"@type":"PropertyValueSpecification","valueRequired":true,"valueName":"search_term_string"}}],"inLanguage":"fr-FR"}]}},"_links":{"self":[{"href":"https:\/\/www.klaaspuul.com\/fr\/wp-json\/wp\/v2\/pages\/695","targetHints":{"allow":["GET"]}}],"collection":[{"href":"https:\/\/www.klaaspuul.com\/fr\/wp-json\/wp\/v2\/pages"}],"about":[{"href":"https:\/\/www.klaaspuul.com\/fr\/wp-json\/wp\/v2\/types\/page"}],"author":[{"embeddable":true,"href":"https:\/\/www.klaaspuul.com\/fr\/wp-json\/wp\/v2\/users\/1"}],"replies":[{"embeddable":true,"href":"https:\/\/www.klaaspuul.com\/fr\/wp-json\/wp\/v2\/comments?post=695"}],"version-history":[{"count":6,"href":"https:\/\/www.klaaspuul.com\/fr\/wp-json\/wp\/v2\/pages\/695\/revisions"}],"predecessor-version":[{"id":704,"href":"https:\/\/www.klaaspuul.com\/fr\/wp-json\/wp\/v2\/pages\/695\/revisions\/704"}],"wp:attachment":[{"href":"https:\/\/www.klaaspuul.com\/fr\/wp-json\/wp\/v2\/media?parent=695"}],"curies":[{"name":"wp","href":"https:\/\/api.w.org\/{rel}","templated":true}]}}