{"id":724,"date":"2018-06-06T09:20:02","date_gmt":"2018-06-06T07:20:02","guid":{"rendered":"https:\/\/www.klaaspuul.com\/fr\/?page_id=724"},"modified":"2018-06-06T09:20:02","modified_gmt":"2018-06-06T07:20:02","slug":"cookies","status":"publish","type":"page","link":"https:\/\/www.klaaspuul.com\/fr\/cookies\/","title":{"rendered":"Cookies"},"content":{"rendered":"<div class=\"inner\">\n<p class=\"CookieDeclarationDialogText\">Ce site Web utilise des cookies. Les cookies nous permettent de personnaliser le contenu et les annonces, d&rsquo;offrir des fonctionnalit\u00e9s relatives aux m\u00e9dias sociaux et d&rsquo;analyser notre trafic. Nous partageons \u00e9galement des informations sur l&rsquo;utilisation de notre site avec nos partenaires de m\u00e9dias sociaux, de publicit\u00e9 et d&rsquo;analyse, qui peuvent combiner celles-ci avec d&rsquo;autres informations que vous leur avez fournies ou qu&rsquo;ils ont collect\u00e9es lors de votre utilisation de leurs services. Vous consentez \u00e0 nos cookies si vous continuez \u00e0 utiliser notre site Web.<\/p>\n<p class=\"CookieDeclarationIntro\">Les cookies sont des petits fichiers textes qui peuvent \u00eatre utilis\u00e9s par les sites Web pour rendre l&rsquo;exp\u00e9rience utilisateur plus efficace.<\/p>\n<p>La loi stipule que nous ne pouvons stocker des cookies sur votre appareil que s\u2019ils sont strictement n\u00e9cessaires au fonctionnement de ce site. Pour tous les autres types de cookies, nous avons besoin de votre permission.<\/p>\n<p>Ce site utilise diff\u00e9rents types de cookies. Certains cookies sont plac\u00e9s par les services tiers qui apparaissent sur nos pages.<\/p>\n<p>En savoir plus sur qui nous sommes, comment vous pouvez nous contacter et comment nous traitons les donn\u00e9es personnelles veuillez voir notre Politique confidentialit\u00e9.<\/p>\n<p>Votre consentement s&rsquo;applique aux domaines suivants : <strong>www.klaaspuul.com<\/strong><\/p>\n<p class=\"CookieDeclarationLastUpdated\">D\u00e9claration relative aux cookies mise \u00e0 jour le 05\/06\/2018.<\/p>\n<div class=\"CookieDeclarationType\" dir=\"ltr\" lang=\"fr\">\n<p class=\"CookieDeclarationTypeHeader\"><strong>N\u00e9cessaires (2)<\/strong><\/p>\n<p class=\"CookieDeclarationTypeDescription\">Les cookies n\u00e9cessaires contribuent \u00e0 rendre un site Web utilisable en activant des fonctions de base comme la navigation de page et l&rsquo;acc\u00e8s aux zones s\u00e9curis\u00e9es du site Web. Le site Web ne peut pas fonctionner correctement sans ces cookies.<\/p>\n<table class=\"CookieDeclarationTable\">\n<colgroup>\n<col \/>\n<col \/>\n<col \/>\n<col \/>\n<col \/><\/colgroup>\n<thead>\n<tr>\n<th class=\"CookieDeclarationTableHeader\" dir=\"ltr\" scope=\"col\">Nom<\/th>\n<th class=\"CookieDeclarationTableHeader\" dir=\"ltr\" scope=\"col\">Fournisseur<\/th>\n<th class=\"CookieDeclarationTableHeader\" dir=\"ltr\" scope=\"col\">Finalit\u00e9<\/th>\n<th class=\"CookieDeclarationTableHeader\" dir=\"ltr\" scope=\"col\">Expiration<\/th>\n<th class=\"CookieDeclarationTableHeader\" dir=\"ltr\" scope=\"col\">Type<\/th>\n<\/tr>\n<\/thead>\n<tbody>\n<tr>\n<td class=\"CookieDeclarationTableCell\" title=\"CookieConsent\">CookieConsent<\/td>\n<td class=\"CookieDeclarationTableCell\" title=\"klaaspuul.com\">klaaspuul.com<\/td>\n<td class=\"CookieDeclarationTableCell\" title=\"Stocke l'autorisation d'utilisation de cookies pour le domaine actuel par l'utilisateur \">Stocke l&rsquo;autorisation d&rsquo;utilisation de cookies pour le domaine actuel par l&rsquo;utilisateur<\/td>\n<td class=\"CookieDeclarationTableCell\" title=\"1 ann\u00e9e\">1 ann\u00e9e<\/td>\n<td class=\"CookieDeclarationTableCell\" title=\"HTTP Cookie\">HTTP Cookie<\/td>\n<\/tr>\n<tr>\n<td class=\"CookieDeclarationTableCell\" title=\"PHPSESSID\">PHPSESSID<\/td>\n<td class=\"CookieDeclarationTableCell\" title=\"klaaspuul.com\">klaaspuul.com<\/td>\n<td class=\"CookieDeclarationTableCell\" title=\"Conserve la configuration des param\u00e8tres des utilisateurs \u00e0 travers les demandes de page.\">Conserve la configuration des param\u00e8tres des utilisateurs \u00e0 travers les demandes de page.<\/td>\n<td class=\"CookieDeclarationTableCell\" title=\"Session\">Session<\/td>\n<td class=\"CookieDeclarationTableCell\" title=\"HTTP Cookie\">HTTP Cookie<\/td>\n<\/tr>\n<\/tbody>\n<\/table>\n<\/div>\n<div class=\"CookieDeclarationType\" dir=\"ltr\" lang=\"fr\">\n<p class=\"CookieDeclarationTypeHeader\"><strong>Statistiques (5)<\/strong><\/p>\n<p class=\"CookieDeclarationTypeDescription\">Les cookies statistiques aident les propri\u00e9taires du site Web, par la collecte et la communication d&rsquo;informations de mani\u00e8re anonyme, \u00e0 comprendre comment les visiteurs interagissent avec les sites Web.<\/p>\n<table class=\"CookieDeclarationTable\">\n<colgroup>\n<col \/>\n<col \/>\n<col \/>\n<col \/>\n<col \/><\/colgroup>\n<thead>\n<tr>\n<th class=\"CookieDeclarationTableHeader\" dir=\"ltr\" scope=\"col\">Nom<\/th>\n<th class=\"CookieDeclarationTableHeader\" dir=\"ltr\" scope=\"col\">Fournisseur<\/th>\n<th class=\"CookieDeclarationTableHeader\" dir=\"ltr\" scope=\"col\">Finalit\u00e9<\/th>\n<th class=\"CookieDeclarationTableHeader\" dir=\"ltr\" scope=\"col\">Expiration<\/th>\n<th class=\"CookieDeclarationTableHeader\" dir=\"ltr\" scope=\"col\">Type<\/th>\n<\/tr>\n<\/thead>\n<tbody>\n<tr>\n<td class=\"CookieDeclarationTableCell\" title=\"@@History\/@@scroll|#\">@@History\/@@scroll|#<\/td>\n<td class=\"CookieDeclarationTableCell\" title=\"youtube.com\">youtube.com<\/td>\n<td class=\"CookieDeclarationTableCell\" title=\"En attente\">En attente<\/td>\n<td class=\"CookieDeclarationTableCell\" title=\"Session\">Session<\/td>\n<td class=\"CookieDeclarationTableCell\" title=\"HTML Local Storage\">HTML Local Storage<\/td>\n<\/tr>\n<tr>\n<td class=\"CookieDeclarationTableCell\" title=\"_ga\">_ga<\/td>\n<td class=\"CookieDeclarationTableCell\" title=\"klaaspuul.com\">klaaspuul.com<\/td>\n<td class=\"CookieDeclarationTableCell\" title=\"Enregistre un identifiant unique utilis\u00e9 pour g\u00e9n\u00e9rer des donn\u00e9es statistiques sur la fa\u00e7on dont le visiteur utilise le site.\">Enregistre un identifiant unique utilis\u00e9 pour g\u00e9n\u00e9rer des donn\u00e9es statistiques sur la fa\u00e7on dont le visiteur utilise le site.<\/td>\n<td class=\"CookieDeclarationTableCell\" title=\"2 ann\u00e9es\">2 ann\u00e9es<\/td>\n<td class=\"CookieDeclarationTableCell\" title=\"HTTP Cookie\">HTTP Cookie<\/td>\n<\/tr>\n<tr>\n<td class=\"CookieDeclarationTableCell\" title=\"_gat\">_gat<\/td>\n<td class=\"CookieDeclarationTableCell\" title=\"klaaspuul.com\">klaaspuul.com<\/td>\n<td class=\"CookieDeclarationTableCell\" title=\"Utilis\u00e9 par Google Analytics pour diminuer radicalement le taux de requ\u00eates\">Utilis\u00e9 par Google Analytics pour diminuer radicalement le taux de requ\u00eates<\/td>\n<td class=\"CookieDeclarationTableCell\" title=\"Session\">Session<\/td>\n<td class=\"CookieDeclarationTableCell\" title=\"HTTP Cookie\">HTTP Cookie<\/td>\n<\/tr>\n<tr>\n<td class=\"CookieDeclarationTableCell\" title=\"_gid\">_gid<\/td>\n<td class=\"CookieDeclarationTableCell\" title=\"klaaspuul.com\">klaaspuul.com<\/td>\n<td class=\"CookieDeclarationTableCell\" title=\"Enregistre un identifiant unique utilis\u00e9 pour g\u00e9n\u00e9rer des donn\u00e9es statistiques sur la fa\u00e7on dont le visiteur utilise le site.\">Enregistre un identifiant unique utilis\u00e9 pour g\u00e9n\u00e9rer des donn\u00e9es statistiques sur la fa\u00e7on dont le visiteur utilise le site.<\/td>\n<td class=\"CookieDeclarationTableCell\" title=\"Session\">Session<\/td>\n<td class=\"CookieDeclarationTableCell\" title=\"HTTP Cookie\">HTTP Cookie<\/td>\n<\/tr>\n<tr>\n<td class=\"CookieDeclarationTableCell\" title=\"collect\">collect<\/td>\n<td class=\"CookieDeclarationTableCell\" title=\"google-analytics.com\">google-analytics.com<\/td>\n<td class=\"CookieDeclarationTableCell\" title=\"Used to send data to Google Analytics about the visitor's device and behaviour. Tracks the visitor across devices and marketing channels.\">Used to send data to Google Analytics about the visitor&rsquo;s device and behaviour. Tracks the visitor across devices and marketing channels.<\/td>\n<td class=\"CookieDeclarationTableCell\" title=\"Session\">Session<\/td>\n<td class=\"CookieDeclarationTableCell\" title=\"Pixel Tracker\">Pixel Tracker<\/td>\n<\/tr>\n<\/tbody>\n<\/table>\n<\/div>\n<div class=\"CookieDeclarationType\" dir=\"ltr\" lang=\"fr\">\n<p class=\"CookieDeclarationTypeHeader\"><strong>Marketing (4)<\/strong><\/p>\n<p class=\"CookieDeclarationTypeDescription\">Les cookies marketing sont utilis\u00e9s pour effectuer le suivi des visiteurs au travers des sites Web. Le but est d&rsquo;afficher des publicit\u00e9s qui sont pertinentes et int\u00e9ressantes pour l&rsquo;utilisateur individuel et donc plus pr\u00e9cieuses pour les \u00e9diteurs et annonceurs tiers.<\/p>\n<table class=\"CookieDeclarationTable\">\n<colgroup>\n<col \/>\n<col \/>\n<col \/>\n<col \/>\n<col \/><\/colgroup>\n<thead>\n<tr>\n<th class=\"CookieDeclarationTableHeader\" dir=\"ltr\" scope=\"col\">Nom<\/th>\n<th class=\"CookieDeclarationTableHeader\" dir=\"ltr\" scope=\"col\">Fournisseur<\/th>\n<th class=\"CookieDeclarationTableHeader\" dir=\"ltr\" scope=\"col\">Finalit\u00e9<\/th>\n<th class=\"CookieDeclarationTableHeader\" dir=\"ltr\" scope=\"col\">Expiration<\/th>\n<th class=\"CookieDeclarationTableHeader\" dir=\"ltr\" scope=\"col\">Type<\/th>\n<\/tr>\n<\/thead>\n<tbody>\n<tr>\n<td class=\"CookieDeclarationTableCell\" title=\"GPS\">GPS<\/td>\n<td class=\"CookieDeclarationTableCell\" title=\"youtube.com\">youtube.com<\/td>\n<td class=\"CookieDeclarationTableCell\" title=\"Enregistre un identifiant unique sur les appareils mobiles pour permettre le suivi bas\u00e9 sur la localisation g\u00e9ographique GPS.\">Enregistre un identifiant unique sur les appareils mobiles pour permettre le suivi bas\u00e9 sur la localisation g\u00e9ographique GPS.<\/td>\n<td class=\"CookieDeclarationTableCell\" title=\"Session\">Session<\/td>\n<td class=\"CookieDeclarationTableCell\" title=\"HTTP Cookie\">HTTP Cookie<\/td>\n<\/tr>\n<tr>\n<td class=\"CookieDeclarationTableCell\" title=\"NID\">NID<\/td>\n<td class=\"CookieDeclarationTableCell\" title=\"google.com\">google.com<\/td>\n<td class=\"CookieDeclarationTableCell\" title=\"Enregistre un identifiant qui identifie l'appareil de l'utilisateur r\u00e9current. Cet identifiant est utilis\u00e9 pour des annonces cibl\u00e9es.\">Enregistre un identifiant qui identifie l&rsquo;appareil de l&rsquo;utilisateur r\u00e9current. Cet identifiant est utilis\u00e9 pour des annonces cibl\u00e9es.<\/td>\n<td class=\"CookieDeclarationTableCell\" title=\"6 mois\">6 mois<\/td>\n<td class=\"CookieDeclarationTableCell\" title=\"HTTP Cookie\">HTTP Cookie<\/td>\n<\/tr>\n<tr>\n<td class=\"CookieDeclarationTableCell\" title=\"VISITOR_INFO1_LIVE\">VISITOR_INFO1_LIVE<\/td>\n<td class=\"CookieDeclarationTableCell\" title=\"youtube.com\">youtube.com<\/td>\n<td class=\"CookieDeclarationTableCell\" title=\"Tente d'estimer la bande passante des utilisateurs sur des pages avec des vid\u00e9os YouTube int\u00e9gr\u00e9es.\">Tente d&rsquo;estimer la bande passante des utilisateurs sur des pages avec des vid\u00e9os YouTube int\u00e9gr\u00e9es.<\/td>\n<td class=\"CookieDeclarationTableCell\" title=\"179 jours\">179 jours<\/td>\n<td class=\"CookieDeclarationTableCell\" title=\"HTTP Cookie\">HTTP Cookie<\/td>\n<\/tr>\n<tr>\n<td class=\"CookieDeclarationTableCell\" title=\"YSC\">YSC<\/td>\n<td class=\"CookieDeclarationTableCell\" title=\"youtube.com\">youtube.com<\/td>\n<td class=\"CookieDeclarationTableCell\" title=\"Enregistre un identifiant unique pour conserver des statistiques sur les vid\u00e9os de YouTube vues par l'utilisateur.\">Enregistre un identifiant unique pour conserver des statistiques sur les vid\u00e9os de YouTube vues par l&rsquo;utilisateur.<\/td>\n<td class=\"CookieDeclarationTableCell\" title=\"Session\">Session<\/td>\n<td class=\"CookieDeclarationTableCell\" title=\"HTTP Cookie\">HTTP Cookie<\/td>\n<\/tr>\n<\/tbody>\n<\/table>\n<\/div>\n<p>&nbsp;<\/p>\n<h2>G\u00e9rer les param\u00e8tres de cookies<\/h2>\n<p>Pour g\u00e9rer les param\u00e8tres des cookies rapidement et facilement sur n&rsquo;importe quel appareil et navigateur, vous pouvez suivre les instructions sur <strong><a href=\"https:\/\/cookies.insites.com\/disable-cookies\/\" target=\"_blank\" rel=\"noopener\">ce lien<\/a><\/strong>.<\/p>\n<\/div>\n","protected":false},"excerpt":{"rendered":"<p>Ce site Web utilise des cookies. Les cookies nous permettent de personnaliser le contenu et les annonces, d&rsquo;offrir des fonctionnalit\u00e9s relatives aux m\u00e9dias sociaux et d&rsquo;analyser notre trafic. Nous partageons \u00e9galement des informations sur l&rsquo;utilisation de notre site avec nos partenaires de m\u00e9dias sociaux, de publicit\u00e9 et d&rsquo;analyse, qui peuvent combiner celles-ci avec d&rsquo;autres informations &hellip; <a href=\"https:\/\/www.klaaspuul.com\/fr\/cookies\/\" class=\"more-link\">Continue reading <span class=\"screen-reader-text\">Cookies<\/span> <span class=\"meta-nav\">&rarr;<\/span><\/a><\/p>\n","protected":false},"author":1,"featured_media":0,"parent":0,"menu_order":0,"comment_status":"closed","ping_status":"closed","template":"","meta":{"_acf_changed":false,"_monsterinsights_skip_tracking":false,"_monsterinsights_sitenote_active":false,"_monsterinsights_sitenote_note":"","_monsterinsights_sitenote_category":0,"footnotes":""},"class_list":["post-724","page","type-page","status-publish","hentry"],"acf":[],"yoast_head":"<!-- This site is optimized with the Yoast SEO plugin v27.3 - https:\/\/yoast.com\/product\/yoast-seo-wordpress\/ -->\n<title>Cookies - Klaas Puul FR<\/title>\n<meta name=\"robots\" content=\"index, follow, max-snippet:-1, max-image-preview:large, max-video-preview:-1\" \/>\n<link rel=\"canonical\" href=\"https:\/\/www.klaaspuul.com\/fr\/cookies\/\" \/>\n<meta property=\"og:locale\" content=\"fr_FR\" \/>\n<meta property=\"og:type\" content=\"article\" \/>\n<meta property=\"og:title\" content=\"Cookies - Klaas Puul FR\" \/>\n<meta property=\"og:description\" content=\"Ce site Web utilise des cookies. Les cookies nous permettent de personnaliser le contenu et les annonces, d&rsquo;offrir des fonctionnalit\u00e9s relatives aux m\u00e9dias sociaux et d&rsquo;analyser notre trafic. Nous partageons \u00e9galement des informations sur l&rsquo;utilisation de notre site avec nos partenaires de m\u00e9dias sociaux, de publicit\u00e9 et d&rsquo;analyse, qui peuvent combiner celles-ci avec d&rsquo;autres informations &hellip; Continue reading Cookies &rarr;\" \/>\n<meta property=\"og:url\" content=\"https:\/\/www.klaaspuul.com\/fr\/cookies\/\" \/>\n<meta property=\"og:site_name\" content=\"Klaas Puul FR\" \/>\n<meta name=\"twitter:card\" content=\"summary_large_image\" \/>\n<meta name=\"twitter:label1\" content=\"Dur\u00e9e de lecture estim\u00e9e\" \/>\n\t<meta name=\"twitter:data1\" content=\"3 minutes\" \/>\n<script type=\"application\/ld+json\" class=\"yoast-schema-graph\">{\"@context\":\"https:\\\/\\\/schema.org\",\"@graph\":[{\"@type\":\"WebPage\",\"@id\":\"https:\\\/\\\/www.klaaspuul.com\\\/fr\\\/cookies\\\/\",\"url\":\"https:\\\/\\\/www.klaaspuul.com\\\/fr\\\/cookies\\\/\",\"name\":\"Cookies - Klaas Puul FR\",\"isPartOf\":{\"@id\":\"https:\\\/\\\/www.klaaspuul.com\\\/fr\\\/#website\"},\"datePublished\":\"2018-06-06T07:20:02+00:00\",\"breadcrumb\":{\"@id\":\"https:\\\/\\\/www.klaaspuul.com\\\/fr\\\/cookies\\\/#breadcrumb\"},\"inLanguage\":\"fr-FR\",\"potentialAction\":[{\"@type\":\"ReadAction\",\"target\":[\"https:\\\/\\\/www.klaaspuul.com\\\/fr\\\/cookies\\\/\"]}]},{\"@type\":\"BreadcrumbList\",\"@id\":\"https:\\\/\\\/www.klaaspuul.com\\\/fr\\\/cookies\\\/#breadcrumb\",\"itemListElement\":[{\"@type\":\"ListItem\",\"position\":1,\"name\":\"Accueil\",\"item\":\"https:\\\/\\\/www.klaaspuul.com\\\/fr\\\/\"},{\"@type\":\"ListItem\",\"position\":2,\"name\":\"Cookies\"}]},{\"@type\":\"WebSite\",\"@id\":\"https:\\\/\\\/www.klaaspuul.com\\\/fr\\\/#website\",\"url\":\"https:\\\/\\\/www.klaaspuul.com\\\/fr\\\/\",\"name\":\"Klaas Puul FR\",\"description\":\"Een andere Klaas Puul site\",\"potentialAction\":[{\"@type\":\"SearchAction\",\"target\":{\"@type\":\"EntryPoint\",\"urlTemplate\":\"https:\\\/\\\/www.klaaspuul.com\\\/fr\\\/?s={search_term_string}\"},\"query-input\":{\"@type\":\"PropertyValueSpecification\",\"valueRequired\":true,\"valueName\":\"search_term_string\"}}],\"inLanguage\":\"fr-FR\"}]}<\/script>\n<!-- \/ Yoast SEO plugin. -->","yoast_head_json":{"title":"Cookies - Klaas Puul FR","robots":{"index":"index","follow":"follow","max-snippet":"max-snippet:-1","max-image-preview":"max-image-preview:large","max-video-preview":"max-video-preview:-1"},"canonical":"https:\/\/www.klaaspuul.com\/fr\/cookies\/","og_locale":"fr_FR","og_type":"article","og_title":"Cookies - Klaas Puul FR","og_description":"Ce site Web utilise des cookies. Les cookies nous permettent de personnaliser le contenu et les annonces, d&rsquo;offrir des fonctionnalit\u00e9s relatives aux m\u00e9dias sociaux et d&rsquo;analyser notre trafic. Nous partageons \u00e9galement des informations sur l&rsquo;utilisation de notre site avec nos partenaires de m\u00e9dias sociaux, de publicit\u00e9 et d&rsquo;analyse, qui peuvent combiner celles-ci avec d&rsquo;autres informations &hellip; Continue reading Cookies &rarr;","og_url":"https:\/\/www.klaaspuul.com\/fr\/cookies\/","og_site_name":"Klaas Puul FR","twitter_card":"summary_large_image","twitter_misc":{"Dur\u00e9e de lecture estim\u00e9e":"3 minutes"},"schema":{"@context":"https:\/\/schema.org","@graph":[{"@type":"WebPage","@id":"https:\/\/www.klaaspuul.com\/fr\/cookies\/","url":"https:\/\/www.klaaspuul.com\/fr\/cookies\/","name":"Cookies - Klaas Puul FR","isPartOf":{"@id":"https:\/\/www.klaaspuul.com\/fr\/#website"},"datePublished":"2018-06-06T07:20:02+00:00","breadcrumb":{"@id":"https:\/\/www.klaaspuul.com\/fr\/cookies\/#breadcrumb"},"inLanguage":"fr-FR","potentialAction":[{"@type":"ReadAction","target":["https:\/\/www.klaaspuul.com\/fr\/cookies\/"]}]},{"@type":"BreadcrumbList","@id":"https:\/\/www.klaaspuul.com\/fr\/cookies\/#breadcrumb","itemListElement":[{"@type":"ListItem","position":1,"name":"Accueil","item":"https:\/\/www.klaaspuul.com\/fr\/"},{"@type":"ListItem","position":2,"name":"Cookies"}]},{"@type":"WebSite","@id":"https:\/\/www.klaaspuul.com\/fr\/#website","url":"https:\/\/www.klaaspuul.com\/fr\/","name":"Klaas Puul FR","description":"Een andere Klaas Puul site","potentialAction":[{"@type":"SearchAction","target":{"@type":"EntryPoint","urlTemplate":"https:\/\/www.klaaspuul.com\/fr\/?s={search_term_string}"},"query-input":{"@type":"PropertyValueSpecification","valueRequired":true,"valueName":"search_term_string"}}],"inLanguage":"fr-FR"}]}},"_links":{"self":[{"href":"https:\/\/www.klaaspuul.com\/fr\/wp-json\/wp\/v2\/pages\/724","targetHints":{"allow":["GET"]}}],"collection":[{"href":"https:\/\/www.klaaspuul.com\/fr\/wp-json\/wp\/v2\/pages"}],"about":[{"href":"https:\/\/www.klaaspuul.com\/fr\/wp-json\/wp\/v2\/types\/page"}],"author":[{"embeddable":true,"href":"https:\/\/www.klaaspuul.com\/fr\/wp-json\/wp\/v2\/users\/1"}],"replies":[{"embeddable":true,"href":"https:\/\/www.klaaspuul.com\/fr\/wp-json\/wp\/v2\/comments?post=724"}],"version-history":[{"count":3,"href":"https:\/\/www.klaaspuul.com\/fr\/wp-json\/wp\/v2\/pages\/724\/revisions"}],"predecessor-version":[{"id":727,"href":"https:\/\/www.klaaspuul.com\/fr\/wp-json\/wp\/v2\/pages\/724\/revisions\/727"}],"wp:attachment":[{"href":"https:\/\/www.klaaspuul.com\/fr\/wp-json\/wp\/v2\/media?parent=724"}],"curies":[{"name":"wp","href":"https:\/\/api.w.org\/{rel}","templated":true}]}}